{"id":2983,"date":"2025-08-25T14:11:08","date_gmt":"2025-08-25T13:11:08","guid":{"rendered":"https:\/\/etab.ac-reunion.fr\/lyc-paul-langevin\/?page_id=2983"},"modified":"2025-08-28T07:20:17","modified_gmt":"2025-08-28T06:20:17","slug":"conventions-par-filiere","status":"publish","type":"page","link":"https:\/\/etab.ac-reunion.fr\/lyc-paul-langevin\/conventions-par-filiere\/","title":{"rendered":"Conventions par fili\u00e8re"},"content":{"rendered":"<p>Vous trouverez ici l&rsquo;ensemble des conventions par fili\u00e8res.<\/p>\n<p><a href=\"https:\/\/etab.ac-reunion.fr\/lyc-paul-langevin\/wp-content\/uploads\/sites\/140\/2025\/08\/2GATL.pdf\">2GATL<\/a><\/p>\n<p><a href=\"https:\/\/etab.ac-reunion.fr\/lyc-paul-langevin\/wp-content\/uploads\/sites\/140\/2025\/08\/2MRC-1.pdf\">2MRC<\/a><\/p>\n<p><a href=\"https:\/\/etab.ac-reunion.fr\/lyc-paul-langevin\/wp-content\/uploads\/sites\/140\/2025\/08\/BP-MELEC.pdf\">BP MELEC<\/a><\/p>\n<p><a href=\"https:\/\/etab.ac-reunion.fr\/lyc-paul-langevin\/wp-content\/uploads\/sites\/140\/2025\/08\/BP_CIEL.pdf\">BP 1 CIEL<\/a><\/p>\n<p><a href=\"https:\/\/etab.ac-reunion.fr\/lyc-paul-langevin\/wp-content\/uploads\/sites\/140\/2025\/08\/BP_1MAVBAC.pdf\">BP 1 MAVBAC<\/a><\/p>\n<p><a href=\"https:\/\/etab.ac-reunion.fr\/lyc-paul-langevin\/wp-content\/uploads\/sites\/140\/2025\/08\/BP_2MCDBTP.pdf\">BP_2MCDBTP<\/a><\/p>\n<p><a href=\"https:\/\/etab.ac-reunion.fr\/lyc-paul-langevin\/wp-content\/uploads\/sites\/140\/2025\/08\/BP_CIEL.pdf\">BP CIEL<\/a><\/p>\n<p><a href=\"https:\/\/etab.ac-reunion.fr\/lyc-paul-langevin\/wp-content\/uploads\/sites\/140\/2025\/08\/BP-MELEC-1.pdf\">BP MELEC<\/a><\/p>\n<p><a href=\"https:\/\/etab.ac-reunion.fr\/lyc-paul-langevin\/wp-content\/uploads\/sites\/140\/2025\/08\/BP_Agora.pdf\">BP_AGORA<\/a><\/p>\n<p><a href=\"https:\/\/etab.ac-reunion.fr\/lyc-paul-langevin\/wp-content\/uploads\/sites\/140\/2025\/08\/BP_MA.pdf\">BP_MA<\/a><\/p>\n<p><a href=\"https:\/\/etab.ac-reunion.fr\/lyc-paul-langevin\/wp-content\/uploads\/sites\/140\/2025\/08\/BP_MCV.pdf\">BP_MCV<\/a><\/p>\n<p><a href=\"https:\/\/etab.ac-reunion.fr\/lyc-paul-langevin\/wp-content\/uploads\/sites\/140\/2025\/08\/BP_TCB.pdf\">BP_TCB<\/a><\/p>\n<p><a href=\"https:\/\/etab.ac-reunion.fr\/lyc-paul-langevin\/wp-content\/uploads\/sites\/140\/2025\/08\/BP_TMA.pdf\">BP_TMA<\/a><\/p>\n<p><a href=\"https:\/\/etab.ac-reunion.fr\/lyc-paul-langevin\/wp-content\/uploads\/sites\/140\/2025\/08\/BP_TMAVBAC.pdf\">BP_TMAVBAC<\/a><\/p>\n<p><a href=\"https:\/\/etab.ac-reunion.fr\/lyc-paul-langevin\/wp-content\/uploads\/sites\/140\/2025\/08\/BTS-MS-Option-D.pdf\">BTS MS Option D<\/a><\/p>\n<p><a href=\"https:\/\/etab.ac-reunion.fr\/lyc-paul-langevin\/wp-content\/uploads\/sites\/140\/2025\/08\/CS_REP-PROD-ELECTRO.pdf\">CS PROD ELECTRO<\/a><\/p>\n<p><a href=\"https:\/\/etab.ac-reunion.fr\/lyc-paul-langevin\/wp-content\/uploads\/sites\/140\/2025\/08\/FCIL-Eco-tourisme-et-tourisme-europeen.pdf\">FCIL Eco-tourisme et tourisme Europ\u00e9en<\/a><\/p>\n<p><a href=\"https:\/\/etab.ac-reunion.fr\/lyc-paul-langevin\/wp-content\/uploads\/sites\/140\/2025\/08\/CAP_ELEC.pdf\">CAP_ELEC<\/a><\/p>\n<p><a href=\"https:\/\/etab.ac-reunion.fr\/lyc-paul-langevin\/wp-content\/uploads\/sites\/140\/2025\/08\/CAP_EPC.pdf\">CAP_EPC<\/a><\/p>\n<p><a href=\"https:\/\/etab.ac-reunion.fr\/lyc-paul-langevin\/wp-content\/uploads\/sites\/140\/2025\/08\/CAP_MAV_1ere-Annee.pdf\">CAP_MAV_1\u00e8re Ann\u00e9e<\/a><\/p>\n<p><a href=\"https:\/\/etab.ac-reunion.fr\/lyc-paul-langevin\/wp-content\/uploads\/sites\/140\/2025\/08\/CAP_MAV_2eme-Annee.pdf\">CAP_MAV_2\u00e8me Ann\u00e9e<\/a><\/p>\n<p><a href=\"https:\/\/etab.ac-reunion.fr\/lyc-paul-langevin\/wp-content\/uploads\/sites\/140\/2025\/08\/CAP_MFCB.pdf\">CAP_MFCB<\/a><\/p>\n<p>&nbsp;<\/p>\n","protected":false},"excerpt":{"rendered":"<p>Vous trouverez ici l&rsquo;ensemble des conventions par fili\u00e8res. 2GATL 2MRC BP MELEC BP 1 CIEL BP 1 MAVBAC BP_2MCDBTP BP CIEL BP MELEC BP_AGORA BP_MA BP_MCV BP_TCB BP_TMA BP_TMAVBAC BTS MS Option D CS PROD ELECTRO FCIL Eco-tourisme et tourisme Europ\u00e9en CAP_ELEC CAP_EPC CAP_MAV_1\u00e8re Ann\u00e9e CAP_MAV_2\u00e8me Ann\u00e9e CAP_MFCB &nbsp;<\/p>\n<p class=\"continue-reading-button\"> <a class=\"continue-reading-link\" href=\"https:\/\/etab.ac-reunion.fr\/lyc-paul-langevin\/conventions-par-filiere\/\">Lire la suite&#8230;<i class=\"crycon-right-dir\"><\/i><\/a><\/p>\n","protected":false},"author":32766,"featured_media":0,"parent":0,"menu_order":0,"comment_status":"closed","ping_status":"closed","template":"","meta":{"footnotes":""},"class_list":["post-2983","page","type-page","status-publish","hentry"],"_links":{"self":[{"href":"https:\/\/etab.ac-reunion.fr\/lyc-paul-langevin\/wp-json\/wp\/v2\/pages\/2983","targetHints":{"allow":["GET"]}}],"collection":[{"href":"https:\/\/etab.ac-reunion.fr\/lyc-paul-langevin\/wp-json\/wp\/v2\/pages"}],"about":[{"href":"https:\/\/etab.ac-reunion.fr\/lyc-paul-langevin\/wp-json\/wp\/v2\/types\/page"}],"author":[{"embeddable":true,"href":"https:\/\/etab.ac-reunion.fr\/lyc-paul-langevin\/wp-json\/wp\/v2\/users\/32766"}],"replies":[{"embeddable":true,"href":"https:\/\/etab.ac-reunion.fr\/lyc-paul-langevin\/wp-json\/wp\/v2\/comments?post=2983"}],"version-history":[{"count":13,"href":"https:\/\/etab.ac-reunion.fr\/lyc-paul-langevin\/wp-json\/wp\/v2\/pages\/2983\/revisions"}],"predecessor-version":[{"id":3920,"href":"https:\/\/etab.ac-reunion.fr\/lyc-paul-langevin\/wp-json\/wp\/v2\/pages\/2983\/revisions\/3920"}],"wp:attachment":[{"href":"https:\/\/etab.ac-reunion.fr\/lyc-paul-langevin\/wp-json\/wp\/v2\/media?parent=2983"}],"curies":[{"name":"wp","href":"https:\/\/api.w.org\/{rel}","templated":true}]}}