{"id":3113,"date":"2023-01-27T07:38:03","date_gmt":"2023-01-27T06:38:03","guid":{"rendered":"https:\/\/etab.ac-reunion.fr\/lyc-paul-langevin\/?page_id=3113"},"modified":"2023-06-30T12:04:28","modified_gmt":"2023-06-30T11:04:28","slug":"inscriptions","status":"publish","type":"page","link":"https:\/\/etab.ac-reunion.fr\/lyc-paul-langevin\/inscriptions\/","title":{"rendered":"Inscriptions"},"content":{"rendered":"<h1 style=\"text-align: center\"><u>INSCRIPTIONS RENTR\u00c9E 2023-2024<\/u><\/h1>\n<p>&nbsp;<\/p>\n<p style=\"text-align: center\"><strong>PR\u00c9SENCE OBLIGATOIRE DE L\u2019\u00c9L\u00c8VE ET DU RESPONSABLE L\u00c9GAL<\/strong><\/p>\n<p><strong>\u00a0<\/strong><\/p>\n<p style=\"text-align: center\"><strong>MERCI DE PR\u00c9VOIR LES PHOTOCOPIES A L\u2019AVANCE<\/strong><\/p>\n<p style=\"text-align: center\"><strong>TOUT DOSSIER INCOMPLET NE SERA PAS ACCEPTE<\/strong><\/p>\n<p>&nbsp;<\/p>\n<p><strong><u>PI\u00c8CES A FOURNIR<\/u><\/strong><\/p>\n<ul>\n<li><strong>Photocopie des bulletins de notes 2022-2023.<\/strong><\/li>\n<li><strong>3 Photos d\u2019identit\u00e9<\/strong><strong> r\u00e9centes<\/strong> <strong>de l\u2019\u00e9l\u00e8ve<\/strong> <strong>+ 1 si interne <\/strong>(au dos nom et pr\u00e9noms).<\/li>\n<li><strong>Photocopie recto\/verso d\u2019une<\/strong> <strong>pi\u00e8ce d\u2019identit\u00e9 de l\u2019\u00e9l\u00e8ve <\/strong>(carte d\u2019identit\u00e9 ou passeport).<\/li>\n<li><strong>Photocopies de toutes les pages remplies du livret de famille et pr\u00e9senter l\u2019original lors de l\u2019inscription.<\/strong><\/li>\n<li><strong>Photocopie d\u2019un justificatif d\u2019adresse de &#8211; 3 mois <\/strong>(facture\u00a0eau, \u00e9lectricit\u00e9, t\u00e9l\u00e9phone\u2026).<\/li>\n<li><strong>Situation familiale\u00a0: <\/strong>s\u00e9paration, placement, autres, photocopies obligatoires des d\u00e9cisions de justice, des attestations de prise en charge selon le cas.<\/li>\n<li><strong>Pour les + de 16 ans\u00a0: photocopie de l\u2019Attestation de Recensement Citoyen<\/strong><\/li>\n<li><strong>Photocopie du PSC1<\/strong><\/li>\n<li><strong>Photocopie de l\u2019ASSR <\/strong><\/li>\n<li><strong>Photocopies des vaccins \u00e0 jour<\/strong> <strong>+ apporter le carnet de sant\u00e9<\/strong> <strong>et tout autre document relatif \u00e0 la sant\u00e9<\/strong> <strong>de l\u2019enfant<\/strong> (PAI, PPS, PAP\u2026)<\/li>\n<li><strong>Fiche d\u2019urgence + Questionnaire m\u00e9dical + formulaire ESCULAPE <\/strong>(disponibles sur le site du lyc\u00e9e).<\/li>\n<li><strong>Fiche \u00e9l\u00e8ve<\/strong><\/li>\n<li><strong>Fiche demande d&rsquo;inscription cantine<\/strong><\/li>\n<li><strong>Relev\u00e9 d&rsquo;identit\u00e9 Bancaire (RIB)<\/strong><\/li>\n<\/ul>\n<ul>\n<li><strong><u>Pour tous les \u00e9l\u00e8ves<\/u><\/strong><strong>: <\/strong>un \u00a0<strong>R<\/strong>elev\u00e9 d\u2019<strong>I<\/strong>dentit\u00e9 <strong>P<\/strong>ostal ou <strong>B<\/strong>ancaire (<strong>RIP ou RIB<\/strong>) au nom du responsable l\u00e9gal (au dos\u00a0\u00a0nom-pr\u00e9noms de l\u2019\u00e9l\u00e8ve).<\/li>\n<li><strong><u>\u00c9l\u00e8ves Boursiers<\/u><\/strong><strong>: <\/strong>un Relev\u00e9 d\u2019Identit\u00e9 Postal ou Bancaire (<strong>RIP ou RIB<\/strong>) au nom du responsable l\u00e9gal (au dos\u00a0\u00a0nom-pr\u00e9noms de l\u2019\u00e9l\u00e8ve).<\/li>\n<\/ul>\n<p><strong>Pour les \u00e9l\u00e8ves de 3\u00e8me\u00a0:<\/strong> accus\u00e9 de r\u00e9ception du dossier d\u00e9pos\u00e9 en ligne ou au coll\u00e8ge<\/p>\n<p><strong>Pour les \u00e9l\u00e8ves venant d\u2019autres lyc\u00e9es<\/strong>: passage obligatoire par la gestion \u00e0 la fin de l\u2019inscription<\/p>\n<p>&nbsp;<\/p>\n<ul>\n<li><strong>Adh\u00e9sion facultative <\/strong><strong>\u00e0 la Maison Des Lyc\u00e9ens (MDL)\u00a0: <\/strong>cotisation de 8 \u20ac sous forme de <strong>ch\u00e8que de pr\u00e9f\u00e9rence<\/strong> libell\u00e9 \u00e0 l\u2019ordre de \u00ab\u00a0Maison des Lyc\u00e9ens du LP Paul Langevin\u00a0\u00bb (nom pr\u00e9nom de l\u2019enfant au dos)<\/li>\n<\/ul>\n<p>L\u2019adh\u00e9sion annuelle donne acc\u00e8s \u00e0 une salle \u00e9quip\u00e9e pour des activit\u00e9s, des jeux, des animations.<\/p>\n<p>&nbsp;<\/p>\n<p>&nbsp;<\/p>\n<p style=\"text-align: center\"><strong><u>DEMANDE INTERNAT<\/u><\/strong><strong>\u00a0 <\/strong><\/p>\n<p><strong>\u00a0<\/strong><\/p>\n<p style=\"text-align: center\"><strong><u>Les<\/u><\/strong><strong><u> places \u00e9tant limit\u00e9es, les demandes seront \u00e9tudi\u00e9es avant toute r\u00e9ponse.<\/u><\/strong><\/p>\n<p><u>\u00a0<\/u><\/p>\n<ul>\n<li><strong><u>Dossier \u00e0 r\u00e9cup\u00e9rer sur place aupr\u00e8s d\u2019une CPE<\/u><\/strong><\/li>\n<li>1 photo de l\u2019\u00e9l\u00e8ve (au dos nom-pr\u00e9nom)<\/li>\n<li>Joindre un certificat m\u00e9dical de non contagion et d\u2019aptitude \u00e0 la vie en collectivit\u00e9.<\/li>\n<li>Copie pi\u00e8ce d\u2019identit\u00e9 + justificatif d\u2019adresse de &#8211; 3 mois <strong>d\u2019un correspondant obligatoire<\/strong> <strong>habitant sur St-Pierre, St-Joseph, Petite-Ile ou St-Philippe. <\/strong><\/li>\n<li>8 \u20ac par ch\u00e8que de pr\u00e9f\u00e9rence pour l\u2019adh\u00e9sion \u00e0 la MDL <strong>obligatoire pour les internes<\/strong>.<\/li>\n<\/ul>\n<h1 style=\"text-align: center\"><u><img loading=\"lazy\" decoding=\"async\" class=\"alignnone wp-image-3249 size-full\" src=\"https:\/\/etab.ac-reunion.fr\/lyc-paul-langevin\/wp-content\/uploads\/sites\/140\/2023\/06\/planing-inscription_page-0001.jpg\" alt=\"\" width=\"1240\" height=\"1755\" srcset=\"https:\/\/etab.ac-reunion.fr\/lyc-paul-langevin\/wp-content\/uploads\/sites\/140\/2023\/06\/planing-inscription_page-0001.jpg 1240w, https:\/\/etab.ac-reunion.fr\/lyc-paul-langevin\/wp-content\/uploads\/sites\/140\/2023\/06\/planing-inscription_page-0001-212x300.jpg 212w, https:\/\/etab.ac-reunion.fr\/lyc-paul-langevin\/wp-content\/uploads\/sites\/140\/2023\/06\/planing-inscription_page-0001-724x1024.jpg 724w, https:\/\/etab.ac-reunion.fr\/lyc-paul-langevin\/wp-content\/uploads\/sites\/140\/2023\/06\/planing-inscription_page-0001-1085x1536.jpg 1085w, https:\/\/etab.ac-reunion.fr\/lyc-paul-langevin\/wp-content\/uploads\/sites\/140\/2023\/06\/planing-inscription_page-0001-106x150.jpg 106w\" sizes=\"auto, (max-width: 1240px) 100vw, 1240px\" \/><\/u><\/h1>\n<p>&nbsp;<\/p>\n<h1 style=\"text-align: center\"><u>DOCUMENTS A IMPRIMER ET REMPLIR <\/u><\/h1>\n<h1><\/h1>\n<p>&nbsp;<\/p>\n<p><strong>FICHE \u00c9L\u00c8VE :<\/strong><\/p>\n<p><a href=\"https:\/\/etab.ac-reunion.fr\/lyc-paul-langevin\/wp-content\/uploads\/sites\/140\/2023\/06\/FICHE-ELEVE-2023-2024.pdf\">https:\/\/etab.ac-reunion.fr\/lyc-paul-langevin\/wp-content\/uploads\/sites\/140\/2023\/06\/FICHE-ELEVE-2023-2024.pdf<\/a><\/p>\n<p><strong>FICHE D&rsquo;URGENCE :<br \/>\n<\/strong><\/p>\n<p><a href=\"https:\/\/etab.ac-reunion.fr\/lyc-paul-langevin\/wp-content\/uploads\/sites\/140\/2023\/06\/FICHE_INFIRMERIE_Paul_Langevin.pdf\">https:\/\/etab.ac-reunion.fr\/lyc-paul-langevin\/wp-content\/uploads\/sites\/140\/2023\/06\/FICHE_INFIRMERIE_Paul_Langevin.pdf<\/a><\/p>\n<p><strong>FICHE DEMANDE D&rsquo;INSCRIPTION CANTINE :<\/strong><\/p>\n<p><a href=\"https:\/\/etab.ac-reunion.fr\/lyc-paul-langevin\/wp-content\/uploads\/sites\/140\/2023\/06\/DEMANDE-Dinscription-cantine.pdf\">https:\/\/etab.ac-reunion.fr\/lyc-paul-langevin\/wp-content\/uploads\/sites\/140\/2023\/06\/DEMANDE-Dinscription-cantine.pdf<\/a><\/p>\n<p><strong>FORMULAIRE MEDICALE :<\/strong><\/p>\n<p><a href=\"https:\/\/etab.ac-reunion.fr\/lyc-paul-langevin\/wp-content\/uploads\/sites\/140\/2023\/06\/formulaire_medicale_7a.pdf\">https:\/\/etab.ac-reunion.fr\/lyc-paul-langevin\/wp-content\/uploads\/sites\/140\/2023\/06\/formulaire_medicale_7a.pdf<\/a><\/p>\n<p>&nbsp;<\/p>\n<p>&nbsp;<\/p>\n","protected":false},"excerpt":{"rendered":"<p>INSCRIPTIONS RENTR\u00c9E 2023-2024 &nbsp; PR\u00c9SENCE OBLIGATOIRE DE L\u2019\u00c9L\u00c8VE ET DU RESPONSABLE L\u00c9GAL \u00a0 MERCI DE PR\u00c9VOIR LES PHOTOCOPIES A L\u2019AVANCE TOUT DOSSIER INCOMPLET NE SERA PAS ACCEPTE &nbsp; PI\u00c8CES A FOURNIR Photocopie des bulletins de notes 2022-2023. 3 Photos d\u2019identit\u00e9 r\u00e9centes de l\u2019\u00e9l\u00e8ve + 1 si interne (au dos nom\u2026<\/p>\n<p class=\"continue-reading-button\"> <a class=\"continue-reading-link\" href=\"https:\/\/etab.ac-reunion.fr\/lyc-paul-langevin\/inscriptions\/\">Lire la suite&#8230;<i class=\"crycon-right-dir\"><\/i><\/a><\/p>\n","protected":false},"author":15433,"featured_media":0,"parent":0,"menu_order":0,"comment_status":"closed","ping_status":"closed","template":"","meta":{"footnotes":""},"class_list":["post-3113","page","type-page","status-publish","hentry"],"_links":{"self":[{"href":"https:\/\/etab.ac-reunion.fr\/lyc-paul-langevin\/wp-json\/wp\/v2\/pages\/3113","targetHints":{"allow":["GET"]}}],"collection":[{"href":"https:\/\/etab.ac-reunion.fr\/lyc-paul-langevin\/wp-json\/wp\/v2\/pages"}],"about":[{"href":"https:\/\/etab.ac-reunion.fr\/lyc-paul-langevin\/wp-json\/wp\/v2\/types\/page"}],"author":[{"embeddable":true,"href":"https:\/\/etab.ac-reunion.fr\/lyc-paul-langevin\/wp-json\/wp\/v2\/users\/15433"}],"replies":[{"embeddable":true,"href":"https:\/\/etab.ac-reunion.fr\/lyc-paul-langevin\/wp-json\/wp\/v2\/comments?post=3113"}],"version-history":[{"count":18,"href":"https:\/\/etab.ac-reunion.fr\/lyc-paul-langevin\/wp-json\/wp\/v2\/pages\/3113\/revisions"}],"predecessor-version":[{"id":3308,"href":"https:\/\/etab.ac-reunion.fr\/lyc-paul-langevin\/wp-json\/wp\/v2\/pages\/3113\/revisions\/3308"}],"wp:attachment":[{"href":"https:\/\/etab.ac-reunion.fr\/lyc-paul-langevin\/wp-json\/wp\/v2\/media?parent=3113"}],"curies":[{"name":"wp","href":"https:\/\/api.w.org\/{rel}","templated":true}]}}