{"id":3592,"date":"2024-06-10T10:22:40","date_gmt":"2024-06-10T09:22:40","guid":{"rendered":"https:\/\/etab.ac-reunion.fr\/lyc-paul-langevin\/?page_id=3592"},"modified":"2026-02-26T10:32:30","modified_gmt":"2026-02-26T09:32:30","slug":"adhesion-maison-des-lyceens","status":"publish","type":"page","link":"https:\/\/etab.ac-reunion.fr\/lyc-paul-langevin\/adhesion-maison-des-lyceens\/","title":{"rendered":"La Maison des lyc\u00e9ens, Pr\u00e9sentation et adh\u00e9sion"},"content":{"rendered":"<p>Venez d\u00e9couvrir les projets de la MDL en cliquant <a href=\"https:\/\/etab.ac-reunion.fr\/lyc-paul-langevin\/wp-content\/uploads\/sites\/140\/2026\/02\/Projet-MDL-pdf.pdf\">ici<\/a>.<\/p>\n<p>Vous trouverez <a href=\"https:\/\/etab.ac-reunion.fr\/lyc-paul-langevin\/wp-content\/uploads\/sites\/140\/2024\/06\/BULLETIN-ADHESION-MDL-1.pdf\">ici<\/a> la fiche d\u2019inscription \u00e0 la MDL.<\/p>\n<p><a href=\"https:\/\/etab.ac-reunion.fr\/lyc-paul-langevin\/wp-content\/uploads\/sites\/140\/2024\/06\/BULLETIN-ADHESION-MDL-1.pdf\">Fiche adh\u00e9sion MDL<\/a><\/p>\n<p>Quelques photos pour d\u00e9couvrir le lieu:<\/p>\n<p><img loading=\"lazy\" decoding=\"async\" class=\"alignnone size-full wp-image-4055\" src=\"https:\/\/etab.ac-reunion.fr\/lyc-paul-langevin\/wp-content\/uploads\/sites\/140\/2026\/02\/IMG_20260225_174656-scaled.jpg\" alt=\"\" width=\"2560\" height=\"1920\" srcset=\"https:\/\/etab.ac-reunion.fr\/lyc-paul-langevin\/wp-content\/uploads\/sites\/140\/2026\/02\/IMG_20260225_174656-scaled.jpg 2560w, https:\/\/etab.ac-reunion.fr\/lyc-paul-langevin\/wp-content\/uploads\/sites\/140\/2026\/02\/IMG_20260225_174656-300x225.jpg 300w, https:\/\/etab.ac-reunion.fr\/lyc-paul-langevin\/wp-content\/uploads\/sites\/140\/2026\/02\/IMG_20260225_174656-1024x768.jpg 1024w, https:\/\/etab.ac-reunion.fr\/lyc-paul-langevin\/wp-content\/uploads\/sites\/140\/2026\/02\/IMG_20260225_174656-1536x1152.jpg 1536w, https:\/\/etab.ac-reunion.fr\/lyc-paul-langevin\/wp-content\/uploads\/sites\/140\/2026\/02\/IMG_20260225_174656-2048x1536.jpg 2048w, https:\/\/etab.ac-reunion.fr\/lyc-paul-langevin\/wp-content\/uploads\/sites\/140\/2026\/02\/IMG_20260225_174656-150x113.jpg 150w\" sizes=\"auto, (max-width: 2560px) 100vw, 2560px\" \/> <img loading=\"lazy\" decoding=\"async\" class=\"alignnone size-full wp-image-4056\" src=\"https:\/\/etab.ac-reunion.fr\/lyc-paul-langevin\/wp-content\/uploads\/sites\/140\/2026\/02\/IMG_20260225_174259-scaled.jpg\" alt=\"\" width=\"2560\" height=\"1920\" srcset=\"https:\/\/etab.ac-reunion.fr\/lyc-paul-langevin\/wp-content\/uploads\/sites\/140\/2026\/02\/IMG_20260225_174259-scaled.jpg 2560w, https:\/\/etab.ac-reunion.fr\/lyc-paul-langevin\/wp-content\/uploads\/sites\/140\/2026\/02\/IMG_20260225_174259-300x225.jpg 300w, https:\/\/etab.ac-reunion.fr\/lyc-paul-langevin\/wp-content\/uploads\/sites\/140\/2026\/02\/IMG_20260225_174259-1024x768.jpg 1024w, https:\/\/etab.ac-reunion.fr\/lyc-paul-langevin\/wp-content\/uploads\/sites\/140\/2026\/02\/IMG_20260225_174259-1536x1152.jpg 1536w, https:\/\/etab.ac-reunion.fr\/lyc-paul-langevin\/wp-content\/uploads\/sites\/140\/2026\/02\/IMG_20260225_174259-2048x1536.jpg 2048w, https:\/\/etab.ac-reunion.fr\/lyc-paul-langevin\/wp-content\/uploads\/sites\/140\/2026\/02\/IMG_20260225_174259-150x113.jpg 150w\" sizes=\"auto, (max-width: 2560px) 100vw, 2560px\" \/><\/p>\n","protected":false},"excerpt":{"rendered":"<p>Venez d\u00e9couvrir les projets de la MDL en cliquant ici. Vous trouverez ici la fiche d\u2019inscription \u00e0 la MDL. Fiche adh\u00e9sion MDL Quelques photos pour d\u00e9couvrir le lieu:<\/p>\n<p class=\"continue-reading-button\"> <a class=\"continue-reading-link\" href=\"https:\/\/etab.ac-reunion.fr\/lyc-paul-langevin\/adhesion-maison-des-lyceens\/\">Lire la suite&#8230;<i class=\"crycon-right-dir\"><\/i><\/a><\/p>\n","protected":false},"author":15433,"featured_media":4055,"parent":0,"menu_order":0,"comment_status":"closed","ping_status":"closed","template":"","meta":{"footnotes":""},"class_list":["post-3592","page","type-page","status-publish","has-post-thumbnail","hentry"],"_links":{"self":[{"href":"https:\/\/etab.ac-reunion.fr\/lyc-paul-langevin\/wp-json\/wp\/v2\/pages\/3592","targetHints":{"allow":["GET"]}}],"collection":[{"href":"https:\/\/etab.ac-reunion.fr\/lyc-paul-langevin\/wp-json\/wp\/v2\/pages"}],"about":[{"href":"https:\/\/etab.ac-reunion.fr\/lyc-paul-langevin\/wp-json\/wp\/v2\/types\/page"}],"author":[{"embeddable":true,"href":"https:\/\/etab.ac-reunion.fr\/lyc-paul-langevin\/wp-json\/wp\/v2\/users\/15433"}],"replies":[{"embeddable":true,"href":"https:\/\/etab.ac-reunion.fr\/lyc-paul-langevin\/wp-json\/wp\/v2\/comments?post=3592"}],"version-history":[{"count":7,"href":"https:\/\/etab.ac-reunion.fr\/lyc-paul-langevin\/wp-json\/wp\/v2\/pages\/3592\/revisions"}],"predecessor-version":[{"id":4051,"href":"https:\/\/etab.ac-reunion.fr\/lyc-paul-langevin\/wp-json\/wp\/v2\/pages\/3592\/revisions\/4051"}],"wp:featuredmedia":[{"embeddable":true,"href":"https:\/\/etab.ac-reunion.fr\/lyc-paul-langevin\/wp-json\/wp\/v2\/media\/4055"}],"wp:attachment":[{"href":"https:\/\/etab.ac-reunion.fr\/lyc-paul-langevin\/wp-json\/wp\/v2\/media?parent=3592"}],"curies":[{"name":"wp","href":"https:\/\/api.w.org\/{rel}","templated":true}]}}