{"id":3600,"date":"2024-06-10T10:42:12","date_gmt":"2024-06-10T09:42:12","guid":{"rendered":"https:\/\/etab.ac-reunion.fr\/lyc-paul-langevin\/?page_id=3600"},"modified":"2025-08-25T10:31:23","modified_gmt":"2025-08-25T09:31:23","slug":"numerisak-2024-2025","status":"publish","type":"page","link":"https:\/\/etab.ac-reunion.fr\/lyc-paul-langevin\/numerisak-2024-2025\/","title":{"rendered":"Num\u00e9risak 2025-2026"},"content":{"rendered":"<p>Vous trouverez ici les documents n\u00e9cessaires pour l&rsquo;obtention rapide de votre \u00e9quipement informatique Num\u00e9risak.<\/p>\n<p><a href=\"https:\/\/etab.ac-reunion.fr\/lyc-paul-langevin\/wp-content\/uploads\/sites\/140\/2024\/06\/Flyer-NUMERISAK-COMMENT-LACQUERIR.pdf\">\u00ab NUM\u00c9RISAK \u00bb COMMENT L\u2019ACQU\u00c9RIR<\/a><\/p>\n<p><a href=\"https:\/\/etab.ac-reunion.fr\/lyc-paul-langevin\/wp-content\/uploads\/sites\/140\/2024\/06\/Flyer-NUMERISAK-COMMENT-LACQUERIR.pdf\">\u00ab NUM\u00c9RISAK \u00bb COMMENT L\u2019UTILISER<\/a><\/p>\n<p><a href=\"https:\/\/etab.ac-reunion.fr\/lyc-paul-langevin\/wp-content\/uploads\/sites\/140\/2024\/06\/Flyer-NUMERISAK-COMMENT-LACQUERIR.pdf\">Formulaire de demande<\/a><\/p>\n<p>A l\u2019attention des parents des \u00e9l\u00e8ves entrants en seconde cap et bac pro:<\/p>\n<p>&#8211; les bons NUMERISAK sont disponibles et sont \u00e0 r\u00e9cup\u00e9rer aupr\u00e8s de l\u2019ARTICE de l\u2019\u00e9tablissement<\/p>\n<p>&#8211; horaires de distribution pour cette semaine (12 ao\u00fbt au 16 ao\u00fbt 2025) de 8h \u00e0 13h sans rdv.<\/p>\n","protected":false},"excerpt":{"rendered":"<p>Vous trouverez ici les documents n\u00e9cessaires pour l&rsquo;obtention rapide de votre \u00e9quipement informatique Num\u00e9risak. \u00ab NUM\u00c9RISAK \u00bb COMMENT L\u2019ACQU\u00c9RIR \u00ab NUM\u00c9RISAK \u00bb COMMENT L\u2019UTILISER Formulaire de demande A l\u2019attention des parents des \u00e9l\u00e8ves entrants en seconde cap et bac pro: &#8211; les bons NUMERISAK sont disponibles et sont \u00e0 r\u00e9cup\u00e9rer\u2026<\/p>\n<p class=\"continue-reading-button\"> <a class=\"continue-reading-link\" href=\"https:\/\/etab.ac-reunion.fr\/lyc-paul-langevin\/numerisak-2024-2025\/\">Lire la suite&#8230;<i class=\"crycon-right-dir\"><\/i><\/a><\/p>\n","protected":false},"author":15433,"featured_media":0,"parent":0,"menu_order":0,"comment_status":"closed","ping_status":"closed","template":"","meta":{"footnotes":""},"class_list":["post-3600","page","type-page","status-publish","hentry"],"_links":{"self":[{"href":"https:\/\/etab.ac-reunion.fr\/lyc-paul-langevin\/wp-json\/wp\/v2\/pages\/3600","targetHints":{"allow":["GET"]}}],"collection":[{"href":"https:\/\/etab.ac-reunion.fr\/lyc-paul-langevin\/wp-json\/wp\/v2\/pages"}],"about":[{"href":"https:\/\/etab.ac-reunion.fr\/lyc-paul-langevin\/wp-json\/wp\/v2\/types\/page"}],"author":[{"embeddable":true,"href":"https:\/\/etab.ac-reunion.fr\/lyc-paul-langevin\/wp-json\/wp\/v2\/users\/15433"}],"replies":[{"embeddable":true,"href":"https:\/\/etab.ac-reunion.fr\/lyc-paul-langevin\/wp-json\/wp\/v2\/comments?post=3600"}],"version-history":[{"count":3,"href":"https:\/\/etab.ac-reunion.fr\/lyc-paul-langevin\/wp-json\/wp\/v2\/pages\/3600\/revisions"}],"predecessor-version":[{"id":3842,"href":"https:\/\/etab.ac-reunion.fr\/lyc-paul-langevin\/wp-json\/wp\/v2\/pages\/3600\/revisions\/3842"}],"wp:attachment":[{"href":"https:\/\/etab.ac-reunion.fr\/lyc-paul-langevin\/wp-json\/wp\/v2\/media?parent=3600"}],"curies":[{"name":"wp","href":"https:\/\/api.w.org\/{rel}","templated":true}]}}