{"id":278986,"date":"2014-09-29T10:05:48","date_gmt":"2014-09-29T06:05:48","guid":{"rendered":"http:\/\/lycee-bpanon.ac-reunion.fr\/?page_id=278986"},"modified":"2024-09-19T11:39:11","modified_gmt":"2024-09-19T07:39:11","slug":"premiere-connexion-parents-a-metice","status":"publish","type":"page","link":"https:\/\/etab.ac-reunion.fr\/lyc-paul-moreau\/premiere-connexion-parents-a-metice\/","title":{"rendered":"Premi\u00e8re connexion parents \u00e0 M\u00e9tice"},"content":{"rendered":"\n<figure class=\"wp-block-image\"><img loading=\"lazy\" decoding=\"async\" width=\"300\" height=\"90\" src=\"https:\/\/etab.ac-reunion.fr\/lyc-paul-moreau\/wp-content\/uploads\/sites\/54\/2014\/09\/logo_metice.png\" alt=\"logo_metice\" class=\"wp-image-278951\" \/><\/figure>\n\n\n\n<p><\/p>\n\n\n\n<h4 class=\"wp-block-heading\">\u00c0 partir de la rentr\u00e9e 2020, l\u2019acc\u00e8s \u00e0 \u00ab\u00a0M\u00e9tice PARENTS\u00a0\u00bb se fait exclusivement via EDUCONNECT et FRANCECONNECT.&nbsp;<\/h4>\n\n\n\n<h4 class=\"wp-block-heading\">Une seule adresse :<\/h4>\n\n\n\n<p class=\"has-text-align-center\"><a href=\"http:\/\/metice.ac-reunion.fr\" class=\"su-button su-button-style-default\" style=\"color:#FFFFFF;background-color:#2D89EF;border-color:#246ec0;border-radius:5px\" target=\"_blank\" rel=\"lightbox\"><span style=\"color:#FFFFFF;padding:6px 16px;font-size:13px;line-height:20px;border-color:#6cadf4;border-radius:5px;text-shadow:none\"><i class=\"sui sui-hand-o-right\" style=\"font-size:13px;color:#FFFFFF\"><\/i> Metice.ac-reunion.fr<\/span><\/a>\n\n\n\n<h4 class=\"wp-block-heading\">Pour une <strong>\u00ab\u00a0premi\u00e8re connexion\u00a0\u00bb<\/strong>, suivre les 4 \u00e9tapes ci-dessous:<\/h4>\n\n\n\n\t\t\t<div class='et-tabs-container et_sliderfx_slide et_sliderauto_true et_sliderauto_speed_5000 et_slidertype_top_tabs'>\n\t\t\t\t<ul class='et-tabs-control'>\n\t\t\t<li><a href='#'>\n\t\t\t\u00c9tape 1\n\t\t<\/a><\/li> \n\t\t<li><a href='#'>\n\t\t\t\u00c9tape 2\n\t\t<\/a><\/li> \n\t\t<li><a href='#'>\n\t\t\t\u00c9tape 3\n\t\t<\/a><\/li> \n\t\t<li><a href='#'>\n\t\t\t\u00c9tape 4\n\t\t<\/a><\/li>\n\t\t<\/ul> <!-- .et-tabs-control -->\n\t\t<div class='et-tabs-content'>\n\t\t\t<div class='et-tabs-content-main-wrap'>\n\t\t\t\t<div class='et-tabs-content-wrapper'>\n\t\t\t\t\t<div class='et_slidecontent'>\n\t\t\t<h2>\u00c9tape 1: Je me rends sur <a href=\"http:\/\/metice.ac-reunion.fr\" target=\"_blank\" rel=\"noopener\">Metice<\/a> et choisis EDUCONNECT<\/h2>\n<h3 style=\"text-align: center\"><a href=\"https:\/\/etab.ac-reunion.fr\/lyc-paul-moreau\/wp-content\/uploads\/sites\/54\/2021\/02\/metice01.png\"><img loading=\"lazy\" decoding=\"async\" class=\"aligncenter size-full wp-image-285356\" src=\"https:\/\/etab.ac-reunion.fr\/lyc-paul-moreau\/wp-content\/uploads\/sites\/54\/2021\/02\/metice01.png\" alt=\"\" width=\"371\" height=\"559\" srcset=\"https:\/\/etab.ac-reunion.fr\/lyc-paul-moreau\/wp-content\/uploads\/sites\/54\/2021\/02\/metice01.png 371w, https:\/\/etab.ac-reunion.fr\/lyc-paul-moreau\/wp-content\/uploads\/sites\/54\/2021\/02\/metice01-199x300.png 199w\" sizes=\"auto, (max-width: 371px) 100vw, 371px\" \/><\/a><\/h3>\n\t\t<\/div>\n\t\t<div class='et_slidecontent'>\n\t\t\t<h2>\u00c9tape 2: Je m\u2019identifie avec mon compte FRANCECONNECT<\/h2>\n<p style=\"text-align: center\"><a href=\"https:\/\/etab.ac-reunion.fr\/lyc-paul-moreau\/wp-content\/uploads\/sites\/54\/2021\/02\/metice02.png\"><img loading=\"lazy\" decoding=\"async\" class=\"aligncenter size-full wp-image-285357\" src=\"https:\/\/etab.ac-reunion.fr\/lyc-paul-moreau\/wp-content\/uploads\/sites\/54\/2021\/02\/metice02.png\" alt=\"\" width=\"345\" height=\"213\" srcset=\"https:\/\/etab.ac-reunion.fr\/lyc-paul-moreau\/wp-content\/uploads\/sites\/54\/2021\/02\/metice02.png 345w, https:\/\/etab.ac-reunion.fr\/lyc-paul-moreau\/wp-content\/uploads\/sites\/54\/2021\/02\/metice02-300x185.png 300w\" sizes=\"auto, (max-width: 345px) 100vw, 345px\" \/><\/a><\/p>\n<hr \/>\n<h2 style=\"text-align: left\">puis je choisis un service (<em>imp\u00f4ts, la poste,\u2026<\/em>)<\/h2>\n<p style=\"text-align: center\"><a href=\"https:\/\/etab.ac-reunion.fr\/lyc-paul-moreau\/wp-content\/uploads\/sites\/54\/2021\/02\/metice03.png\"><img loading=\"lazy\" decoding=\"async\" class=\"aligncenter size-full wp-image-285358\" src=\"https:\/\/etab.ac-reunion.fr\/lyc-paul-moreau\/wp-content\/uploads\/sites\/54\/2021\/02\/metice03.png\" alt=\"\" width=\"683\" height=\"270\" srcset=\"https:\/\/etab.ac-reunion.fr\/lyc-paul-moreau\/wp-content\/uploads\/sites\/54\/2021\/02\/metice03.png 683w, https:\/\/etab.ac-reunion.fr\/lyc-paul-moreau\/wp-content\/uploads\/sites\/54\/2021\/02\/metice03-300x119.png 300w\" sizes=\"auto, (max-width: 683px) 100vw, 683px\" \/><\/a><\/p>\n\t\t<\/div> \n\t\t<div class='et_slidecontent'>\n\t\t\t<h2>\u00c9tape 3: J&rsquo;active mon compte<\/h2>\n<p style=\"text-align: center\"><a href=\"https:\/\/etab.ac-reunion.fr\/lyc-paul-moreau\/wp-content\/uploads\/sites\/54\/2021\/02\/metice04.png\"><img loading=\"lazy\" decoding=\"async\" class=\"aligncenter size-full wp-image-285359\" src=\"https:\/\/etab.ac-reunion.fr\/lyc-paul-moreau\/wp-content\/uploads\/sites\/54\/2021\/02\/metice04.png\" alt=\"\" width=\"355\" height=\"422\" srcset=\"https:\/\/etab.ac-reunion.fr\/lyc-paul-moreau\/wp-content\/uploads\/sites\/54\/2021\/02\/metice04.png 355w, https:\/\/etab.ac-reunion.fr\/lyc-paul-moreau\/wp-content\/uploads\/sites\/54\/2021\/02\/metice04-252x300.png 252w\" sizes=\"auto, (max-width: 355px) 100vw, 355px\" \/><\/a><\/p>\n<hr \/>\n<h2 style=\"text-align: left\">puis, je valide les informations concernant mon enfant<\/h2>\n<p style=\"text-align: center\"><a href=\"https:\/\/etab.ac-reunion.fr\/lyc-paul-moreau\/wp-content\/uploads\/sites\/54\/2021\/02\/metice05.png\"><img loading=\"lazy\" decoding=\"async\" class=\"aligncenter size-full wp-image-285360\" src=\"https:\/\/etab.ac-reunion.fr\/lyc-paul-moreau\/wp-content\/uploads\/sites\/54\/2021\/02\/metice05.png\" alt=\"\" width=\"451\" height=\"437\" srcset=\"https:\/\/etab.ac-reunion.fr\/lyc-paul-moreau\/wp-content\/uploads\/sites\/54\/2021\/02\/metice05.png 451w, https:\/\/etab.ac-reunion.fr\/lyc-paul-moreau\/wp-content\/uploads\/sites\/54\/2021\/02\/metice05-300x291.png 300w, https:\/\/etab.ac-reunion.fr\/lyc-paul-moreau\/wp-content\/uploads\/sites\/54\/2021\/02\/metice05-48x48.png 48w\" sizes=\"auto, (max-width: 451px) 100vw, 451px\" \/><\/a><\/p>\n\t\t<\/div> \n\t\t<div class='et_slidecontent'>\n\t\t\t<h2>\u00c9tape 4: j&rsquo;acc\u00e8de \u00e0 M\u00e9tice<\/h2>\n<h3 style=\"text-align: left\">Vous acc\u00e9dez maintenant aux services concernant votre enfant. <em>(T\u00e9l\u00e9services, Pronote, etc&#8230;)<\/em><\/h3>\n<p style=\"text-align: center\"><a href=\"https:\/\/etab.ac-reunion.fr\/lyc-paul-moreau\/wp-content\/uploads\/sites\/54\/2021\/02\/metice06.png\"><img loading=\"lazy\" decoding=\"async\" class=\"aligncenter size-full wp-image-285361\" src=\"https:\/\/etab.ac-reunion.fr\/lyc-paul-moreau\/wp-content\/uploads\/sites\/54\/2021\/02\/metice06.png\" alt=\"\" width=\"650\" height=\"239\" srcset=\"https:\/\/etab.ac-reunion.fr\/lyc-paul-moreau\/wp-content\/uploads\/sites\/54\/2021\/02\/metice06.png 650w, https:\/\/etab.ac-reunion.fr\/lyc-paul-moreau\/wp-content\/uploads\/sites\/54\/2021\/02\/metice06-300x110.png 300w, https:\/\/etab.ac-reunion.fr\/lyc-paul-moreau\/wp-content\/uploads\/sites\/54\/2021\/02\/metice06-600x220.png 600w\" sizes=\"auto, (max-width: 650px) 100vw, 650px\" \/><\/a><\/p>\n\t\t<\/div>\n\t\t\t\t<\/div>\n\t\t\t<\/div>\n\t\t<\/div>\n\t\t\t<\/div> <!-- .et-tabs-container -->\n\n\n\n<h3 class=\"wp-block-heading\">Pour les prochaines connexions, vous devez maintenant utiliser EDUCONNECT et FRANCECONNECT.<\/h3>\n\n\n\n<p><\/p>\n<!-- AddThis Advanced Settings generic via filter on the_content --><!-- AddThis Share Buttons generic via filter on the_content -->","protected":false},"excerpt":{"rendered":"<p>\u00c0 partir de la rentr\u00e9e 2020, l\u2019acc\u00e8s \u00e0 \u00ab\u00a0M\u00e9tice PARENTS\u00a0\u00bb se fait exclusivement via EDUCONNECT et FRANCECONNECT.&nbsp; Une seule adresse : Pour une \u00ab\u00a0premi\u00e8re connexion\u00a0\u00bb, suivre les 4 \u00e9tapes ci-dessous: Pour les prochaines connexions, vous devez maintenant utiliser EDUCONNECT et FRANCECONNECT.<!-- AddThis Advanced Settings generic via filter on get_the_excerpt --><!-- AddThis Share Buttons generic via filter on get_the_excerpt --><\/p>\n","protected":false},"author":863,"featured_media":277581,"parent":0,"menu_order":0,"comment_status":"closed","ping_status":"open","template":"","meta":{"footnotes":""},"class_list":["post-278986","page","type-page","status-publish","has-post-thumbnail","hentry"],"_links":{"self":[{"href":"https:\/\/etab.ac-reunion.fr\/lyc-paul-moreau\/wp-json\/wp\/v2\/pages\/278986","targetHints":{"allow":["GET"]}}],"collection":[{"href":"https:\/\/etab.ac-reunion.fr\/lyc-paul-moreau\/wp-json\/wp\/v2\/pages"}],"about":[{"href":"https:\/\/etab.ac-reunion.fr\/lyc-paul-moreau\/wp-json\/wp\/v2\/types\/page"}],"author":[{"embeddable":true,"href":"https:\/\/etab.ac-reunion.fr\/lyc-paul-moreau\/wp-json\/wp\/v2\/users\/863"}],"replies":[{"embeddable":true,"href":"https:\/\/etab.ac-reunion.fr\/lyc-paul-moreau\/wp-json\/wp\/v2\/comments?post=278986"}],"version-history":[{"count":33,"href":"https:\/\/etab.ac-reunion.fr\/lyc-paul-moreau\/wp-json\/wp\/v2\/pages\/278986\/revisions"}],"predecessor-version":[{"id":287462,"href":"https:\/\/etab.ac-reunion.fr\/lyc-paul-moreau\/wp-json\/wp\/v2\/pages\/278986\/revisions\/287462"}],"wp:featuredmedia":[{"embeddable":true,"href":"https:\/\/etab.ac-reunion.fr\/lyc-paul-moreau\/wp-json\/wp\/v2\/media\/277581"}],"wp:attachment":[{"href":"https:\/\/etab.ac-reunion.fr\/lyc-paul-moreau\/wp-json\/wp\/v2\/media?parent=278986"}],"curies":[{"name":"wp","href":"https:\/\/api.w.org\/{rel}","templated":true}]}}