{"id":287493,"date":"2024-11-13T07:30:27","date_gmt":"2024-11-13T03:30:27","guid":{"rendered":"https:\/\/etab.ac-reunion.fr\/lyc-paul-moreau\/?page_id=287493"},"modified":"2025-06-14T05:44:13","modified_gmt":"2025-06-14T01:44:13","slug":"association-fcpe","status":"publish","type":"page","link":"https:\/\/etab.ac-reunion.fr\/lyc-paul-moreau\/association-fcpe\/","title":{"rendered":"Association FCPE"},"content":{"rendered":"\n<p>Association des Parents d&rsquo;\u00c9l\u00e8ves &#8211; FCPE Conseil Local Panonnais<\/p>\n\n\n\n<p><strong>Bienvenue dans l&rsquo;espace d\u00e9di\u00e9 aux parents d&rsquo;\u00e9l\u00e8ves et aux \u00e9l\u00e8ves !<\/strong><\/p>\n\n\n\n<p>Cet espace a pour but de faciliter la communication entre les familles et l&rsquo;\u00e9quipe \u00e9ducative. En tant qu&rsquo;association de parents d&rsquo;\u00e9l\u00e8ves, la FCPE Conseil Local Panonnais s&rsquo;engage \u00e0 repr\u00e9senter les parents et \u00e0 d\u00e9fendre les int\u00e9r\u00eats des \u00e9l\u00e8ves au sein de l&rsquo;\u00e9tablissement.<\/p>\n\n\n\n<p><strong>Contactez-nous :<\/strong><\/p>\n\n\n\n<p>Nous sommes l\u00e0 pour \u00e9couter vos questions, vos remarques et pour vous soutenir en cas de besoin. Si vous souhaitez signaler un dysfonctionnement, poser une question, ou simplement \u00e9changer, n&rsquo;h\u00e9sitez pas \u00e0 nous contacter :<\/p>\n\n\n\n<p>\ud83d\udce7 <strong>Adresse e-mail :<\/strong> <a>fcpecl.panonnais@gmail.com<\/a><\/p>\n\n\n\n<p>Cet espace a \u00e9t\u00e9 cr\u00e9\u00e9 pour vous, parents et \u00e9l\u00e8ves. Vos retours sont pr\u00e9cieux pour nous permettre de travailler ensemble \u00e0 l&rsquo;am\u00e9lioration de la vie scolaire et de garantir un environnement propice \u00e0 la r\u00e9ussite de chaque \u00e9l\u00e8ve.<\/p>\n<!-- AddThis Advanced Settings generic via filter on the_content --><!-- AddThis Share Buttons generic via filter on the_content -->","protected":false},"excerpt":{"rendered":"<p>Association des Parents d&rsquo;\u00c9l\u00e8ves &#8211; FCPE Conseil Local Panonnais Bienvenue dans l&rsquo;espace d\u00e9di\u00e9 aux parents d&rsquo;\u00e9l\u00e8ves et aux \u00e9l\u00e8ves ! Cet espace a pour but de faciliter la communication entre les familles et l&rsquo;\u00e9quipe \u00e9ducative. En tant qu&rsquo;association de parents d&rsquo;\u00e9l\u00e8ves, la FCPE Conseil Local Panonnais s&rsquo;engage \u00e0 repr\u00e9senter les parents et \u00e0 d\u00e9fendre les [&hellip;]<!-- AddThis Advanced Settings generic via filter on get_the_excerpt --><!-- AddThis Share Buttons generic via filter on get_the_excerpt --><\/p>\n","protected":false},"author":863,"featured_media":0,"parent":0,"menu_order":0,"comment_status":"closed","ping_status":"closed","template":"page-full.php","meta":{"footnotes":""},"class_list":["post-287493","page","type-page","status-publish","hentry"],"_links":{"self":[{"href":"https:\/\/etab.ac-reunion.fr\/lyc-paul-moreau\/wp-json\/wp\/v2\/pages\/287493","targetHints":{"allow":["GET"]}}],"collection":[{"href":"https:\/\/etab.ac-reunion.fr\/lyc-paul-moreau\/wp-json\/wp\/v2\/pages"}],"about":[{"href":"https:\/\/etab.ac-reunion.fr\/lyc-paul-moreau\/wp-json\/wp\/v2\/types\/page"}],"author":[{"embeddable":true,"href":"https:\/\/etab.ac-reunion.fr\/lyc-paul-moreau\/wp-json\/wp\/v2\/users\/863"}],"replies":[{"embeddable":true,"href":"https:\/\/etab.ac-reunion.fr\/lyc-paul-moreau\/wp-json\/wp\/v2\/comments?post=287493"}],"version-history":[{"count":1,"href":"https:\/\/etab.ac-reunion.fr\/lyc-paul-moreau\/wp-json\/wp\/v2\/pages\/287493\/revisions"}],"predecessor-version":[{"id":287494,"href":"https:\/\/etab.ac-reunion.fr\/lyc-paul-moreau\/wp-json\/wp\/v2\/pages\/287493\/revisions\/287494"}],"wp:attachment":[{"href":"https:\/\/etab.ac-reunion.fr\/lyc-paul-moreau\/wp-json\/wp\/v2\/media?parent=287493"}],"curies":[{"name":"wp","href":"https:\/\/api.w.org\/{rel}","templated":true}]}}