{"id":287566,"date":"2025-12-04T08:21:42","date_gmt":"2025-12-04T04:21:42","guid":{"rendered":"https:\/\/etab.ac-reunion.fr\/lyc-paul-moreau\/?page_id=287566"},"modified":"2026-02-19T08:08:38","modified_gmt":"2026-02-19T04:08:38","slug":"documents-a-telecharger","status":"publish","type":"page","link":"https:\/\/etab.ac-reunion.fr\/lyc-paul-moreau\/documents-a-telecharger\/","title":{"rendered":"Documents \u00e0 t\u00e9l\u00e9charger"},"content":{"rendered":"\n<p class=\"has-text-align-right has-vivid-red-color has-text-color has-link-color wp-elements-f9e4f1cacedc98ee40a9a1e6189f3dfd\"><\/p>\n\n\n\n<div class=\"wp-block-file\"><a id=\"wp-block-file--media-61b91a1e-c6dd-4c6b-a96b-55441c97cc8a\" href=\"https:\/\/etab.ac-reunion.fr\/lyc-paul-moreau\/wp-content\/uploads\/sites\/54\/2026\/02\/attestation.doc\">attestation<\/a><a href=\"https:\/\/etab.ac-reunion.fr\/lyc-paul-moreau\/wp-content\/uploads\/sites\/54\/2026\/02\/attestation.doc\" class=\"wp-block-file__button wp-element-button\" download aria-describedby=\"wp-block-file--media-61b91a1e-c6dd-4c6b-a96b-55441c97cc8a\">T\u00e9l\u00e9charger<\/a><\/div>\n\n\n\n<div class=\"wp-block-file\"><a id=\"wp-block-file--media-57d4fa11-6ca4-480f-917c-ce671aae2893\" href=\"https:\/\/etab.ac-reunion.fr\/lyc-paul-moreau\/wp-content\/uploads\/sites\/54\/2026\/02\/AUTORISATION-SORTIE.docx\">AUTORISATION SORTIE<\/a><a href=\"https:\/\/etab.ac-reunion.fr\/lyc-paul-moreau\/wp-content\/uploads\/sites\/54\/2026\/02\/AUTORISATION-SORTIE.docx\" class=\"wp-block-file__button wp-element-button\" download aria-describedby=\"wp-block-file--media-57d4fa11-6ca4-480f-917c-ce671aae2893\">T\u00e9l\u00e9charger<\/a><\/div>\n\n\n\n<div class=\"wp-block-file\"><a id=\"wp-block-file--media-8731d39f-d5ac-4283-b849-3db32d3574fe\" href=\"https:\/\/etab.ac-reunion.fr\/lyc-paul-moreau\/wp-content\/uploads\/sites\/54\/2026\/02\/Autorisation-captation-utilisation-image-voix-majeur.docx\">Autorisation-captation-utilisation-image-voix-majeur<\/a><a href=\"https:\/\/etab.ac-reunion.fr\/lyc-paul-moreau\/wp-content\/uploads\/sites\/54\/2026\/02\/Autorisation-captation-utilisation-image-voix-majeur.docx\" class=\"wp-block-file__button wp-element-button\" download aria-describedby=\"wp-block-file--media-8731d39f-d5ac-4283-b849-3db32d3574fe\">T\u00e9l\u00e9charger<\/a><\/div>\n\n\n\n<div class=\"wp-block-file\"><a id=\"wp-block-file--media-044e740a-06ef-42e5-876c-b88ed1f039b4\" href=\"https:\/\/etab.ac-reunion.fr\/lyc-paul-moreau\/wp-content\/uploads\/sites\/54\/2026\/02\/Autorisation-captation-utilisation-image-voix-mineur.docx\">Autorisation-captation-utilisation-image-voix-mineur<\/a><a href=\"https:\/\/etab.ac-reunion.fr\/lyc-paul-moreau\/wp-content\/uploads\/sites\/54\/2026\/02\/Autorisation-captation-utilisation-image-voix-mineur.docx\" class=\"wp-block-file__button wp-element-button\" download aria-describedby=\"wp-block-file--media-044e740a-06ef-42e5-876c-b88ed1f039b4\">T\u00e9l\u00e9charger<\/a><\/div>\n\n\n\n<div class=\"wp-block-file\"><a id=\"wp-block-file--media-8b113a5e-8a63-4162-a730-35dc75a905e7\" href=\"https:\/\/etab.ac-reunion.fr\/lyc-paul-moreau\/wp-content\/uploads\/sites\/54\/2026\/02\/Compte-rendu-dactivite.docx\">Compte-rendu d&rsquo;activit\u00e9<\/a><a href=\"https:\/\/etab.ac-reunion.fr\/lyc-paul-moreau\/wp-content\/uploads\/sites\/54\/2026\/02\/Compte-rendu-dactivite.docx\" class=\"wp-block-file__button wp-element-button\" download aria-describedby=\"wp-block-file--media-8b113a5e-8a63-4162-a730-35dc75a905e7\">T\u00e9l\u00e9charger<\/a><\/div>\n\n\n\n<div class=\"wp-block-file\"><a id=\"wp-block-file--media-2d4faae3-3c0e-41c4-8a4c-2a1ed579a697\" href=\"https:\/\/etab.ac-reunion.fr\/lyc-paul-moreau\/wp-content\/uploads\/sites\/54\/2026\/02\/DDE-PONCTUELLE-MODIF.EDT_.docx\">DDE PONCTUELLE MODIF.EDT<\/a><a href=\"https:\/\/etab.ac-reunion.fr\/lyc-paul-moreau\/wp-content\/uploads\/sites\/54\/2026\/02\/DDE-PONCTUELLE-MODIF.EDT_.docx\" class=\"wp-block-file__button wp-element-button\" download aria-describedby=\"wp-block-file--media-2d4faae3-3c0e-41c4-8a4c-2a1ed579a697\">T\u00e9l\u00e9charger<\/a><\/div>\n\n\n\n<div class=\"wp-block-file\"><a id=\"wp-block-file--media-654b98ad-1b6e-4697-aeff-cb08f1eefe97\" href=\"https:\/\/etab.ac-reunion.fr\/lyc-paul-moreau\/wp-content\/uploads\/sites\/54\/2026\/02\/Demande-dachat.docx\">Demande d&rsquo;achat<\/a><a href=\"https:\/\/etab.ac-reunion.fr\/lyc-paul-moreau\/wp-content\/uploads\/sites\/54\/2026\/02\/Demande-dachat.docx\" class=\"wp-block-file__button wp-element-button\" download aria-describedby=\"wp-block-file--media-654b98ad-1b6e-4697-aeff-cb08f1eefe97\">T\u00e9l\u00e9charger<\/a><\/div>\n\n\n\n<div class=\"wp-block-file\"><a id=\"wp-block-file--media-4aa2c2ed-8fed-49de-a72b-503d20b89ad7\" href=\"https:\/\/etab.ac-reunion.fr\/lyc-paul-moreau\/wp-content\/uploads\/sites\/54\/2026\/02\/demande-utilisation-locaux.docx\">demande utilisation locaux<\/a><a href=\"https:\/\/etab.ac-reunion.fr\/lyc-paul-moreau\/wp-content\/uploads\/sites\/54\/2026\/02\/demande-utilisation-locaux.docx\" class=\"wp-block-file__button wp-element-button\" download aria-describedby=\"wp-block-file--media-4aa2c2ed-8fed-49de-a72b-503d20b89ad7\">T\u00e9l\u00e9charger<\/a><\/div>\n\n\n\n<div class=\"wp-block-file\"><a id=\"wp-block-file--media-0a37dc1a-0982-45b2-aef4-46c8ffdf75a6\" href=\"https:\/\/etab.ac-reunion.fr\/lyc-paul-moreau\/wp-content\/uploads\/sites\/54\/2026\/02\/Demandes-dabsence-AED-APDQ-AESH.pdf\">Demandes d&rsquo;absence AED &#8211; APDQ &#8211; AESH<\/a><a href=\"https:\/\/etab.ac-reunion.fr\/lyc-paul-moreau\/wp-content\/uploads\/sites\/54\/2026\/02\/Demandes-dabsence-AED-APDQ-AESH.pdf\" class=\"wp-block-file__button wp-element-button\" download aria-describedby=\"wp-block-file--media-0a37dc1a-0982-45b2-aef4-46c8ffdf75a6\">T\u00e9l\u00e9charger<\/a><\/div>\n\n\n\n<div class=\"wp-block-file\"><a id=\"wp-block-file--media-5dadf1be-33a4-44c5-b6d7-11de86f68f52\" href=\"https:\/\/etab.ac-reunion.fr\/lyc-paul-moreau\/wp-content\/uploads\/sites\/54\/2026\/02\/Demandes-dabsence-ATTS.docx\">Demandes d&rsquo;absence ATTS<\/a><a href=\"https:\/\/etab.ac-reunion.fr\/lyc-paul-moreau\/wp-content\/uploads\/sites\/54\/2026\/02\/Demandes-dabsence-ATTS.docx\" class=\"wp-block-file__button wp-element-button\" download aria-describedby=\"wp-block-file--media-5dadf1be-33a4-44c5-b6d7-11de86f68f52\">T\u00e9l\u00e9charger<\/a><\/div>\n\n\n\n<div class=\"wp-block-file\"><a id=\"wp-block-file--media-d6d59ad9-ba5f-4f7e-8e8f-3b466baa55b9\" href=\"https:\/\/etab.ac-reunion.fr\/lyc-paul-moreau\/wp-content\/uploads\/sites\/54\/2026\/02\/Demandes-dabsence.docx\">Demandes d&rsquo;absence<\/a><a href=\"https:\/\/etab.ac-reunion.fr\/lyc-paul-moreau\/wp-content\/uploads\/sites\/54\/2026\/02\/Demandes-dabsence.docx\" class=\"wp-block-file__button wp-element-button\" download aria-describedby=\"wp-block-file--media-d6d59ad9-ba5f-4f7e-8e8f-3b466baa55b9\">T\u00e9l\u00e9charger<\/a><\/div>\n\n\n\n<div class=\"wp-block-file\"><a id=\"wp-block-file--media-6e67f76a-9653-4524-abc1-671e3ce19232\" href=\"https:\/\/etab.ac-reunion.fr\/lyc-paul-moreau\/wp-content\/uploads\/sites\/54\/2026\/02\/Demandes-dabsence_ATTEE.docx\">Demandes d&rsquo;absence_ATTEE<\/a><a href=\"https:\/\/etab.ac-reunion.fr\/lyc-paul-moreau\/wp-content\/uploads\/sites\/54\/2026\/02\/Demandes-dabsence_ATTEE.docx\" class=\"wp-block-file__button wp-element-button\" download aria-describedby=\"wp-block-file--media-6e67f76a-9653-4524-abc1-671e3ce19232\">T\u00e9l\u00e9charger<\/a><\/div>\n\n\n\n<div class=\"wp-block-file\"><a id=\"wp-block-file--media-04b23c16-ad10-4110-a846-5171c36d223e\" href=\"https:\/\/etab.ac-reunion.fr\/lyc-paul-moreau\/wp-content\/uploads\/sites\/54\/2026\/02\/Emprunt-vehicule-de-service.doc\">Emprunt v\u00e9hicule de service<\/a><a href=\"https:\/\/etab.ac-reunion.fr\/lyc-paul-moreau\/wp-content\/uploads\/sites\/54\/2026\/02\/Emprunt-vehicule-de-service.doc\" class=\"wp-block-file__button wp-element-button\" download aria-describedby=\"wp-block-file--media-04b23c16-ad10-4110-a846-5171c36d223e\">T\u00e9l\u00e9charger<\/a><\/div>\n\n\n\n<div class=\"wp-block-file\"><a id=\"wp-block-file--media-9e686fe6-ac5d-4953-99cd-921d37f6a574\" href=\"https:\/\/etab.ac-reunion.fr\/lyc-paul-moreau\/wp-content\/uploads\/sites\/54\/2026\/02\/ETAT-DE-FRAIS-DE-DEPLACEMENT.docx\">ETAT DE FRAIS DE DEPLACEMENT<\/a><a href=\"https:\/\/etab.ac-reunion.fr\/lyc-paul-moreau\/wp-content\/uploads\/sites\/54\/2026\/02\/ETAT-DE-FRAIS-DE-DEPLACEMENT.docx\" class=\"wp-block-file__button wp-element-button\" download aria-describedby=\"wp-block-file--media-9e686fe6-ac5d-4953-99cd-921d37f6a574\">T\u00e9l\u00e9charger<\/a><\/div>\n\n\n\n<div class=\"wp-block-file\"><a id=\"wp-block-file--media-3895c50a-dd50-4961-a20c-71c676b3bd04\" href=\"https:\/\/etab.ac-reunion.fr\/lyc-paul-moreau\/wp-content\/uploads\/sites\/54\/2026\/02\/etat-HSE.docx\">etat HSE<\/a><a href=\"https:\/\/etab.ac-reunion.fr\/lyc-paul-moreau\/wp-content\/uploads\/sites\/54\/2026\/02\/etat-HSE.docx\" class=\"wp-block-file__button wp-element-button\" download aria-describedby=\"wp-block-file--media-3895c50a-dd50-4961-a20c-71c676b3bd04\">T\u00e9l\u00e9charger<\/a><\/div>\n\n\n\n<div class=\"wp-block-file\"><a id=\"wp-block-file--media-0145c51c-e405-4884-9483-3b7d9fa61112\" href=\"https:\/\/etab.ac-reunion.fr\/lyc-paul-moreau\/wp-content\/uploads\/sites\/54\/2026\/02\/etat-rcd.docx\">etat rcd<\/a><a href=\"https:\/\/etab.ac-reunion.fr\/lyc-paul-moreau\/wp-content\/uploads\/sites\/54\/2026\/02\/etat-rcd.docx\" class=\"wp-block-file__button wp-element-button\" download aria-describedby=\"wp-block-file--media-0145c51c-e405-4884-9483-3b7d9fa61112\">T\u00e9l\u00e9charger<\/a><\/div>\n\n\n\n<div class=\"wp-block-file\"><a id=\"wp-block-file--media-267e5ab2-f633-4091-b434-13be11e3b584\" href=\"https:\/\/etab.ac-reunion.fr\/lyc-paul-moreau\/wp-content\/uploads\/sites\/54\/2026\/02\/FICHE-BILAN-DE-PROJET.docx\">FICHE BILAN DE PROJET<\/a><a href=\"https:\/\/etab.ac-reunion.fr\/lyc-paul-moreau\/wp-content\/uploads\/sites\/54\/2026\/02\/FICHE-BILAN-DE-PROJET.docx\" class=\"wp-block-file__button wp-element-button\" download aria-describedby=\"wp-block-file--media-267e5ab2-f633-4091-b434-13be11e3b584\">T\u00e9l\u00e9charger<\/a><\/div>\n\n\n\n<div class=\"wp-block-file\"><a id=\"wp-block-file--media-98416afe-c368-40ea-877e-602beff0dfc2\" href=\"https:\/\/etab.ac-reunion.fr\/lyc-paul-moreau\/wp-content\/uploads\/sites\/54\/2026\/02\/Fiche-projet.docx\">Fiche projet..<\/a><a href=\"https:\/\/etab.ac-reunion.fr\/lyc-paul-moreau\/wp-content\/uploads\/sites\/54\/2026\/02\/Fiche-projet.docx\" class=\"wp-block-file__button wp-element-button\" download aria-describedby=\"wp-block-file--media-98416afe-c368-40ea-877e-602beff0dfc2\">T\u00e9l\u00e9charger<\/a><\/div>\n\n\n\n<div class=\"wp-block-file\"><a id=\"wp-block-file--media-628f64c6-3ab6-40ff-b4e0-aa8ad153a72f\" href=\"https:\/\/etab.ac-reunion.fr\/lyc-paul-moreau\/wp-content\/uploads\/sites\/54\/2026\/02\/FICHE-PROJET_ecole-ouverte.docx\">FICHE PROJET_ecole ouverte<\/a><a href=\"https:\/\/etab.ac-reunion.fr\/lyc-paul-moreau\/wp-content\/uploads\/sites\/54\/2026\/02\/FICHE-PROJET_ecole-ouverte.docx\" class=\"wp-block-file__button wp-element-button\" download aria-describedby=\"wp-block-file--media-628f64c6-3ab6-40ff-b4e0-aa8ad153a72f\">T\u00e9l\u00e9charger<\/a><\/div>\n\n\n\n<div class=\"wp-block-file\"><a id=\"wp-block-file--media-00c6015c-990a-4955-94f1-716a5398b474\" href=\"https:\/\/etab.ac-reunion.fr\/lyc-paul-moreau\/wp-content\/uploads\/sites\/54\/2026\/02\/rapport-dincident.docx\">rapport d&rsquo;incident<\/a><a href=\"https:\/\/etab.ac-reunion.fr\/lyc-paul-moreau\/wp-content\/uploads\/sites\/54\/2026\/02\/rapport-dincident.docx\" class=\"wp-block-file__button wp-element-button\" download aria-describedby=\"wp-block-file--media-00c6015c-990a-4955-94f1-716a5398b474\">T\u00e9l\u00e9charger<\/a><\/div>\n\n\n\n<div class=\"wp-block-file\"><a id=\"wp-block-file--media-28608823-bb1e-45e1-9611-7756c8b79579\" href=\"https:\/\/etab.ac-reunion.fr\/lyc-paul-moreau\/wp-content\/uploads\/sites\/54\/2026\/02\/sortie-pedagogique-EPS.docx\">sortie p\u00e9dagogique EPS<\/a><a href=\"https:\/\/etab.ac-reunion.fr\/lyc-paul-moreau\/wp-content\/uploads\/sites\/54\/2026\/02\/sortie-pedagogique-EPS.docx\" class=\"wp-block-file__button wp-element-button\" download aria-describedby=\"wp-block-file--media-28608823-bb1e-45e1-9611-7756c8b79579\">T\u00e9l\u00e9charger<\/a><\/div>\n\n\n\n<div class=\"wp-block-file\"><a id=\"wp-block-file--media-d12a6138-204f-439a-82da-e6708e21dd2f\" href=\"https:\/\/etab.ac-reunion.fr\/lyc-paul-moreau\/wp-content\/uploads\/sites\/54\/2026\/02\/sortie-pedagogique.docx\">sortie p\u00e9dagogique<\/a><a href=\"https:\/\/etab.ac-reunion.fr\/lyc-paul-moreau\/wp-content\/uploads\/sites\/54\/2026\/02\/sortie-pedagogique.docx\" class=\"wp-block-file__button wp-element-button\" download aria-describedby=\"wp-block-file--media-d12a6138-204f-439a-82da-e6708e21dd2f\">T\u00e9l\u00e9charger<\/a><\/div>\n\n\n\n<div class=\"wp-block-file\"><a id=\"wp-block-file--media-29db396b-0dfb-4da5-b5c4-0534c57cba8e\" href=\"https:\/\/etab.ac-reunion.fr\/lyc-paul-moreau\/wp-content\/uploads\/sites\/54\/2026\/02\/Utilisation-vehicule-personnel.doc\">Utilisation vehicule personnel<\/a><a href=\"https:\/\/etab.ac-reunion.fr\/lyc-paul-moreau\/wp-content\/uploads\/sites\/54\/2026\/02\/Utilisation-vehicule-personnel.doc\" class=\"wp-block-file__button wp-element-button\" download aria-describedby=\"wp-block-file--media-29db396b-0dfb-4da5-b5c4-0534c57cba8e\">T\u00e9l\u00e9charger<\/a><\/div>\n<!-- AddThis Advanced Settings generic via filter on the_content --><!-- AddThis Share Buttons generic via filter on the_content -->","protected":false},"excerpt":{"rendered":"<p><!-- AddThis Advanced Settings generic via filter on get_the_excerpt --><!-- AddThis Share Buttons generic via filter on get_the_excerpt --><\/p>\n","protected":false},"author":38638,"featured_media":0,"parent":0,"menu_order":0,"comment_status":"closed","ping_status":"closed","template":"","meta":{"footnotes":""},"class_list":["post-287566","page","type-page","status-publish","hentry"],"_links":{"self":[{"href":"https:\/\/etab.ac-reunion.fr\/lyc-paul-moreau\/wp-json\/wp\/v2\/pages\/287566","targetHints":{"allow":["GET"]}}],"collection":[{"href":"https:\/\/etab.ac-reunion.fr\/lyc-paul-moreau\/wp-json\/wp\/v2\/pages"}],"about":[{"href":"https:\/\/etab.ac-reunion.fr\/lyc-paul-moreau\/wp-json\/wp\/v2\/types\/page"}],"author":[{"embeddable":true,"href":"https:\/\/etab.ac-reunion.fr\/lyc-paul-moreau\/wp-json\/wp\/v2\/users\/38638"}],"replies":[{"embeddable":true,"href":"https:\/\/etab.ac-reunion.fr\/lyc-paul-moreau\/wp-json\/wp\/v2\/comments?post=287566"}],"version-history":[{"count":46,"href":"https:\/\/etab.ac-reunion.fr\/lyc-paul-moreau\/wp-json\/wp\/v2\/pages\/287566\/revisions"}],"predecessor-version":[{"id":287797,"href":"https:\/\/etab.ac-reunion.fr\/lyc-paul-moreau\/wp-json\/wp\/v2\/pages\/287566\/revisions\/287797"}],"wp:attachment":[{"href":"https:\/\/etab.ac-reunion.fr\/lyc-paul-moreau\/wp-json\/wp\/v2\/media?parent=287566"}],"curies":[{"name":"wp","href":"https:\/\/api.w.org\/{rel}","templated":true}]}}