{"id":287743,"date":"2025-12-15T09:10:06","date_gmt":"2025-12-15T05:10:06","guid":{"rendered":"https:\/\/etab.ac-reunion.fr\/lyc-paul-moreau\/?page_id=287743"},"modified":"2025-12-16T09:36:22","modified_gmt":"2025-12-16T05:36:22","slug":"erasumus-days-2024-au-lycee-paul-moreau","status":"publish","type":"page","link":"https:\/\/etab.ac-reunion.fr\/lyc-paul-moreau\/erasumus-days-2024-au-lycee-paul-moreau\/","title":{"rendered":"Erasumus days 2024 au Lyc\u00e9e Paul Moreau"},"content":{"rendered":"\n<p>Remerciements \u00e0 Mme ROBERT Mirella pour le pr\u00eat des affiches pour l\u2019exposition au CDI, \u00e0 Mme FABRE pour l\u2019organisation,&nbsp; le quiz Kahoot et la s\u00e9lection des chansons europ\u00e9ennes, \u00e0 M. JACQUELINE pour l\u2019organisation et les affiches r\u00e9alis\u00e9es par les \u00e9l\u00e8ves, aux agents pour la logistique, Mme GALLAND-KELLER et aux AED du CDI pour la r\u00e9ussite de l\u2019exposition,&nbsp;&nbsp; \u00e0 M. ATCHEAMOUTOU pour avoir diffus\u00e9 les playlists, \u00e0 Mme DAMEY pour ses interventions, \u00e0 M. PLANTE, M. JALA, M. MARTY, M. VACARME et M. MICHIARDY pour leur t\u00e9moignage sur leur mobilit\u00e9 en Belgique, \u00e0 Mme PIOUT pour les repas europ\u00e9ens, \u00e0 M. FRUTEAU pour les plannings, \u00e0 M. BLOCH pour sa s\u00e9ance math\u00e9matiques en lien avec l\u2019Union Europ\u00e9enne, aux enseignants qui ont accompagn\u00e9 leurs classes aux ateliers et enfin \u00e0 toute la communaut\u00e9 \u00e9ducative qui a fait vibrer l\u2019Europe pendant ses ERASMUS DAYS 2024.<\/p>\n\n\n\n<p><strong>Actions men\u00e9es durant la semaine du 04 novembre au 08 novembre 2024&nbsp;:<\/strong><\/p>\n\n\n\n<ul class=\"wp-block-list\">\n<li><strong>Ateliers Quiz Kahoot \u00ab\u00a0Les pays de l\u2019 Union Europ\u00e9enne\u00a0\u00bb \u00ab\u00a0Unie dans la diversit\u00e9\u00a0\u00bb <\/strong>+ remise de goodies aux gagnants<\/li>\n<\/ul>\n\n\n\n<p>&nbsp;Mme FABRE et Mme PAQUIRY&nbsp;:<\/p>\n\n\n\n<p>Jeudi 07 novembre : M2, M3, M4, S1<\/p>\n\n\n\n<p>Vendredi&nbsp; 08 novembre : M2, M3, M4, S1<\/p>\n\n\n\n<ul class=\"wp-block-list\">\n<li>Quiz \u00ab\u00a0Les pays de l\u2019Union Europ\u00e9enne\u00a0\u00bb, diffus\u00e9 sur Pronote pour que les \u00e9l\u00e8ves qui n\u2019ont pas pu participer aux ateliers puissent le faire.<\/li>\n<\/ul>\n\n\n\n<ul class=\"wp-block-list\">\n<li>Intervention de <strong>Mme DAMEY du SIJ<\/strong> mardi 05 novembre, mercredi 06 novembre et jeudi 07 novembre\u00a0: \u00ab\u00a0D\u00e9couvre le programme Erasmus +\u00a0\u00bb<\/li>\n<\/ul>\n\n\n\n<ul class=\"wp-block-list\">\n<li><strong>Exposition au CDI \u201cParlons d\u2019Europe\u201d<\/strong> + questionnaire<\/li>\n<\/ul>\n\n\n\n<ul class=\"wp-block-list\">\n<li><strong>Chansons Europ\u00e9ennes<\/strong> lors des r\u00e9cr\u00e9ations du matin<\/li>\n<\/ul>\n\n\n\n<ul class=\"wp-block-list\">\n<li><strong>Repas<\/strong> d\u2019origine italienne et espagnol au R\u00e9fectoire<\/li>\n<\/ul>\n\n\n\n<ul class=\"wp-block-list\">\n<li>R\u00e9alisation de <strong>fiches<\/strong> sur chaque pays de l\u2019Union Europ\u00e9enne par la classe de M. JACQUELINE<\/li>\n<\/ul>\n\n\n\n<ul class=\"wp-block-list\">\n<li>M. Jacqueline\u00a0: en <strong>EMC<\/strong> classes de 201 et 204<\/li>\n\n\n\n<li>Travail sur les institutions europ\u00e9ennes (identification et pr\u00e9sentation des grandes institutions) et le fait qu&rsquo;elles soient garantes de nos droits \u00e0 l&rsquo;\u00e9chelle europ\u00e9enne afin d&rsquo;offrir une \u00e9galit\u00e9 sur ce territoire. Pr\u00e9sentation des principaux textes, exemples de questionnements relatifs aux libert\u00e9s act\u00e9s par les institutions comme la cour europ\u00e9enne des droits de l&rsquo;Homme.\u00a0<\/li>\n\n\n\n<li>R\u00e9alisation d\u2019un padlet<\/li>\n<\/ul>\n\n\n\n<ul class=\"wp-block-list\">\n<li>Restitution et t\u00e9moignage du Job Shadowing en <strong>Belgique<\/strong> en mai 2024.<\/li>\n<\/ul>\n\n\n\n<ul class=\"wp-block-list\">\n<li>M. Bloch\u00a0: Classe de 204<\/li>\n<\/ul>\n\n\n\n<p>Question flash sur le th\u00e8me ERASMUS DAYS (objectif <strong>math\u00e9matiques proportion<\/strong>)<\/p>\n\n\n\n<p>Le professeur pr\u00e9sente la th\u00e9matique, demande qui est concern\u00e9 par ERASMUS,<\/p>\n\n\n\n<p>doit faire la distinction entre continent europ\u00e9en et U.E., recherche sur internet (INSEE) des donn\u00e9es sur la population de l&rsquo;UE et de la France. Fait calculer la proportion de fran\u00e7ais dans l&rsquo;UE.<\/p>\n\n\n\n<ul class=\"wp-block-list\">\n<li>Mme LEMAIRE\u00a0: Dispositif ULIS<\/li>\n<\/ul>\n\n\n\n<p>Travail sur plusieurs s\u00e9ances avec les \u00e9l\u00e8ves sur les <strong>pays europ\u00e9ens&nbsp;<\/strong>: cartes, jeux, drapeaux, capitales, recherches, etc\u2026<\/p>\n\n\n\n<figure class=\"wp-block-image size-full\"><img loading=\"lazy\" decoding=\"async\" width=\"876\" height=\"548\" src=\"https:\/\/etab.ac-reunion.fr\/lyc-paul-moreau\/wp-content\/uploads\/sites\/54\/2025\/12\/image.png\" alt=\"\" class=\"wp-image-287744\" srcset=\"https:\/\/etab.ac-reunion.fr\/lyc-paul-moreau\/wp-content\/uploads\/sites\/54\/2025\/12\/image.png 876w, https:\/\/etab.ac-reunion.fr\/lyc-paul-moreau\/wp-content\/uploads\/sites\/54\/2025\/12\/image-300x188.png 300w, https:\/\/etab.ac-reunion.fr\/lyc-paul-moreau\/wp-content\/uploads\/sites\/54\/2025\/12\/image-768x480.png 768w\" sizes=\"auto, (max-width: 876px) 100vw, 876px\" \/><\/figure>\n\n\n\n<figure class=\"wp-block-gallery has-nested-images columns-default is-cropped wp-block-gallery-1 is-layout-flex wp-block-gallery-is-layout-flex\">\n<figure class=\"wp-block-image size-large\"><img loading=\"lazy\" decoding=\"async\" width=\"319\" height=\"417\" data-id=\"287746\" src=\"https:\/\/etab.ac-reunion.fr\/lyc-paul-moreau\/wp-content\/uploads\/sites\/54\/2025\/12\/Capture.png\" alt=\"\" class=\"wp-image-287746\" srcset=\"https:\/\/etab.ac-reunion.fr\/lyc-paul-moreau\/wp-content\/uploads\/sites\/54\/2025\/12\/Capture.png 319w, https:\/\/etab.ac-reunion.fr\/lyc-paul-moreau\/wp-content\/uploads\/sites\/54\/2025\/12\/Capture-229x300.png 229w\" sizes=\"auto, (max-width: 319px) 100vw, 319px\" \/><\/figure>\n\n\n\n<figure class=\"wp-block-image size-large\"><img loading=\"lazy\" decoding=\"async\" width=\"269\" height=\"253\" data-id=\"287747\" src=\"https:\/\/etab.ac-reunion.fr\/lyc-paul-moreau\/wp-content\/uploads\/sites\/54\/2025\/12\/Capture2.png\" alt=\"\" class=\"wp-image-287747\" \/><\/figure>\n\n\n\n<figure class=\"wp-block-image size-large\"><img loading=\"lazy\" decoding=\"async\" width=\"313\" height=\"360\" data-id=\"287748\" src=\"https:\/\/etab.ac-reunion.fr\/lyc-paul-moreau\/wp-content\/uploads\/sites\/54\/2025\/12\/hyy.png\" alt=\"\" class=\"wp-image-287748\" srcset=\"https:\/\/etab.ac-reunion.fr\/lyc-paul-moreau\/wp-content\/uploads\/sites\/54\/2025\/12\/hyy.png 313w, https:\/\/etab.ac-reunion.fr\/lyc-paul-moreau\/wp-content\/uploads\/sites\/54\/2025\/12\/hyy-261x300.png 261w\" sizes=\"auto, (max-width: 313px) 100vw, 313px\" \/><\/figure>\n\n\n\n<figure class=\"wp-block-image size-large\"><img loading=\"lazy\" decoding=\"async\" width=\"234\" height=\"279\" data-id=\"287749\" src=\"https:\/\/etab.ac-reunion.fr\/lyc-paul-moreau\/wp-content\/uploads\/sites\/54\/2025\/12\/jj.png\" alt=\"\" class=\"wp-image-287749\" \/><\/figure>\n\n\n\n<figure class=\"wp-block-image size-large\"><img loading=\"lazy\" decoding=\"async\" width=\"455\" height=\"327\" data-id=\"287755\" src=\"https:\/\/etab.ac-reunion.fr\/lyc-paul-moreau\/wp-content\/uploads\/sites\/54\/2025\/12\/me.png\" alt=\"\" class=\"wp-image-287755\" srcset=\"https:\/\/etab.ac-reunion.fr\/lyc-paul-moreau\/wp-content\/uploads\/sites\/54\/2025\/12\/me.png 455w, https:\/\/etab.ac-reunion.fr\/lyc-paul-moreau\/wp-content\/uploads\/sites\/54\/2025\/12\/me-300x216.png 300w\" sizes=\"auto, (max-width: 455px) 100vw, 455px\" \/><\/figure>\n\n\n\n<figure class=\"wp-block-image size-large\"><img loading=\"lazy\" decoding=\"async\" width=\"235\" height=\"315\" data-id=\"287750\" src=\"https:\/\/etab.ac-reunion.fr\/lyc-paul-moreau\/wp-content\/uploads\/sites\/54\/2025\/12\/jjj.png\" alt=\"\" class=\"wp-image-287750\" srcset=\"https:\/\/etab.ac-reunion.fr\/lyc-paul-moreau\/wp-content\/uploads\/sites\/54\/2025\/12\/jjj.png 235w, https:\/\/etab.ac-reunion.fr\/lyc-paul-moreau\/wp-content\/uploads\/sites\/54\/2025\/12\/jjj-224x300.png 224w\" sizes=\"auto, (max-width: 235px) 100vw, 235px\" \/><\/figure>\n\n\n\n<figure class=\"wp-block-image size-large\"><img loading=\"lazy\" decoding=\"async\" width=\"249\" height=\"315\" data-id=\"287751\" src=\"https:\/\/etab.ac-reunion.fr\/lyc-paul-moreau\/wp-content\/uploads\/sites\/54\/2025\/12\/jjjj.png\" alt=\"\" class=\"wp-image-287751\" srcset=\"https:\/\/etab.ac-reunion.fr\/lyc-paul-moreau\/wp-content\/uploads\/sites\/54\/2025\/12\/jjjj.png 249w, https:\/\/etab.ac-reunion.fr\/lyc-paul-moreau\/wp-content\/uploads\/sites\/54\/2025\/12\/jjjj-237x300.png 237w\" sizes=\"auto, (max-width: 249px) 100vw, 249px\" \/><\/figure>\n\n\n\n<figure class=\"wp-block-image size-large\"><img loading=\"lazy\" decoding=\"async\" width=\"311\" height=\"236\" data-id=\"287752\" src=\"https:\/\/etab.ac-reunion.fr\/lyc-paul-moreau\/wp-content\/uploads\/sites\/54\/2025\/12\/jjjjjj.png\" alt=\"\" class=\"wp-image-287752\" srcset=\"https:\/\/etab.ac-reunion.fr\/lyc-paul-moreau\/wp-content\/uploads\/sites\/54\/2025\/12\/jjjjjj.png 311w, https:\/\/etab.ac-reunion.fr\/lyc-paul-moreau\/wp-content\/uploads\/sites\/54\/2025\/12\/jjjjjj-300x228.png 300w\" sizes=\"auto, (max-width: 311px) 100vw, 311px\" \/><\/figure>\n\n\n\n<figure class=\"wp-block-image size-large\"><img loading=\"lazy\" decoding=\"async\" width=\"216\" height=\"294\" data-id=\"287753\" src=\"https:\/\/etab.ac-reunion.fr\/lyc-paul-moreau\/wp-content\/uploads\/sites\/54\/2025\/12\/jjjjjjj.png\" alt=\"\" class=\"wp-image-287753\" \/><\/figure>\n\n\n\n<figure class=\"wp-block-image size-large\"><img loading=\"lazy\" decoding=\"async\" width=\"310\" height=\"312\" data-id=\"287754\" src=\"https:\/\/etab.ac-reunion.fr\/lyc-paul-moreau\/wp-content\/uploads\/sites\/54\/2025\/12\/ju.png\" alt=\"\" class=\"wp-image-287754\" srcset=\"https:\/\/etab.ac-reunion.fr\/lyc-paul-moreau\/wp-content\/uploads\/sites\/54\/2025\/12\/ju.png 310w, https:\/\/etab.ac-reunion.fr\/lyc-paul-moreau\/wp-content\/uploads\/sites\/54\/2025\/12\/ju-298x300.png 298w, https:\/\/etab.ac-reunion.fr\/lyc-paul-moreau\/wp-content\/uploads\/sites\/54\/2025\/12\/ju-150x150.png 150w, https:\/\/etab.ac-reunion.fr\/lyc-paul-moreau\/wp-content\/uploads\/sites\/54\/2025\/12\/ju-76x76.png 76w, https:\/\/etab.ac-reunion.fr\/lyc-paul-moreau\/wp-content\/uploads\/sites\/54\/2025\/12\/ju-184x184.png 184w\" sizes=\"auto, (max-width: 310px) 100vw, 310px\" \/><\/figure>\n<\/figure>\n<!-- AddThis Advanced Settings generic via filter on the_content --><!-- AddThis Share Buttons generic via filter on the_content -->","protected":false},"excerpt":{"rendered":"<p>Remerciements \u00e0 Mme ROBERT Mirella pour le pr\u00eat des affiches pour l\u2019exposition au CDI, \u00e0 Mme FABRE pour l\u2019organisation,&nbsp; le quiz Kahoot et la s\u00e9lection des chansons europ\u00e9ennes, \u00e0 M. JACQUELINE pour l\u2019organisation et les affiches r\u00e9alis\u00e9es par les \u00e9l\u00e8ves, aux agents pour la logistique, Mme GALLAND-KELLER et aux AED du CDI pour la r\u00e9ussite [&hellip;]<!-- AddThis Advanced Settings generic via filter on get_the_excerpt --><!-- AddThis Share Buttons generic via filter on get_the_excerpt --><\/p>\n","protected":false},"author":38638,"featured_media":0,"parent":0,"menu_order":0,"comment_status":"closed","ping_status":"closed","template":"","meta":{"footnotes":""},"class_list":["post-287743","page","type-page","status-publish","hentry"],"_links":{"self":[{"href":"https:\/\/etab.ac-reunion.fr\/lyc-paul-moreau\/wp-json\/wp\/v2\/pages\/287743","targetHints":{"allow":["GET"]}}],"collection":[{"href":"https:\/\/etab.ac-reunion.fr\/lyc-paul-moreau\/wp-json\/wp\/v2\/pages"}],"about":[{"href":"https:\/\/etab.ac-reunion.fr\/lyc-paul-moreau\/wp-json\/wp\/v2\/types\/page"}],"author":[{"embeddable":true,"href":"https:\/\/etab.ac-reunion.fr\/lyc-paul-moreau\/wp-json\/wp\/v2\/users\/38638"}],"replies":[{"embeddable":true,"href":"https:\/\/etab.ac-reunion.fr\/lyc-paul-moreau\/wp-json\/wp\/v2\/comments?post=287743"}],"version-history":[{"count":1,"href":"https:\/\/etab.ac-reunion.fr\/lyc-paul-moreau\/wp-json\/wp\/v2\/pages\/287743\/revisions"}],"predecessor-version":[{"id":287756,"href":"https:\/\/etab.ac-reunion.fr\/lyc-paul-moreau\/wp-json\/wp\/v2\/pages\/287743\/revisions\/287756"}],"wp:attachment":[{"href":"https:\/\/etab.ac-reunion.fr\/lyc-paul-moreau\/wp-json\/wp\/v2\/media?parent=287743"}],"curies":[{"name":"wp","href":"https:\/\/api.w.org\/{rel}","templated":true}]}}