{"id":5086,"date":"2014-02-14T13:39:29","date_gmt":"2014-02-14T09:39:29","guid":{"rendered":"http:\/\/lycee-bpanon.ac-reunion.fr\/?page_id=5086"},"modified":"2024-11-13T07:42:39","modified_gmt":"2024-11-13T03:42:39","slug":"linternat","status":"publish","type":"page","link":"https:\/\/etab.ac-reunion.fr\/lyc-paul-moreau\/letablissement__trashed\/linternat\/","title":{"rendered":"L&rsquo;internat"},"content":{"rendered":"<h1>R\u00e8glement int\u00e9rieur de l&rsquo;internat<\/h1>\n<h3>I-\u00a0\u00a0 \u00a0CE QUE VOUS OFFRE L\u2019INTERNAT<\/h3>\n<p>L\u2019internat propose un cadre de vie le plus proche possible de l\u2019ambiance familiale. Outre des conditions satisfaisantes d\u2019h\u00e9bergement et de nourriture, il doit procurer le calme et la s\u00e9r\u00e9nit\u00e9 indispensable \u00e0 la bonne marche de vos \u00e9tudes.<br \/>\nLes CPE, les MI et SE veillent au bon d\u00e9roulement des diff\u00e9rentes activit\u00e9s et au maintien d\u2019une certaine discipline. Interlocuteurs privil\u00e9gi\u00e9s, ils sont aussi \u00e0 l\u2019 \u00e9coute de vos probl\u00e8mes quotidiens ainsi que des difficult\u00e9s que vous pourriez rencontrez dans vos \u00e9tudes ou dans votre milieu familial. L\u2019internat offre en outre une gamme importante d\u2019activit\u00e9s sportives, ou socio-\u00e9ducatives.<\/p>\n<hr title=\"La vie communautaire\" \/>\n<h3>II-\u00a0\u00a0 \u00a0LA VIE COMMUNAUTAIRE<\/h3>\n<p>Ce r\u00e8glement constitue un contrat \u00e9tabli entre les membres de la communaut\u00e9 scolaire et entra\u00eene pour chacun des droits et des devoirs ;<\/p>\n<h4>1)\u00a0\u00a0 \u00a0Le respect des personnes :<\/h4>\n<p>Tol\u00e9rance et respect mutuel sont de r\u00e8gle entre tous les partenaires (\u00e9l\u00e8ves et tous les personnels du lyc\u00e9e). Une attitude correcte, le port de v\u00eatements d\u00e9cents et le respect des r\u00e8gles \u00e9l\u00e9mentaires d\u2019hygi\u00e8ne sont exig\u00e9s.<\/p>\n<h4>2)\u00a0\u00a0 \u00a0Le respect et la s\u00e9curit\u00e9 :<\/h4>\n<p>La d\u00e9t\u00e9rioration ou le vol de mobilier ou de mat\u00e9riel communautaires sont des fautes graves qui entra\u00eeneront, outre la sanction, une r\u00e9paration financi\u00e8re. Il en est de m\u00eame pour les biens appartenant aux \u00e9l\u00e8ves ou aux personnels de l\u2019\u00e9tablissement.<br \/>\nChaque interne le jour de son admission se voit confier une literie et un mobilier dont il est personnellement responsable.<\/p>\n<h4>3)\u00a0\u00a0 \u00a0La propret\u00e9 des lieux :<\/h4>\n<p>Les locaux, cours et espaces verts, constituent votre cadre de vie. Il vous\u00a0 est demand\u00e9 de les maintenir propres,en particulier en faisant votre lit tous les matins en assurant un minimum de nettoyage avec le mat\u00e9riel mis \u00e0 votre disposition \u00e0 cet effet et en rangeant vos affaires.<\/p>\n<h4>4)\u00a0\u00a0 \u00a0Le respect du travail et du repos des autres :<\/h4>\n<p>La conception de\u00a0 l\u2019internat de ce lyc\u00e9e vous permet d\u2019organiser plus librement votre temps de travail, loisirs et repos en fonction de votre rythme personnel.<br \/>\nCela implique en contrepartie un sens beaucoup plus grand de la responsabilit\u00e9 envers les autres.<\/p>\n<hr title=\"Admission &amp; inscription\" \/>\n<h3>III-\u00a0\u00a0 \u00a0ADMISSION ET INSCRIPTION<\/h3>\n<p>Le nombre de places\u00a0 \u00e0 l\u2019internat est limit\u00e9.<br \/>\nLa demande \u00e9crite et motiv\u00e9e est faite au moment de l\u2019inscription. Les candidats seront admis dans la limites des places disponibles. Une commission compos\u00e9e des membres repr\u00e9sentatifs du conseil d\u2019Administration fera des propositions au chef d\u2019\u00e9tablissement qui reste souverain dans son choix.<\/p>\n<p>L\u2019inscription reste subordonn\u00e9e \u00e0 la d\u00e9signation d\u2019un correspondant capable d\u2019h\u00e9berger l\u2019\u00e9l\u00e8ve en cas de fermeture de l\u2019internat ainsi qu\u2019\u00e0 la production d\u2019un certificat attestant que l\u2019\u00e9l\u00e8ve est apte \u00e0 la vie en communaut\u00e9 et exempt de maladies contagieuses.<\/p>\n<p>L\u2019inscription vaut adh\u00e9sion de fait au pr\u00e9sent r\u00e8glement et engagement \u00e0 le respecter. Tout manquement justifiera la mise en \u0153uvre d\u2019une proc\u00e9dure disciplinaire qui peut aller jusqu&rsquo;\u00e0 la radiation de l\u2019internat.<\/p>\n<hr title=\"Frais de pension\" \/>\n<h3>IV-\u00a0\u00a0 \u00a0FRAIS DE PENSION ET DE CHANGEMENT DE REGIME<\/h3>\n<p>L\u2019inscription implique pour la famille des \u00e9l\u00e8ves non boursiers, l\u2019engagement \u00e0 acquitter d\u2019avance les frais pour le trimestre entier. Tout trimestre commenc\u00e9 est d\u00fb int\u00e9gralement sauf en cas de force majeur.<br \/>\nDe m\u00eame le changement de r\u00e9gime des boursiers ne peut s\u2019effectuer qu\u2019en fin de trimestre. Boursiers ou non boursiers doivent avertir l\u2019administration et la vie scolaire par lettre manuscrite pour tout changement de r\u00e9gime.<\/p>\n<hr title=\"Horaires\" \/>\n<h3>V-\u00a0\u00a0 \u00a0HORAIRES<\/h3>\n<p>L\u2019internat fonctionne du lundi matin \u00e0 7h00 au vendredi 17h00 selon les horaires suivants :<\/p>\n<table border=\"1\" align=\"center\">\n<tbody>\n<tr>\n<td>\u00a06h30<\/td>\n<td>\u00a0R\u00e9veil, toilettes<\/td>\n<\/tr>\n<tr>\n<td>\u00a07h00<\/td>\n<td>\u00a0Petit d\u00e9jeuner<\/td>\n<\/tr>\n<tr>\n<td>\u00a07h30<\/td>\n<td>\u00a0Fermeture de l\u2019internat<\/td>\n<\/tr>\n<tr>\n<td>\u00a011h45 \u00e0 12h45<\/td>\n<td>\u00a0D\u00e9jeuner<\/td>\n<\/tr>\n<tr>\n<td>\u00a017h00<\/td>\n<td>\u00a0Fin des cours, acc\u00e8s possible \u00e0 l\u2019internat<\/td>\n<\/tr>\n<tr>\n<td>\u00a018h30 \u00e0 19h15<\/td>\n<td>\u00a0D\u00eener<\/td>\n<\/tr>\n<tr>\n<td>\u00a021h00<\/td>\n<td>\u00a0Fermeture des portes<\/td>\n<\/tr>\n<tr>\n<td>\u00a021h50<\/td>\n<td>\u00a0Extinction des lumi\u00e8res<\/td>\n<\/tr>\n<\/tbody>\n<\/table>\n<p>&nbsp;<\/p>\n<hr title=\"R\u00e9gimes de sorties\" \/>\n<h3>VI-\u00a0\u00a0\u00a0 RESPONSABILIT\u00c9S ET R\u00c9GIME DE SORTIES<\/h3>\n<p>La pr\u00e9sence des pensionnaires est obligatoire dans l\u2019\u00e9tablissement pendant les heures d\u2019ouverture de l\u2019internat (de 17h00 \u00e0 7h30). Chaque sortie est donc soumise \u00e0 l\u2019autorisation pr\u00e9alable du CPE sur demande \u00e9crite de l\u2019\u00e9l\u00e8ve majeur ou de la famille de\u00a0 l\u2019\u00e9l\u00e8ve mineur.<\/p>\n<p>Tout \u00e9l\u00e8ve qui quitterait le lyc\u00e9e sans autorisation s\u2019expose \u00e0 une sanction. En particulier toute sortie apr\u00e8s 21h00 entra\u00eene une exclusion d\u00e9finitive et sans avertissement pr\u00e9alable.<\/p>\n<hr title=\"Contr\u00f4le absences\" \/>\n<h3>VII-\u00a0\u00a0 \u00a0RESPONSABILITE ET CONTROLE DES ABSENCES<\/h3>\n<p>Toute absence, qu\u2019elle que se soit sa dur\u00e9e, doit \u00eatre justifi\u00e9e par \u00e9crit, dans les plus brefs d\u00e9lais, par sa famille s\u2019il est mineur, par l\u2019\u00e9l\u00e8ve lui-m\u00eame s\u2019il est majeur. Dans tous les cas il est demand\u00e9 d\u2019avertir le CPE par t\u00e9l\u00e9phone.<\/p>\n<p>Toute absence demeur\u00e9e sans motif, expose l\u2019\u00e9l\u00e8ve \u00e0 une radiation d\u00e9finitive de l\u2019internat.<\/p>\n<p>Assiduit\u00e9 : Les internes qui, par leur absent\u00e9isme outrancier, font la preuve que l\u2019internat ne repr\u00e9sente pas pour eux une r\u00e9elle n\u00e9cessit\u00e9, peuvent se voir radier.<\/p>\n<hr title=\"Divers\" \/>\n<h3>VIII-\u00a0\u00a0 \u00a0DIVERS ASPECTS DE LA VIE A L\u2019INTERNAT<\/h3>\n<p>1)\u00a0\u00a0 \u00a0Acc\u00e8s aux chambres : il n\u2019est pas autoris\u00e9 de 7h25 a17h00 sauf le mercredi\u00a0 de 12h15 \u00e0 13h00. Les internes souhaitant travailler durant leur temps libre aux heures d\u2019externat utiliseront les salles de permanence.<\/p>\n<p>2)\u00a0\u00a0 \u00a0R\u00e9fectoire : l\u2019heure d\u2019entr\u00e9e au r\u00e9fectoire est fix\u00e9e \u00e0 : 7h00 pour le petit d\u00e9jeuner, 11h45 pour le d\u00e9jeuner et 18h30 pour le d\u00eener. Les internes qui se pr\u00e9sentent au-del\u00e0 de ces heures peuvent s\u2019en voir refuser l\u2019entr\u00e9e.<\/p>\n<p>3)\u00a0\u00a0 \u00a0Horaires des \u00e9tudes : les lundis, mardis, et mercredis de 17h15 \u00e0 18h30, des horaires pr\u00e9cis d\u2019\u00e9tudes ont \u00e9t\u00e9 maintenus afin de vous permettre de b\u00e9n\u00e9ficier de p\u00e9riodes o\u00f9 la tranquillit\u00e9 est assur\u00e9e.<br \/>\nA ces heures, vous devez demeurer dans la salle de travail, limiter les all\u00e9es et venues au strict n\u00e9cessaire et respecter le silence.<br \/>\nLes jeudis de 17h15 \u00e0 18h30 (ou un autre jour d\u00e9termin\u00e9 par le CPE), vous aurez la possibilit\u00e9 de faire du sport ou une autre activit\u00e9 sous la surveillance des MI. Les conversations bruyantes, rires\u2026 sont \u00e0 \u00e9viter et l\u2019usage des postes de radio et d\u2019instruments de musique n\u2019est tol\u00e9r\u00e9 qu\u2019\u00e0 titre personnel par l\u2019interm\u00e9diaire d\u2019\u00e9couteurs afin de permettre \u00e0 ceux qui le d\u00e9sirent d\u2019\u00e9tudier dans leurs chambres.<\/p>\n<p>4)\u00a0\u00a0 \u00a0Etude longue :<br \/>\nL\u2019extinction des feux \u00e9tant pr\u00e9vue \u00e0 21h50, ceux qui d\u00e9sirent \u00e9tudier au-del\u00e0, devront se rendre dans les salles d\u2019\u00e9tudes. N\u00e9anmoins, ils pourront demeurer dans leur chambre \u00e0 condition d\u2019avoir obtenu l\u2019accord des autres occupants et avertir pr\u00e9alablement le Ma\u00eetre d\u2019Internat d\u2019\u00e9tage.<\/p>\n<hr title=\"Loisirs\" \/>\n<h3>IX-\u00a0\u00a0 \u00a0ACTIVITES SOCIO-EDUCATIVES ET LOISIRS<\/h3>\n<p>1) Le foyer t\u00e9t\u00e9 : actualit\u00e9s t\u00e9l\u00e9vis\u00e9es tous les soirs.<\/p>\n<p>2) Des jeux de soci\u00e9t\u00e9 sont \u00e0 la disposition des internes dans la salle du foyer et sous surveillance des MI.<\/p>\n<p>3) La liste des activit\u00e9s socio-\u00e9ducatives de l\u2019internat n\u2019est pas encore fix\u00e9e. Il appartiendra aux internes d\u2019en proposer et toute initiative en ce sens sera favorablement accueillie.<\/p>\n<hr title=\"Sant\u00e9 &amp; S\u00e9curit\u00e9\" \/>\n<h3>X-\u00a0\u00a0 \u00a0SANTE ET SECURITE<\/h3>\n<h4>1)\u00a0\u00a0 \u00a0L\u2019infirmerie<\/h4>\n<p>Elle est ouverte tous les jours de 7h30 \u00e0 15h15 et de 19h \u00e0 20h15 sauf le mercredi de 12h30 \u00e0 19h00.<br \/>\nApr\u00e8s 21h00 l\u2019infirmi\u00e8re n\u2019accepte que les urgences.<\/p>\n<h4>2)\u00a0\u00a0 \u00a0Le M\u00e9decin scolaire et l\u2019Assistante sociale :<\/h4>\n<p>Jours et horaires des visites et permanences sont affich\u00e9s au bureau des CPE.<\/p>\n<h4>3)\u00a0\u00a0 \u00a0Accidents<\/h4>\n<p>Tout accident, qu\u2019el qu\u2019il soit, doit \u00eatre signal\u00e9 imm\u00e9diatement au MI de service qui fera le n\u00e9cessaire pour avertir l\u2019infirmi\u00e8re et recueillir les d\u00e9clarations des t\u00e9moins (l\u2019administration ne peut prendre en charge une d\u00e9claration effectu\u00e9e hors d\u00e9lais).<br \/>\nLes parents ou responsables l\u00e9gaux des internes autorisent le chef d\u2019\u00e9tablissement \u00e0 prendre toutes les mesures n\u00e9cessaires pour faire hospitaliser leur enfant en cas d\u2019urgence.<\/p>\n<h4>4)\u00a0\u00a0 \u00a0Possession d\u2019objets et de diverses substances :<\/h4>\n<p>Il est strictement interdit de poss\u00e9der \u00e0 l\u2019internat des objets dangereux (armes, outils, couteaux\u2026.).<\/p>\n<p>L\u2019introduction et l\u2019usage d\u2019alcool, de tabac ou de stup\u00e9fiants peuvent entra\u00eener une exclusion d\u00e9finitive et sans avertissement pr\u00e9alable. Pour assurer la s\u00e9curit\u00e9 des \u00e9l\u00e8ves le proviseur se r\u00e9serve le droit de contr\u00f4ler le contenu des sacs et armoires. De m\u00eame pour les m\u00e9dicaments, les \u00e9l\u00e8ves sous traitement m\u00e9dical doivent les d\u00e9poser \u00e0 l\u2019infirmerie.<\/p>\n<p>Les internes et leurs familles sont mis en garde contre la possession \u00e0 l\u2019internat d\u2019objets de valeur ou de somme d\u2019argent important qui peuvent attiser des convoitises. En cas de vol, le signaler tout de suite au CPE qui fera son possible pour vous aider, bien que l\u2019\u00e9tablissement ne puisse \u00eatre tenu pour responsable. Il est demand\u00e9 aux internes de se munir de deux cadenas pour les armoires de la chambre.<\/p>\n<h4>5)\u00a0\u00a0 \u00a0S\u00e9curit\u00e9 incendie :<\/h4>\n<p>IL EST STRICTEMENT INTERDIT DE FUMER DANS L\u2019ETABLISSEMENT<\/p>\n<p>La possession de r\u00e9chauds, cafeti\u00e8res, fer \u00e0 repasser\u2026est interdite dans les chambres.<\/p>\n<p>Les\u00a0 \u00ab consignes g\u00e9n\u00e9rales de s\u00e9curit\u00e9 et les mesures d\u2019\u00e9vacuation \u00bb sont affich\u00e9es dans tous les locaux et vous \u00eates tenus de vous y r\u00e9f\u00e9rer scrupuleusement en cas d\u2019alerte r\u00e9elle ou simul\u00e9e.<br \/>\nLa manipulation ou la d\u00e9t\u00e9rioration du mat\u00e9riel de s\u00e9curit\u00e9 (alarme, \u00e9clairage et portes de secours, extincteurs) constituent des fautes graves pouvant entra\u00eener l\u2019exclusion.<\/p>\n<h4>6)\u00a0\u00a0 \u00a0Alerte cyclonique<\/h4>\n<p>Le d\u00e9clenchement de l\u2019alerte orange peut entra\u00eener la fermeture de l\u2019internat et le renvoi des \u00e9l\u00e8ves chez leur correspondant.<\/p>\n<p>Quel que soit le moment de l\u2019alerte, les internes mineurs, devront satisfaire aux formalit\u00e9s de contr\u00f4le de sortie, avant de quitter l\u2019internat, obligatoirement accompagn\u00e9s de leur correspondant.<\/p>\n<!-- AddThis Advanced Settings generic via filter on the_content --><!-- AddThis Share Buttons generic via filter on the_content -->","protected":false},"excerpt":{"rendered":"<p>R\u00e8glement int\u00e9rieur de l&rsquo;internat I-\u00a0\u00a0 \u00a0CE QUE VOUS OFFRE L\u2019INTERNAT L\u2019internat propose un cadre de vie le plus proche possible de l\u2019ambiance familiale. Outre des conditions satisfaisantes d\u2019h\u00e9bergement et de nourriture, il doit procurer le calme et la s\u00e9r\u00e9nit\u00e9 indispensable \u00e0 la bonne marche de vos \u00e9tudes. Les CPE, les MI et SE veillent au [&hellip;]<!-- AddThis Advanced Settings generic via filter on get_the_excerpt --><!-- AddThis Share Buttons generic via filter on get_the_excerpt --><\/p>\n","protected":false},"author":863,"featured_media":84341,"parent":40,"menu_order":0,"comment_status":"closed","ping_status":"closed","template":"page-full.php","meta":{"footnotes":""},"class_list":["post-5086","page","type-page","status-publish","has-post-thumbnail","hentry"],"_links":{"self":[{"href":"https:\/\/etab.ac-reunion.fr\/lyc-paul-moreau\/wp-json\/wp\/v2\/pages\/5086","targetHints":{"allow":["GET"]}}],"collection":[{"href":"https:\/\/etab.ac-reunion.fr\/lyc-paul-moreau\/wp-json\/wp\/v2\/pages"}],"about":[{"href":"https:\/\/etab.ac-reunion.fr\/lyc-paul-moreau\/wp-json\/wp\/v2\/types\/page"}],"author":[{"embeddable":true,"href":"https:\/\/etab.ac-reunion.fr\/lyc-paul-moreau\/wp-json\/wp\/v2\/users\/863"}],"replies":[{"embeddable":true,"href":"https:\/\/etab.ac-reunion.fr\/lyc-paul-moreau\/wp-json\/wp\/v2\/comments?post=5086"}],"version-history":[{"count":4,"href":"https:\/\/etab.ac-reunion.fr\/lyc-paul-moreau\/wp-json\/wp\/v2\/pages\/5086\/revisions"}],"predecessor-version":[{"id":279112,"href":"https:\/\/etab.ac-reunion.fr\/lyc-paul-moreau\/wp-json\/wp\/v2\/pages\/5086\/revisions\/279112"}],"up":[{"embeddable":true,"href":"https:\/\/etab.ac-reunion.fr\/lyc-paul-moreau\/wp-json\/wp\/v2\/pages\/40"}],"wp:featuredmedia":[{"embeddable":true,"href":"https:\/\/etab.ac-reunion.fr\/lyc-paul-moreau\/wp-json\/wp\/v2\/media\/84341"}],"wp:attachment":[{"href":"https:\/\/etab.ac-reunion.fr\/lyc-paul-moreau\/wp-json\/wp\/v2\/media?parent=5086"}],"curies":[{"name":"wp","href":"https:\/\/api.w.org\/{rel}","templated":true}]}}