{"id":82570,"date":"2014-05-01T23:10:21","date_gmt":"2014-05-01T19:10:21","guid":{"rendered":"http:\/\/lycee-bpanon.ac-reunion.fr\/?page_id=82570"},"modified":"2024-09-19T08:26:47","modified_gmt":"2024-09-19T04:26:47","slug":"le-projet-detablissement","status":"publish","type":"page","link":"https:\/\/etab.ac-reunion.fr\/lyc-paul-moreau\/le-projet-detablissement\/","title":{"rendered":"Le Projet d&rsquo;\u00e9tablissement"},"content":{"rendered":"\n<h3 class=\"wp-block-heading has-text-align-center\"><a href=\"http:\/\/fr.calameo.com\/read\/00183282266ac73fe03e6\" target=\"_blank\" rel=\"noopener noreferrer\">Feuilletez l&rsquo;int\u00e9gralit\u00e9 du projet d&rsquo;\u00e9tablissement<\/a><br>\n(<em>64 pages<\/em>)<\/h3>\n\n\n<div class=\"wp-block-image\">\n<figure class=\"aligncenter\"><a href=\"http:\/\/fr.calameo.com\/read\/00183282266ac73fe03e6\" target=\"_blank\" rel=\"noopener noreferrer\"><img loading=\"lazy\" decoding=\"async\" width=\"300\" height=\"230\" src=\"https:\/\/etab.ac-reunion.fr\/lyc-paul-moreau\/wp-content\/uploads\/sites\/54\/2014\/05\/catalogue-300x230.png\" alt=\"catalogue\" class=\"wp-image-279627\" srcset=\"https:\/\/etab.ac-reunion.fr\/lyc-paul-moreau\/wp-content\/uploads\/sites\/54\/2014\/05\/catalogue-300x230.png 300w, https:\/\/etab.ac-reunion.fr\/lyc-paul-moreau\/wp-content\/uploads\/sites\/54\/2014\/05\/catalogue.png 398w\" sizes=\"auto, (max-width: 300px) 100vw, 300px\" \/><\/a><\/figure>\n<\/div>\n\n\n<p><\/p>\n\n\n\n<p class=\"has-text-align-center\"><\/p>\n\n\n\n<p><\/p>\n<!-- AddThis Advanced Settings generic via filter on the_content --><!-- AddThis Share Buttons generic via filter on the_content -->","protected":false},"excerpt":{"rendered":"<p>Feuilletez l&rsquo;int\u00e9gralit\u00e9 du projet d&rsquo;\u00e9tablissement (64 pages)<!-- AddThis Advanced Settings generic via filter on get_the_excerpt --><!-- AddThis Share Buttons generic via filter on get_the_excerpt --><\/p>\n","protected":false},"author":863,"featured_media":0,"parent":0,"menu_order":0,"comment_status":"closed","ping_status":"open","template":"","meta":{"footnotes":""},"class_list":["post-82570","page","type-page","status-publish","hentry"],"_links":{"self":[{"href":"https:\/\/etab.ac-reunion.fr\/lyc-paul-moreau\/wp-json\/wp\/v2\/pages\/82570","targetHints":{"allow":["GET"]}}],"collection":[{"href":"https:\/\/etab.ac-reunion.fr\/lyc-paul-moreau\/wp-json\/wp\/v2\/pages"}],"about":[{"href":"https:\/\/etab.ac-reunion.fr\/lyc-paul-moreau\/wp-json\/wp\/v2\/types\/page"}],"author":[{"embeddable":true,"href":"https:\/\/etab.ac-reunion.fr\/lyc-paul-moreau\/wp-json\/wp\/v2\/users\/863"}],"replies":[{"embeddable":true,"href":"https:\/\/etab.ac-reunion.fr\/lyc-paul-moreau\/wp-json\/wp\/v2\/comments?post=82570"}],"version-history":[{"count":27,"href":"https:\/\/etab.ac-reunion.fr\/lyc-paul-moreau\/wp-json\/wp\/v2\/pages\/82570\/revisions"}],"predecessor-version":[{"id":287438,"href":"https:\/\/etab.ac-reunion.fr\/lyc-paul-moreau\/wp-json\/wp\/v2\/pages\/82570\/revisions\/287438"}],"wp:attachment":[{"href":"https:\/\/etab.ac-reunion.fr\/lyc-paul-moreau\/wp-json\/wp\/v2\/media?parent=82570"}],"curies":[{"name":"wp","href":"https:\/\/api.w.org\/{rel}","templated":true}]}}