{"id":83759,"date":"2014-05-08T06:09:23","date_gmt":"2014-05-08T02:09:23","guid":{"rendered":"http:\/\/lycee-bpanon.ac-reunion.fr\/?page_id=83759"},"modified":"2024-11-13T07:43:08","modified_gmt":"2024-11-13T03:43:08","slug":"infirmerie","status":"publish","type":"page","link":"https:\/\/etab.ac-reunion.fr\/lyc-paul-moreau\/letablissement__trashed\/infirmerie\/","title":{"rendered":"L&rsquo;infirmerie"},"content":{"rendered":"\n<h2 class=\"wp-block-heading\">RDC du B\u00e2timent F&nbsp;<\/h2>\n\n\n\n<p>T\u00e9l\u00e9phone\/T\u00e9l\u00e9copie : 0262.51.51.38 &nbsp;&#8211; Infirmi\u00e8re : Mme Farida HELILOU<\/p>\n\n\n<div class=\"su-image-carousel  su-image-carousel-has-spacing su-image-carousel-crop su-image-carousel-crop-16-9 su-image-carousel-has-lightbox su-image-carousel-has-outline su-image-carousel-adaptive su-image-carousel-slides-style-default su-image-carousel-controls-style-dark su-image-carousel-align-none\" style=\"\" data-flickity-options='{\"groupCells\":true,\"cellSelector\":\".su-image-carousel-item\",\"adaptiveHeight\":false,\"cellAlign\":\"left\",\"prevNextButtons\":true,\"pageDots\":true,\"autoPlay\":5000,\"imagesLoaded\":true,\"contain\":true,\"selectedAttraction\":0.025,\"friction\":0.28}' id=\"su_image_carousel_69d596e0bad32\"><div class=\"su-image-carousel-item\"><div class=\"su-image-carousel-item-content\"><a href=\"https:\/\/etab.ac-reunion.fr\/lyc-paul-moreau\/wp-content\/uploads\/sites\/54\/2022\/07\/infirmerie-entree.jpg\" target=\"_blank\" rel=\"noopener noreferrer\" data-caption=\"\"><img loading=\"lazy\" decoding=\"async\" width=\"1024\" height=\"768\" src=\"https:\/\/etab.ac-reunion.fr\/lyc-paul-moreau\/wp-content\/uploads\/sites\/54\/2022\/07\/infirmerie-entree-1024x768.jpg\" class=\"\" alt=\"\" srcset=\"https:\/\/etab.ac-reunion.fr\/lyc-paul-moreau\/wp-content\/uploads\/sites\/54\/2022\/07\/infirmerie-entree-1024x768.jpg 1024w, https:\/\/etab.ac-reunion.fr\/lyc-paul-moreau\/wp-content\/uploads\/sites\/54\/2022\/07\/infirmerie-entree-300x225.jpg 300w, https:\/\/etab.ac-reunion.fr\/lyc-paul-moreau\/wp-content\/uploads\/sites\/54\/2022\/07\/infirmerie-entree-768x576.jpg 768w, https:\/\/etab.ac-reunion.fr\/lyc-paul-moreau\/wp-content\/uploads\/sites\/54\/2022\/07\/infirmerie-entree.jpg 1040w\" sizes=\"auto, (max-width: 1024px) 100vw, 1024px\" \/><\/a><\/div><\/div><div class=\"su-image-carousel-item\"><div class=\"su-image-carousel-item-content\"><a href=\"https:\/\/etab.ac-reunion.fr\/lyc-paul-moreau\/wp-content\/uploads\/sites\/54\/2022\/07\/infirmerie-salle-dattente.jpg\" target=\"_blank\" rel=\"noopener noreferrer\" data-caption=\"\"><img loading=\"lazy\" decoding=\"async\" width=\"1024\" height=\"880\" src=\"https:\/\/etab.ac-reunion.fr\/lyc-paul-moreau\/wp-content\/uploads\/sites\/54\/2022\/07\/infirmerie-salle-dattente-1024x880.jpg\" class=\"\" alt=\"\" srcset=\"https:\/\/etab.ac-reunion.fr\/lyc-paul-moreau\/wp-content\/uploads\/sites\/54\/2022\/07\/infirmerie-salle-dattente-1024x880.jpg 1024w, https:\/\/etab.ac-reunion.fr\/lyc-paul-moreau\/wp-content\/uploads\/sites\/54\/2022\/07\/infirmerie-salle-dattente-300x258.jpg 300w, https:\/\/etab.ac-reunion.fr\/lyc-paul-moreau\/wp-content\/uploads\/sites\/54\/2022\/07\/infirmerie-salle-dattente-768x660.jpg 768w, https:\/\/etab.ac-reunion.fr\/lyc-paul-moreau\/wp-content\/uploads\/sites\/54\/2022\/07\/infirmerie-salle-dattente.jpg 1047w\" sizes=\"auto, (max-width: 1024px) 100vw, 1024px\" \/><\/a><\/div><\/div><div class=\"su-image-carousel-item\"><div class=\"su-image-carousel-item-content\"><a href=\"https:\/\/etab.ac-reunion.fr\/lyc-paul-moreau\/wp-content\/uploads\/sites\/54\/2022\/07\/infirmerie-salle-dattente-02.jpg\" target=\"_blank\" rel=\"noopener noreferrer\" data-caption=\"\"><img loading=\"lazy\" decoding=\"async\" width=\"1024\" height=\"1008\" src=\"https:\/\/etab.ac-reunion.fr\/lyc-paul-moreau\/wp-content\/uploads\/sites\/54\/2022\/07\/infirmerie-salle-dattente-02-1024x1008.jpg\" class=\"\" alt=\"\" srcset=\"https:\/\/etab.ac-reunion.fr\/lyc-paul-moreau\/wp-content\/uploads\/sites\/54\/2022\/07\/infirmerie-salle-dattente-02-1024x1008.jpg 1024w, https:\/\/etab.ac-reunion.fr\/lyc-paul-moreau\/wp-content\/uploads\/sites\/54\/2022\/07\/infirmerie-salle-dattente-02-300x295.jpg 300w, https:\/\/etab.ac-reunion.fr\/lyc-paul-moreau\/wp-content\/uploads\/sites\/54\/2022\/07\/infirmerie-salle-dattente-02-768x756.jpg 768w, https:\/\/etab.ac-reunion.fr\/lyc-paul-moreau\/wp-content\/uploads\/sites\/54\/2022\/07\/infirmerie-salle-dattente-02-48x48.jpg 48w, https:\/\/etab.ac-reunion.fr\/lyc-paul-moreau\/wp-content\/uploads\/sites\/54\/2022\/07\/infirmerie-salle-dattente-02.jpg 1096w\" sizes=\"auto, (max-width: 1024px) 100vw, 1024px\" \/><\/a><\/div><\/div><\/div><script id=\"su_image_carousel_69d596e0bad32_script\">if(window.SUImageCarousel){setTimeout(function() {window.SUImageCarousel.initGallery(document.getElementById(\"su_image_carousel_69d596e0bad32\"))}, 0);}var su_image_carousel_69d596e0bad32_script=document.getElementById(\"su_image_carousel_69d596e0bad32_script\");if(su_image_carousel_69d596e0bad32_script){su_image_carousel_69d596e0bad32_script.parentNode.removeChild(su_image_carousel_69d596e0bad32_script);}<\/script>\n\n\n\n<h2 class=\"wp-block-heading\">Horaires d\u2019ouverture :<\/h2>\n\n\n\n<figure class=\"wp-block-table is-style-stripes\"><table><tbody><tr><td><\/td><td class=\"has-text-align-center\" data-align=\"center\"><b>Lundi<\/b><\/td><td class=\"has-text-align-center\" data-align=\"center\"><b>Mardi<\/b><\/td><td class=\"has-text-align-center\" data-align=\"center\"><b>Mercredi<\/b><\/td><td class=\"has-text-align-center\" data-align=\"center\"><b>Jeudi<\/b><\/td><td class=\"has-text-align-center\" data-align=\"center\"><b>Vendredi<\/b><b> <\/b><\/td><\/tr><tr><td>Matin<\/td><td class=\"has-text-align-center\" data-align=\"center\">08H15 &#8211; 17H30<\/td><td class=\"has-text-align-center\" data-align=\"center\">08H15 &#8211; 12H15<\/td><td class=\"has-text-align-center\" data-align=\"center\">XXXXXX&nbsp;<\/td><td class=\"has-text-align-center\" data-align=\"center\">08H15 &#8211; 17H30<\/td><td class=\"has-text-align-center\" data-align=\"center\">08H15 &#8211; 17H00<\/td><\/tr><tr><td>Apr\u00e8s-midi<\/td><td class=\"has-text-align-center\" data-align=\"center\">17H30 \u2013 19h00<\/td><td class=\"has-text-align-center\" data-align=\"center\">17H30 \u2013 19h00<\/td><td class=\"has-text-align-center\" data-align=\"center\">XXXXXX&nbsp;&nbsp;<\/td><td class=\"has-text-align-center\" data-align=\"center\">17H30 \u2013 19h00<\/td><td class=\"has-text-align-center\" data-align=\"center\">XXXXXX&nbsp;&nbsp;<\/td><\/tr><\/tbody><\/table><\/figure>\n\n\n\n<p>Astreinte Lundi, Mardi et Jeudi de 21h00 \u00e0 7h00<\/p>\n\n\n<div class=\"su-accordion su-u-trim\">\n<div class=\"su-spoiler su-spoiler-style-fancy  su-spoiler-icon-arrow  su-spoiler-closed\" data-scroll-offset=\"0\" data-anchor-in-url=\"no\"><div class=\"su-spoiler-title\" tabindex=\"0\" role=\"button\"><span class=\"su-spoiler-icon\"><\/span>Ses missions<\/div><div class=\"su-spoiler-content su-u-clearfix su-u-trim\">\n<h2>Missions de l\u2019infirmi\u00e8re<\/h2>\n<p>Elles s\u2019inscrivent dans la continuit\u00e9 de la politique de sant\u00e9 en faveur des \u00e9l\u00e8ves, qui est de promouvoir la r\u00e9ussite scolaire. Nos missions s\u2019effectuent en partenariat avec les membres de la communaut\u00e9 m\u00e9dicale, sociale et \u00e9ducative dans le respect des comp\u00e9tences de chacun. Dans ce but l\u2019infirmi\u00e8re :<\/p>\n<ul>\n<li>Accueille, \u00e9coute et accompagne les \u00e9l\u00e8ves<\/li>\n<li>Organise les urgences et effectue les actes infirmiers qui rel\u00e8vent de ses comp\u00e9tences et de sa responsabilit\u00e9 et assure un suivi infirmier de l\u2019\u00e9tat de sant\u00e9 de l\u2019\u00e9l\u00e8ve<\/li>\n<li>Assure le suivi infirmier des \u00e9l\u00e8ves et participe \u00e0 la visite m\u00e9dicale des sections professionnelles<\/li>\n<li>\u00c9duque \u00e0 la sant\u00e9 et \u00e0 la citoyennet\u00e9 (individuellement ou collectivement)<\/li>\n<li>D\u00e9veloppe, en fonction des besoins rep\u00e9r\u00e9s, une dynamique d\u2019\u00e9ducation \u00e0 la sant\u00e9 dans le cadre du projet d\u2019\u00e9tablissement<\/li>\n<li>Participe \u00e0 la mise en place des dispositifs adapt\u00e9s en cas d&rsquo;\u00e9v\u00e9nements graves survenant dans la communaut\u00e9 \u00e9ducative<\/li>\n<li>Agit en cas de maladies transmissibles survenues en milieu scolaire.<\/li>\n<li>Contribue \u00e0 l\u2019int\u00e9gration scolaire des enfants atteints d\u2019handicap et aide \u00e0 la scolarisation des enfants atteint de troubles de la sant\u00e9 \u00e9voluant sur une longue dur\u00e9e<\/li>\n<li>Intervient en urgence aupr\u00e8s d\u2019enfant ou adolescents en danger<\/li>\n<li>Met en place des actions permettant d\u2019am\u00e9liorer la qualit\u00e9 de vie des \u00e9l\u00e8ves en mati\u00e8re d\u2019hygi\u00e8ne, de s\u00e9curit\u00e9 et d\u2019ergonomie<\/li>\n<li>\u00c9labore des statistiques<\/li>\n<\/ul>\n<p style=\"text-align: center\"><a title=\"Les missions de l\u2019infirmi\u00e8re\" href=\"https:\/\/etab.ac-reunion.fr\/lyc-paul-moreau\/83759-2\/les-missions-de-linfirmiere\/\">Cliquez ici pour le d\u00e9tail des missions de l&rsquo;infirmi\u00e8re scolaire.<\/a><\/p>\n<\/div><\/div>\n<div class=\"su-spoiler su-spoiler-style-fancy  su-spoiler-icon-arrow  su-spoiler-closed\" data-scroll-offset=\"0\" data-anchor-in-url=\"no\"><div class=\"su-spoiler-title\" tabindex=\"0\" role=\"button\"><span class=\"su-spoiler-icon\"><\/span>M\u00e9dicaments<\/div><div class=\"su-spoiler-content su-u-clearfix su-u-trim\">\n<p>Tout m\u00e9dicament prescrit par le m\u00e9decin de famille pour une courte ou longue dur\u00e9e sera remis \u00e0 l\u2019infirmi\u00e8re avec une copie de l\u2019ordonnance ainsi qu\u2019une autorisation dat\u00e9e et sign\u00e9e par le responsable l\u00e9gal.<\/p>\n<p>Il est conserv\u00e9 par l\u2019infirmi\u00e8re dans sa pharmacie qui l\u2019administre au sein m\u00eame de l\u2019infirmerie. Les \u00e9l\u00e8ves ne sont pas autoris\u00e9s \u00e0 \u00eatre en possession des m\u00e9dicaments sauf exception avec accord de l\u2019infirmi\u00e8re ou dans le cadre du PAI (Projet d\u2019Accueil individualis\u00e9).<\/p>\n<p>Les \u00e9l\u00e8ves atteints d\u2019une maladie chronique ou d\u2019un probl\u00e8me de sant\u00e9 peuvent b\u00e9n\u00e9ficier d\u2019un PAI sur requ\u00eate de la famille. L\u2019infirmerie dispose dans sa pharmacie de m\u00e9dicaments \u00e0 usage courant et ponctuel qui ne peuvent en aucun cas servir de traitement \u00e0 moyen ou long terme.<\/p>\n<\/div><\/div>\n<div class=\"su-spoiler su-spoiler-style-fancy  su-spoiler-icon-arrow  su-spoiler-closed\" data-scroll-offset=\"0\" data-anchor-in-url=\"no\"><div class=\"su-spoiler-title\" tabindex=\"0\" role=\"button\"><span class=\"su-spoiler-icon\"><\/span>Urgence<\/div><div class=\"su-spoiler-content su-u-clearfix su-u-trim\">\n<h2>Protocole d\u2019urgence<\/h2>\n<p>En cas d\u2019accident ou d\u2019\u00e9vacuation d\u2019un \u00e9l\u00e8ve vers un centre hospitalier par les services du SAMU l\u2019infirmi\u00e8re pr\u00e9vient le chef de l\u2019\u00e9tablissement et la famille dans un m\u00eame temps.<\/p>\n<p>Un \u00e9l\u00e8ve mineur ne peut sortir de l\u2019h\u00f4pital qu\u2019accompagn\u00e9 de son responsable l\u00e9gal.<\/p>\n<p>Les frais de transport sont \u00e0 la charge de la famille.<\/p>\n<p>La fiche confidentielle d\u2019infirmerie sera renseign\u00e9e aux inscriptions afin de favoriser la qualit\u00e9 des soins.<\/p>\n<p>Les parents sont pri\u00e9s d\u2019informer rapidement l\u2019infirmi\u00e8re en cas de changement de num\u00e9ro de t\u00e9l\u00e9phone ou de r\u00e9f\u00e8rent.<\/p>\n<p>Les parents sont pri\u00e9s d\u2019informer rapidement l\u2019infirmi\u00e8re en cas de probl\u00e8me de sant\u00e9 pouvant entraver la scolarit\u00e9 de l\u2019enfant ainsi que tout changement de num\u00e9ro de t\u00e9l\u00e9phone ou de r\u00e9f\u00e8rent.<\/p>\n<\/div><\/div>\n<div class=\"su-spoiler su-spoiler-style-fancy  su-spoiler-icon-arrow  su-spoiler-closed\" data-scroll-offset=\"0\" data-anchor-in-url=\"no\"><div class=\"su-spoiler-title\" tabindex=\"0\" role=\"button\"><span class=\"su-spoiler-icon\"><\/span>Actions de sant\u00e9 et de Citoyennet\u00e9<\/div><div class=\"su-spoiler-content su-u-clearfix su-u-trim\">\n<span style=\"font-size: revert;color: initial\">Dans le cadre de la promotion de la sant\u00e9 quelques actions d\u2019\u00e9ducation \u00e0 la sant\u00e9 et citoyennet\u00e9.<\/span><\/p>\n<p><span style=\"background-color: #ffff99\"><strong>\u00c9DUCATION \u00c0 LA SEXUALIT\u00c9<\/strong><\/span><\/p>\n<ul>\n<li><strong>S\u00e9ance d\u2019\u00e9ducation \u00e0 la sexualit\u00e9 par th\u00e9matique en 2021-2022 :<br \/>\n<\/strong><strong style=\"font-size: revert;color: initial\">Les violences sexuelles, <\/strong><strong style=\"font-size: revert;color: initial\">Le consentement, <\/strong><strong style=\"font-size: revert;color: initial\">La loi<\/strong><\/li>\n<\/ul>\n<ul>\n<li><strong>Journ\u00e9e de pr\u00e9vention IST\/VIH SIDA \/ D\u00e9pistage anonyme et gratuit en partenariat avec l\u2019association RIVE et CeGIDD <\/strong><\/li>\n<\/ul>\n<p><strong>&nbsp;<\/strong><strong>Les enjeux de l\u2019\u00e9ducation \u00e0 la sexualit\u00e9 sont&nbsp;: <\/strong><\/p>\n<ol>\n<li>L&rsquo;apprentissage d&rsquo;un comportement responsable<\/li>\n<li>L&rsquo;\u00e9ducation \u00e0 la sexualit\u00e9 en milieu scolaire&nbsp;<strong>contribue \u00e0 l&rsquo;apprentissage d&rsquo;un comportement responsable, dans le respect de soi et des autres<\/strong>.<\/li>\n<li>L&rsquo;\u00e9ducation \u00e0 la sexualit\u00e9 est une d\u00e9marche \u00e9ducative qui vise \u00e0&nbsp;:<\/li>\n<\/ol>\n<ul>\n<li style=\"list-style-type: none\">\n<ul>\n<li>apporter aux \u00e9l\u00e8ves des informations objectives et des connaissances scientifiques<\/li>\n<li>identifier les diff\u00e9rentes dimensions de la sexualit\u00e9&nbsp;: biologique, affective, culturelle, \u00e9thique, sociale, juridique<\/li>\n<li>d\u00e9velopper l&rsquo;exercice de l&rsquo;esprit critique<\/li>\n<li>favoriser des comportements responsables individuels et collectifs (pr\u00e9vention, protection de soi et des autres)<\/li>\n<li>faire conna\u00eetre les ressources sp\u00e9cifiques d&rsquo;information, d&rsquo;aide et de soutien dans et \u00e0 l&rsquo;ext\u00e9rieur de l&rsquo;\u00e9tablissement<\/li>\n<\/ul>\n<\/li>\n<\/ul>\n<p>Cette d\u00e9marche s&rsquo;inscrit dans la&nbsp;<strong>politique nationale&nbsp;:<\/strong><\/p>\n<ul>\n<li>de pr\u00e9vention et de r\u00e9duction des risques&nbsp;: grossesses pr\u00e9coces non d\u00e9sir\u00e9es, mariages forc\u00e9s, infections sexuellement transmissibles, VIH\/sida<\/li>\n<li>de lutte contre les comportements homophobes, sexistes et contre les violences sexuelles<\/li>\n<li>la promotion de l\u2019\u00e9galit\u00e9 entre les femmes et les hommes et la pr\u00e9vention de violences et cyberviolences sexistes et sexuelles<\/li>\n<\/ul>\n<figure class=\"wp-block-image size-full\"><a href=\"https:\/\/etab.ac-reunion.fr\/lyc-paul-moreau\/wp-content\/uploads\/sites\/54\/2022\/08\/education-sexualite.png\"><img loading=\"lazy\" decoding=\"async\" width=\"952\" height=\"902\" src=\"https:\/\/etab.ac-reunion.fr\/lyc-paul-moreau\/wp-content\/uploads\/sites\/54\/2022\/08\/education-sexualite.png\" alt=\"\" class=\"wp-image-286456\" srcset=\"https:\/\/etab.ac-reunion.fr\/lyc-paul-moreau\/wp-content\/uploads\/sites\/54\/2022\/08\/education-sexualite.png 952w, https:\/\/etab.ac-reunion.fr\/lyc-paul-moreau\/wp-content\/uploads\/sites\/54\/2022\/08\/education-sexualite-300x284.png 300w, https:\/\/etab.ac-reunion.fr\/lyc-paul-moreau\/wp-content\/uploads\/sites\/54\/2022\/08\/education-sexualite-768x728.png 768w\" sizes=\"auto, (max-width: 952px) 100vw, 952px\" \/><\/a><\/figure>\n<p><span style=\"background-color: #ffff99\"><strong>ACTION DE SENSIBILISATION DU HARCELEMENT ET DU CYBERHARCELEMENT EN MILIEU SCOLAIRE<\/strong><\/span><\/p>\n<ul>\n<li>Intervention de l\u2019\u00e9quipe mobile de s\u00e9curit\u00e9 EMS<\/li>\n<li>Intervention de la gendarmerie<\/li>\n<\/ul>\n<p><strong>Le 3020 : un num\u00e9ro d\u2019\u00e9coute et de prise en charge au service des familles et des victimes<\/strong><\/p>\n<figure class=\"wp-block-image size-full\"><a href=\"https:\/\/etab.ac-reunion.fr\/lyc-paul-moreau\/wp-content\/uploads\/sites\/54\/2022\/08\/viloences-numeriques.png\"><img loading=\"lazy\" decoding=\"async\" width=\"770\" height=\"400\" src=\"https:\/\/etab.ac-reunion.fr\/lyc-paul-moreau\/wp-content\/uploads\/sites\/54\/2022\/08\/viloences-numeriques.png\" alt=\"\" class=\"wp-image-286453\" srcset=\"https:\/\/etab.ac-reunion.fr\/lyc-paul-moreau\/wp-content\/uploads\/sites\/54\/2022\/08\/viloences-numeriques.png 770w, https:\/\/etab.ac-reunion.fr\/lyc-paul-moreau\/wp-content\/uploads\/sites\/54\/2022\/08\/viloences-numeriques-300x156.png 300w, https:\/\/etab.ac-reunion.fr\/lyc-paul-moreau\/wp-content\/uploads\/sites\/54\/2022\/08\/viloences-numeriques-768x399.png 768w\" sizes=\"auto, (max-width: 770px) 100vw, 770px\" \/><\/a><\/figure>\n<\/div><\/div>\n<\/div>\n\n\n\n<h2 class=\"wp-block-heading\">Annexe<\/h2>\n\n\n<div class='et-learn-more clearfix'>\n\t\t\t\t\t<h3 class='heading-more'>Po\u00e8me fait par une \u00e9l\u00e8ve de terminale L<span class='et_learnmore_arrow'><span><\/span><\/span><\/h3>\n\t\t\t\t\t<div class='learn-more-content'><p style=\"text-align: center\"><strong>Po\u00e8me pour l&rsquo;infirmi\u00e8re<\/strong><\/p>\n<p style=\"text-align: center\"><em>Tout au fond de la cour elle est install\u00e9e,<\/em> <em>Mais l&rsquo;infirmerie fait tout de m\u00eame partie de votre lyc\u00e9e.<\/em> <em>Je vais malgr\u00e9 tout devoir vous avouer,<\/em> <em>Personne dans la salle d&rsquo;attente ou dans mon bureau,<\/em> <em>Signifie que chez mes \u00e9l\u00e8ves ne sont \u00e0 d\u00e9clarer aucun maux<\/em> <em>Mais quand la sant\u00e9 ou le corps vous fait d\u00e9faut,<\/em> <em>Je vous accueille et demande de prendre connaissance de ces quelques mots.<\/em><\/p>\n<p style=\"text-align: center\"><em>L&rsquo;habituel \u00ab Bonjour madame, s&rsquo;il vous pla\u00eet pourrais-je avoir un Efferalgan \u00bb<\/em> <em>N&rsquo;est pas la m\u00e9thode \u00e0 suivre lorsque vous souhaitez un calmant.<\/em> <em>Je suis celle qui d\u00e9cide, nous ne sommes pas au libre-service,<\/em> <em>Aussi b\u00e9nin que soit pour vous le spasfon ou encore l&rsquo;eau de M\u00e9lisse,<\/em> <em>Je ne doute absolument pas de votre intelligence,<\/em> <em>Mais je suis sp\u00e9cialis\u00e9e en ces comp\u00e9tences<\/em> <em>Alors exposez-moi vos sympt\u00f4mes, vos souffrances<\/em> <em>Et je ferai le n\u00e9cessaire pour apporter la d\u00e9livrance.<\/em><\/p>\n<p style=\"text-align: center\"><em>Pour autant, je suis une infirmi\u00e8re et non un m\u00e9decin,<\/em> <em>Alors quand le mal persiste, pensez \u00e0 en consulter un.<\/em> <em>Si le mal est l\u00e0 tout le week-end, pr\u00e9f\u00e9rez consulter que de m\u2019attendre le lundi matin.<\/em><\/p>\n<p style=\"text-align: center\"><em>Lorsqu\u2019au lyc\u00e9e survient un accident,<\/em> <em>Je saurai accourir, ou sachez venir \u00e0 l&rsquo;instant.<\/em> <em>Selon la gravit\u00e9, pr\u00e9f\u00e9rez venir aux r\u00e9cr\u00e9s,<\/em> <em>Pour ne pas laisser ces maux g\u00e2cher votre assiduit\u00e9.<\/em><\/p>\n<p style=\"text-align: center\"><em>Une chute en sport, est vite arriv\u00e9e,<\/em> <em>Si je suis au fond de la cour, du terrain je suis \u00e0 c\u00f4t\u00e9.<\/em> <em>Au quotidien je vous aiderai \u00e9galement,<\/em> <em>Je suis l\u00e0 pour vous suivre dans vos traitements,<\/em> <em>Et dans la prise assidue de vos m\u00e9dicaments.<\/em><\/p>\n<p style=\"text-align: center\"><em>Enfin si les probl\u00e8mes li\u00e9s au physique peuvent se r\u00e9gler ici,<\/em> <em>Les probl\u00e8mes psychologiques peuvent l&rsquo;\u00eatre aussi.<\/em> <em>Sachez qu&rsquo;au secret professionnel je suis tenue,<\/em> <em>Alors je saurai vous \u00e9couter si cela est voulu.<\/em><\/p>\n<p style=\"text-align: center\"><em>Vous conseiller vous accompagner,<\/em> <em>Voil\u00e0 le m\u00e9tier que je fais.<\/em> <em>Les bras ouverts je vous accueillerai<\/em> <em>Avec vos maux, ou encore vos projets.<\/em><\/p>\n<p style=\"text-align: center\"><em>Maintenant que le message est pass\u00e9,<\/em> <em>En m\u00e9moire ces instructions sachez garder.<\/em> <em>Si c&rsquo;est votre tour, frappez puis entrez,<\/em> <em>\u00abBonjour, monsieur, mademoiselle, en quoi puis-je t&rsquo;aider?\u00bb<\/em><\/p>\n<p style=\"text-align: right\">Emilie COTTE Terminale L.<\/p><\/div>\n\t\t\t\t<\/div>\n<!-- AddThis Advanced Settings generic via filter on the_content --><!-- AddThis Share Buttons generic via filter on the_content -->","protected":false},"excerpt":{"rendered":"<p>RDC du B\u00e2timent F&nbsp; T\u00e9l\u00e9phone\/T\u00e9l\u00e9copie : 0262.51.51.38 &nbsp;&#8211; Infirmi\u00e8re : Mme Farida HELILOU Horaires d\u2019ouverture : Lundi Mardi Mercredi Jeudi Vendredi Matin 08H15 &#8211; 17H30 08H15 &#8211; 12H15 XXXXXX&nbsp; 08H15 &#8211; 17H30 08H15 &#8211; 17H00 Apr\u00e8s-midi 17H30 \u2013 19h00 17H30 \u2013 19h00 XXXXXX&nbsp;&nbsp; 17H30 \u2013 19h00 XXXXXX&nbsp;&nbsp; Astreinte Lundi, Mardi et Jeudi de 21h00 \u00e0 [&hellip;]<!-- AddThis Advanced Settings generic via filter on get_the_excerpt --><!-- AddThis Share Buttons generic via filter on get_the_excerpt --><\/p>\n","protected":false},"author":863,"featured_media":84341,"parent":40,"menu_order":0,"comment_status":"closed","ping_status":"closed","template":"page-full.php","meta":{"footnotes":""},"class_list":["post-83759","page","type-page","status-publish","has-post-thumbnail","hentry"],"_links":{"self":[{"href":"https:\/\/etab.ac-reunion.fr\/lyc-paul-moreau\/wp-json\/wp\/v2\/pages\/83759","targetHints":{"allow":["GET"]}}],"collection":[{"href":"https:\/\/etab.ac-reunion.fr\/lyc-paul-moreau\/wp-json\/wp\/v2\/pages"}],"about":[{"href":"https:\/\/etab.ac-reunion.fr\/lyc-paul-moreau\/wp-json\/wp\/v2\/types\/page"}],"author":[{"embeddable":true,"href":"https:\/\/etab.ac-reunion.fr\/lyc-paul-moreau\/wp-json\/wp\/v2\/users\/863"}],"replies":[{"embeddable":true,"href":"https:\/\/etab.ac-reunion.fr\/lyc-paul-moreau\/wp-json\/wp\/v2\/comments?post=83759"}],"version-history":[{"count":47,"href":"https:\/\/etab.ac-reunion.fr\/lyc-paul-moreau\/wp-json\/wp\/v2\/pages\/83759\/revisions"}],"predecessor-version":[{"id":286462,"href":"https:\/\/etab.ac-reunion.fr\/lyc-paul-moreau\/wp-json\/wp\/v2\/pages\/83759\/revisions\/286462"}],"up":[{"embeddable":true,"href":"https:\/\/etab.ac-reunion.fr\/lyc-paul-moreau\/wp-json\/wp\/v2\/pages\/40"}],"wp:featuredmedia":[{"embeddable":true,"href":"https:\/\/etab.ac-reunion.fr\/lyc-paul-moreau\/wp-json\/wp\/v2\/media\/84341"}],"wp:attachment":[{"href":"https:\/\/etab.ac-reunion.fr\/lyc-paul-moreau\/wp-json\/wp\/v2\/media?parent=83759"}],"curies":[{"name":"wp","href":"https:\/\/api.w.org\/{rel}","templated":true}]}}