{"id":83920,"date":"2014-05-08T16:27:34","date_gmt":"2014-05-08T12:27:34","guid":{"rendered":"http:\/\/lycee-bpanon.ac-reunion.fr\/?page_id=83920"},"modified":"2024-11-13T07:39:08","modified_gmt":"2024-11-13T03:39:08","slug":"formations-professionnelles","status":"publish","type":"page","link":"https:\/\/etab.ac-reunion.fr\/lyc-paul-moreau\/nos_formations\/formations-professionnelles\/","title":{"rendered":"Formations professionnelles"},"content":{"rendered":"<div class=\"wp-block-image\">\n<figure class=\"aligncenter\"><img loading=\"lazy\" decoding=\"async\" width=\"620\" height=\"391\" src=\"https:\/\/etab.ac-reunion.fr\/lyc-paul-moreau\/wp-content\/uploads\/sites\/54\/2014\/05\/metiers-batiment.jpg\" alt=\"metiers batiment\" class=\"wp-image-84151\" srcset=\"https:\/\/etab.ac-reunion.fr\/lyc-paul-moreau\/wp-content\/uploads\/sites\/54\/2014\/05\/metiers-batiment.jpg 620w, https:\/\/etab.ac-reunion.fr\/lyc-paul-moreau\/wp-content\/uploads\/sites\/54\/2014\/05\/metiers-batiment-300x189.jpg 300w\" sizes=\"auto, (max-width: 620px) 100vw, 620px\" \/><\/figure>\n<\/div>\n\n\n<p><\/p>\n\n\n\n<p>Les formations professionnelles (Bac Pro et CAP) propos\u00e9es dans notre \u00e9tablissement dans les domaines du B\u00e2timent suivants:<\/p>\n\n\n\n<h4 class=\"wp-block-heading\">M\u00e9tiers des \u00c9tudes et de la Mod\u00e9lisation Num\u00e9rique du B\u00e2timent<\/h4>\n\n\n<div class='et-learn-more clearfix'>\n\t\t\t\t\t<h3 class='heading-more'>\u00c9tude en B\u00e2timent<span class='et_learnmore_arrow'><span><\/span><\/span><\/h3>\n\t\t\t\t\t<div class='learn-more-content'><p>Bac Pro T.E.B. (Technicien d&rsquo;\u00c9tudes du B\u00e2timent)<\/p>\n<ul>\n<li>option A (\u00c9tudes &amp; \u00c9conomie)<\/li>\n<li>option B\u00a0(Assistant en Architecture)<\/li>\n<\/ul>\n<p style=\"text-align: center\"><div class=\"su-youtube su-u-responsive-media-yes\"><iframe loading=\"lazy\" width=\"600\" height=\"400\" src=\"https:\/\/www.youtube.com\/embed\/QwWgAiRVRKg?\" frameborder=\"0\" allowfullscreen allow=\"autoplay; encrypted-media; picture-in-picture\" title=\"Bac Pro TEB option A (Etude &amp; Economie)\"><\/iframe><\/div>\n<p style=\"text-align: center\"><div class=\"su-youtube su-u-responsive-media-yes\"><iframe loading=\"lazy\" width=\"600\" height=\"400\" src=\"https:\/\/www.youtube.com\/embed\/cEtRCbC-ki8?\" frameborder=\"0\" allowfullscreen allow=\"autoplay; encrypted-media; picture-in-picture\" title=\"Bac Pro TEB option A (Etude &amp; Economie)\"><\/iframe><\/div>\n<p style=\"text-align: center\"><a href=\"https:\/\/www.youtube.com\/watch?v=LmJaw5vwFgw&#038;feature=emb_logo\" class=\"su-button su-button-style-default\" style=\"color:#FFFFFF;background-color:#2D89EF;border-color:#246ec0;border-radius:5px\" target=\"_blank\" rel=\"lightbox\"><span style=\"color:#FFFFFF;padding:6px 16px;font-size:13px;line-height:20px;border-color:#6cadf4;border-radius:5px;text-shadow:none\"><i class=\"sui sui-hand-o-right\" style=\"font-size:13px;color:#FFFFFF\"><\/i> Voir autre vid\u00e9o r\u00e9alis\u00e9e en 2008 par A. Bertil<\/span><\/a><\/div>\n\t\t\t\t<\/div>\n\n\n<div class='et-learn-more clearfix'>\n\t\t\t\t\t<h3 class='heading-more'>Topographie<span class='et_learnmore_arrow'><span><\/span><\/span><\/h3>\n\t\t\t\t\t<div class='learn-more-content'><p>Bac Pro T.G.T. (Technicien G\u00e9om\u00e8tre-Topographe)<\/p>\n<p style=\"text-align: center\"><div class=\"su-youtube su-u-responsive-media-yes\"><iframe loading=\"lazy\" width=\"600\" height=\"400\" src=\"https:\/\/www.youtube.com\/embed\/RJBYZ1y5J1A?\" frameborder=\"0\" allowfullscreen allow=\"autoplay; encrypted-media; picture-in-picture\" title=\"Bac Pro Technicien G\u00e9om\u00e8tre Topographe\"><\/iframe><\/div>\n<p style=\"text-align: center\"><a href=\"https:\/\/www.youtube.com\/watch?v=vEfp6LMcmNs\" class=\"su-button su-button-style-default\" style=\"color:#FFFFFF;background-color:#2D89EF;border-color:#246ec0;border-radius:5px\" target=\"_blank\" rel=\"lightbox\"><span style=\"color:#FFFFFF;padding:6px 16px;font-size:13px;line-height:20px;border-color:#6cadf4;border-radius:5px;text-shadow:none\"><i class=\"sui sui-hand-o-right\" style=\"font-size:13px;color:#FFFFFF\"><\/i> Voir autre vid\u00e9o r\u00e9alis\u00e9e en 2008 par A. Bertil<\/span><\/a><\/div>\n\t\t\t\t<\/div>\n\n\n\n<h4 class=\"wp-block-heading\">M\u00e9tiers du Num\u00e9rique et de la Transition \u00c9nerg\u00e9tique<\/h4>\n\n\n<div class='et-learn-more clearfix'>\n\t\t\t\t\t<h3 class='heading-more'>\u00c9nerg\u00e9tique (Froid et Climatisation, Installation Sanitaire)<span class='et_learnmore_arrow'><span><\/span><\/span><\/h3>\n\t\t\t\t\t<div class='learn-more-content'><ul>\n<li>Bac Pro T.I.S.E.C. (Technicien d&rsquo;Installation des Syst\u00e8mes \u00c9nerg\u00e9tiques &amp; Climatiques)<\/li>\n<li>Bac Pro T.M.S.E.C. (Technicien de Maintenance des Syst\u00e8mes \u00c9nerg\u00e9tiques &amp; Climatiques)<\/li>\n<li>CAP M.I.S. (Monteur en Installations Sanitaires)<\/li>\n<li>CAP I.F.C.A. (Installateur en Froid &amp; Conditionnement d&rsquo;Air)<\/li>\n<\/ul>\n<p style=\"text-align: center\"><div class=\"su-youtube su-u-responsive-media-yes\"><iframe loading=\"lazy\" width=\"600\" height=\"400\" src=\"https:\/\/www.youtube.com\/embed\/jI4niFpjXSY?\" frameborder=\"0\" allowfullscreen allow=\"autoplay; encrypted-media; picture-in-picture\" title=\"Bac Pro Technicien (Installation et Maintenance) des Syst\u00e8mes Energ\u00e9tiques et Climatiques\"><\/iframe><\/div>\n<p style=\"text-align: center\"><a href=\"https:\/\/www.youtube.com\/watch?v=Oy1Xkl0E0wI\" class=\"su-button su-button-style-default\" style=\"color:#FFFFFF;background-color:#2D89EF;border-color:#246ec0;border-radius:5px\" target=\"_blank\" rel=\"lightbox\"><span style=\"color:#FFFFFF;padding:6px 16px;font-size:13px;line-height:20px;border-color:#6cadf4;border-radius:5px;text-shadow:none\"><i class=\"sui sui-hand-o-right\" style=\"font-size:13px;color:#FFFFFF\"><\/i> Voir autre vid\u00e9o r\u00e9alis\u00e9e en 2008 par A. Bertil<\/span><\/a><\/div>\n\t\t\t\t<\/div>\n\n\n\n<h4 class=\"wp-block-heading\">M\u00e9tiers de&nbsp;CONSTRUCTION DURABLE, DU B\u00c2TIMENT ET DES TRAVAUX PUBLICS<\/h4>\n\n\n<div class='et-learn-more clearfix'>\n\t\t\t\t\t<h3 class='heading-more'>Peinture, Finition du B\u00e2timent<span class='et_learnmore_arrow'><span><\/span><\/span><\/h3>\n\t\t\t\t\t<div class='learn-more-content'><ul>\n<li>Bac Pro\u00a0A.F.B. (Am\u00e9nagement et Finition du B\u00e2timent)<\/li>\n<li>CAP\u00a0P.A.R. (Peintre, Applicateur, Rev\u00eatement)<\/li>\n<\/ul>\n<p style=\"text-align: center\"><div class=\"su-youtube su-u-responsive-media-yes\"><iframe loading=\"lazy\" width=\"600\" height=\"400\" src=\"https:\/\/www.youtube.com\/embed\/3S6zbfxneos?\" frameborder=\"0\" allowfullscreen allow=\"autoplay; encrypted-media; picture-in-picture\" title=\"Bac Pro Am\u00e9nagement et Finition du B\u00e2timent\"><\/iframe><\/div>\n<p style=\"text-align: center\"><a href=\"https:\/\/www.youtube.com\/watch?v=MkgnsivD6To\" class=\"su-button su-button-style-default\" style=\"color:#FFFFFF;background-color:#2D89EF;border-color:#246ec0;border-radius:5px\" target=\"_blank\" rel=\"lightbox\"><span style=\"color:#FFFFFF;padding:6px 16px;font-size:13px;line-height:20px;border-color:#6cadf4;border-radius:5px;text-shadow:none\"><i class=\"sui sui-hand-o-right\" style=\"font-size:13px;color:#FFFFFF\"><\/i> Voir autre vid\u00e9o r\u00e9alis\u00e9e en 2008 par A. Bertil<\/span><\/a><\/div>\n\t\t\t\t<\/div>\n\n\n<div class='et-learn-more clearfix'>\n\t\t\t\t\t<h3 class='heading-more'>Ma\u00e7onnerie, Gros-Oeuvre<span class='et_learnmore_arrow'><span><\/span><\/span><\/h3>\n\t\t\t\t\t<div class='learn-more-content'><ul>\n<li>Bac Pro\u00a0T.B.O.R.G.O.\n(Technicien du B\u00e2timent: Organisation et R\u00e9alisation du Gros-\u0152uvre)<\/li>\n<li>CAP\u00a0Ma\u00e7on<\/li>\n<\/ul>\n<p style=\"text-align: center\"><div class=\"su-youtube su-u-responsive-media-yes\"><iframe loading=\"lazy\" width=\"600\" height=\"400\" src=\"https:\/\/www.youtube.com\/embed\/3j_9IKhQod4?\" frameborder=\"0\" allowfullscreen allow=\"autoplay; encrypted-media; picture-in-picture\" title=\"Bac Pro Technicien en B\u00e2timent : Organisation et R\u00e9alisation du Gros-\u0152uvre\"><\/iframe><\/div>\n<p style=\"text-align: center\"><a href=\"https:\/\/www.youtube.com\/watch?v=aPhBg5WVikw\" class=\"su-button su-button-style-default\" style=\"color:#FFFFFF;background-color:#2D89EF;border-color:#246ec0;border-radius:5px\" target=\"_blank\" rel=\"lightbox\"><span style=\"color:#FFFFFF;padding:6px 16px;font-size:13px;line-height:20px;border-color:#6cadf4;border-radius:5px;text-shadow:none\"><i class=\"sui sui-hand-o-right\" style=\"font-size:13px;color:#FFFFFF\"><\/i> Voir autre vid\u00e9o r\u00e9alis\u00e9e en 2008 par A. Bertil<\/span><\/a><\/div>\n\t\t\t\t<\/div>\n\n\n\n<p><\/p>\n<!-- AddThis Advanced Settings generic via filter on the_content --><!-- AddThis Share Buttons generic via filter on the_content -->","protected":false},"excerpt":{"rendered":"<p>Les formations professionnelles (Bac Pro et CAP) propos\u00e9es dans notre \u00e9tablissement dans les domaines du B\u00e2timent suivants: M\u00e9tiers des \u00c9tudes et de la Mod\u00e9lisation Num\u00e9rique du B\u00e2timent M\u00e9tiers du Num\u00e9rique et de la Transition \u00c9nerg\u00e9tique M\u00e9tiers de&nbsp;CONSTRUCTION DURABLE, DU B\u00c2TIMENT ET DES TRAVAUX PUBLICS<!-- AddThis Advanced Settings generic via filter on get_the_excerpt --><!-- AddThis Share Buttons generic via filter on get_the_excerpt --><\/p>\n","protected":false},"author":863,"featured_media":84151,"parent":82662,"menu_order":0,"comment_status":"closed","ping_status":"open","template":"page-full.php","meta":{"footnotes":""},"class_list":["post-83920","page","type-page","status-publish","has-post-thumbnail","hentry"],"_links":{"self":[{"href":"https:\/\/etab.ac-reunion.fr\/lyc-paul-moreau\/wp-json\/wp\/v2\/pages\/83920","targetHints":{"allow":["GET"]}}],"collection":[{"href":"https:\/\/etab.ac-reunion.fr\/lyc-paul-moreau\/wp-json\/wp\/v2\/pages"}],"about":[{"href":"https:\/\/etab.ac-reunion.fr\/lyc-paul-moreau\/wp-json\/wp\/v2\/types\/page"}],"author":[{"embeddable":true,"href":"https:\/\/etab.ac-reunion.fr\/lyc-paul-moreau\/wp-json\/wp\/v2\/users\/863"}],"replies":[{"embeddable":true,"href":"https:\/\/etab.ac-reunion.fr\/lyc-paul-moreau\/wp-json\/wp\/v2\/comments?post=83920"}],"version-history":[{"count":35,"href":"https:\/\/etab.ac-reunion.fr\/lyc-paul-moreau\/wp-json\/wp\/v2\/pages\/83920\/revisions"}],"predecessor-version":[{"id":287469,"href":"https:\/\/etab.ac-reunion.fr\/lyc-paul-moreau\/wp-json\/wp\/v2\/pages\/83920\/revisions\/287469"}],"up":[{"embeddable":true,"href":"https:\/\/etab.ac-reunion.fr\/lyc-paul-moreau\/wp-json\/wp\/v2\/pages\/82662"}],"wp:featuredmedia":[{"embeddable":true,"href":"https:\/\/etab.ac-reunion.fr\/lyc-paul-moreau\/wp-json\/wp\/v2\/media\/84151"}],"wp:attachment":[{"href":"https:\/\/etab.ac-reunion.fr\/lyc-paul-moreau\/wp-json\/wp\/v2\/media?parent=83920"}],"curies":[{"name":"wp","href":"https:\/\/api.w.org\/{rel}","templated":true}]}}