{"id":283,"date":"2016-06-10T12:49:41","date_gmt":"2016-06-10T11:49:41","guid":{"rendered":"http:\/\/lycee-pierre-lagourgue.ac-reunion.fr\/?page_id=283"},"modified":"2022-12-03T21:27:29","modified_gmt":"2022-12-03T17:27:29","slug":"mentions-legales","status":"publish","type":"page","link":"https:\/\/etab.ac-reunion.fr\/lyc-pierre-lagourgue\/mentions-legales\/","title":{"rendered":"Mentions l\u00e9gales"},"content":{"rendered":"<p>Nom du Site : <strong>https:\/\/etab.ac-reunion.fr\/lyc-pierre-lagourgue<\/strong><br \/>\nDirecteur de la publication : <strong>Madame la Chef d\u2019\u00e9tablissement, Mme CALENGE<\/strong><br \/>\nwebmestre : <strong>M. Emmanuel Lebon<\/strong><br \/>\nContact :<strong> ce.9741263e@ac-reunion.fr<\/strong><\/p>\n<p>H\u00e9bergement : <strong>DSI de l&rsquo;acad\u00e9mie de la R\u00e9union<\/strong><\/p>\n<p>Localisation :<strong> http:\/\/www.ac-reunion.fr<\/strong><\/p>\n<p>Adresse postale :<\/p>\n<p><strong>Acad\u00e9mie de la Reunion &#8211; 24, av. Georges Brassens &#8211; CS 71003<\/strong><br \/>\n<strong>97743 SAINT DENIS CEDEX 9<\/strong><\/p>\n<p>T\u00e9l\u00e9phone :<strong>+262 (0)2 62 48 10 10<\/strong><\/p>\n<p>Droits de reproduction :Les informations pr\u00e9sent\u00e9es sur ce site sont publiques. La reproduction des pages de ce site est autoris\u00e9e \u00e0 la condition d&rsquo;y mentionner la source et de cr\u00e9er un lien sur la ou les pages de r\u00e9f\u00e9rence. Elles ne peuvent \u00eatre utilis\u00e9es \u00e0 des fins commerciales ou publicitaires. Lorsque des donn\u00e9es pr\u00e9sentes sur ce site ont un caract\u00e8re nominatif, les utilisateurs doivent en faire un usage conforme aux r\u00e9glementations en vigueur et aux recommandations de la Commission nationale de l&rsquo;informatique et des libert\u00e9s (CNIL).<\/p>\n","protected":false},"excerpt":{"rendered":"<p>Nom du Site : https:\/\/etab.ac-reunion.fr\/lyc-pierre-lagourgue Directeur de la publication : Madame la Chef d\u2019\u00e9tablissement, Mme CALENGE webmestre : M. Emmanuel Lebon Contact : ce.9741263e@ac-reunion.fr H\u00e9bergement : DSI de l&rsquo;acad\u00e9mie de la R\u00e9union Localisation : http:\/\/www.ac-reunion.fr Adresse postale : Acad\u00e9mie de<\/p>\n<p class=\"continue-reading-button\"> <a class=\"continue-reading-link\" href=\"https:\/\/etab.ac-reunion.fr\/lyc-pierre-lagourgue\/mentions-legales\/\">la suite &#8230;<i class=\"crycon-right-dir\"><\/i><\/a><\/p>\n","protected":false},"author":11686,"featured_media":0,"parent":0,"menu_order":0,"comment_status":"closed","ping_status":"closed","template":"templates\/template-onecolumn.php","meta":{"footnotes":""},"class_list":["post-283","page","type-page","status-publish","hentry"],"_links":{"self":[{"href":"https:\/\/etab.ac-reunion.fr\/lyc-pierre-lagourgue\/wp-json\/wp\/v2\/pages\/283","targetHints":{"allow":["GET"]}}],"collection":[{"href":"https:\/\/etab.ac-reunion.fr\/lyc-pierre-lagourgue\/wp-json\/wp\/v2\/pages"}],"about":[{"href":"https:\/\/etab.ac-reunion.fr\/lyc-pierre-lagourgue\/wp-json\/wp\/v2\/types\/page"}],"author":[{"embeddable":true,"href":"https:\/\/etab.ac-reunion.fr\/lyc-pierre-lagourgue\/wp-json\/wp\/v2\/users\/11686"}],"replies":[{"embeddable":true,"href":"https:\/\/etab.ac-reunion.fr\/lyc-pierre-lagourgue\/wp-json\/wp\/v2\/comments?post=283"}],"version-history":[{"count":9,"href":"https:\/\/etab.ac-reunion.fr\/lyc-pierre-lagourgue\/wp-json\/wp\/v2\/pages\/283\/revisions"}],"predecessor-version":[{"id":5887,"href":"https:\/\/etab.ac-reunion.fr\/lyc-pierre-lagourgue\/wp-json\/wp\/v2\/pages\/283\/revisions\/5887"}],"wp:attachment":[{"href":"https:\/\/etab.ac-reunion.fr\/lyc-pierre-lagourgue\/wp-json\/wp\/v2\/media?parent=283"}],"curies":[{"name":"wp","href":"https:\/\/api.w.org\/{rel}","templated":true}]}}