{"id":320,"date":"2016-06-10T13:17:38","date_gmt":"2016-06-10T12:17:38","guid":{"rendered":"http:\/\/lycee-pierre-lagourgue.ac-reunion.fr\/?page_id=320"},"modified":"2017-08-30T11:57:34","modified_gmt":"2017-08-30T07:57:34","slug":"projet-detablissement","status":"publish","type":"page","link":"https:\/\/etab.ac-reunion.fr\/lyc-pierre-lagourgue\/projet-detablissement\/","title":{"rendered":"Le projet d\u2019\u00e9tablissement"},"content":{"rendered":"<table>\n<tbody>\n<tr>\n<th style=\"text-align: center\"><strong>AXES DU PROJET STRAT\u00c9GIQUE ACAD\u00c9MIQUE<\/strong><\/th>\n<th style=\"text-align: center\"><strong>AXES PRIORITAIRES ET OBJECTIFS DU PROJET D\u2019\u00c9TABLISSEMENT<\/strong><\/th>\n<\/tr>\n<tr>\n<td style=\"text-align: center\">\u00ab\u00a0Garantir l&rsquo;\u00e9galit\u00e9 des chances et viser l&rsquo;excellence\u00a0\u00bb<\/td>\n<td style=\"text-align: center\">\u00ab\u00a0Garantir l&rsquo;\u00e9galit\u00e9 des chances et viser l&rsquo;excellence\u00a0\u00bb<\/td>\n<\/tr>\n<tr>\n<td>\n<div><strong>I &#8211; Accompagner chaque \u00e9l\u00e8ve dans son parcours d&rsquo;excellence<\/strong><\/div>\n<ul>\n<li>1.1. R\u00e9ussir l\u2019\u00c9cole du socle<\/li>\n<li>1.2. Poursuivre l&rsquo;\u00e9l\u00e9vation des niveaux de qualification<\/li>\n<li>1.3. Pr\u00e9venir les ruptures dans le parcours scolaire<\/li>\n<li>1.4. Mieux accompagner les \u00e9l\u00e8ves \u00e0 besoins \u00e9ducatifs particuliers<\/li>\n<\/ul>\n<p><strong>II &#8211; Pr\u00e9parer l&rsquo;\u00e9l\u00e8ve \u00e0 ses responsabilit\u00e9s de futur citoyen, conscient des enjeux r\u00e9gionaux et ouvert au monde<\/strong><\/p>\n<ul>\n<li>2.1. D\u00e9velopper chez l&rsquo;\u00e9l\u00e8ve l&rsquo;initiative, l&rsquo;autonomie<\/li>\n<li>2.2. Promouvoir l&rsquo;\u00e9ducation \u00e0 la sant\u00e9 des \u00e9l\u00e8ve et la pr\u00e9vention des risques<\/li>\n<li>2.3. Favoriser l&rsquo;ouverture des \u00e9tablissements \u00e0 l&rsquo;international<\/li>\n<li>2.4. \u00c9duquer les \u00e9l\u00e8ves aux arts et \u00e0 la culture<\/li>\n<\/ul>\n<p><strong>III &#8211; Renforcer le pilotage acad\u00e9mique<\/strong><\/p>\n<ul>\n<li>3.1. Accompagner les personnels dans leur \u00e9volution professionnelle<\/li>\n<li>3.2. Promouvoir une p\u00e9dagogie innovante, structur\u00e9e et \u00e9valu\u00e9e<\/li>\n<li>3.3. Structurer le travail en r\u00e9seau au sein du territoire<\/li>\n<\/ul>\n<p><a href=\"https:\/\/etab.ac-reunion.fr\/lyc-pierre-lagourgue\/wp-content\/uploads\/sites\/146\/2017\/02\/projet_strategique_academie_reunion-2012-16.pdf\"><img loading=\"lazy\" decoding=\"async\" class=\"aligncenter wp-image-1750\" src=\"https:\/\/etab.ac-reunion.fr\/lyc-pierre-lagourgue\/wp-content\/uploads\/sites\/146\/2017\/02\/projet_strategique_academie_reunion-2012-16-300x213.jpg\" width=\"351\" height=\"249\" \/><\/a><\/td>\n<td><strong>I &#8211; Aider \u00e0 l&rsquo;adaptation des \u00e9l\u00e8ves et encourager la poursuite des \u00e9tudes<\/strong><\/p>\n<ul>\n<li>1.1 Informer les \u00e9l\u00e8ves de 3\u00b0 et leurs parents sur le lyc\u00e9e Pierre LAGOURGUE, et faciliter la liaison 3\u00b0\/2\u00b0.<\/li>\n<li>1.2 Mettre l&rsquo;accent sur l&rsquo;\u00e9coute et l&rsquo;aide des \u00e9l\u00e8ves, et assurer un suivi\u00a0 individualis\u00e9 des comp\u00e9tences.<\/li>\n<li>1.3 Donner un sens aux mots : tol\u00e9rance, respect, responsabilit\u00e9, travail.<\/li>\n<li>1.4 Maintenir les conditions de calme et de tranquillit\u00e9 dans le lyc\u00e9e.<\/li>\n<li>1.5 D\u00e9velopper les interventions relatives \u00e0 la citoyennet\u00e9, la s\u00e9curit\u00e9, la sant\u00e9, l&rsquo;environnement.<\/li>\n<li>1.6 Former les \u00e9l\u00e8ves (et personnels) au secourisme.<\/li>\n<li>1.7 Former les d\u00e9l\u00e9gu\u00e9s des \u00e9l\u00e8ves.<\/li>\n<li>1.8 Pr\u00e9parer les \u00e9l\u00e8ves \u00e0 une orientation choisie et m\u00e9rit\u00e9e.<\/li>\n<li>1.9 Encourager la poursuite d&rsquo;\u00e9tudes : Universit\u00e9 &#8211; BTS &#8211; CPGE.<\/li>\n<\/ul>\n<p><strong>II &#8211; Assurer une meilleure ma\u00eetrise de la langue fran\u00e7aise, promouvoir la pratique des langues \u00e9trang\u00e8res, faciliter l&rsquo;acc\u00e8s \u00e0 la culture<\/strong><\/p>\n<ul>\n<li>2.1 Consolider l&rsquo;utilisation par les \u00e9l\u00e8ves du fran\u00e7ais, langue de communication des savoirs dans tous les domaines<\/li>\n<li>2.2 D\u00e9velopper l&rsquo;enseignement des langues et cultures de l&rsquo;Antiquit\u00e9 : latin, grec<\/li>\n<li>2.3 Renforcer l&rsquo;enseignement des langues : section europ\u00e9enne Anglais, Anglais et Anglais approfondi, Espagnol et Espagnol approfondi, Allemand, Chinois.<\/li>\n<li>2.4 Etablir des partenariats avec des lyc\u00e9es \u00e9trangers et organiser des voyages \u00e0 l&rsquo;\u00e9tranger(dont section europ\u00e9enne Anglais).<\/li>\n<li>2.5 Faciliter l&rsquo;acc\u00e8s \u00e0 la culture g\u00e9n\u00e9rale.<\/li>\n<\/ul>\n<p><strong>III &#8211; Am\u00e9liorer l&rsquo;attractivit\u00e9 de chaque fili\u00e8re<\/strong><\/p>\n<ul>\n<li>3.1 Am\u00e9liorer l&rsquo;attractivit\u00e9 de la fili\u00e8re litt\u00e9raire &#8211; L(en particulier : option exp\u00e9rimentale Humanit\u00e9s).<\/li>\n<li>3.2 Am\u00e9liorer l&rsquo;attractivit\u00e9 de la fili\u00e8re \u00e9conomique et sociale &#8211; ES (en particulier : option exp\u00e9rimentale Humanit\u00e9s).<\/li>\n<li>3.3 Maintenir une formation scientifique diversifi\u00e9e : baccalaur\u00e9at S\/SVT et S\/SI, Sciences de l&rsquo;Ing\u00e9nieur (en particulier : option exp\u00e9rimentale Sciences).<\/li>\n<li>3.4 Proposer une formation technologique de qualit\u00e9 :baccalaur\u00e9at Sciences et Technologies de l&rsquo;Industrie et du D\u00e9veloppement Durable &#8211; STI2D (en particulier : option exp\u00e9rimentale Sciences).<\/li>\n<li>3.5 Consolider une formation technologique sup\u00e9rieure de qualit\u00e9 : BTS Technico-commercial &#8211; TC, avec option facultative Chinois et possibilit\u00e9 de poursuite d&rsquo;\u00e9tudes en licence professionnelle (par alternance).<\/li>\n<li>3.6 Renforcer une formation professionnelle r\u00e9pondant aux besoins de l&rsquo;\u00e9conomie locale : CAP Agent de S\u00e9curit\u00e9 &#8211; AS, avec possibilit\u00e9 de poursuite d&rsquo;\u00e9tudes.<\/li>\n<li>3.7 D\u00e9velopper les relations avec les entreprises.<\/li>\n<li>3.8 D\u00e9velopper le site internet du lyc\u00e9e.<\/li>\n<\/ul>\n<\/td>\n<\/tr>\n<tr>\n<td style=\"text-align: center\"><strong> Action 2015\/2017 du projet d&rsquo;\u00e9tablissement<\/strong><br \/>\n<a href=\"https:\/\/etab.ac-reunion.fr\/lyc-pierre-lagourgue\/wp-content\/uploads\/sites\/146\/2017\/02\/projet_-etab_actions_pr\u00e9vues_2016-17.pdf\"><img loading=\"lazy\" decoding=\"async\" class=\"aligncenter wp-image-1729\" src=\"https:\/\/etab.ac-reunion.fr\/lyc-pierre-lagourgue\/wp-content\/uploads\/sites\/146\/2016\/06\/action-projet-etablissement-lpl-2016-2017-213x300.jpg\" width=\"350\" height=\"493\" \/><\/a><\/td>\n<td style=\"text-align: center\"><strong>\u00a0Action 2017\/2018 du projet d&rsquo;\u00e9tablissement<\/strong><br \/>\n<a href=\"https:\/\/etab.ac-reunion.fr\/lyc-pierre-lagourgue\/wp-content\/uploads\/sites\/146\/2016\/06\/Action-projet-etablissement-lpl-2017_2018.png\"><img loading=\"lazy\" decoding=\"async\" class=\"aligncenter wp-image-3496\" src=\"https:\/\/etab.ac-reunion.fr\/lyc-pierre-lagourgue\/wp-content\/uploads\/sites\/146\/2016\/06\/Action-projet-etablissement-lpl-2017_2018.png\" alt=\"\" width=\"350\" height=\"494\" srcset=\"https:\/\/etab.ac-reunion.fr\/lyc-pierre-lagourgue\/wp-content\/uploads\/sites\/146\/2016\/06\/Action-projet-etablissement-lpl-2017_2018.png 542w, https:\/\/etab.ac-reunion.fr\/lyc-pierre-lagourgue\/wp-content\/uploads\/sites\/146\/2016\/06\/Action-projet-etablissement-lpl-2017_2018-142x200.png 142w, https:\/\/etab.ac-reunion.fr\/lyc-pierre-lagourgue\/wp-content\/uploads\/sites\/146\/2016\/06\/Action-projet-etablissement-lpl-2017_2018-106x150.png 106w\" sizes=\"auto, (max-width: 350px) 100vw, 350px\" \/><\/a><\/td>\n<\/tr>\n<\/tbody>\n<\/table>\n","protected":false},"excerpt":{"rendered":"<p>AXES DU PROJET STRAT\u00c9GIQUE ACAD\u00c9MIQUE AXES PRIORITAIRES ET OBJECTIFS DU PROJET D\u2019\u00c9TABLISSEMENT \u00ab\u00a0Garantir l&rsquo;\u00e9galit\u00e9 des chances et viser l&rsquo;excellence\u00a0\u00bb \u00ab\u00a0Garantir l&rsquo;\u00e9galit\u00e9 des chances et viser l&rsquo;excellence\u00a0\u00bb I &#8211; Accompagner chaque \u00e9l\u00e8ve dans son parcours d&rsquo;excellence 1.1. R\u00e9ussir l\u2019\u00c9cole du socle<\/p>\n<p class=\"continue-reading-button\"> <a class=\"continue-reading-link\" href=\"https:\/\/etab.ac-reunion.fr\/lyc-pierre-lagourgue\/projet-detablissement\/\">la suite &#8230;<i class=\"crycon-right-dir\"><\/i><\/a><\/p>\n","protected":false},"author":11559,"featured_media":0,"parent":0,"menu_order":0,"comment_status":"closed","ping_status":"closed","template":"templates\/template-onecolumn.php","meta":{"footnotes":""},"class_list":["post-320","page","type-page","status-publish","hentry"],"_links":{"self":[{"href":"https:\/\/etab.ac-reunion.fr\/lyc-pierre-lagourgue\/wp-json\/wp\/v2\/pages\/320","targetHints":{"allow":["GET"]}}],"collection":[{"href":"https:\/\/etab.ac-reunion.fr\/lyc-pierre-lagourgue\/wp-json\/wp\/v2\/pages"}],"about":[{"href":"https:\/\/etab.ac-reunion.fr\/lyc-pierre-lagourgue\/wp-json\/wp\/v2\/types\/page"}],"author":[{"embeddable":true,"href":"https:\/\/etab.ac-reunion.fr\/lyc-pierre-lagourgue\/wp-json\/wp\/v2\/users\/11559"}],"replies":[{"embeddable":true,"href":"https:\/\/etab.ac-reunion.fr\/lyc-pierre-lagourgue\/wp-json\/wp\/v2\/comments?post=320"}],"version-history":[{"count":18,"href":"https:\/\/etab.ac-reunion.fr\/lyc-pierre-lagourgue\/wp-json\/wp\/v2\/pages\/320\/revisions"}],"predecessor-version":[{"id":3497,"href":"https:\/\/etab.ac-reunion.fr\/lyc-pierre-lagourgue\/wp-json\/wp\/v2\/pages\/320\/revisions\/3497"}],"wp:attachment":[{"href":"https:\/\/etab.ac-reunion.fr\/lyc-pierre-lagourgue\/wp-json\/wp\/v2\/media?parent=320"}],"curies":[{"name":"wp","href":"https:\/\/api.w.org\/{rel}","templated":true}]}}