{"id":4489,"date":"2019-10-07T09:31:45","date_gmt":"2019-10-07T05:31:45","guid":{"rendered":"http:\/\/lycee-pierre-lagourgue.ac-reunion.fr\/?page_id=4489"},"modified":"2019-10-07T12:44:35","modified_gmt":"2019-10-07T08:44:35","slug":"presentation-du-reseau-unesco-2","status":"publish","type":"page","link":"https:\/\/etab.ac-reunion.fr\/lyc-pierre-lagourgue\/le-reseau-unesco__trashed\/presentation-du-reseau-unesco-2\/","title":{"rendered":"Qu\u2019est-ce que le r\u00e9SEAU des \u00e9coles associ\u00e9es de l\u2019UNESCO ?"},"content":{"rendered":"\n<div class=\"wp-block-columns has-2-columns is-layout-flex wp-container-core-columns-is-layout-9d6595d7 wp-block-columns-is-layout-flex\">\n<div class=\"wp-block-column is-layout-flow wp-block-column-is-layout-flow\">\n<div class=\"wp-block-image\"><figure class=\"alignleft\"><a href=\"https:\/\/etab.ac-reunion.fr\/lyc-pierre-lagourgue\/le-reseau-unesco\/image-reseau-unesco\/\"><img decoding=\"async\" src=\"https:\/\/etab.ac-reunion.fr\/lyc-pierre-lagourgue\/wp-content\/uploads\/sites\/146\/2011\/11\/image-reseau-unesco.jpg\" alt=\"\" class=\"wp-image-1152\" \/><\/a><\/figure><\/div>\n\n\n\n<p>Fond\u00e9 en 1953, le R\u00e9seau du syst\u00e8me des \u00e9coles associ\u00e9es de l\u2019UNESCO (r\u00e9SEAU), commun\u00e9ment appel\u00e9 \u00ab \u00e9coles associ\u00e9es de l\u2019UNESCO \u00bb, est un r\u00e9seau mondial rassemblant <strong>10000 <\/strong>intitutions \u00e9ducatives de 181 pays.<\/p>\n\n\n\n<p><strong>Le r\u00e9SEAU a f\u00eat\u00e9 son 60<sup>\u00e8me<\/sup> anniversaire en 2013.<br><\/strong><br>Les institutions membres (\u00e9coles maternelles et primaires, \u00e9tablissements d\u2019enseignement secondaire et professionnel, et institutions de formation des enseignants) \u0153uvrent concr\u00e8tement au soutien de la compr\u00e9hension internationale, de la paix, du dialogue interculturel, du d\u00e9veloppement durable et de la qualit\u00e9 de l\u2019\u00e9ducation.<\/p>\n\n\n\n<p>Depuis la rentr\u00e9e 2011, le lyc\u00e9e Pierre Lagourgue fait partie du r\u00e9SEAU des \u00e9coles associ\u00e9es de l\u2019UNESCO.<\/p>\n\n\n\n<p><strong>De quoi s\u2019agit-il exactement ?<\/strong><\/p>\n\n\n\n<p>Le r\u00e9SEAU des \u00e9coles associ\u00e9es regroupe des \u00e9tablissements scolaires (de la maternelle au lyc\u00e9e) qui ont ancr\u00e9 dans leur projet d\u2019\u00e9tablissement des actions \u00e9ducatives pluridisciplinaires consid\u00e9r\u00e9es comme innovantes et dont la port\u00e9e peut \u00eatre nationale et m\u00eame internationale.<\/p>\n\n\n\n<p>Ces projets peuvent porter sur l\u2019un (ou sur plusieurs) des cinq grands enjeux suivants qui sont fondamentaux pour l\u2019UNESCO :<\/p>\n\n\n\n<p>1) L\u2019apprentissage interculturel.<\/p>\n\n\n\n<p>2) L\u2019\u00e9ducation \u00e0 la paix et aux Droits de l\u2019Homme.<\/p>\n\n\n\n<p>3) L\u2019\u00e9ducation au d\u00e9veloppement durable et \u00e0 l\u2019environnement.<\/p>\n\n\n\n<p>4) L\u2019\u00e9ducation au patrimoine.<\/p>\n\n\n\n<p>5) Les probl\u00e8mes mondiaux (la solidarit\u00e9 internationale).<\/p>\n\n\n\n<p><strong><br>O\u00f9 sont implant\u00e9es ces \u00e9coles ?<\/strong><\/p>\n\n\n\n<p>Les \u00e9coles associ\u00e9es \u00e0 l\u2019UNESCO sont pr\u00e9sentes dans 177 pays, regroupant pr\u00e8s d\u2019un million d\u2019enseignants et plusieurs millions d\u2019\u00e9coliers dans 8 000 \u00e9tablissements scolaires. En France, il y en a 190.<\/p>\n\n\n\n<p><strong>Concr\u00e8tement qu\u2019est-ce que cela change pour le lyc\u00e9e ?<\/strong><\/p>\n\n\n\n<p>Le fait d\u2019appartenir au r\u00e9SEAU constitue une reconnaissance de la qualit\u00e9 des actions p\u00e9dagogiques qui sont men\u00e9es dans notre lyc\u00e9e. C\u2019est aussi un gage de s\u00e9rieux et de qualit\u00e9 pour les partenaires culturels et financiers avec lesquels le lyc\u00e9e travaille. Enfin c\u2019est la possibilit\u00e9 pour les \u00e9l\u00e8ves et les enseignants d\u2019entrer en contact avec d\u2019autres \u00e9tablissements de France et du monde entier pour r\u00e9aliser des projets.<\/p>\n\n\n\n<p><strong><br>Quel est notre moyen de communiquer avec les autres \u00e9tablissements du r\u00e9SEAU ?<\/strong><\/p>\n\n\n\n<p>D\u2019abord il y a les liens entre les professeurs du lyc\u00e9e et les autres professeurs du r\u00e9SEAU qui se nouent en particulier lors des journ\u00e9es nationales qui se d\u00e9roulent tous les ans \u00e0 S\u00e8vres. Les coordonnateurs europ\u00e9ens et souvent m\u00eame d\u2019autres continents sont \u00e9galement pr\u00e9sents lors de ces journ\u00e9es de partage d\u2019exp\u00e9riences. Notre lyc\u00e9e y est repr\u00e9sent\u00e9 depuis 2010.<br>Il existe ensuite un site internet, accessible \u00e0 tous, qui permet d\u2019entrer en contact avec des \u00e9tablissements fran\u00e7ais (<a href=\"http:\/\/www.ecoles-unesco.fr\/\">http:\/\/www.ecoles-unesco.fr\/<\/a>) travaillant autour des th\u00e9matiques qui nous int\u00e9ressent.<br>Notre lyc\u00e9e est \u00e9galement pr\u00e9sent sur ce site et tous ses projets seront chaque ann\u00e9e r\u00e9pertori\u00e9s et mis en valeur. (<a href=\"http:\/\/www.ecoles-unesco.fr\/etablissements\/fiche\/lycee-pierre-lagourgue-general-technologique-professionnel.htm\">http:\/\/www.ecoles-unesco.fr\/etablissements\/fiche\/lycee-pierre-lagourgue-general-technologique-professionnel.htm<\/a>)<\/p>\n\n\n\n<p><strong><br>Comment reste-t-on dans le r\u00e9SEAU ?<\/strong><\/p>\n\n\n\n<p>Le label re\u00e7u par notre \u00e9tablissement nous engage pour un contrat de trois ans pendant lequel nous devons rendre compte chaque ann\u00e9e de nos projets.<br>C\u2019est donc par l\u2019action commune de l\u2019\u00e9quipe p\u00e9dagogique, du personnel ATOS, de l\u2019administration, des \u00e9l\u00e8ves et de leurs parents que la r\u00e9alisation de projets UNESCO prend tout son sens !<\/p>\n\n\n\n<p><strong>Pourquoi \u00e9crit-on ainsi le mot r\u00e9SEAU ?<\/strong><\/p>\n\n\n\n<p>On parle du r\u00e9SEAU car les initiales en majuscules d\u00e9signent le Syst\u00e8me des Ecoles Associ\u00e9es \u00e0 l\u2019UNESCO.<\/p>\n<\/div>\n\n\n\n<div class=\"wp-block-column is-layout-flow wp-block-column-is-layout-flow\">\n<h3 class=\"wp-block-heading\"><strong>Actualit\u00e9s du r\u00e9SEAU<\/strong> :<\/h3>\n\n\n\n\n<div class=\"su-posts su-posts-teaser-loop \">\n\n\t\t\t\t\t\t\n\t\t\t\n\t\t\t<div id=\"su-post-7409\" class=\"su-post \">\n\t\t\t\t\t\t\t\t\t<a class=\"su-post-thumbnail\" href=\"https:\/\/etab.ac-reunion.fr\/lyc-pierre-lagourgue\/mme-memona-hintermann-au-lycee\/\"><a href=\"https:\/\/etab.ac-reunion.fr\/lyc-pierre-lagourgue\/mme-memona-hintermann-au-lycee\/\" title=\"Mme M\u00e9mona Hintermann au lyc\u00e9e\"><img loading=\"lazy\" decoding=\"async\" width=\"150\" height=\"114\" src=\"https:\/\/etab.ac-reunion.fr\/lyc-pierre-lagourgue\/wp-content\/uploads\/sites\/146\/2025\/04\/Screenshot_20250424_074456_Gallery-1-150x114.jpg\" class=\"attachment-post-thumbnail size-post-thumbnail wp-post-image\" alt=\"\" srcset=\"https:\/\/etab.ac-reunion.fr\/lyc-pierre-lagourgue\/wp-content\/uploads\/sites\/146\/2025\/04\/Screenshot_20250424_074456_Gallery-1-150x114.jpg 150w, https:\/\/etab.ac-reunion.fr\/lyc-pierre-lagourgue\/wp-content\/uploads\/sites\/146\/2025\/04\/Screenshot_20250424_074456_Gallery-1-200x152.jpg 200w, https:\/\/etab.ac-reunion.fr\/lyc-pierre-lagourgue\/wp-content\/uploads\/sites\/146\/2025\/04\/Screenshot_20250424_074456_Gallery-1-1024x778.jpg 1024w, https:\/\/etab.ac-reunion.fr\/lyc-pierre-lagourgue\/wp-content\/uploads\/sites\/146\/2025\/04\/Screenshot_20250424_074456_Gallery-1.jpg 1080w\" sizes=\"auto, (max-width: 150px) 100vw, 150px\" \/><\/a><\/a>\n\t\t\t\t\t\t\t\t<h2 class=\"su-post-title\"><a href=\"https:\/\/etab.ac-reunion.fr\/lyc-pierre-lagourgue\/mme-memona-hintermann-au-lycee\/\">Mme M\u00e9mona Hintermann au lyc\u00e9e<\/a><\/h2>\n\t\t\t<\/div>\n\n\t\t\t\t\t\n\t\t\t\n\t\t\t<div id=\"su-post-7349\" class=\"su-post \">\n\t\t\t\t\t\t\t\t\t<a class=\"su-post-thumbnail\" href=\"https:\/\/etab.ac-reunion.fr\/lyc-pierre-lagourgue\/matinee-unesco-erasmus-2025-au-lycee-pierre-lagourgue\/\"><a href=\"https:\/\/etab.ac-reunion.fr\/lyc-pierre-lagourgue\/matinee-unesco-erasmus-2025-au-lycee-pierre-lagourgue\/\" title=\"Matin\u00e9e Unesco - Erasmus 2025 au lyc\u00e9e Pierre Lagourgue\"><img loading=\"lazy\" decoding=\"async\" width=\"150\" height=\"118\" src=\"https:\/\/etab.ac-reunion.fr\/lyc-pierre-lagourgue\/wp-content\/uploads\/sites\/146\/2025\/03\/unesco-chant-et-musique-150x118.jpg\" class=\"attachment-post-thumbnail size-post-thumbnail wp-post-image\" alt=\"\" srcset=\"https:\/\/etab.ac-reunion.fr\/lyc-pierre-lagourgue\/wp-content\/uploads\/sites\/146\/2025\/03\/unesco-chant-et-musique-150x118.jpg 150w, https:\/\/etab.ac-reunion.fr\/lyc-pierre-lagourgue\/wp-content\/uploads\/sites\/146\/2025\/03\/unesco-chant-et-musique-200x157.jpg 200w, https:\/\/etab.ac-reunion.fr\/lyc-pierre-lagourgue\/wp-content\/uploads\/sites\/146\/2025\/03\/unesco-chant-et-musique-1024x806.jpg 1024w, https:\/\/etab.ac-reunion.fr\/lyc-pierre-lagourgue\/wp-content\/uploads\/sites\/146\/2025\/03\/unesco-chant-et-musique-1536x1209.jpg 1536w, https:\/\/etab.ac-reunion.fr\/lyc-pierre-lagourgue\/wp-content\/uploads\/sites\/146\/2025\/03\/unesco-chant-et-musique-2048x1613.jpg 2048w\" sizes=\"auto, (max-width: 150px) 100vw, 150px\" \/><\/a><\/a>\n\t\t\t\t\t\t\t\t<h2 class=\"su-post-title\"><a href=\"https:\/\/etab.ac-reunion.fr\/lyc-pierre-lagourgue\/matinee-unesco-erasmus-2025-au-lycee-pierre-lagourgue\/\">Matin\u00e9e Unesco &#8211; Erasmus 2025 au lyc\u00e9e Pierre Lagourgue<\/a><\/h2>\n\t\t\t<\/div>\n\n\t\t\t\t\t\n\t\t\t\n\t\t\t<div id=\"su-post-6704\" class=\"su-post \">\n\t\t\t\t\t\t\t\t\t<a class=\"su-post-thumbnail\" href=\"https:\/\/etab.ac-reunion.fr\/lyc-pierre-lagourgue\/journee-mondiale-de-la-poesie\/\"><a href=\"https:\/\/etab.ac-reunion.fr\/lyc-pierre-lagourgue\/journee-mondiale-de-la-poesie\/\" title=\"UNESCO : JOURN\u00c9E MONDIALE DE LA PO\u00c9SIE\"><img loading=\"lazy\" decoding=\"async\" width=\"150\" height=\"100\" src=\"https:\/\/etab.ac-reunion.fr\/lyc-pierre-lagourgue\/wp-content\/uploads\/sites\/146\/2024\/04\/P1020713-min-150x100.jpg\" class=\"attachment-post-thumbnail size-post-thumbnail wp-post-image\" alt=\"\" srcset=\"https:\/\/etab.ac-reunion.fr\/lyc-pierre-lagourgue\/wp-content\/uploads\/sites\/146\/2024\/04\/P1020713-min-150x100.jpg 150w, https:\/\/etab.ac-reunion.fr\/lyc-pierre-lagourgue\/wp-content\/uploads\/sites\/146\/2024\/04\/P1020713-min-200x134.jpg 200w, https:\/\/etab.ac-reunion.fr\/lyc-pierre-lagourgue\/wp-content\/uploads\/sites\/146\/2024\/04\/P1020713-min-1024x684.jpg 1024w, https:\/\/etab.ac-reunion.fr\/lyc-pierre-lagourgue\/wp-content\/uploads\/sites\/146\/2024\/04\/P1020713-min-1536x1026.jpg 1536w, https:\/\/etab.ac-reunion.fr\/lyc-pierre-lagourgue\/wp-content\/uploads\/sites\/146\/2024\/04\/P1020713-min-2048x1368.jpg 2048w\" sizes=\"auto, (max-width: 150px) 100vw, 150px\" \/><\/a><\/a>\n\t\t\t\t\t\t\t\t<h2 class=\"su-post-title\"><a href=\"https:\/\/etab.ac-reunion.fr\/lyc-pierre-lagourgue\/journee-mondiale-de-la-poesie\/\">UNESCO : JOURN\u00c9E MONDIALE DE LA PO\u00c9SIE<\/a><\/h2>\n\t\t\t<\/div>\n\n\t\t\t\t\t\n\t\t\t\n\t\t\t<div id=\"su-post-4147\" class=\"su-post \">\n\t\t\t\t\t\t\t\t<h2 class=\"su-post-title\"><a href=\"https:\/\/etab.ac-reunion.fr\/lyc-pierre-lagourgue\/bilan-de-la-journee-du-reseau\/\">Bilan de la 7e journ\u00e9e du r\u00e9SEAU<\/a><\/h2>\n\t\t\t<\/div>\n\n\t\t\t\t\t\n\t\t\t\n\t\t\t<div id=\"su-post-4106\" class=\"su-post \">\n\t\t\t\t\t\t\t\t<h2 class=\"su-post-title\"><a href=\"https:\/\/etab.ac-reunion.fr\/lyc-pierre-lagourgue\/7e-journee-du-reseau-2-mai-2018\/\">7e Journ\u00e9e du r\u00e9SEAU 2 Mai 2018<\/a><\/h2>\n\t\t\t<\/div>\n\n\t\t\t\t\t\n\t\t\t\n\t\t\t<div id=\"su-post-3064\" class=\"su-post \">\n\t\t\t\t\t\t\t\t<h2 class=\"su-post-title\"><a href=\"https:\/\/etab.ac-reunion.fr\/lyc-pierre-lagourgue\/centenaire-2017-trophee-national-pour-la-tl\/\">Centenaire 2017 : troph\u00e9e national pour la TL<\/a><\/h2>\n\t\t\t<\/div>\n\n\t\t\t\t\t\n\t\t\t\n\t\t\t<div id=\"su-post-2634\" class=\"su-post \">\n\t\t\t\t\t\t\t\t<h2 class=\"su-post-title\"><a href=\"https:\/\/etab.ac-reunion.fr\/lyc-pierre-lagourgue\/6e-journee-du-reseau-3-mai-2017\/\">6e Journ\u00e9e du r\u00e9SEAU 3 mai 2017<\/a><\/h2>\n\t\t\t<\/div>\n\n\t\t\t\t\t\n\t\t\t\n\t\t\t<div id=\"su-post-2295\" class=\"su-post \">\n\t\t\t\t\t\t\t\t<h2 class=\"su-post-title\"><a href=\"https:\/\/etab.ac-reunion.fr\/lyc-pierre-lagourgue\/centenaire-1914-1918-en-chanson-la-tl-davy-sicard\/\">Centenaire de la Grande Guerre en chanson : la TL &amp; Davy Sicard<\/a><\/h2>\n\t\t\t<\/div>\n\n\t\t\t\t\t\n\t\t\t\n\t\t\t<div id=\"su-post-2291\" class=\"su-post \">\n\t\t\t\t\t\t\t\t<h2 class=\"su-post-title\"><a href=\"https:\/\/etab.ac-reunion.fr\/lyc-pierre-lagourgue\/premier-prix-de-leducation-citoyenne-pour-la-chanson-des-tl\/\">Premier prix de l&rsquo;Education Citoyenne pour la chanson des TL<\/a><\/h2>\n\t\t\t<\/div>\n\n\t\t\t\t\t\n\t\t\t\n\t\t\t<div id=\"su-post-2230\" class=\"su-post \">\n\t\t\t\t\t\t\t\t<h2 class=\"su-post-title\"><a href=\"https:\/\/etab.ac-reunion.fr\/lyc-pierre-lagourgue\/conference-unesco-quelle-ecole-pour-demain\/\">Conf\u00e9rence UNESCO \u00ab\u00a0QUELLE \u00c9COLE POUR DEMAIN?\u00a0\u00bb<\/a><\/h2>\n\t\t\t<\/div>\n\n\t\t\t\n<\/div>\n\n\n\n\n<h3 class=\"wp-block-heading\">Journ\u00e9e<strong> du r\u00e9SEAU<\/strong> :<\/h3>\n\n\n\n\n<div class=\"su-posts su-posts-teaser-loop \">\n\n\t\t\t\t\t\t\n\t\t\t\n\t\t\t<div id=\"su-post-4106\" class=\"su-post \">\n\t\t\t\t\t\t\t\t<h2 class=\"su-post-title\"><a href=\"https:\/\/etab.ac-reunion.fr\/lyc-pierre-lagourgue\/7e-journee-du-reseau-2-mai-2018\/\">7e Journ\u00e9e du r\u00e9SEAU 2 Mai 2018<\/a><\/h2>\n\t\t\t<\/div>\n\n\t\t\t\t\t\n\t\t\t\n\t\t\t<div id=\"su-post-2634\" class=\"su-post \">\n\t\t\t\t\t\t\t\t<h2 class=\"su-post-title\"><a href=\"https:\/\/etab.ac-reunion.fr\/lyc-pierre-lagourgue\/6e-journee-du-reseau-3-mai-2017\/\">6e Journ\u00e9e du r\u00e9SEAU 3 mai 2017<\/a><\/h2>\n\t\t\t<\/div>\n\n\t\t\t\t\t\n\t\t\t\n\t\t\t<div id=\"su-post-737\" class=\"su-post \">\n\t\t\t\t\t\t\t\t<h2 class=\"su-post-title\"><a href=\"https:\/\/etab.ac-reunion.fr\/lyc-pierre-lagourgue\/5e-journee-du-reseau\/\">5e Journ\u00e9e du r\u00e9SEAU 4 mai 2016<\/a><\/h2>\n\t\t\t<\/div>\n\n\t\t\t\t\t\n\t\t\t\n\t\t\t<div id=\"su-post-2345\" class=\"su-post \">\n\t\t\t\t\t\t\t\t<h2 class=\"su-post-title\"><a href=\"https:\/\/etab.ac-reunion.fr\/lyc-pierre-lagourgue\/4e-journee-du-reseau-7-mai-2015\/\">4e Journ\u00e9e du r\u00e9SEAU 7 mai 2015<\/a><\/h2>\n\t\t\t<\/div>\n\n\t\t\t\t\t\n\t\t\t\n\t\t\t<div id=\"su-post-2336\" class=\"su-post \">\n\t\t\t\t\t\t\t\t<h2 class=\"su-post-title\"><a href=\"https:\/\/etab.ac-reunion.fr\/lyc-pierre-lagourgue\/journee-du-reseau-6-mai-2014\/\">3e Journ\u00e9e du r\u00e9SEAU 6 mai 2014<\/a><\/h2>\n\t\t\t<\/div>\n\n\t\t\t\t\t\n\t\t\t\n\t\t\t<div id=\"su-post-2540\" class=\"su-post \">\n\t\t\t\t\t\t\t\t<h2 class=\"su-post-title\"><a href=\"https:\/\/etab.ac-reunion.fr\/lyc-pierre-lagourgue\/2e-journee-du-reseau-3-mai-2013\/\">2e Journ\u00e9e du r\u00e9SEAU 3 Mai 2013<\/a><\/h2>\n\t\t\t<\/div>\n\n\t\t\t\t\t\n\t\t\t\n\t\t\t<div id=\"su-post-2392\" class=\"su-post \">\n\t\t\t\t\t\t\t\t<h2 class=\"su-post-title\"><a href=\"https:\/\/etab.ac-reunion.fr\/lyc-pierre-lagourgue\/1ere-journee-du-reseau-20112012\/\">1\u00e8re Journ\u00e9e du r\u00e9SEAU (2011\/2012)<\/a><\/h2>\n\t\t\t<\/div>\n\n\t\t\t\n<\/div>\n\n<\/div>\n<\/div>\n","protected":false},"excerpt":{"rendered":"<p>Fond\u00e9 en 1953, le R\u00e9seau du syst\u00e8me des \u00e9coles associ\u00e9es de l\u2019UNESCO (r\u00e9SEAU), commun\u00e9ment appel\u00e9 \u00ab \u00e9coles associ\u00e9es de l\u2019UNESCO \u00bb, est un r\u00e9seau mondial rassemblant 10000 intitutions \u00e9ducatives de 181 pays. Le r\u00e9SEAU a f\u00eat\u00e9 son 60\u00e8me anniversaire en<\/p>\n<p class=\"continue-reading-button\"> <a class=\"continue-reading-link\" href=\"https:\/\/etab.ac-reunion.fr\/lyc-pierre-lagourgue\/1ere-journee-du-reseau-20112012\/\">la suite &#8230;<i class=\"crycon-right-dir\"><\/i><\/a><\/p>\n","protected":false},"author":22677,"featured_media":0,"parent":555,"menu_order":0,"comment_status":"closed","ping_status":"closed","template":"templates\/template-onecolumn.php","meta":{"footnotes":""},"class_list":["post-4489","page","type-page","status-publish","hentry"],"_links":{"self":[{"href":"https:\/\/etab.ac-reunion.fr\/lyc-pierre-lagourgue\/wp-json\/wp\/v2\/pages\/4489","targetHints":{"allow":["GET"]}}],"collection":[{"href":"https:\/\/etab.ac-reunion.fr\/lyc-pierre-lagourgue\/wp-json\/wp\/v2\/pages"}],"about":[{"href":"https:\/\/etab.ac-reunion.fr\/lyc-pierre-lagourgue\/wp-json\/wp\/v2\/types\/page"}],"author":[{"embeddable":true,"href":"https:\/\/etab.ac-reunion.fr\/lyc-pierre-lagourgue\/wp-json\/wp\/v2\/users\/22677"}],"replies":[{"embeddable":true,"href":"https:\/\/etab.ac-reunion.fr\/lyc-pierre-lagourgue\/wp-json\/wp\/v2\/comments?post=4489"}],"version-history":[{"count":8,"href":"https:\/\/etab.ac-reunion.fr\/lyc-pierre-lagourgue\/wp-json\/wp\/v2\/pages\/4489\/revisions"}],"predecessor-version":[{"id":4497,"href":"https:\/\/etab.ac-reunion.fr\/lyc-pierre-lagourgue\/wp-json\/wp\/v2\/pages\/4489\/revisions\/4497"}],"up":[{"embeddable":true,"href":"https:\/\/etab.ac-reunion.fr\/lyc-pierre-lagourgue\/wp-json\/wp\/v2\/pages\/555"}],"wp:attachment":[{"href":"https:\/\/etab.ac-reunion.fr\/lyc-pierre-lagourgue\/wp-json\/wp\/v2\/media?parent=4489"}],"curies":[{"name":"wp","href":"https:\/\/api.w.org\/{rel}","templated":true}]}}