{"id":4523,"date":"2019-10-23T17:36:34","date_gmt":"2019-10-23T13:36:34","guid":{"rendered":"http:\/\/lycee-pierre-lagourgue.ac-reunion.fr\/?page_id=4523"},"modified":"2025-09-15T16:39:50","modified_gmt":"2025-09-15T12:39:50","slug":"lequipe-de-direction","status":"publish","type":"page","link":"https:\/\/etab.ac-reunion.fr\/lyc-pierre-lagourgue\/lequipe-de-direction\/","title":{"rendered":"L&rsquo;\u00e9quipe de direction"},"content":{"rendered":"\n<div class=\"wp-block-columns has-2-columns is-layout-flex wp-container-core-columns-is-layout-9d6595d7 wp-block-columns-is-layout-flex\">\n<div class=\"wp-block-column is-layout-flow wp-block-column-is-layout-flow\">\n<p>\n Les personnels de direction ont vocation \u00e0 occuper un emploi de chef \nd&rsquo;\u00e9tablissement ou d&rsquo;adjoint. Ils dirigent l&rsquo;\u00e9tablissement en qualit\u00e9 de\n repr\u00e9sentant de l\u2019\u00c9tat et de pr\u00e9sident du conseil d&rsquo;administration, \nsous l&rsquo;autorit\u00e9 du recteur et de l&rsquo;inspecteur d&rsquo;acad\u00e9mie.<br>Ils\n sont charg\u00e9s de conduire la politique p\u00e9dagogique et \u00e9ducative de \nl&rsquo;\u00e9tablissement, en concertation avec l&rsquo;ensemble de la communaut\u00e9 \n\u00e9ducative, pour offrir aux \u00e9l\u00e8ves les meilleures conditions \nd&rsquo;apprentissage.<br>Ils travaillent \navec les repr\u00e9sentants des collectivit\u00e9s territoriales et veillent au \nd\u00e9veloppement de partenariats avec le monde \u00e9conomique, social et \nculturel.<br>Ils collaborent avec les \nautres services de l\u2019\u00c9tat, les corps d&rsquo;inspection p\u00e9dagogique et les \nautres chefs d&rsquo;\u00e9tablissement, afin d&rsquo;am\u00e9liorer la qualit\u00e9 de l&rsquo;offre \n\u00e9ducative. \n\n<\/p>\n<\/div>\n\n\n\n<div class=\"wp-block-column is-layout-flow wp-block-column-is-layout-flow\">\n<figure class=\"wp-block-table is-style-stripes\"><table class=\"has-background has-fixed-layout\" style=\"background-color:#e7f5fe\"><tbody><tr><td>M. MOUNICHETTY Bruno<\/td><\/tr><tr><td> <strong>Chef d\u2019\u00e9tablissement<\/strong><br> <em>Bureau A204<br> Lyc\u00e9e Pierre Lagourgue<br> 30 Chemin Mazeau &#8211; Trois Mares &#8211; 97430 Le Tampon<br> 0262 96 49 49 &#8211; 0262 96 45 05 <\/em><\/td><\/tr><tr><td><strong> <\/strong>Mme CLAIN Reine-Claude<\/td><\/tr><tr><td> <strong>Chef d\u2019\u00e9tablissement Adjoint<\/strong><br> <em>Bureau A203<br> Lyc\u00e9e Pierre Lagourgue<br> 30 Chemin Mazeau &#8211; Trois Mares &#8211; 97430 Le Tampon<br> 0262 96 49 49 &#8211; 0262 96 45 05 <\/em><\/td><\/tr><\/tbody><\/table><\/figure>\n<\/div>\n<\/div>\n\n\n\n<figure class=\"wp-block-table is-style-stripes\"><table class=\"has-background has-fixed-layout\" style=\"background-color:#e7f5fe\"><tbody><tr><td><strong>Eva ULDARIC NAUCHE<\/strong><\/td><td><strong>Sabrina ALBORA<\/strong><\/td><\/tr><tr><td><strong>Directrice d\u00e9l\u00e9gu\u00e9e aux formations professionnelles et technologiques<\/strong><br> <em>Bureau A113<br> Lyc\u00e9e Pierre Lagourgue<br> 30 Chemin Mazeau &#8211; Trois Mares &#8211; 97430 Le Tampon<br> 0262 96 49 49 &#8211; 0262 96 45 05 <\/em><\/td><td><strong>Gestionnaire  <\/strong><br><em>Bureau A209<br> Lyc\u00e9e Pierre Lagourgue<br> 30 Chemin Mazeau &#8211; Trois Mares &#8211; 97430 Le Tampon<br> 0262 96 49 49 &#8211; 0262 96 45 05 <\/em><\/td><\/tr><\/tbody><\/table><\/figure>\n\n\n\n<p class=\"has-text-align-center has-pale-cyan-blue-color has-very-light-gray-background-color has-text-color has-background has-medium-font-size\"><strong>Secr\u00e9tariat de Direction et de Gestion<\/strong><\/p>\n\n\n\n<figure class=\"wp-block-table is-style-stripes\"><table class=\"has-background has-fixed-layout\" style=\"background-color:#e7f5fe\"><tbody><tr><td><strong>Katty ARABOUX<\/strong><\/td><td><strong>Tony TURPIN<\/strong><\/td><td><\/td><\/tr><tr><td><strong>Secr\u00e9tariat de direction<\/strong><br> <em>Bureau A205<br> Lyc\u00e9e Pierre Lagourgue<br> 30 Chemin Mazeau &#8211; Trois Mares &#8211; 97430 Le Tampon<br> 0262 96 49 49 &#8211; 0262 96 45 05 <\/em><\/td><td><strong>Secr\u00e9tariat de gestion<\/strong><br> <em>Bureau A208<br> Lyc\u00e9e Pierre Lagourgue<br> 30 Chemin Mazeau &#8211; Trois Mares &#8211; 97430 Le Tampon<br> 0262 96 49 49 &#8211; 0262 96 45 05 <\/em><\/td><td><em> <\/em> <\/td><\/tr><\/tbody><\/table><\/figure>\n\n\n\n<figure class=\"wp-block-table is-style-stripes\"><table class=\"has-background has-fixed-layout\" style=\"background-color:#e7f5fe\"><tbody><tr><td><strong>DEURVEILHER Thierry<\/strong><\/td><td><\/td><\/tr><tr><td><strong>Adjoint technique<\/strong><br>Responsable d&rsquo;\u00e9quipe<\/td><td><strong>Adjoint technique<\/strong><br>Responsable Cuisine<\/td><\/tr><\/tbody><\/table><\/figure>\n","protected":false},"excerpt":{"rendered":"<p>Les personnels de direction ont vocation \u00e0 occuper un emploi de chef d&rsquo;\u00e9tablissement ou d&rsquo;adjoint. Ils dirigent l&rsquo;\u00e9tablissement en qualit\u00e9 de repr\u00e9sentant de l\u2019\u00c9tat et de pr\u00e9sident du conseil d&rsquo;administration, sous l&rsquo;autorit\u00e9 du recteur et de l&rsquo;inspecteur d&rsquo;acad\u00e9mie.Ils sont charg\u00e9s<\/p>\n<p class=\"continue-reading-button\"> <a class=\"continue-reading-link\" href=\"https:\/\/etab.ac-reunion.fr\/lyc-pierre-lagourgue\/lequipe-de-direction\/\">la suite &#8230;<i class=\"crycon-right-dir\"><\/i><\/a><\/p>\n","protected":false},"author":22677,"featured_media":0,"parent":0,"menu_order":0,"comment_status":"closed","ping_status":"closed","template":"","meta":{"footnotes":""},"class_list":["post-4523","page","type-page","status-publish","hentry"],"_links":{"self":[{"href":"https:\/\/etab.ac-reunion.fr\/lyc-pierre-lagourgue\/wp-json\/wp\/v2\/pages\/4523","targetHints":{"allow":["GET"]}}],"collection":[{"href":"https:\/\/etab.ac-reunion.fr\/lyc-pierre-lagourgue\/wp-json\/wp\/v2\/pages"}],"about":[{"href":"https:\/\/etab.ac-reunion.fr\/lyc-pierre-lagourgue\/wp-json\/wp\/v2\/types\/page"}],"author":[{"embeddable":true,"href":"https:\/\/etab.ac-reunion.fr\/lyc-pierre-lagourgue\/wp-json\/wp\/v2\/users\/22677"}],"replies":[{"embeddable":true,"href":"https:\/\/etab.ac-reunion.fr\/lyc-pierre-lagourgue\/wp-json\/wp\/v2\/comments?post=4523"}],"version-history":[{"count":21,"href":"https:\/\/etab.ac-reunion.fr\/lyc-pierre-lagourgue\/wp-json\/wp\/v2\/pages\/4523\/revisions"}],"predecessor-version":[{"id":7716,"href":"https:\/\/etab.ac-reunion.fr\/lyc-pierre-lagourgue\/wp-json\/wp\/v2\/pages\/4523\/revisions\/7716"}],"wp:attachment":[{"href":"https:\/\/etab.ac-reunion.fr\/lyc-pierre-lagourgue\/wp-json\/wp\/v2\/media?parent=4523"}],"curies":[{"name":"wp","href":"https:\/\/api.w.org\/{rel}","templated":true}]}}