{"id":4609,"date":"2019-11-02T21:46:43","date_gmt":"2019-11-02T17:46:43","guid":{"rendered":"http:\/\/lycee-pierre-lagourgue.ac-reunion.fr\/?page_id=4609"},"modified":"2024-07-02T14:16:19","modified_gmt":"2024-07-02T10:16:19","slug":"la-seconde-generale-et-technologique","status":"publish","type":"page","link":"https:\/\/etab.ac-reunion.fr\/lyc-pierre-lagourgue\/la-seconde-generale-et-technologique\/","title":{"rendered":"La Seconde G\u00e9n\u00e9rale et Technologique"},"content":{"rendered":"\n<div class=\"wp-block-columns has-2-columns is-layout-flex wp-container-core-columns-is-layout-9d6595d7 wp-block-columns-is-layout-flex\">\n<div class=\"wp-block-column is-layout-flow wp-block-column-is-layout-flow\">\n<p>La classe de seconde g\u00e9n\u00e9rale et technologique est une classe de d\u00e9termination qui comporte des enseignements communs \u00e0 tous les \u00e9l\u00e8ves.<\/p>\n\n\n\n<p>La classe de seconde g\u00e9n\u00e9rale et technologique est con\u00e7ue pour \npermettre aux \u00e9l\u00e8ves de consolider et d&rsquo;\u00e9largir leur ma\u00eetrise du socle \ncommun de connaissances, de comp\u00e9tences et de culture afin de r\u00e9ussir la\n transition du coll\u00e8ge au lyc\u00e9e. Elle les pr\u00e9pare \u00e0 d\u00e9terminer leur \nchoix d&rsquo;un parcours au sein du cycle terminal jusqu&rsquo;au baccalaur\u00e9at \ng\u00e9n\u00e9ral ou technologique dans l&rsquo;objectif d&rsquo;une poursuite d&rsquo;\u00e9tudes \nsup\u00e9rieures r\u00e9ussie et, au-del\u00e0, de leur insertion professionnelle.<\/p>\n<\/div>\n\n\n\n<div class=\"wp-block-column is-layout-flow wp-block-column-is-layout-flow\">\n<p class=\"has-medium-font-size\"><strong><em>Les enseignements communs :<\/em><\/strong><\/p>\n\n\n\n<figure class=\"wp-block-table is-style-stripes\"><table class=\"has-subtle-pale-blue-background-color has-background\"><tbody><tr><td>Fran\u00e7ais<\/td><td>4h<\/td><\/tr><tr><td>Histoire &#8211; G\u00e9ographie<\/td><td>3h<\/td><\/tr><tr><td>LVA et LVB<\/td><td>5h30<\/td><\/tr><tr><td>Math\u00e9matiques<\/td><td>4h<\/td><\/tr><tr><td>Physique-Chimie<\/td><td>3h<\/td><\/tr><tr><td>SVT<\/td><td>1h30<\/td><\/tr><tr><td>EPS<\/td><td>2h<\/td><\/tr><tr><td>EMC<\/td><td>18h annuelles<\/td><\/tr><\/tbody><\/table><\/figure>\n\n\n\n<p class=\"has-medium-font-size\"><strong><em>Deux  nouveaux enseignements obligatoires :<\/em><\/strong><\/p>\n\n\n\n<figure class=\"wp-block-table is-style-stripes\"><table class=\"has-subtle-pale-blue-background-color has-background\"><tbody><tr><td>Sciences Economiques et Sociales<\/td><td>1h30<\/td><\/tr><tr><td>Siciences Num\u00e9riques et Technologie<\/td><td>1h30<\/td><\/tr><\/tbody><\/table><\/figure>\n<\/div>\n<\/div>\n\n\n\n<h3 class=\"wp-block-heading\">Documents pour les Secondes<\/h3>\n\n\n\n<p><\/p>\n","protected":false},"excerpt":{"rendered":"<p>La classe de seconde g\u00e9n\u00e9rale et technologique est une classe de d\u00e9termination qui comporte des enseignements communs \u00e0 tous les \u00e9l\u00e8ves. La classe de seconde g\u00e9n\u00e9rale et technologique est con\u00e7ue pour permettre aux \u00e9l\u00e8ves de consolider et d&rsquo;\u00e9largir leur ma\u00eetrise<\/p>\n<p class=\"continue-reading-button\"> <a class=\"continue-reading-link\" href=\"https:\/\/etab.ac-reunion.fr\/lyc-pierre-lagourgue\/la-seconde-generale-et-technologique\/\">la suite &#8230;<i class=\"crycon-right-dir\"><\/i><\/a><\/p>\n","protected":false},"author":22677,"featured_media":0,"parent":0,"menu_order":0,"comment_status":"closed","ping_status":"closed","template":"","meta":{"footnotes":""},"class_list":["post-4609","page","type-page","status-publish","hentry"],"_links":{"self":[{"href":"https:\/\/etab.ac-reunion.fr\/lyc-pierre-lagourgue\/wp-json\/wp\/v2\/pages\/4609","targetHints":{"allow":["GET"]}}],"collection":[{"href":"https:\/\/etab.ac-reunion.fr\/lyc-pierre-lagourgue\/wp-json\/wp\/v2\/pages"}],"about":[{"href":"https:\/\/etab.ac-reunion.fr\/lyc-pierre-lagourgue\/wp-json\/wp\/v2\/types\/page"}],"author":[{"embeddable":true,"href":"https:\/\/etab.ac-reunion.fr\/lyc-pierre-lagourgue\/wp-json\/wp\/v2\/users\/22677"}],"replies":[{"embeddable":true,"href":"https:\/\/etab.ac-reunion.fr\/lyc-pierre-lagourgue\/wp-json\/wp\/v2\/comments?post=4609"}],"version-history":[{"count":11,"href":"https:\/\/etab.ac-reunion.fr\/lyc-pierre-lagourgue\/wp-json\/wp\/v2\/pages\/4609\/revisions"}],"predecessor-version":[{"id":6896,"href":"https:\/\/etab.ac-reunion.fr\/lyc-pierre-lagourgue\/wp-json\/wp\/v2\/pages\/4609\/revisions\/6896"}],"wp:attachment":[{"href":"https:\/\/etab.ac-reunion.fr\/lyc-pierre-lagourgue\/wp-json\/wp\/v2\/media?parent=4609"}],"curies":[{"name":"wp","href":"https:\/\/api.w.org\/{rel}","templated":true}]}}