{"id":4629,"date":"2019-11-05T08:28:08","date_gmt":"2019-11-05T04:28:08","guid":{"rendered":"http:\/\/lycee-pierre-lagourgue.ac-reunion.fr\/?page_id=4629"},"modified":"2025-12-14T19:30:44","modified_gmt":"2025-12-14T15:30:44","slug":"lequipe-de-vie-scolaire","status":"publish","type":"page","link":"https:\/\/etab.ac-reunion.fr\/lyc-pierre-lagourgue\/lequipe-de-vie-scolaire\/","title":{"rendered":"L&rsquo;\u00e9quipe de Vie Scolaire"},"content":{"rendered":"\n<div class=\"wp-block-columns is-layout-flex wp-container-core-columns-is-layout-9d6595d7 wp-block-columns-is-layout-flex\">\n<div class=\"wp-block-column is-layout-flow wp-block-column-is-layout-flow\">\n<p><strong>Mme BASSET<\/strong><br>Conseill\u00e8re Principale d&rsquo;Education<\/p>\n<\/div>\n\n\n\n<div class=\"wp-block-column is-layout-flow wp-block-column-is-layout-flow\">\n<p><strong>Mme OGIRE<\/strong><br>Conseill\u00e8re Principale d&rsquo;Education<\/p>\n<\/div>\n\n\n\n<div class=\"wp-block-column is-layout-flow wp-block-column-is-layout-flow\">\n<p><strong>M. WHITE<\/strong><br>Conseiller Principale d&rsquo;Education<\/p>\n<\/div>\n<\/div>\n\n\n\n<p class=\"has-text-align-left\">L&rsquo;\u00e9quipe de Vie Scolaire se compose \u00e9galement de :<\/p>\n\n\n\n<ul class=\"wp-block-list\">\n<li>9 Assistants d&rsquo;\u00e9ducation<\/li>\n\n\n\n<li>2 Assistants p\u00e9dagogiques<\/li>\n\n\n\n<li>4 Accompagnants des \u00e9l\u00e8ves en situation de handicap (AESH)<\/li>\n<\/ul>\n\n\n<p><!--EndFragment--><\/p>\n\n\n<p><\/p>\n","protected":false},"excerpt":{"rendered":"<p>Mme BASSETConseill\u00e8re Principale d&rsquo;Education Mme OGIREConseill\u00e8re Principale d&rsquo;Education M. WHITEConseiller Principale d&rsquo;Education L&rsquo;\u00e9quipe de Vie Scolaire se compose \u00e9galement de :<\/p>\n<p class=\"continue-reading-button\"> <a class=\"continue-reading-link\" href=\"https:\/\/etab.ac-reunion.fr\/lyc-pierre-lagourgue\/lequipe-de-vie-scolaire\/\">la suite &#8230;<i class=\"crycon-right-dir\"><\/i><\/a><\/p>\n","protected":false},"author":22677,"featured_media":0,"parent":0,"menu_order":0,"comment_status":"closed","ping_status":"closed","template":"","meta":{"footnotes":""},"class_list":["post-4629","page","type-page","status-publish","hentry"],"_links":{"self":[{"href":"https:\/\/etab.ac-reunion.fr\/lyc-pierre-lagourgue\/wp-json\/wp\/v2\/pages\/4629","targetHints":{"allow":["GET"]}}],"collection":[{"href":"https:\/\/etab.ac-reunion.fr\/lyc-pierre-lagourgue\/wp-json\/wp\/v2\/pages"}],"about":[{"href":"https:\/\/etab.ac-reunion.fr\/lyc-pierre-lagourgue\/wp-json\/wp\/v2\/types\/page"}],"author":[{"embeddable":true,"href":"https:\/\/etab.ac-reunion.fr\/lyc-pierre-lagourgue\/wp-json\/wp\/v2\/users\/22677"}],"replies":[{"embeddable":true,"href":"https:\/\/etab.ac-reunion.fr\/lyc-pierre-lagourgue\/wp-json\/wp\/v2\/comments?post=4629"}],"version-history":[{"count":13,"href":"https:\/\/etab.ac-reunion.fr\/lyc-pierre-lagourgue\/wp-json\/wp\/v2\/pages\/4629\/revisions"}],"predecessor-version":[{"id":8053,"href":"https:\/\/etab.ac-reunion.fr\/lyc-pierre-lagourgue\/wp-json\/wp\/v2\/pages\/4629\/revisions\/8053"}],"wp:attachment":[{"href":"https:\/\/etab.ac-reunion.fr\/lyc-pierre-lagourgue\/wp-json\/wp\/v2\/media?parent=4629"}],"curies":[{"name":"wp","href":"https:\/\/api.w.org\/{rel}","templated":true}]}}