{"id":514,"date":"2016-06-21T08:45:25","date_gmt":"2016-06-21T07:45:25","guid":{"rendered":"http:\/\/lycee-pierre-lagourgue.ac-reunion.fr\/?page_id=514"},"modified":"2017-05-12T14:06:46","modified_gmt":"2017-05-12T10:06:46","slug":"lassociation-sportive","status":"publish","type":"page","link":"https:\/\/etab.ac-reunion.fr\/lyc-pierre-lagourgue\/lassociation-sportive\/","title":{"rendered":"l&rsquo;association sportive"},"content":{"rendered":"<table>\n<tbody>\n<tr>\n<th style=\"font-size: normal;text-align: left;font-weight: normal;padding: 3px;border-top-width: 0pt;border-top-style: solid;border-top-color: gray\">\n<div style=\"font-size: normal;font-weight: bold;padding: 3px;height: 20px;border-left-width: 0pt;border-left-style: solid;border-left-color: gray;border-top-width: 0pt;border-top-style: solid;border-top-color: gray;color: #d6dde3;background-color: #5c768f\">La pr\u00e9sentation<\/div>\n<div style=\"text-align: justify;font-size: normal;font-weight: normal;padding: 5px\">L&rsquo;existence d&rsquo;une association sportive dans chaque \u00e9tablissement scolaire est une obligation l\u00e9gale (loi de 1984 modifi\u00e9e sur le sport). Ce sont ainsi plus de 900 000 \u00e9l\u00e8ves qui sont licenci\u00e9s \u00e0 l&rsquo;UNSS, f\u00e9d\u00e9ration multisports regroupant les 9 000 associations sportives. Au-del\u00e0 de cette disposition, la force de l&rsquo;association sportive r\u00e9side dans la dynamique sportive qu&rsquo;elle d\u00e9veloppe, l&rsquo;enrichissement de la qualit\u00e9 de la vie scolaire qu&rsquo;elle induit ; elle favorise ainsi le rayonnement de l&rsquo;\u00e9tablissement, d\u00e8s lors qu&rsquo;elle conduit des actions inscrites dans le projet de l&rsquo;\u00e9tablissement.<br \/>\nAssocier les \u00e9l\u00e8ves aux choix des activit\u00e9s sportives et des modes de pratique de l&rsquo;association conf\u00e8re sens et valeur au sport scolaire. D\u00e9velopper diff\u00e9rents types de responsabilit\u00e9 par une participation active des \u00e9l\u00e8ves \u00e0 l&rsquo;organisation de l&rsquo;association sportive, \u00e0 l&rsquo;encadrement des activit\u00e9s, au respect des \u00e9quipements et \u00e0 l&rsquo;arbitrage ouvre sur un r\u00e9el apprentissage de la vie associative. Il est essentiel qu&rsquo;ils puissent jouer un r\u00f4le actif dans la vie et l&rsquo;organisation de l&rsquo;association sportive. En outre, faire conna\u00eetre et valoriser les actions men\u00e9es dans le cadre de l&rsquo;association sportive r\u00e9v\u00e8le aux familles et aux partenaires, notamment aux collectivit\u00e9s territoriales, la vitalit\u00e9 d&rsquo;un \u00e9tablissement.<\/div>\n<div id=\"fiche-item-1\" class=\"fiche-item-content collapse in\">\n<p><strong>L&rsquo;association sportive a pour objectifs :<\/strong><\/p>\n<ul>\n<li>De favoriser la pratique sportive pour tous \u00e0 moindre co\u00fbt (25 euros par an)<\/li>\n<li>De Former des jeunes officiels (arbitre, juges,&#8230;)<\/li>\n<li>D&rsquo;offrir \u00e0 tous les niveaux une pratique comp\u00e9titive.<\/li>\n<\/ul>\n<p><strong>Les ressources de L&rsquo;association sportive :<\/strong><\/p>\n<ul>\n<li>Les cotisations de nos adh\u00e9rents (le montant s&rsquo;\u00e9l\u00e8ve \u00e0 20 euros pour l&rsquo;ann\u00e9e)<\/li>\n<li>Une \u00e9quipe d&rsquo;enseignants motiv\u00e9s du lyc\u00e9e Pierre Lagourgue<\/li>\n<\/ul>\n<p><strong>Pourquoi adh\u00e9rer \u00e0 l&rsquo;association sportive ?<\/strong><\/p>\n<ul>\n<li>Pour une pratique comp\u00e9titive inter \u00e9tablissement, ouverte \u00e0 tous quelque soit son niveau.<\/li>\n<li>Pour une pratique de loisir afin de favoriser une activit\u00e9 ludique et \u00e9ducative (mieux vivre ensemble).<\/li>\n<li>Pour une pratique compl\u00e9mentaire \u00e0 l&rsquo;EPS afin de s&rsquo;am\u00e9liorer dans les activit\u00e9s sportives \u00e9valu\u00e9es au bac.<\/li>\n<li>Pour une pratique th\u00e9orique afin de devenir jeune officiel.<\/li>\n<\/ul>\n<p><strong>Comment soutenir l&rsquo;association sportive ?<\/strong><\/p>\n<ul>\n<li>En devenant membre de l&rsquo;association, que vous soyez adultes ou \u00e9l\u00e8ves. Plus une association poss\u00e8de de membres, plus elle est efficace.<\/li>\n<li>En proposant, sur la base du b\u00e9n\u00e9volat, de nouvelles activit\u00e9s.<\/li>\n<li>En vous engageant, comme beaucoup le font d\u00e9j\u00e0, \u00e0 soutenir un projet et \u00e0 participer \u00e0 son accomplissement.<\/li>\n<\/ul>\n<\/div>\n<\/th>\n<th style=\"font-size: small;text-align: right;font-weight: normal;padding: 3px;border-top-width: 0pt;border-top-style: solid;border-top-color: gray;width: 350px\">\n<div style=\"font-size: small;font-weight: bold;padding: 3px;text-align: center;width: 99%;height: 18px;border-left-width: 0pt;border-left-style: solid;border-left-color: gray;border-top-width: 0pt;border-top-style: solid;border-top-color: gray;color: #d6dde3;background-color: #5c768f\">Les documents<\/div>\n<div style=\"font-size: small;font-weight: normal;padding: 3px;text-align: left;width: 99%;border-left-width: 0pt;border-left-style: solid;border-left-color: gray;border-top-width: 0pt;border-top-style: solid;border-top-color: gray;color: #5c768f;background-color: white\">Adh\u00e9rez \u00e0 l&rsquo;association sportive, vous participerez ainsi au rayonnement culturel du lyc\u00e9e Pierre Lagourgue.<\/div>\n<div style=\"font-size: small;font-weight: bold;padding: 3px;text-align: left;width: 99%;height: 15px;border-left-width: 0pt;border-left-style: solid;border-left-color: gray;border-top-width: 0pt;border-top-style: solid;border-top-color: gray;color: #5c768f;background-color: #e6e6e6\">Les t\u00e9l\u00e9chargements<\/div>\n<div style=\"font-size: small;font-weight: normal;padding: 3px;text-align: left;width: 99%;height: 15px;border-left-width: 0pt;border-left-style: solid;border-left-color: gray;border-top-width: 0pt;border-top-style: solid;border-top-color: gray;color: #5c768f;background-color: white\">La fiche d&rsquo;adhesion \u00e0 l&rsquo;association sportive<\/div>\n<div style=\"font-size: small;font-weight: normal;padding: 3px;text-align: left;width: 99%;height: 15px;border-left-width: 0pt;border-left-style: solid;border-left-color: gray;border-top-width: 0pt;border-top-style: solid;border-top-color: gray;color: #5c768f;background-color: white\">Le r\u00e8glement int\u00e9rieur de l&rsquo;association sportive<\/div>\n<div style=\"font-size: small;font-weight: normal;padding: 3px;text-align: left;width: 99%;height: 15px;border-left-width: 0pt;border-left-style: solid;border-left-color: gray;border-top-width: 0pt;border-top-style: solid;border-top-color: gray;color: #5c768f;background-color: white\">Les statuts de l&rsquo;association sportive<\/div>\n<div style=\"font-size: small;font-weight: bold;padding: 3px;text-align: center;width: 99%;height: 18px;border-left-width: 0pt;border-left-style: solid;border-left-color: gray;border-top-width: 0pt;border-top-style: solid;border-top-color: gray;color: #d6dde3;background-color: #5c768f\">\u00a0Modalit\u00e9s d&rsquo;inscriptions<\/div>\n<div style=\"font-size: small;font-weight: normal;padding: 3px;text-align: left;width: 99%;border-left-width: 0pt;border-left-style: solid;border-left-color: gray;border-top-width: 0pt;border-top-style: solid;border-top-color: gray;color: #5c768f;background-color: white\">L&rsquo;inscription est possible Lors de l&rsquo;assembl\u00e9e g\u00e9n\u00e9rale du d\u00e9but d&rsquo;ann\u00e9e ou aupr\u00e8s des professeurs responsables le jour des entra\u00eenements.<\/div>\n<div style=\"font-size: small;font-weight: bold;padding: 3px;text-align: left;width: 99%;height: 15px;border-left-width: 0pt;border-left-style: solid;border-left-color: gray;border-top-width: 0pt;border-top-style: solid;border-top-color: gray;color: #5c768f;background-color: #e6e6e6\">Pi\u00e8ces \u00e0 fournir :<\/div>\n<div style=\"font-size: small;font-weight: normal;padding: 3px;text-align: left;width: 99%;border-left-width: 0pt;border-left-style: solid;border-left-color: gray;border-top-width: 0pt;border-top-style: solid;border-top-color: gray;color: #5c768f;background-color: white\">Une autorisation parentale.<\/div>\n<div style=\"font-size: small;font-weight: normal;padding: 3px;text-align: left;width: 99%;border-left-width: 0pt;border-left-style: solid;border-left-color: gray;border-top-width: 0pt;border-top-style: solid;border-top-color: gray;color: #5c768f;background-color: white\">Un certificat m\u00e9dical de non-contre indication \u00e0 la comp\u00e9tition dans l&rsquo;activit\u00e9.<\/div>\n<div style=\"font-size: small;font-weight: normal;padding: 3px;text-align: left;width: 99%;border-left-width: 0pt;border-left-style: solid;border-left-color: gray;border-top-width: 0pt;border-top-style: solid;border-top-color: gray;color: #5c768f;background-color: white\">Deux photographies d&rsquo;identit\u00e9s r\u00e9centes.<\/div>\n<div style=\"font-size: small;font-weight: normal;padding: 3px;text-align: left;width: 99%;border-left-width: 0pt;border-left-style: solid;border-left-color: gray;border-top-width: 0pt;border-top-style: solid;border-top-color: gray;color: #5c768f;background-color: white\">Un ch\u00e8que de 20 euros \u00e0 l&rsquo;ordre de l&rsquo;association sportive du lyc\u00e9e Pierre Lagourgue.<\/div>\n<div style=\"font-size: small;font-weight: normal;padding: 3px;text-align: left;width: 99%;border-left-width: 0pt;border-left-style: solid;border-left-color: gray;border-top-width: 0pt;border-top-style: solid;border-top-color: gray;color: #5c768f;background-color: white\">\n<div style=\"font-size: small;font-weight: bold;padding: 3px;text-align: center;width: 99%;height: 18px;border-left-width: 0pt;border-left-style: solid;border-left-color: gray;border-top-width: 0pt;border-top-style: solid;border-top-color: gray;color: #d6dde3;background-color: #5c768f\">Le bureau directeur de l&rsquo;association sportive<\/div>\n<div style=\"font-size: small;font-weight: bold;padding: 3px;text-align: left;width: 99%;height: 15px;border-left-width: 0pt;border-left-style: solid;border-left-color: gray;border-top-width: 0pt;border-top-style: solid;border-top-color: gray;color: #5c768f;background-color: #e6e6e6\">Pr\u00e9sidente : Mme M. Bodere-Rakotoarimanana<\/div>\n<div style=\"font-size: small;font-weight: bold;padding: 3px;text-align: left;width: 99%;height: 15px;border-left-width: 0pt;border-left-style: solid;border-left-color: gray;border-top-width: 0pt;border-top-style: solid;border-top-color: gray;color: #5c768f;background-color: #e6e6e6\">Secr\u00e9taire :<\/div>\n<div style=\"font-size: small;font-weight: bold;padding: 3px;text-align: left;width: 99%;height: 15px;border-left-width: 0pt;border-left-style: solid;border-left-color: gray;border-top-width: 0pt;border-top-style: solid;border-top-color: gray;color: #5c768f;background-color: #e6e6e6\">Tr\u00e9sorier :<\/div>\n<\/div>\n<\/th>\n<\/tr>\n<\/tbody>\n<\/table>\n","protected":false},"excerpt":{"rendered":"<p>La pr\u00e9sentation L&rsquo;existence d&rsquo;une association sportive dans chaque \u00e9tablissement scolaire est une obligation l\u00e9gale (loi de 1984 modifi\u00e9e sur le sport). Ce sont ainsi plus de 900 000 \u00e9l\u00e8ves qui sont licenci\u00e9s \u00e0 l&rsquo;UNSS, f\u00e9d\u00e9ration multisports regroupant les 9 000<\/p>\n<p class=\"continue-reading-button\"> <a class=\"continue-reading-link\" href=\"https:\/\/etab.ac-reunion.fr\/lyc-pierre-lagourgue\/lassociation-sportive\/\">la suite &#8230;<i class=\"crycon-right-dir\"><\/i><\/a><\/p>\n","protected":false},"author":11686,"featured_media":0,"parent":0,"menu_order":0,"comment_status":"closed","ping_status":"closed","template":"templates\/template-onecolumn.php","meta":{"footnotes":""},"class_list":["post-514","page","type-page","status-publish","hentry"],"_links":{"self":[{"href":"https:\/\/etab.ac-reunion.fr\/lyc-pierre-lagourgue\/wp-json\/wp\/v2\/pages\/514","targetHints":{"allow":["GET"]}}],"collection":[{"href":"https:\/\/etab.ac-reunion.fr\/lyc-pierre-lagourgue\/wp-json\/wp\/v2\/pages"}],"about":[{"href":"https:\/\/etab.ac-reunion.fr\/lyc-pierre-lagourgue\/wp-json\/wp\/v2\/types\/page"}],"author":[{"embeddable":true,"href":"https:\/\/etab.ac-reunion.fr\/lyc-pierre-lagourgue\/wp-json\/wp\/v2\/users\/11686"}],"replies":[{"embeddable":true,"href":"https:\/\/etab.ac-reunion.fr\/lyc-pierre-lagourgue\/wp-json\/wp\/v2\/comments?post=514"}],"version-history":[{"count":25,"href":"https:\/\/etab.ac-reunion.fr\/lyc-pierre-lagourgue\/wp-json\/wp\/v2\/pages\/514\/revisions"}],"predecessor-version":[{"id":1055,"href":"https:\/\/etab.ac-reunion.fr\/lyc-pierre-lagourgue\/wp-json\/wp\/v2\/pages\/514\/revisions\/1055"}],"wp:attachment":[{"href":"https:\/\/etab.ac-reunion.fr\/lyc-pierre-lagourgue\/wp-json\/wp\/v2\/media?parent=514"}],"curies":[{"name":"wp","href":"https:\/\/api.w.org\/{rel}","templated":true}]}}