{"id":519,"date":"2016-06-21T08:46:48","date_gmt":"2016-06-21T07:46:48","guid":{"rendered":"http:\/\/lycee-pierre-lagourgue.ac-reunion.fr\/?page_id=519"},"modified":"2017-05-10T21:42:39","modified_gmt":"2017-05-10T17:42:39","slug":"la-maisons-des-lyceens","status":"publish","type":"page","link":"https:\/\/etab.ac-reunion.fr\/lyc-pierre-lagourgue\/la-maisons-des-lyceens\/","title":{"rendered":"Conseil des d\u00e9l\u00e9gu\u00e9s pour la vie lyc\u00e9enne"},"content":{"rendered":"<div class=\"fiche-item\">\n<div id=\"fiche-item-1\" class=\"fiche-item-content collapse in\">\n<p>Organe consultatif, le CVL d\u00e9bat des questions du travail scolaire et des conditions de vie des \u00e9l\u00e8ves.<\/p>\n<div>\n<p class=\"fiche-title-1\"><span style=\"text-decoration: underline\"><strong>Formulation de propositions<\/strong><\/span><\/p>\n<p>Le CVL formule des propositions sur\u00a0:<\/p>\n<ul>\n<li>la formation des repr\u00e9sentants d&rsquo;\u00e9l\u00e8ves,<\/li>\n<li>les conditions d&rsquo;utilisation des fonds lyc\u00e9ens.<\/li>\n<\/ul>\n<\/div>\n<p class=\"fiche-title-1\"><strong><span style=\"text-decoration: underline\">Consultation obligatoire du CVL<\/span><\/strong><\/p>\n<p>Il est obligatoirement consult\u00e9 sur\u00a0:<\/p>\n<ul>\n<li>l&rsquo;organisation des \u00e9tudes et du temps scolaire,<\/li>\n<li>l&rsquo;\u00e9laboration du projet d&rsquo;\u00e9tablissement,<\/li>\n<li>l&rsquo;\u00e9laboration ou la modification du r\u00e8glement int\u00e9rieur,<\/li>\n<li>les modalit\u00e9s g\u00e9n\u00e9rales de l&rsquo;organisation du travail personnel et du soutien des \u00e9l\u00e8ves,<\/li>\n<li>l&rsquo;information li\u00e9e \u00e0 l&rsquo;orientation et portant sur les \u00e9tudes scolaires et universitaires et les carri\u00e8res professionnelles,<\/li>\n<li>la sant\u00e9, l&rsquo;hygi\u00e8ne et la s\u00e9curit\u00e9 et l&rsquo;am\u00e9nagement des espaces destin\u00e9s \u00e0 la vie lyc\u00e9enne,<\/li>\n<li>l&rsquo;organisation des activit\u00e9s sportives, culturelles et p\u00e9riscolaires.<\/li>\n<\/ul>\n<p>Il est consult\u00e9 avant chaque <a href=\"https:\/\/www.service-public.fr\/particuliers\/vosdroits\/F1393\">conseil d&rsquo;administration<\/a> quand l&rsquo;ordre du jour inclut un de ses domaines de comp\u00e9tences.<\/p>\n<div id=\"fiche-item-2\" class=\"fiche-item-content collapse in\">\n<p>Le conseil des d\u00e9l\u00e9gu\u00e9s pour la vie lyc\u00e9enne comprend :<\/p>\n<ul>\n<li>10 repr\u00e9sentants des \u00e9l\u00e8ves,<\/li>\n<li>8 repr\u00e9sentants de personnels travaillant au lyc\u00e9e,<\/li>\n<li>2 repr\u00e9sentants de parents d&rsquo;\u00e9l\u00e8ves.<\/li>\n<\/ul>\n<p>Le CVL est pr\u00e9sid\u00e9 par le chef d&rsquo;\u00e9tablissement.Le vice-pr\u00e9sident du conseil est un lyc\u00e9en, \u00e9lu pour un an par l&rsquo;ensemble des membres lyc\u00e9ens du CVL, lors de sa 1<sup>re<\/sup> r\u00e9union.<\/p>\n<\/div>\n<\/div>\n<\/div>\n<div class=\"fiche-item\">\n<div id=\"fiche-item-3\" class=\"fiche-item-content collapse in\">\n<p>Les repr\u00e9sentants lyc\u00e9ens au CVL sont \u00e9lus pour 2 ans par l&rsquo;ensemble des \u00e9l\u00e8ves de l&rsquo;\u00e9tablissement. Le CVL est renouvel\u00e9 par moiti\u00e9 chaque ann\u00e9e.<\/p>\n<p class=\"fiche-title-1\"><strong><span style=\"text-decoration: underline\">Candidatures<\/span><\/strong><\/p>\n<p>Chaque \u00e9l\u00e8ve inscrit sur la liste \u00e9lectorale de l&rsquo;\u00e9tablissement peut \u00eatre candidat (m\u00eame s&rsquo;il est d\u00e9j\u00e0 d\u00e9l\u00e9gu\u00e9 de classe).<\/p>\n<p>Chaque d\u00e9claration de candidature doit comporter le nom d&rsquo;un titulaire et celui d&rsquo;un suppl\u00e9ant.<\/p>\n<p>La candidature (accompagn\u00e9e, le cas \u00e9ch\u00e9ant, d&rsquo;une profession de foi) doit \u00eatre remise au chef d&rsquo;\u00e9tablissement au moins 10 jours avant la date des \u00e9lections.<\/p>\n<p class=\"fiche-title-1\"><strong><span style=\"text-decoration: underline\">Liste \u00e9lectorale<\/span><\/strong><\/p>\n<p>Elle est dress\u00e9e par le chef d&rsquo;\u00e9tablissement, 15 jours avant la date du scrutin.<\/p>\n<p>Elle comprend, par ordre alphab\u00e9tique, l&rsquo;ensemble des \u00e9l\u00e8ves de l&rsquo;\u00e9tablissement. Elle mentionne les nom, pr\u00e9nom(s) et classe.<\/p>\n<p>Elle est affich\u00e9e dans l&rsquo;\u00e9tablissement afin de permettre \u00e0 chaque \u00e9lecteur de v\u00e9rifier son inscription sur la liste.<\/p>\n<div>\u00c9lectionsLes \u00e9lections sont organis\u00e9es avant la fin de la 7<sup>e<\/sup> semaine de l&rsquo;ann\u00e9e scolaire.Elles doivent \u00eatre pr\u00e9c\u00e9d\u00e9es d&rsquo;une information \u00e0 l&rsquo;ensemble des lyc\u00e9ens.Les modalit\u00e9s d&rsquo;\u00e9lection doivent \u00eatre connues suffisamment t\u00f4t dans le courant du mois de septembre, afin de permettre aux \u00e9l\u00e8ves qui le souhaitent de pr\u00e9parer leur candidature.Tous les lyc\u00e9ens de l&rsquo;\u00e9tablissement peuvent voter. Il n&rsquo;y a qu&rsquo;un seul tour.En cas d&rsquo;\u00e9galit\u00e9 de voix, le candidat le plus jeune est d\u00e9clar\u00e9 \u00e9lu.<\/div>\n<div>\n<p class=\"fiche-title-1\">Contestations\u00a0sur la validit\u00e9 des \u00e9lections<\/p>\n<p>Les contestations doivent \u00eatre adress\u00e9es dans un d\u00e9lai de 5 jours ouvrables, \u00e0 partir de la proclamation des r\u00e9sultats, au chef d&rsquo;\u00e9tablissement. Celui-ci statue dans un d\u00e9lai de 8 jours.<\/p>\n<div id=\"fiche-item-4\" class=\"fiche-item-content collapse in\">\n<p>Le CVL se r\u00e9unit, sur convocation du chef d&rsquo;\u00e9tablissement, avant chaque s\u00e9ance ordinaire du conseil d&rsquo;administration.<\/p>\n<p class=\"fiche-item-content collapse in\">Il peut se r\u00e9unir en s\u00e9ance extraordinaire \u00e0 la demande de la moiti\u00e9 des repr\u00e9sentants lyc\u00e9ens, sur un ordre du jour arr\u00eat\u00e9 par le chef d&rsquo;\u00e9tablissement, apr\u00e8s consultation du vice-pr\u00e9sident lyc\u00e9en.<\/p>\n<p>Le CVL ne peut si\u00e9ger valablement que si la majorit\u00e9 des lyc\u00e9ens est pr\u00e9sente. Si cette majorit\u00e9 n&rsquo;est pas atteinte, le chef d&rsquo;\u00e9tablissement doit proc\u00e9der \u00e0 une nouvelle convocation du conseil dans un d\u00e9lai d&rsquo;au moins 3 jours et de 8 jours au plus. Il d\u00e9lib\u00e8re alors, quel que soit le nombre des membres pr\u00e9sents.<\/p>\n<p>Les avis, propositions et les comptes-rendus de s\u00e9ance du CVL sont communiqu\u00e9s au conseil d&rsquo;administration et, \u00e9ventuellement, inscrits \u00e0 son ordre du jour.<\/p>\n<p>Ils font l&rsquo;objet d&rsquo;un affichage dans l&rsquo;enceinte du lyc\u00e9e.<\/p>\n<p>Il peut se r\u00e9unir en s\u00e9ance extraordinaire \u00e0 la demande de la moiti\u00e9 des repr\u00e9sentants lyc\u00e9ens, sur un ordre du jour arr\u00eat\u00e9 par le chef d&rsquo;\u00e9tablissement, apr\u00e8s consultation du vice-pr\u00e9sident lyc\u00e9en.<\/p>\n<p>Le CVL ne peut si\u00e9ger valablement que si la majorit\u00e9 des lyc\u00e9ens est pr\u00e9sente. Si cette majorit\u00e9 n&rsquo;est pas atteinte, le chef d&rsquo;\u00e9tablissement doit proc\u00e9der \u00e0 une nouvelle convocation du conseil dans un d\u00e9lai d&rsquo;au moins 3 jours et de 8 jours au plus. Il d\u00e9lib\u00e8re alors, quel que soit le nombre des membres pr\u00e9sents.<\/p>\n<p>Les avis, propositions et les comptes-rendus de s\u00e9ance du CVL sont communiqu\u00e9s au conseil d&rsquo;administration et, \u00e9ventuellement, inscrits \u00e0 son ordre du jour.<\/p>\n<p>Ils font l&rsquo;objet d&rsquo;un affichage dans l&rsquo;enceinte du lyc\u00e9e.<\/p>\n<hr \/>\n<p>Texte de r\u00e9f\u00e9rence<\/p>\n<p><a title=\"Code de l'\u00e9ducation : articles R421-43 \u00e0 R421-45 - Nouvelle fen\u00eatre\" href=\"http:\/\/www.legifrance.gouv.fr\/affichCode.do?idSectionTA=LEGISCTA000018380682&amp;cidTexte=LEGITEXT000006071191\" target=\"_blank\" rel=\"noopener noreferrer\">Code de l&rsquo;\u00e9ducation : articles R421-43 \u00e0 R421-45 <\/a><\/p>\n<\/div>\n<\/div>\n<\/div>\n<\/div>\n","protected":false},"excerpt":{"rendered":"<p>Organe consultatif, le CVL d\u00e9bat des questions du travail scolaire et des conditions de vie des \u00e9l\u00e8ves. Formulation de propositions Le CVL formule des propositions sur\u00a0: la formation des repr\u00e9sentants d&rsquo;\u00e9l\u00e8ves, les conditions d&rsquo;utilisation des fonds lyc\u00e9ens. Consultation obligatoire du<\/p>\n<p class=\"continue-reading-button\"> <a class=\"continue-reading-link\" href=\"https:\/\/etab.ac-reunion.fr\/lyc-pierre-lagourgue\/la-maisons-des-lyceens\/\">la suite &#8230;<i class=\"crycon-right-dir\"><\/i><\/a><\/p>\n","protected":false},"author":11686,"featured_media":0,"parent":0,"menu_order":0,"comment_status":"closed","ping_status":"closed","template":"templates\/template-onecolumn.php","meta":{"footnotes":""},"class_list":["post-519","page","type-page","status-publish","hentry"],"_links":{"self":[{"href":"https:\/\/etab.ac-reunion.fr\/lyc-pierre-lagourgue\/wp-json\/wp\/v2\/pages\/519","targetHints":{"allow":["GET"]}}],"collection":[{"href":"https:\/\/etab.ac-reunion.fr\/lyc-pierre-lagourgue\/wp-json\/wp\/v2\/pages"}],"about":[{"href":"https:\/\/etab.ac-reunion.fr\/lyc-pierre-lagourgue\/wp-json\/wp\/v2\/types\/page"}],"author":[{"embeddable":true,"href":"https:\/\/etab.ac-reunion.fr\/lyc-pierre-lagourgue\/wp-json\/wp\/v2\/users\/11686"}],"replies":[{"embeddable":true,"href":"https:\/\/etab.ac-reunion.fr\/lyc-pierre-lagourgue\/wp-json\/wp\/v2\/comments?post=519"}],"version-history":[{"count":12,"href":"https:\/\/etab.ac-reunion.fr\/lyc-pierre-lagourgue\/wp-json\/wp\/v2\/pages\/519\/revisions"}],"predecessor-version":[{"id":2776,"href":"https:\/\/etab.ac-reunion.fr\/lyc-pierre-lagourgue\/wp-json\/wp\/v2\/pages\/519\/revisions\/2776"}],"wp:attachment":[{"href":"https:\/\/etab.ac-reunion.fr\/lyc-pierre-lagourgue\/wp-json\/wp\/v2\/media?parent=519"}],"curies":[{"name":"wp","href":"https:\/\/api.w.org\/{rel}","templated":true}]}}