{"id":535,"date":"2016-06-21T08:51:19","date_gmt":"2016-06-21T07:51:19","guid":{"rendered":"http:\/\/lycee-pierre-lagourgue.ac-reunion.fr\/?page_id=535"},"modified":"2019-11-05T08:51:59","modified_gmt":"2019-11-05T04:51:59","slug":"la-maisons-des-lyceens-2","status":"publish","type":"page","link":"https:\/\/etab.ac-reunion.fr\/lyc-pierre-lagourgue\/la-maisons-des-lyceens-2\/","title":{"rendered":"La maisons des lyc\u00e9ens"},"content":{"rendered":"\n<div class=\"wp-block-columns has-2-columns is-layout-flex wp-container-core-columns-is-layout-9d6595d7 wp-block-columns-is-layout-flex\">\n<div class=\"wp-block-column is-layout-flow wp-block-column-is-layout-flow\"><p><br>\n<!--StartFragment--><\/p>\n\n\n<p>Une Maison des lyc\u00e9ens (MDL) existe dans chaque lyc\u00e9e. C&rsquo;est une association g\u00e9r\u00e9e directement par les \u00e9l\u00e8ves de 16 ans ou plus. Son r\u00f4le ? Participer au d\u00e9veloppement de la vie sociale, culturelle et sportive dans l&rsquo;\u00e9tablissement.<\/p>\n\n\n\n<p><strong>Une maison des lyc\u00e9ens, pour quoi faire ?<\/strong><\/p>\n\n\n\n<p>La MDL d\u00e9veloppe et soutient des projets sportifs, culturels, humanitaires ou li\u00e9s \u00e0 la citoyennet\u00e9. Le Conseil des d\u00e9l\u00e9gu\u00e9s pour la vie lyc\u00e9enne (CVL) travaille avec elle, pour l&rsquo;aider \u00e0 r\u00e9aliser ses projets et \u00e0 les faire conna\u00eetre.<\/p>\n\n\n\n<p>Pour financer ses projets, la MDL peut organiser des activit\u00e9s pour r\u00e9colter des fonds : f\u00eate de fin d&rsquo;ann\u00e9e, gestion d&rsquo;une caf\u00e9t\u00e9ria, expositions, etc. Elle assure aussi la promotion des moyens d&rsquo;expression des lyc\u00e9ens : droits d&rsquo;association, de r\u00e9union, de publication, etc.<\/p>\n\n\n\n<p>Attention, une maison des lyc\u00e9ens n&rsquo;est pas obligatoirement un lieu physique.<\/p>\n<\/div>\n\n\n\n<div class=\"wp-block-column is-layout-flow wp-block-column-is-layout-flow\"><div class=\"su-spoiler su-spoiler-style-simple su-spoiler-icon-caret-square\" data-scroll-offset=\"0\" data-anchor-in-url=\"no\"><div class=\"su-spoiler-title\" tabindex=\"0\" role=\"button\"><span class=\"su-spoiler-icon\"><\/span>Actualit\u00e9s de la MDL<\/div><div class=\"su-spoiler-content su-u-clearfix su-u-trim\">\n\n<div class=\"su-posts su-posts-teaser-loop \">\n\n\t\n\t\t<p class=\"su-posts-not-found\">Articles non trouv\u00e9s<\/p>\n\n\t\n<\/div>\n<\/div><\/div>\n<div class=\"su-spoiler su-spoiler-style-simple su-spoiler-icon-caret-square\" data-scroll-offset=\"0\" data-anchor-in-url=\"no\"><div class=\"su-spoiler-title\" tabindex=\"0\" role=\"button\"><span class=\"su-spoiler-icon\"><\/span>Archives de la MDL<\/div><div class=\"su-spoiler-content su-u-clearfix su-u-trim\">\n\n<div class=\"su-posts su-posts-teaser-loop \">\n\n\t\n\t\t<p class=\"su-posts-not-found\">Articles non trouv\u00e9s<\/p>\n\n\t\n<\/div>\n<\/div><\/div>\n<\/div>\n<\/div>\n\n\n\n<p><strong>Comment cr\u00e9er une Maison des lyc\u00e9ens ?<\/strong><\/p>\n\n\n\n<p>Composition : qui sont les membres ?<\/p>\n\n\n\n<ul class=\"wp-block-list\"><li>Tous les lyc\u00e9ens peuvent adh\u00e9rer et devenir membres de la MDL.<\/li><li>L&rsquo;association peut aussi regrouper des b\u00e9n\u00e9voles.<\/li><li>D\u00e8s 16 ans, chaque \u00e9l\u00e8ve peut assurer des responsabilit\u00e9s de gestion de l&rsquo;association, en int\u00e9grant par exemple le conseil d&rsquo;administration ou le bureau de l&rsquo;association.<\/li><li>Tout adulte de l&rsquo;\u00e9tablissement peut apporter son soutien au fonctionnement et \u00e0 la gestion de l&rsquo;association, et notamment le r\u00e9f\u00e9rent vie lyc\u00e9enne.<\/li><li>L&rsquo;assembl\u00e9e g\u00e9n\u00e9rale (AG) comprend tous les membres \u00e0 jour de leur cotisation, dont le montant est fix\u00e9 par le conseil d&rsquo;administration. L&rsquo;AG se r\u00e9unit au moins une fois par an et d\u00e9finit notamment les orientations et le programme d&rsquo;activit\u00e9s de l&rsquo;association.<\/li><li>L&rsquo;AG \u00e9lit un conseil d&rsquo;administration (CA), charg\u00e9 d&rsquo;assurer la gestion de l&rsquo;association.<\/li><li>Le CA \u00e9lit en son sein un bureau, compos\u00e9 d&rsquo;au moins un pr\u00e9sident, un secr\u00e9taire g\u00e9n\u00e9ral et un tr\u00e9sorier. Les mineurs de plus de 16 ans peuvent occuper ces fonctions, avec l&rsquo;accord de leurs parents. Le bureau pr\u00e9pare et ex\u00e9cute les d\u00e9cisions du CA.<\/li><\/ul>\n\n\n\n<p>R\u00e9daction des statuts et formalit\u00e9s pratiques<\/p>\n\n\n\n<p>Les d\u00e9marches administratives se font en deux temps.<\/p>\n\n\n\n<p>Premi\u00e8rement, il faut <strong>un projet, formalis\u00e9 dans les statuts de l&rsquo;association<\/strong>, en conformit\u00e9 avec le projet d&rsquo;\u00e9tablissement Les statuts doivent obligatoirement comprendre :<\/p>\n\n\n\n<ul class=\"wp-block-list\"><li>le nom ou titre de l&rsquo;association, son objet et son adresse ou si\u00e8ge social ;<\/li><li>ses modalit\u00e9s d&rsquo;organisation et ses r\u00e8gles de gouvernance : assembl\u00e9e g\u00e9n\u00e9rale, conseil d&rsquo;administration, bureau, conditions d&rsquo;adh\u00e9sion, droit de vote, ressources.<\/li><\/ul>\n\n\n\n<p>Une fois les statuts r\u00e9dig\u00e9s, une copie doit \u00eatre d\u00e9pos\u00e9e aupr\u00e8s du chef d&rsquo;\u00e9tablissement. Le conseil d&rsquo;administration du lyc\u00e9e autorise le fonctionnement de la MDL dans l&rsquo;\u00e9tablissement.<\/p>\n\n\n\n<p>Deuxi\u00e8mement, il faut <strong>d\u00e9clarer l&rsquo;association et d\u00e9poser ses statuts<\/strong> aupr\u00e8s du service de la vie associative de la pr\u00e9fecture du si\u00e8ge social de l&rsquo;association, \u00e0 l&rsquo;aide de formulaires administratifs simples \u00e0 remplir. La pr\u00e9fecture se charge ensuite d&rsquo;assurer la publication d&rsquo;un extrait de la d\u00e9claration de cr\u00e9ation de l&rsquo;association au Journal officiel pour en assurer la publicit\u00e9. Cette publication co\u00fbte 44\u20ac.<\/p>\n\n\n\n<p><strong>Fonctionnement quotidien de la MDL<\/strong><\/p>\n\n\n\n<p><strong>Le budget de la Maison des lyc\u00e9ens est distinct de celui du lyc\u00e9e<\/strong>. Le programme des activit\u00e9s de l&rsquo;association contribue \u00e0 enrichir le projet culturel de l&rsquo;\u00e9tablissement, notamment pour ce qui rel\u00e8ve de la culture au lyc\u00e9e.<\/p>\n\n\n\n<p>La MDL doit contracter une <strong>assurance<\/strong> pour couvrir les risques \u00e9ventuels qui peuvent survenir \u00e0 l&rsquo;occasion de ses activit\u00e9s. Elle doit \u00e9galement disposer d&rsquo;un <strong>compte bancaire<\/strong>, pour faciliter et s\u00e9curiser ses op\u00e9rations de gestion.<\/p>\n\n\n\n<p>Les recettes peuvent provenir de divers produits :<\/p>\n\n\n\n<ul class=\"wp-block-list\"><li>les cotisations des adh\u00e9rents ;<\/li><li>les dons ;<\/li><li>les produits des activit\u00e9s de l&rsquo;association ;<\/li><li>les subventions publiques ;<\/li><li>les dotations de l&rsquo;\u00e9tablissement.<\/li><\/ul>\n\n\n\n<p>La MDL peut faire des b\u00e9n\u00e9fices au titre de ses activit\u00e9s, mais ni les membres du conseil d&rsquo;administration de l&rsquo;association, ni les membres du bureau ne peuvent recevoir une r\u00e9tribution quelconque en raison des fonctions qui leur sont confi\u00e9es.<\/p>\n\n\n\n<p><\/p>\n\n\n\n<p><strong>Textes de r\u00e9f\u00e9rence<\/strong><\/p>\n\n\n\n<p><a href=\"http:\/\/www.legifrance.gouv.fr\/affichTexte.do?cidTexte=LEGITEXT000006069570\" target=\"_blank\" rel=\"noreferrer noopener\">Loi du 1er juillet 1901 sur le contrat d&rsquo;association<\/a><\/p>\n\n\n\n<p><a href=\"http:\/\/www.legifrance.gouv.fr\/affichCode.do;jsessionid=A78054040DB8B3CF666E0B0FF7BB12F7.tpdjo13v_3?idSectionTA=LEGISCTA000020743440&amp;cidTexte=LEGITEXT000006071191&amp;dateTexte=20090910\" target=\"_blank\" rel=\"noreferrer noopener\">Article R. 511-9 du code de l&rsquo;\u00e9ducation sur la libert\u00e9 d&rsquo;association<\/a><\/p>\n\n\n\n<p><a href=\"http:\/\/www.education.gouv.fr\/pid23791\/special-4-fevrier-2010.html\" target=\"_blank\" rel=\"noreferrer noopener\">Circulaire n\u00b02010-009 du 29 janvier 2010 relative \u00e0 la Maison des lyc\u00e9ens<\/a><\/p>\n","protected":false},"excerpt":{"rendered":"<p>Une Maison des lyc\u00e9ens (MDL) existe dans chaque lyc\u00e9e. C&rsquo;est une association g\u00e9r\u00e9e directement par les \u00e9l\u00e8ves de 16 ans ou plus. Son r\u00f4le ? Participer au d\u00e9veloppement de la vie sociale, culturelle et sportive dans l&rsquo;\u00e9tablissement. Une maison des<\/p>\n<p class=\"continue-reading-button\"> <a class=\"continue-reading-link\" href=\"https:\/\/etab.ac-reunion.fr\/lyc-pierre-lagourgue\/la-maisons-des-lyceens-2\/\">la suite &#8230;<i class=\"crycon-right-dir\"><\/i><\/a><\/p>\n","protected":false},"author":22677,"featured_media":0,"parent":0,"menu_order":0,"comment_status":"closed","ping_status":"closed","template":"templates\/template-onecolumn.php","meta":{"footnotes":""},"class_list":["post-535","page","type-page","status-publish","hentry"],"_links":{"self":[{"href":"https:\/\/etab.ac-reunion.fr\/lyc-pierre-lagourgue\/wp-json\/wp\/v2\/pages\/535","targetHints":{"allow":["GET"]}}],"collection":[{"href":"https:\/\/etab.ac-reunion.fr\/lyc-pierre-lagourgue\/wp-json\/wp\/v2\/pages"}],"about":[{"href":"https:\/\/etab.ac-reunion.fr\/lyc-pierre-lagourgue\/wp-json\/wp\/v2\/types\/page"}],"author":[{"embeddable":true,"href":"https:\/\/etab.ac-reunion.fr\/lyc-pierre-lagourgue\/wp-json\/wp\/v2\/users\/22677"}],"replies":[{"embeddable":true,"href":"https:\/\/etab.ac-reunion.fr\/lyc-pierre-lagourgue\/wp-json\/wp\/v2\/comments?post=535"}],"version-history":[{"count":10,"href":"https:\/\/etab.ac-reunion.fr\/lyc-pierre-lagourgue\/wp-json\/wp\/v2\/pages\/535\/revisions"}],"predecessor-version":[{"id":4636,"href":"https:\/\/etab.ac-reunion.fr\/lyc-pierre-lagourgue\/wp-json\/wp\/v2\/pages\/535\/revisions\/4636"}],"wp:attachment":[{"href":"https:\/\/etab.ac-reunion.fr\/lyc-pierre-lagourgue\/wp-json\/wp\/v2\/media?parent=535"}],"curies":[{"name":"wp","href":"https:\/\/api.w.org\/{rel}","templated":true}]}}