{"id":5442,"date":"2021-11-19T14:59:51","date_gmt":"2021-11-19T10:59:51","guid":{"rendered":"http:\/\/lycee-pierre-lagourgue.ac-reunion.fr\/?page_id=5442"},"modified":"2022-11-29T09:43:49","modified_gmt":"2022-11-29T05:43:49","slug":"contact","status":"publish","type":"page","link":"https:\/\/etab.ac-reunion.fr\/lyc-pierre-lagourgue\/contact\/","title":{"rendered":"Contacts"},"content":{"rendered":"\n<hr class=\"wp-block-separator has-css-opacity\" \/>\n\n\n\n<p class=\"has-medium-font-size\"><strong>Lyc\u00e9e Pierre Lagourgue<\/strong><\/p>\n\n\n\n<div class=\"wp-block-columns is-layout-flex wp-container-core-columns-is-layout-9d6595d7 wp-block-columns-is-layout-flex\">\n<div class=\"wp-block-column is-layout-flow wp-block-column-is-layout-flow\">\n<p class=\"has-background\" style=\"background-color:#8ebd5f\"><strong>Adresse :<\/strong><br>Lyc\u00e9e Pierre Lagourgue<br>30 Chemin Mazeau, Trois-Mares<br>97430 Le Tampon<\/p>\n\n\n\n<p class=\"has-background\" style=\"background-color:#8ebd5f\"><strong>Tel<\/strong> : 0262 96 49 49<\/p>\n\n\n\n<p class=\"has-background\" style=\"background-color:#8ebd5f\"><strong>Courriel<\/strong> : <br><a href=\"mailto:ce.9741263e@ac-reunion.fr\">ce.9741263e@ac-reunion.fr<\/a><\/p>\n<\/div>\n\n\n\n<div class=\"wp-block-column is-layout-flow wp-block-column-is-layout-flow\">\n<p class=\"has-background\" style=\"background-color:#8ebd5f\"><strong>Horaires <\/strong>:<br><br>Lundi, Mardi, Jeudi, Vendredi<br>7h40 &#8211; 17h20<br><br>Mercredi, Samedi<br>7h40 &#8211; 11h50<\/p>\n\n\n<div class=\"wp-block-image\">\n<figure class=\"aligncenter size-large is-resized\"><a href=\"https:\/\/twitter.com\/PLagourgueLycee\"><img loading=\"lazy\" decoding=\"async\" src=\"https:\/\/etab.ac-reunion.fr\/lyc-pierre-lagourgue\/wp-content\/uploads\/sites\/146\/2022\/11\/image-12-1024x864.png\" alt=\"\" class=\"wp-image-5848\" width=\"127\" height=\"106\" srcset=\"https:\/\/etab.ac-reunion.fr\/lyc-pierre-lagourgue\/wp-content\/uploads\/sites\/146\/2022\/11\/image-12-1024x864.png 1024w, https:\/\/etab.ac-reunion.fr\/lyc-pierre-lagourgue\/wp-content\/uploads\/sites\/146\/2022\/11\/image-12-200x169.png 200w, https:\/\/etab.ac-reunion.fr\/lyc-pierre-lagourgue\/wp-content\/uploads\/sites\/146\/2022\/11\/image-12-1536x1296.png 1536w, https:\/\/etab.ac-reunion.fr\/lyc-pierre-lagourgue\/wp-content\/uploads\/sites\/146\/2022\/11\/image-12-2048x1728.png 2048w\" sizes=\"auto, (max-width: 127px) 100vw, 127px\" \/><\/a><\/figure>\n<\/div>\n\n\n<figure class=\"wp-block-embed aligncenter is-type-rich is-provider-twitter wp-block-embed-twitter\"><div class=\"wp-block-embed__wrapper\">\n<a class=\"twitter-timeline\" data-width=\"900\" data-height=\"1000\" data-dnt=\"true\" href=\"https:\/\/twitter.com\/PLagourgueLycee?ref_src=twsrc%5Etfw\">Tweets by PLagourgueLycee<\/a><script async src=\"https:\/\/platform.twitter.com\/widgets.js\" charset=\"utf-8\"><\/script>\n<\/div><\/figure>\n<\/div>\n\n\n\n<div class=\"wp-block-column is-layout-flow wp-block-column-is-layout-flow\"><div class=\"su-gmap su-u-responsive-media-yes\"><iframe loading=\"lazy\" width=\"600\" height=\"400\" src=\"\/\/maps.google.com\/maps?q=Lyc%C3%A9e%20Pierre%20Lagougue&amp;output=embed\" title=\"\"><\/iframe><\/div>\n<\/div>\n<\/div>\n\n\n\n<hr class=\"wp-block-separator has-css-opacity\" \/>\n\n\n\n<p class=\"has-pale-cyan-blue-background-color has-background has-medium-font-size\"><strong>Associations de Parents<\/strong><\/p>\n\n\n\n<div class=\"wp-block-columns is-layout-flex wp-container-core-columns-is-layout-9d6595d7 wp-block-columns-is-layout-flex\">\n<div class=\"wp-block-column is-layout-flow wp-block-column-is-layout-flow\">\n<figure class=\"wp-block-image size-full\"><a href=\"apeps.re\"><img loading=\"lazy\" decoding=\"async\" width=\"682\" height=\"216\" src=\"https:\/\/etab.ac-reunion.fr\/lyc-pierre-lagourgue\/wp-content\/uploads\/sites\/146\/2020\/06\/apeps-vig.png\" alt=\"\" class=\"wp-image-4974\" srcset=\"https:\/\/etab.ac-reunion.fr\/lyc-pierre-lagourgue\/wp-content\/uploads\/sites\/146\/2020\/06\/apeps-vig.png 682w, https:\/\/etab.ac-reunion.fr\/lyc-pierre-lagourgue\/wp-content\/uploads\/sites\/146\/2020\/06\/apeps-vig-200x63.png 200w, https:\/\/etab.ac-reunion.fr\/lyc-pierre-lagourgue\/wp-content\/uploads\/sites\/146\/2020\/06\/apeps-vig-150x48.png 150w\" sizes=\"auto, (max-width: 682px) 100vw, 682px\" \/><\/a><\/figure>\n\n\n\n<p> <strong>Coordonn\u00e9e :<\/strong><br>T\u00e9l\u00e9phone : 0262 27 08 49<br>Mail : <a rel=\"noreferrer noopener\" href=\"mailto:apeps.tampon974@gmail.com\" target=\"_blank\">apepsgestion@orange.fr<\/a><br><a href=\"https:\/\/www.facebook.com\/Apeps-tampon-100610341321498\/\">h<\/a><a href=\"https:\/\/www.facebook.com\/apeps.tampon\/\">ttps:\/\/www.facebook.com\/apeps.tampon\/<\/a><br><a href=\"https:\/\/apeps.re\">https:\/\/apeps.re<\/a> <\/p>\n<\/div>\n\n\n\n<div class=\"wp-block-column is-layout-flow wp-block-column-is-layout-flow\">\n<figure class=\"wp-block-image size-full is-resized\"><a href=\"https:\/\/974.fcpe-asso.fr\/\"><img loading=\"lazy\" decoding=\"async\" src=\"https:\/\/etab.ac-reunion.fr\/lyc-pierre-lagourgue\/wp-content\/uploads\/sites\/146\/2020\/06\/fcpe-vig.png\" alt=\"\" class=\"wp-image-4970\" width=\"352\" height=\"299\" srcset=\"https:\/\/etab.ac-reunion.fr\/lyc-pierre-lagourgue\/wp-content\/uploads\/sites\/146\/2020\/06\/fcpe-vig.png 456w, https:\/\/etab.ac-reunion.fr\/lyc-pierre-lagourgue\/wp-content\/uploads\/sites\/146\/2020\/06\/fcpe-vig-200x170.png 200w, https:\/\/etab.ac-reunion.fr\/lyc-pierre-lagourgue\/wp-content\/uploads\/sites\/146\/2020\/06\/fcpe-vig-150x128.png 150w\" sizes=\"auto, (max-width: 352px) 100vw, 352px\" \/><\/a><figcaption class=\"wp-element-caption\"><strong>Coordonn\u00e9e<\/strong><br>0262 282 020<br><a href=\"https:\/\/www.facebook.com\/fcpe974\/\">https:\/\/www.facebook.com\/fcpe974\/<\/a><br><a href=\"https:\/\/974.fcpe-asso.fr\/lycee\">https:\/\/974.fcpe-asso.fr\/lycee<\/a><\/figcaption><\/figure>\n<\/div>\n<\/div>\n","protected":false},"excerpt":{"rendered":"<p>Lyc\u00e9e Pierre Lagourgue Adresse :Lyc\u00e9e Pierre Lagourgue30 Chemin Mazeau, Trois-Mares97430 Le Tampon Tel : 0262 96 49 49 Courriel : ce.9741263e@ac-reunion.fr Horaires : Lundi, Mardi, Jeudi, Vendredi7h40 &#8211; 17h20 Mercredi, Samedi7h40 &#8211; 11h50 Associations de Parents Coordonn\u00e9e :T\u00e9l\u00e9phone : 0262<\/p>\n<p class=\"continue-reading-button\"> <a class=\"continue-reading-link\" href=\"https:\/\/etab.ac-reunion.fr\/lyc-pierre-lagourgue\/contact\/\">la suite &#8230;<i class=\"crycon-right-dir\"><\/i><\/a><\/p>\n","protected":false},"author":22677,"featured_media":0,"parent":0,"menu_order":0,"comment_status":"closed","ping_status":"closed","template":"","meta":{"footnotes":""},"class_list":["post-5442","page","type-page","status-publish","hentry"],"_links":{"self":[{"href":"https:\/\/etab.ac-reunion.fr\/lyc-pierre-lagourgue\/wp-json\/wp\/v2\/pages\/5442","targetHints":{"allow":["GET"]}}],"collection":[{"href":"https:\/\/etab.ac-reunion.fr\/lyc-pierre-lagourgue\/wp-json\/wp\/v2\/pages"}],"about":[{"href":"https:\/\/etab.ac-reunion.fr\/lyc-pierre-lagourgue\/wp-json\/wp\/v2\/types\/page"}],"author":[{"embeddable":true,"href":"https:\/\/etab.ac-reunion.fr\/lyc-pierre-lagourgue\/wp-json\/wp\/v2\/users\/22677"}],"replies":[{"embeddable":true,"href":"https:\/\/etab.ac-reunion.fr\/lyc-pierre-lagourgue\/wp-json\/wp\/v2\/comments?post=5442"}],"version-history":[{"count":7,"href":"https:\/\/etab.ac-reunion.fr\/lyc-pierre-lagourgue\/wp-json\/wp\/v2\/pages\/5442\/revisions"}],"predecessor-version":[{"id":5853,"href":"https:\/\/etab.ac-reunion.fr\/lyc-pierre-lagourgue\/wp-json\/wp\/v2\/pages\/5442\/revisions\/5853"}],"wp:attachment":[{"href":"https:\/\/etab.ac-reunion.fr\/lyc-pierre-lagourgue\/wp-json\/wp\/v2\/media?parent=5442"}],"curies":[{"name":"wp","href":"https:\/\/api.w.org\/{rel}","templated":true}]}}