{"id":5528,"date":"2021-11-23T17:04:36","date_gmt":"2021-11-23T13:04:36","guid":{"rendered":"http:\/\/lycee-pierre-lagourgue.ac-reunion.fr\/?page_id=5528"},"modified":"2021-11-23T17:04:38","modified_gmt":"2021-11-23T13:04:38","slug":"le-bac-pro-metiers-de-la-securite-2","status":"publish","type":"page","link":"https:\/\/etab.ac-reunion.fr\/lyc-pierre-lagourgue\/le-bac-pro-metiers-de-la-securite-2\/","title":{"rendered":"Le Bac Pro M\u00e9tiers de la s\u00e9curit\u00e9"},"content":{"rendered":"\n<div class=\"wp-block-columns is-layout-flex wp-container-core-columns-is-layout-9d6595d7 wp-block-columns-is-layout-flex\">\n<div class=\"wp-block-column is-layout-flow wp-block-column-is-layout-flow\" style=\"flex-basis:66.66%\">\n<p>Le titulaire de ce bac pro est pr\u00e9par\u00e9 \u00e0 l&rsquo;exercice des diff\u00e9rents m\u00e9tiers de la s\u00e9curit\u00e9, de la s\u00fbret\u00e9 et de l&rsquo;ordre public, de la protection des personnes, des biens et de l&rsquo;environnement.<\/p>\n\n\n\n<p>Il contribue \u00e0 la s\u00fbret\u00e9, \u00e0 la s\u00e9curit\u00e9 de l&rsquo;espace public et priv\u00e9. Il lutte contre les incendies conform\u00e9ment aux techniques professionnelles. Il assure des missions de secours et d&rsquo;assistance aux victimes. Il est charg\u00e9 de la surveillance des lieux et des acc\u00e8s, rappelle et fait respecter les r\u00e9glementations sp\u00e9cifiques. Il prot\u00e8ge l&rsquo;int\u00e9grit\u00e9 physique des personnes. Il constate et identifie les atteintes aux biens et\/ou \u00e0 l&rsquo;environnement ainsi que les situations \u00e0 risques.<\/p>\n\n\n\n<p>Le dipl\u00f4m\u00e9, apr\u00e8s recrutement par concours ou s\u00e9lection, peut int\u00e9grer la s\u00e9curit\u00e9 publique (police nationale, gendarmerie municipale\u2026), civile ou priv\u00e9e.<\/p>\n\n\n\n<p>Dans le secteur de la s\u00e9curit\u00e9 civile, il peut exercer le m\u00e9tier de sapeur-pompier professionnel (en qualit\u00e9 de fonctionnaire territorial au sein d&rsquo;un Service D\u00e9partemental d&rsquo;Incendie et de Secours) ou militaire (brigade de sapeurs-pompiers de Paris, sapeur-sauveteur militaire en unit\u00e9 d&rsquo;instruction et d&rsquo;intervention de la s\u00e9curit\u00e9 civile).<\/p>\n\n\n\n<p>Dans le secteur de la s\u00e9curit\u00e9 priv\u00e9e, il peut travailler soit dans une entreprise priv\u00e9e de s\u00e9curit\u00e9 soit dans un service interne de s\u00e9curit\u00e9 d&rsquo;une entreprise. Il peut occuper des postes d&rsquo;agent de s\u00e9curit\u00e9, d&rsquo;agent de contr\u00f4le d&rsquo;acc\u00e8s, d&rsquo;agent de surveillance, d&rsquo;agent de gardiennage, d&rsquo;agent de protection physique des personnes, d&rsquo;agent de s\u00e9curit\u00e9 dans l&rsquo;\u00e9v\u00e9nementiel, d&rsquo;agent de s\u00e9curit\u00e9 incendie.<\/p>\n\n\n\n<p>Le dipl\u00f4m\u00e9 peut acc\u00e9der \u00e0 d&rsquo;autres fonctions, par des formations compl\u00e9mentaires et\/ou des concours, examens professionnels dans les domaines d&rsquo;activit\u00e9s suivants : plong\u00e9e sous-marine, recherche en milieux p\u00e9rilleux, sauvetage-d\u00e9blaiement, cynotechnie, risques radiologiques et chimiques, conduite d&rsquo;engins sp\u00e9ciaux, lutte contre les feux de for\u00eat, le secours en montagne, etc.<\/p>\n\n\n\n<p>Les \u00e9l\u00e8ves de ce bac pro se pr\u00e9sentent obligatoirement aux \u00e9preuves du CAP Agent de s\u00e9curit\u00e9 (facultatif pour les apprentis).<\/p>\n\n\n\n<p><strong>Exemple(s) de m\u00e9tier(s):<\/strong><\/p>\n\n\n\n<ul class=\"wp-block-list\"><li><a href=\"http:\/\/www.onisep.fr\/Ressources\/Univers-Metier\/Metiers\/agent-agente-de-securite\" target=\"_blank\" rel=\"noreferrer noopener\">Agent\/e de s\u00e9curit\u00e9<\/a><\/li><li><a href=\"http:\/\/www.onisep.fr\/Ressources\/Univers-Metier\/Metiers\/agent-agente-de-surete-ferroviaire\" target=\"_blank\" rel=\"noreferrer noopener\">Agent\/e de s\u00fbret\u00e9 ferroviaire<\/a><\/li><li><a href=\"http:\/\/www.onisep.fr\/Ressources\/Univers-Metier\/Metiers\/convoyeur-convoyeuse-de-fonds\" target=\"_blank\" rel=\"noreferrer noopener\">Convoyeur\/euse de fonds<\/a><\/li><li><a href=\"http:\/\/www.onisep.fr\/Ressources\/Univers-Metier\/Metiers\/garde-a-cheval\" target=\"_blank\" rel=\"noreferrer noopener\">Garde \u00e0 cheval<\/a><\/li><li><a href=\"http:\/\/www.onisep.fr\/Ressources\/Univers-Metier\/Metiers\/gardien-gardienne-de-police-municipale\" target=\"_blank\" rel=\"noreferrer noopener\">Gardien\/ne de police municipale<\/a><\/li><\/ul>\n<\/div>\n\n\n\n<div class=\"wp-block-column is-layout-flow wp-block-column-is-layout-flow\" style=\"flex-basis:33.33%\">\n\n<div class=\"su-posts su-posts-teaser-loop \">\n\n\t\t\t\t\t\t\n\t\t\t\n\t\t\t<div id=\"su-post-4725\" class=\"su-post \">\n\t\t\t\t\t\t\t\t\t<a class=\"su-post-thumbnail\" href=\"https:\/\/etab.ac-reunion.fr\/lyc-pierre-lagourgue\/diaporama-journee-sportive-t-bpms\/\"><a href=\"https:\/\/etab.ac-reunion.fr\/lyc-pierre-lagourgue\/diaporama-journee-sportive-t-bpms\/\" title=\"Diaporama Journ\u00e9e Sportive T BPMS\"><img loading=\"lazy\" decoding=\"async\" width=\"150\" height=\"98\" src=\"https:\/\/etab.ac-reunion.fr\/lyc-pierre-lagourgue\/wp-content\/uploads\/sites\/146\/2019\/12\/ecole-inc-vig-150x98.png\" class=\"attachment-post-thumbnail size-post-thumbnail wp-post-image\" alt=\"\" srcset=\"https:\/\/etab.ac-reunion.fr\/lyc-pierre-lagourgue\/wp-content\/uploads\/sites\/146\/2019\/12\/ecole-inc-vig-150x98.png 150w, https:\/\/etab.ac-reunion.fr\/lyc-pierre-lagourgue\/wp-content\/uploads\/sites\/146\/2019\/12\/ecole-inc-vig-200x131.png 200w, https:\/\/etab.ac-reunion.fr\/lyc-pierre-lagourgue\/wp-content\/uploads\/sites\/146\/2019\/12\/ecole-inc-vig.png 488w\" sizes=\"auto, (max-width: 150px) 100vw, 150px\" \/><\/a><\/a>\n\t\t\t\t\t\t\t\t<h2 class=\"su-post-title\"><a href=\"https:\/\/etab.ac-reunion.fr\/lyc-pierre-lagourgue\/diaporama-journee-sportive-t-bpms\/\">Diaporama Journ\u00e9e Sportive T BPMS<\/a><\/h2>\n\t\t\t<\/div>\n\n\t\t\t\n<\/div>\n\n\n\n\n<figure class=\"wp-block-embed is-type-rich is-provider-twitter wp-block-embed-twitter\"><div class=\"wp-block-embed__wrapper\">\n<blockquote class=\"twitter-tweet\" data-width=\"550\" data-dnt=\"true\"><p lang=\"fr\" dir=\"ltr\">Une belle exp\u00e9rience pour les Terminale <a href=\"https:\/\/twitter.com\/hashtag\/BacPro?src=hash&amp;ref_src=twsrc%5Etfw\">#BacPro<\/a> M\u00e9tiers de la S\u00e9curit\u00e9. S\u00e9curisation des <a href=\"https:\/\/twitter.com\/hashtag\/24Hinno974?src=hash&amp;ref_src=twsrc%5Etfw\">#24Hinno974<\/a> sur le site du MoCa. Un exercice p\u00e9dagogique pour la pr\u00e9paration du <a href=\"https:\/\/twitter.com\/hashtag\/ChefOeuvre?src=hash&amp;ref_src=twsrc%5Etfw\">#ChefOeuvre<\/a>.\ud83d\ude4f\ud83d\udc4f aux \u00e9quipes mobilis\u00e9es. \u2066<a href=\"https:\/\/twitter.com\/AcLaReunion?ref_src=twsrc%5Etfw\">@AcLaReunion<\/a>\u2069 \u2066<a href=\"https:\/\/twitter.com\/Region_Reunion?ref_src=twsrc%5Etfw\">@Region_Reunion<\/a>\u2069 <a href=\"https:\/\/t.co\/Zbh6QUD6zf\">pic.twitter.com\/Zbh6QUD6zf<\/a><\/p>&mdash; Lyc\u00e9e Pierre Lagourgue (@PLagourgueLycee) <a href=\"https:\/\/twitter.com\/PLagourgueLycee\/status\/1458092200106110982?ref_src=twsrc%5Etfw\">November 9, 2021<\/a><\/blockquote><script async src=\"https:\/\/platform.twitter.com\/widgets.js\" charset=\"utf-8\"><\/script>\n<\/div><\/figure>\n<\/div>\n<\/div>\n","protected":false},"excerpt":{"rendered":"<p>Le titulaire de ce bac pro est pr\u00e9par\u00e9 \u00e0 l&rsquo;exercice des diff\u00e9rents m\u00e9tiers de la s\u00e9curit\u00e9, de la s\u00fbret\u00e9 et de l&rsquo;ordre public, de la protection des personnes, des biens et de l&rsquo;environnement. Il contribue \u00e0 la s\u00fbret\u00e9, \u00e0 la<\/p>\n<p class=\"continue-reading-button\"> <a class=\"continue-reading-link\" href=\"https:\/\/etab.ac-reunion.fr\/lyc-pierre-lagourgue\/diaporama-journee-sportive-t-bpms\/\">la suite &#8230;<i class=\"crycon-right-dir\"><\/i><\/a><\/p>\n","protected":false},"author":22677,"featured_media":0,"parent":0,"menu_order":0,"comment_status":"closed","ping_status":"closed","template":"","meta":{"footnotes":""},"class_list":["post-5528","page","type-page","status-publish","hentry"],"_links":{"self":[{"href":"https:\/\/etab.ac-reunion.fr\/lyc-pierre-lagourgue\/wp-json\/wp\/v2\/pages\/5528","targetHints":{"allow":["GET"]}}],"collection":[{"href":"https:\/\/etab.ac-reunion.fr\/lyc-pierre-lagourgue\/wp-json\/wp\/v2\/pages"}],"about":[{"href":"https:\/\/etab.ac-reunion.fr\/lyc-pierre-lagourgue\/wp-json\/wp\/v2\/types\/page"}],"author":[{"embeddable":true,"href":"https:\/\/etab.ac-reunion.fr\/lyc-pierre-lagourgue\/wp-json\/wp\/v2\/users\/22677"}],"replies":[{"embeddable":true,"href":"https:\/\/etab.ac-reunion.fr\/lyc-pierre-lagourgue\/wp-json\/wp\/v2\/comments?post=5528"}],"version-history":[{"count":4,"href":"https:\/\/etab.ac-reunion.fr\/lyc-pierre-lagourgue\/wp-json\/wp\/v2\/pages\/5528\/revisions"}],"predecessor-version":[{"id":5532,"href":"https:\/\/etab.ac-reunion.fr\/lyc-pierre-lagourgue\/wp-json\/wp\/v2\/pages\/5528\/revisions\/5532"}],"wp:attachment":[{"href":"https:\/\/etab.ac-reunion.fr\/lyc-pierre-lagourgue\/wp-json\/wp\/v2\/media?parent=5528"}],"curies":[{"name":"wp","href":"https:\/\/api.w.org\/{rel}","templated":true}]}}