{"id":5636,"date":"2021-12-12T11:17:46","date_gmt":"2021-12-12T07:17:46","guid":{"rendered":"http:\/\/lycee-pierre-lagourgue.ac-reunion.fr\/?page_id=5636"},"modified":"2021-12-12T11:17:48","modified_gmt":"2021-12-12T07:17:48","slug":"le-centre-de-documentation-et-dinformation-2","status":"publish","type":"page","link":"https:\/\/etab.ac-reunion.fr\/lyc-pierre-lagourgue\/le-centre-de-documentation-et-dinformation-2\/","title":{"rendered":"Le Centre de Documentation et d&rsquo;Information"},"content":{"rendered":"\n<div class=\"wp-block-columns is-layout-flex wp-container-core-columns-is-layout-9d6595d7 wp-block-columns-is-layout-flex\">\n<div class=\"wp-block-column is-layout-flow wp-block-column-is-layout-flow\" style=\"flex-basis:66.66%\">\n<p class=\"has-vivid-cyan-blue-color has-text-color has-medium-font-size\"><strong><em>Les r\u00eagles de fonctionnement<\/em><\/strong><\/p>\n\n\n\n<div class=\"wp-block-image\"><figure class=\"alignleft\"><img loading=\"lazy\" decoding=\"async\" width=\"200\" height=\"150\" src=\"https:\/\/etab.ac-reunion.fr\/lyc-pierre-lagourgue\/wp-content\/uploads\/sites\/146\/2016\/05\/IMG_20150507_183504-200x150.jpg\" alt=\"\" class=\"wp-image-75\" srcset=\"https:\/\/etab.ac-reunion.fr\/lyc-pierre-lagourgue\/wp-content\/uploads\/sites\/146\/2016\/05\/IMG_20150507_183504-200x150.jpg 200w, https:\/\/etab.ac-reunion.fr\/lyc-pierre-lagourgue\/wp-content\/uploads\/sites\/146\/2016\/05\/IMG_20150507_183504-1024x768.jpg 1024w, https:\/\/etab.ac-reunion.fr\/lyc-pierre-lagourgue\/wp-content\/uploads\/sites\/146\/2016\/05\/IMG_20150507_183504-150x113.jpg 150w\" sizes=\"auto, (max-width: 200px) 100vw, 200px\" \/><\/figure><\/div>\n\n\n\n<p class=\"has-text-align-left\">Le Centre de Documentation et d&rsquo;Information du Lyc\u00e9e Pierre Lagourgue est \u00e0 la fois une biblioth\u00e8que et un espace-ressource de recherche documentaire, destin\u00e9 aux \u00e9l\u00e8ves, aux enseignants et au personnel administratif. C&rsquo;est avant tout un lieu de travail, mais aussi un espace de d\u00e9tente au c\u0153ur de l&rsquo;\u00e9tablissement.<br>D\u00e8s la rentr\u00e9e les nouveaux \u00e9l\u00e8ves de seconde sont initi\u00e9s \u00e0 la recherche documentaire. Les recherches, tant sur support livres que num\u00e9rique s&rsquo;effectuent dans le calme d&rsquo;une r\u00e9flexion f\u00e9conde.<br>Par ailleurs, les documentalistes organisent r\u00e9guli\u00e8rement des manifestations dans le cadre d&rsquo;animations sur le th\u00e8me de la presse et rencontres avec des journalistes &#8230;<\/p>\n\n\n\n<p class=\"has-vivid-cyan-blue-color has-text-color has-medium-font-size\"><strong>On y vient pour :<\/strong><\/p>\n\n\n\n<ul class=\"wp-block-list\"><li>Lire et emprunter des livres, bandes-dessin\u00e9es, revues ou journaux<\/li><li>Faire dans le calme des recherches de documents sur un th\u00e8me pr\u00e9cis \u00e0 l&rsquo;aide de BCDI WEB ou d&rsquo;Internet, pour un expos\u00e9, dans le cadre et selon un d\u00e9roulement d\u00e9finis par un enseignant<\/li><li>Travailler sur un sujet pr\u00e9cis, en effectif r\u00e9duit et accompagn\u00e9 d&rsquo;un enseignant<\/li><li>Participer \u00e0 des s\u00e9ances d&rsquo;animation ou de formation \u00e0 la recherche documentaire \u00e0 tous les niveaux<\/li><li>Consulter des informations sur l&rsquo;orientation (Le kiosque Onisep)<\/li><\/ul>\n\n\n\n<p class=\"has-vivid-cyan-blue-color has-text-color has-medium-font-size\"><strong><em>On y trouve :<\/em><\/strong><\/p>\n\n\n\n<ul class=\"wp-block-list\"><li>des usuels (dictionnaires, encyclop\u00e9dies, atlas),<\/li><li>des ouvrages documentaires class\u00e9s selon le syst\u00e8me Dewey, qui r\u00e9pondent aux besoins de tous les coll\u00e9giens et lyc\u00e9ens, ainsi que de leurs professeurs,<\/li><li>la presse quotidienne , hebdomadaire , mensuelle,<\/li><li>une biblioth\u00e8que qui s&rsquo;efforce de r\u00e9pondre aux go\u00fbts et au niveau de tous (romans, science-fiction, romans policiers, bandes-dessin\u00e9es, contes, biographies, romans historiques, etc &#8230;),<\/li><\/ul>\n\n\n\n<p class=\"has-vivid-cyan-blue-color has-text-color has-medium-font-size\"><strong>Pour le bien-\u00eatre de tous, respecter les r\u00e8gles de fonctionnement du CDI :<\/strong><\/p>\n\n\n\n<ul class=\"wp-block-list\"><li>Parler \u00e0 voix basse<\/li><li>Se d\u00e9placer discr\u00e8tement<\/li><li>Remettre chaque document \u00e0 sa place<\/li><li>Restituer les documents en temps voulu<\/li><\/ul>\n\n\n\n<p class=\"has-vivid-cyan-blue-color has-text-color has-medium-font-size\"><strong>Le pr\u00eat<\/strong><\/p>\n\n\n\n<p>Le pr\u00eat est informatis\u00e9. Chaque \u00e9l\u00e8ve peut emprunter simultan\u00e9ment deux livres pour une p\u00e9riode de deux semaines. Ce pr\u00eat est renouvelable \u00e0 la demande. Les retards dans le retour des livres peuvent entra\u00eener l&rsquo;exclusion du pr\u00eat.<br>Tous les documents du CDI, \u00e0 l&rsquo;exception des CD-Roms et de quelques ouvrages, sont directement accessibles aux \u00e9l\u00e8ves sur les rayonnages et dans les armoires \u00e0 archives. Seuls les usuels (dictionnaires, encyclop\u00e9dies, atlas), les CD-Rom et les ouvrages volumineux ou en mauvais \u00e9tat sont \u00e0 consulter sur place.<\/p>\n\n\n\n<p class=\"has-vivid-cyan-blue-color has-text-color has-medium-font-size\"><strong>Le kiosque Onisep<\/strong><\/p>\n\n\n\n<div class=\"wp-block-image\"><figure class=\"alignleft\"><a href=\"https:\/\/etab.ac-reunion.fr\/lyc-pierre-lagourgue\/le-centre-de-documentation-et-dinformation\/kiosque_onisep\/\"><img decoding=\"async\" src=\"https:\/\/etab.ac-reunion.fr\/lyc-pierre-lagourgue\/wp-content\/uploads\/sites\/146\/2016\/08\/kiosque_onisep-300x214.jpg\" alt=\"kiosque_onisep\" class=\"wp-image-990\" \/><\/a><\/figure><\/div>\n\n\n\n<p><\/p>\n\n\n\n<p>Le but de l&rsquo;espace Kiosque est de proposer, dans un lieu bien identifi\u00e9 au sein du CDI, des ressources documentaires relatives \u00e0 l&rsquo;orientation ONISEP (et autres) articulant des supports \u00e9crits, num\u00e9riques, des outils p\u00e9dagogiques.<\/p>\n<\/div>\n\n\n\n<div class=\"wp-block-column is-layout-flow wp-block-column-is-layout-flow\" style=\"flex-basis:33.33%\">\n<p class=\"has-vivid-cyan-blue-color has-text-color has-medium-font-size\"><strong>Jours et heures d&rsquo;ouverture<\/strong><\/p>\n\n\n\n<ul class=\"wp-block-list\"><li>Lundi 7h45 &#8211;&gt; 17h15<\/li><li>Mardi 7h45 &#8211;&gt; 12h et 13h&#8211;&gt; 16h15<\/li><li>le mercredi de 7h45 \u00e0 12h00<\/li><li>Jeudi 7h45 &#8211;&gt; 17h15<\/li><li>Vendredi 7h45 &#8211;&gt; 17h15<\/li><\/ul>\n\n\n\n<p class=\"has-vivid-cyan-blue-color has-text-color has-medium-font-size\"><strong>Le logiciel E-SIDOC<\/strong><\/p>\n\n\n\n<div class=\"wp-block-image\"><figure class=\"alignleft\"><a href=\"https:\/\/9741263e.esidoc.fr\/\"><img loading=\"lazy\" decoding=\"async\" width=\"200\" height=\"130\" src=\"https:\/\/etab.ac-reunion.fr\/lyc-pierre-lagourgue\/wp-content\/uploads\/sites\/146\/2016\/08\/logo-e-sidoc.jpg\" alt=\"logo-e-sidoc\" class=\"wp-image-994\" srcset=\"https:\/\/etab.ac-reunion.fr\/lyc-pierre-lagourgue\/wp-content\/uploads\/sites\/146\/2016\/08\/logo-e-sidoc.jpg 200w, https:\/\/etab.ac-reunion.fr\/lyc-pierre-lagourgue\/wp-content\/uploads\/sites\/146\/2016\/08\/logo-e-sidoc-150x98.jpg 150w\" sizes=\"auto, (max-width: 200px) 100vw, 200px\" \/><\/a><figcaption>Cliquer sur l&rsquo;image pour acc\u00e9der !<\/figcaption><\/figure><\/div>\n\n\n\n<p>L&rsquo;acc\u00e8s et la valorisation d&rsquo;un fonds documentaire est une activit\u00e9 primordiale pour le CDI du lyc\u00e9e. Gr\u00e2ce au module ESIDOC, vous pouvez acc\u00e9der en temps r\u00e9el \u00e0 la base documentaire sur le site de la cit\u00e9 scolaire \u00e0 l&rsquo;aide d&rsquo;un simple navigateur Web.<\/p>\n\n\n\n<hr class=\"wp-block-separator\" \/>\n\n\n\n\n<div class=\"su-posts su-posts-teaser-loop \">\n\n\t\t\t\t\t\t\n\t\t\t\n\t\t\t<div id=\"su-post-7774\" class=\"su-post \">\n\t\t\t\t\t\t\t\t\t<a class=\"su-post-thumbnail\" href=\"https:\/\/etab.ac-reunion.fr\/lyc-pierre-lagourgue\/les-eco-delegues-du-lycee-en-action\/\"><a href=\"https:\/\/etab.ac-reunion.fr\/lyc-pierre-lagourgue\/les-eco-delegues-du-lycee-en-action\/\" title=\"Les \u00e9co-d\u00e9l\u00e9gu\u00e9s du lyc\u00e9e en action !\"><img loading=\"lazy\" decoding=\"async\" width=\"144\" height=\"150\" src=\"https:\/\/etab.ac-reunion.fr\/lyc-pierre-lagourgue\/wp-content\/uploads\/sites\/146\/2025\/10\/image-article-eco-144x150.png\" class=\"attachment-post-thumbnail size-post-thumbnail wp-post-image\" alt=\"\" srcset=\"https:\/\/etab.ac-reunion.fr\/lyc-pierre-lagourgue\/wp-content\/uploads\/sites\/146\/2025\/10\/image-article-eco-144x150.png 144w, https:\/\/etab.ac-reunion.fr\/lyc-pierre-lagourgue\/wp-content\/uploads\/sites\/146\/2025\/10\/image-article-eco-192x200.png 192w, https:\/\/etab.ac-reunion.fr\/lyc-pierre-lagourgue\/wp-content\/uploads\/sites\/146\/2025\/10\/image-article-eco.png 266w\" sizes=\"auto, (max-width: 144px) 100vw, 144px\" \/><\/a><\/a>\n\t\t\t\t\t\t\t\t<h2 class=\"su-post-title\"><a href=\"https:\/\/etab.ac-reunion.fr\/lyc-pierre-lagourgue\/les-eco-delegues-du-lycee-en-action\/\">Les \u00e9co-d\u00e9l\u00e9gu\u00e9s du lyc\u00e9e en action !<\/a><\/h2>\n\t\t\t<\/div>\n\n\t\t\t\t\t\n\t\t\t\n\t\t\t<div id=\"su-post-7456\" class=\"su-post \">\n\t\t\t\t\t\t\t\t\t<a class=\"su-post-thumbnail\" href=\"https:\/\/etab.ac-reunion.fr\/lyc-pierre-lagourgue\/jaedd-2025\/\"><a href=\"https:\/\/etab.ac-reunion.fr\/lyc-pierre-lagourgue\/jaedd-2025\/\" title=\"JAEDD 2025\"><img loading=\"lazy\" decoding=\"async\" width=\"150\" height=\"110\" src=\"https:\/\/etab.ac-reunion.fr\/lyc-pierre-lagourgue\/wp-content\/uploads\/sites\/146\/2025\/05\/image-150x110.png\" class=\"attachment-post-thumbnail size-post-thumbnail wp-post-image\" alt=\"\" srcset=\"https:\/\/etab.ac-reunion.fr\/lyc-pierre-lagourgue\/wp-content\/uploads\/sites\/146\/2025\/05\/image-150x110.png 150w, https:\/\/etab.ac-reunion.fr\/lyc-pierre-lagourgue\/wp-content\/uploads\/sites\/146\/2025\/05\/image-200x147.png 200w, https:\/\/etab.ac-reunion.fr\/lyc-pierre-lagourgue\/wp-content\/uploads\/sites\/146\/2025\/05\/image.png 605w\" sizes=\"auto, (max-width: 150px) 100vw, 150px\" \/><\/a><\/a>\n\t\t\t\t\t\t\t\t<h2 class=\"su-post-title\"><a href=\"https:\/\/etab.ac-reunion.fr\/lyc-pierre-lagourgue\/jaedd-2025\/\">JAEDD 2025<\/a><\/h2>\n\t\t\t<\/div>\n\n\t\t\t\t\t\n\t\t\t\n\t\t\t<div id=\"su-post-7384\" class=\"su-post \">\n\t\t\t\t\t\t\t\t\t<a class=\"su-post-thumbnail\" href=\"https:\/\/etab.ac-reunion.fr\/lyc-pierre-lagourgue\/atelier-decouverte-de-la-presse-au-cdi-2\/\"><a href=\"https:\/\/etab.ac-reunion.fr\/lyc-pierre-lagourgue\/atelier-decouverte-de-la-presse-au-cdi-2\/\" title=\"Atelier D\u00e9couverte de la Presse au CDI\"><img loading=\"lazy\" decoding=\"async\" width=\"113\" height=\"150\" src=\"https:\/\/etab.ac-reunion.fr\/lyc-pierre-lagourgue\/wp-content\/uploads\/sites\/146\/2025\/04\/semaine-de-la-presse-3-113x150.jpg\" class=\"attachment-post-thumbnail size-post-thumbnail wp-post-image\" alt=\"\" srcset=\"https:\/\/etab.ac-reunion.fr\/lyc-pierre-lagourgue\/wp-content\/uploads\/sites\/146\/2025\/04\/semaine-de-la-presse-3-113x150.jpg 113w, https:\/\/etab.ac-reunion.fr\/lyc-pierre-lagourgue\/wp-content\/uploads\/sites\/146\/2025\/04\/semaine-de-la-presse-3-150x200.jpg 150w, https:\/\/etab.ac-reunion.fr\/lyc-pierre-lagourgue\/wp-content\/uploads\/sites\/146\/2025\/04\/semaine-de-la-presse-3.jpg 684w\" sizes=\"auto, (max-width: 113px) 100vw, 113px\" \/><\/a><\/a>\n\t\t\t\t\t\t\t\t<h2 class=\"su-post-title\"><a href=\"https:\/\/etab.ac-reunion.fr\/lyc-pierre-lagourgue\/atelier-decouverte-de-la-presse-au-cdi-2\/\">Atelier D\u00e9couverte de la Presse au CDI<\/a><\/h2>\n\t\t\t<\/div>\n\n\t\t\t\t\t\n\t\t\t\n\t\t\t<div id=\"su-post-7182\" class=\"su-post \">\n\t\t\t\t\t\t\t\t\t<a class=\"su-post-thumbnail\" href=\"https:\/\/etab.ac-reunion.fr\/lyc-pierre-lagourgue\/festival-bdpi-2024-a-la-rencontre-de-tehem\/\"><a href=\"https:\/\/etab.ac-reunion.fr\/lyc-pierre-lagourgue\/festival-bdpi-2024-a-la-rencontre-de-tehem\/\" title=\"Festival BDPI 2024 : A la rencontre de Tehem\"><img loading=\"lazy\" decoding=\"async\" width=\"150\" height=\"80\" src=\"https:\/\/etab.ac-reunion.fr\/lyc-pierre-lagourgue\/wp-content\/uploads\/sites\/146\/2024\/12\/photo-mise-en-avant-150x80.jpg\" class=\"attachment-post-thumbnail size-post-thumbnail wp-post-image\" alt=\"\" srcset=\"https:\/\/etab.ac-reunion.fr\/lyc-pierre-lagourgue\/wp-content\/uploads\/sites\/146\/2024\/12\/photo-mise-en-avant-150x80.jpg 150w, https:\/\/etab.ac-reunion.fr\/lyc-pierre-lagourgue\/wp-content\/uploads\/sites\/146\/2024\/12\/photo-mise-en-avant-200x107.jpg 200w, https:\/\/etab.ac-reunion.fr\/lyc-pierre-lagourgue\/wp-content\/uploads\/sites\/146\/2024\/12\/photo-mise-en-avant-1024x549.jpg 1024w, https:\/\/etab.ac-reunion.fr\/lyc-pierre-lagourgue\/wp-content\/uploads\/sites\/146\/2024\/12\/photo-mise-en-avant-1536x823.jpg 1536w, https:\/\/etab.ac-reunion.fr\/lyc-pierre-lagourgue\/wp-content\/uploads\/sites\/146\/2024\/12\/photo-mise-en-avant-2048x1098.jpg 2048w\" sizes=\"auto, (max-width: 150px) 100vw, 150px\" \/><\/a><\/a>\n\t\t\t\t\t\t\t\t<h2 class=\"su-post-title\"><a href=\"https:\/\/etab.ac-reunion.fr\/lyc-pierre-lagourgue\/festival-bdpi-2024-a-la-rencontre-de-tehem\/\">Festival BDPI 2024 : A la rencontre de Tehem<\/a><\/h2>\n\t\t\t<\/div>\n\n\t\t\t\t\t\n\t\t\t\n\t\t\t<div id=\"su-post-6748\" class=\"su-post \">\n\t\t\t\t\t\t\t\t\t<a class=\"su-post-thumbnail\" href=\"https:\/\/etab.ac-reunion.fr\/lyc-pierre-lagourgue\/nos-mains-creatives-2\/\"><a href=\"https:\/\/etab.ac-reunion.fr\/lyc-pierre-lagourgue\/nos-mains-creatives-2\/\" title=\"Nos mains Cr\u00e9atives\"><img loading=\"lazy\" decoding=\"async\" width=\"150\" height=\"94\" src=\"https:\/\/etab.ac-reunion.fr\/lyc-pierre-lagourgue\/wp-content\/uploads\/sites\/146\/2024\/04\/Capture-decran-2024-04-26-a-13.59.41-edited-150x94.png\" class=\"attachment-post-thumbnail size-post-thumbnail wp-post-image\" alt=\"\" srcset=\"https:\/\/etab.ac-reunion.fr\/lyc-pierre-lagourgue\/wp-content\/uploads\/sites\/146\/2024\/04\/Capture-decran-2024-04-26-a-13.59.41-edited-150x94.png 150w, https:\/\/etab.ac-reunion.fr\/lyc-pierre-lagourgue\/wp-content\/uploads\/sites\/146\/2024\/04\/Capture-decran-2024-04-26-a-13.59.41-edited-200x125.png 200w, https:\/\/etab.ac-reunion.fr\/lyc-pierre-lagourgue\/wp-content\/uploads\/sites\/146\/2024\/04\/Capture-decran-2024-04-26-a-13.59.41-edited-1024x640.png 1024w, https:\/\/etab.ac-reunion.fr\/lyc-pierre-lagourgue\/wp-content\/uploads\/sites\/146\/2024\/04\/Capture-decran-2024-04-26-a-13.59.41-edited-1536x961.png 1536w, https:\/\/etab.ac-reunion.fr\/lyc-pierre-lagourgue\/wp-content\/uploads\/sites\/146\/2024\/04\/Capture-decran-2024-04-26-a-13.59.41-edited-120x75.png 120w, https:\/\/etab.ac-reunion.fr\/lyc-pierre-lagourgue\/wp-content\/uploads\/sites\/146\/2024\/04\/Capture-decran-2024-04-26-a-13.59.41-edited-318x201.png 318w, https:\/\/etab.ac-reunion.fr\/lyc-pierre-lagourgue\/wp-content\/uploads\/sites\/146\/2024\/04\/Capture-decran-2024-04-26-a-13.59.41-edited.png 1679w\" sizes=\"auto, (max-width: 150px) 100vw, 150px\" \/><\/a><\/a>\n\t\t\t\t\t\t\t\t<h2 class=\"su-post-title\"><a href=\"https:\/\/etab.ac-reunion.fr\/lyc-pierre-lagourgue\/nos-mains-creatives-2\/\">Nos mains Cr\u00e9atives<\/a><\/h2>\n\t\t\t<\/div>\n\n\t\t\t\t\t\n\t\t\t\n\t\t\t<div id=\"su-post-6446\" class=\"su-post \">\n\t\t\t\t\t\t\t\t\t<a class=\"su-post-thumbnail\" href=\"https:\/\/etab.ac-reunion.fr\/lyc-pierre-lagourgue\/nos-mains-creatives\/\"><a href=\"https:\/\/etab.ac-reunion.fr\/lyc-pierre-lagourgue\/nos-mains-creatives\/\" title=\"Nos mains Cr\u00e9atives - Vid\u00e9o Finale\"><img loading=\"lazy\" decoding=\"async\" width=\"150\" height=\"42\" src=\"https:\/\/etab.ac-reunion.fr\/lyc-pierre-lagourgue\/wp-content\/uploads\/sites\/146\/2023\/12\/mains-creat-150x42.png\" class=\"attachment-post-thumbnail size-post-thumbnail wp-post-image\" alt=\"\" srcset=\"https:\/\/etab.ac-reunion.fr\/lyc-pierre-lagourgue\/wp-content\/uploads\/sites\/146\/2023\/12\/mains-creat-150x42.png 150w, https:\/\/etab.ac-reunion.fr\/lyc-pierre-lagourgue\/wp-content\/uploads\/sites\/146\/2023\/12\/mains-creat-200x55.png 200w, https:\/\/etab.ac-reunion.fr\/lyc-pierre-lagourgue\/wp-content\/uploads\/sites\/146\/2023\/12\/mains-creat.png 300w\" sizes=\"auto, (max-width: 150px) 100vw, 150px\" \/><\/a><\/a>\n\t\t\t\t\t\t\t\t<h2 class=\"su-post-title\"><a href=\"https:\/\/etab.ac-reunion.fr\/lyc-pierre-lagourgue\/nos-mains-creatives\/\">Nos mains Cr\u00e9atives &#8211; Vid\u00e9o Finale<\/a><\/h2>\n\t\t\t<\/div>\n\n\t\t\t\t\t\n\t\t\t\n\t\t\t<div id=\"su-post-3870\" class=\"su-post \">\n\t\t\t\t\t\t\t\t<h2 class=\"su-post-title\"><a href=\"https:\/\/etab.ac-reunion.fr\/lyc-pierre-lagourgue\/halloween-au-lycee\/\">Halloween au lyc\u00e9e<\/a><\/h2>\n\t\t\t<\/div>\n\n\t\t\t\n<\/div>\n\n<\/div>\n<\/div>\n","protected":false},"excerpt":{"rendered":"<p>Les r\u00eagles de fonctionnement Le Centre de Documentation et d&rsquo;Information du Lyc\u00e9e Pierre Lagourgue est \u00e0 la fois une biblioth\u00e8que et un espace-ressource de recherche documentaire, destin\u00e9 aux \u00e9l\u00e8ves, aux enseignants et au personnel administratif. C&rsquo;est avant tout un lieu<\/p>\n<p class=\"continue-reading-button\"> <a class=\"continue-reading-link\" href=\"https:\/\/etab.ac-reunion.fr\/lyc-pierre-lagourgue\/halloween-au-lycee\/\">la suite &#8230;<i class=\"crycon-right-dir\"><\/i><\/a><\/p>\n","protected":false},"author":22677,"featured_media":0,"parent":0,"menu_order":0,"comment_status":"closed","ping_status":"closed","template":"","meta":{"footnotes":""},"class_list":["post-5636","page","type-page","status-publish","hentry"],"_links":{"self":[{"href":"https:\/\/etab.ac-reunion.fr\/lyc-pierre-lagourgue\/wp-json\/wp\/v2\/pages\/5636","targetHints":{"allow":["GET"]}}],"collection":[{"href":"https:\/\/etab.ac-reunion.fr\/lyc-pierre-lagourgue\/wp-json\/wp\/v2\/pages"}],"about":[{"href":"https:\/\/etab.ac-reunion.fr\/lyc-pierre-lagourgue\/wp-json\/wp\/v2\/types\/page"}],"author":[{"embeddable":true,"href":"https:\/\/etab.ac-reunion.fr\/lyc-pierre-lagourgue\/wp-json\/wp\/v2\/users\/22677"}],"replies":[{"embeddable":true,"href":"https:\/\/etab.ac-reunion.fr\/lyc-pierre-lagourgue\/wp-json\/wp\/v2\/comments?post=5636"}],"version-history":[{"count":4,"href":"https:\/\/etab.ac-reunion.fr\/lyc-pierre-lagourgue\/wp-json\/wp\/v2\/pages\/5636\/revisions"}],"predecessor-version":[{"id":5640,"href":"https:\/\/etab.ac-reunion.fr\/lyc-pierre-lagourgue\/wp-json\/wp\/v2\/pages\/5636\/revisions\/5640"}],"wp:attachment":[{"href":"https:\/\/etab.ac-reunion.fr\/lyc-pierre-lagourgue\/wp-json\/wp\/v2\/media?parent=5636"}],"curies":[{"name":"wp","href":"https:\/\/api.w.org\/{rel}","templated":true}]}}