{"id":5994,"date":"2023-04-16T21:38:03","date_gmt":"2023-04-16T17:38:03","guid":{"rendered":"https:\/\/etab.ac-reunion.fr\/lyc-pierre-lagourgue\/?page_id=5994"},"modified":"2023-04-21T14:25:08","modified_gmt":"2023-04-21T10:25:08","slug":"edd","status":"publish","type":"page","link":"https:\/\/etab.ac-reunion.fr\/lyc-pierre-lagourgue\/edd\/","title":{"rendered":"EDD"},"content":{"rendered":"\n<div class=\"wp-block-columns is-layout-flex wp-container-core-columns-is-layout-9d6595d7 wp-block-columns-is-layout-flex\">\n<div class=\"wp-block-column is-layout-flow wp-block-column-is-layout-flow\" style=\"flex-basis:25%\">\n<p class=\"has-background\" style=\"background:linear-gradient(169deg,rgb(122,220,180) 0%,rgb(0,208,130) 100%)\"><strong>L&rsquo;\u00e9ducation au d\u00e9veloppement durable (EDD) est une approche \u00e9ducative globale qui vise \u00e0 former les individus pour devenir des citoyens responsables, conscients des enjeux environnementaux, sociaux et \u00e9conomiques de notre monde. L&rsquo;EDD encourage la compr\u00e9hension des liens complexes entre les \u00eatres humains, la nature et la soci\u00e9t\u00e9, ainsi que la promotion de valeurs telles que la durabilit\u00e9, l&rsquo;\u00e9quit\u00e9, la solidarit\u00e9 et la participation active.<\/strong><\/p>\n<\/div>\n\n\n\n<div class=\"wp-block-column is-layout-flow wp-block-column-is-layout-flow\" style=\"flex-basis:50%\"><div class=\"su-image-carousel  su-image-carousel-has-spacing su-image-carousel-has-outline su-image-carousel-adaptive su-image-carousel-slides-style-minimal su-image-carousel-controls-style-dark su-image-carousel-align-none\" style=\"max-width:500px\" data-flickity-options='{\"groupCells\":true,\"cellSelector\":\".su-image-carousel-item\",\"adaptiveHeight\":true,\"cellAlign\":\"left\",\"prevNextButtons\":true,\"pageDots\":true,\"autoPlay\":7000,\"imagesLoaded\":true,\"contain\":false,\"selectedAttraction\":0.025,\"friction\":0.28}' id=\"su_image_carousel_69dedc5d5d52f\"><div class=\"su-image-carousel-item\"><div class=\"su-image-carousel-item-content\"><img loading=\"lazy\" decoding=\"async\" width=\"900\" height=\"675\" src=\"https:\/\/etab.ac-reunion.fr\/lyc-pierre-lagourgue\/wp-content\/uploads\/sites\/146\/2023\/04\/3-1024x768.jpg\" class=\"\" alt=\"\" srcset=\"https:\/\/etab.ac-reunion.fr\/lyc-pierre-lagourgue\/wp-content\/uploads\/sites\/146\/2023\/04\/3-1024x768.jpg 1024w, https:\/\/etab.ac-reunion.fr\/lyc-pierre-lagourgue\/wp-content\/uploads\/sites\/146\/2023\/04\/3-200x150.jpg 200w, https:\/\/etab.ac-reunion.fr\/lyc-pierre-lagourgue\/wp-content\/uploads\/sites\/146\/2023\/04\/3-150x113.jpg 150w, https:\/\/etab.ac-reunion.fr\/lyc-pierre-lagourgue\/wp-content\/uploads\/sites\/146\/2023\/04\/3.jpg 1225w\" sizes=\"auto, (max-width: 900px) 100vw, 900px\" \/><\/div><\/div><div class=\"su-image-carousel-item\"><div class=\"su-image-carousel-item-content\"><img loading=\"lazy\" decoding=\"async\" width=\"768\" height=\"1024\" src=\"https:\/\/etab.ac-reunion.fr\/lyc-pierre-lagourgue\/wp-content\/uploads\/sites\/146\/2023\/04\/Capture-768x1024.jpg\" class=\"\" alt=\"\" srcset=\"https:\/\/etab.ac-reunion.fr\/lyc-pierre-lagourgue\/wp-content\/uploads\/sites\/146\/2023\/04\/Capture-768x1024.jpg 768w, https:\/\/etab.ac-reunion.fr\/lyc-pierre-lagourgue\/wp-content\/uploads\/sites\/146\/2023\/04\/Capture-150x200.jpg 150w, https:\/\/etab.ac-reunion.fr\/lyc-pierre-lagourgue\/wp-content\/uploads\/sites\/146\/2023\/04\/Capture-112x150.jpg 112w, https:\/\/etab.ac-reunion.fr\/lyc-pierre-lagourgue\/wp-content\/uploads\/sites\/146\/2023\/04\/Capture.jpg 805w\" sizes=\"auto, (max-width: 768px) 100vw, 768px\" \/><\/div><\/div><\/div><script id=\"su_image_carousel_69dedc5d5d52f_script\">if(window.SUImageCarousel){setTimeout(function() {window.SUImageCarousel.initGallery(document.getElementById(\"su_image_carousel_69dedc5d5d52f\"))}, 0);}var su_image_carousel_69dedc5d5d52f_script=document.getElementById(\"su_image_carousel_69dedc5d5d52f_script\");if(su_image_carousel_69dedc5d5d52f_script){su_image_carousel_69dedc5d5d52f_script.parentNode.removeChild(su_image_carousel_69dedc5d5d52f_script);}<\/script>\n<\/div>\n\n\n\n<div class=\"wp-block-column is-layout-flow wp-block-column-is-layout-flow\" style=\"flex-basis:25%\">\n\n<div class=\"su-posts su-posts-teaser-loop \">\n\n\t\t\t\t\t\t\n\t\t\t\n\t\t\t<div id=\"su-post-7774\" class=\"su-post \">\n\t\t\t\t\t\t\t\t\t<a class=\"su-post-thumbnail\" href=\"https:\/\/etab.ac-reunion.fr\/lyc-pierre-lagourgue\/les-eco-delegues-du-lycee-en-action\/\"><a href=\"https:\/\/etab.ac-reunion.fr\/lyc-pierre-lagourgue\/les-eco-delegues-du-lycee-en-action\/\" title=\"Les \u00e9co-d\u00e9l\u00e9gu\u00e9s du lyc\u00e9e en action !\"><img loading=\"lazy\" decoding=\"async\" width=\"144\" height=\"150\" src=\"https:\/\/etab.ac-reunion.fr\/lyc-pierre-lagourgue\/wp-content\/uploads\/sites\/146\/2025\/10\/image-article-eco-144x150.png\" class=\"attachment-post-thumbnail size-post-thumbnail wp-post-image\" alt=\"\" srcset=\"https:\/\/etab.ac-reunion.fr\/lyc-pierre-lagourgue\/wp-content\/uploads\/sites\/146\/2025\/10\/image-article-eco-144x150.png 144w, https:\/\/etab.ac-reunion.fr\/lyc-pierre-lagourgue\/wp-content\/uploads\/sites\/146\/2025\/10\/image-article-eco-192x200.png 192w, https:\/\/etab.ac-reunion.fr\/lyc-pierre-lagourgue\/wp-content\/uploads\/sites\/146\/2025\/10\/image-article-eco.png 266w\" sizes=\"auto, (max-width: 144px) 100vw, 144px\" \/><\/a><\/a>\n\t\t\t\t\t\t\t\t<h2 class=\"su-post-title\"><a href=\"https:\/\/etab.ac-reunion.fr\/lyc-pierre-lagourgue\/les-eco-delegues-du-lycee-en-action\/\">Les \u00e9co-d\u00e9l\u00e9gu\u00e9s du lyc\u00e9e en action !<\/a><\/h2>\n\t\t\t<\/div>\n\n\t\t\t\t\t\n\t\t\t\n\t\t\t<div id=\"su-post-7456\" class=\"su-post \">\n\t\t\t\t\t\t\t\t\t<a class=\"su-post-thumbnail\" href=\"https:\/\/etab.ac-reunion.fr\/lyc-pierre-lagourgue\/jaedd-2025\/\"><a href=\"https:\/\/etab.ac-reunion.fr\/lyc-pierre-lagourgue\/jaedd-2025\/\" title=\"JAEDD 2025\"><img loading=\"lazy\" decoding=\"async\" width=\"150\" height=\"110\" src=\"https:\/\/etab.ac-reunion.fr\/lyc-pierre-lagourgue\/wp-content\/uploads\/sites\/146\/2025\/05\/image-150x110.png\" class=\"attachment-post-thumbnail size-post-thumbnail wp-post-image\" alt=\"\" srcset=\"https:\/\/etab.ac-reunion.fr\/lyc-pierre-lagourgue\/wp-content\/uploads\/sites\/146\/2025\/05\/image-150x110.png 150w, https:\/\/etab.ac-reunion.fr\/lyc-pierre-lagourgue\/wp-content\/uploads\/sites\/146\/2025\/05\/image-200x147.png 200w, https:\/\/etab.ac-reunion.fr\/lyc-pierre-lagourgue\/wp-content\/uploads\/sites\/146\/2025\/05\/image.png 605w\" sizes=\"auto, (max-width: 150px) 100vw, 150px\" \/><\/a><\/a>\n\t\t\t\t\t\t\t\t<h2 class=\"su-post-title\"><a href=\"https:\/\/etab.ac-reunion.fr\/lyc-pierre-lagourgue\/jaedd-2025\/\">JAEDD 2025<\/a><\/h2>\n\t\t\t<\/div>\n\n\t\t\t\t\t\n\t\t\t\n\t\t\t<div id=\"su-post-6202\" class=\"su-post \">\n\t\t\t\t\t\t\t\t\t<a class=\"su-post-thumbnail\" href=\"https:\/\/etab.ac-reunion.fr\/lyc-pierre-lagourgue\/edd-les-temps-forts-3eme-periode\/\"><a href=\"https:\/\/etab.ac-reunion.fr\/lyc-pierre-lagourgue\/edd-les-temps-forts-3eme-periode\/\" title=\"EDD Les temps forts 3\u00e8me P\u00e9riode\"><img loading=\"lazy\" decoding=\"async\" width=\"150\" height=\"106\" src=\"https:\/\/etab.ac-reunion.fr\/lyc-pierre-lagourgue\/wp-content\/uploads\/sites\/146\/2023\/06\/label-E3D-2023-LVL-2-150x106.jpg\" class=\"attachment-post-thumbnail size-post-thumbnail wp-post-image\" alt=\"\" srcset=\"https:\/\/etab.ac-reunion.fr\/lyc-pierre-lagourgue\/wp-content\/uploads\/sites\/146\/2023\/06\/label-E3D-2023-LVL-2-150x106.jpg 150w, https:\/\/etab.ac-reunion.fr\/lyc-pierre-lagourgue\/wp-content\/uploads\/sites\/146\/2023\/06\/label-E3D-2023-LVL-2-200x141.jpg 200w, https:\/\/etab.ac-reunion.fr\/lyc-pierre-lagourgue\/wp-content\/uploads\/sites\/146\/2023\/06\/label-E3D-2023-LVL-2-1024x724.jpg 1024w, https:\/\/etab.ac-reunion.fr\/lyc-pierre-lagourgue\/wp-content\/uploads\/sites\/146\/2023\/06\/label-E3D-2023-LVL-2-1536x1086.jpg 1536w, https:\/\/etab.ac-reunion.fr\/lyc-pierre-lagourgue\/wp-content\/uploads\/sites\/146\/2023\/06\/label-E3D-2023-LVL-2-2048x1448.jpg 2048w\" sizes=\"auto, (max-width: 150px) 100vw, 150px\" \/><\/a><\/a>\n\t\t\t\t\t\t\t\t<h2 class=\"su-post-title\"><a href=\"https:\/\/etab.ac-reunion.fr\/lyc-pierre-lagourgue\/edd-les-temps-forts-3eme-periode\/\">EDD Les temps forts 3\u00e8me P\u00e9riode<\/a><\/h2>\n\t\t\t<\/div>\n\n\t\t\t\t\t\n\t\t\t\n\t\t\t<div id=\"su-post-6059\" class=\"su-post \">\n\t\t\t\t\t\t\t\t\t<a class=\"su-post-thumbnail\" href=\"https:\/\/etab.ac-reunion.fr\/lyc-pierre-lagourgue\/euro-esp-svt-liaison-college-lycee\/\"><a href=\"https:\/\/etab.ac-reunion.fr\/lyc-pierre-lagourgue\/euro-esp-svt-liaison-college-lycee\/\" title=\"Euro Esp-SVT \u2013 Lien coll\u00e8ge-lyc\u00e9e\"><img loading=\"lazy\" decoding=\"async\" width=\"150\" height=\"72\" src=\"https:\/\/etab.ac-reunion.fr\/lyc-pierre-lagourgue\/wp-content\/uploads\/sites\/146\/2023\/05\/SEE-0523-2-150x72.png\" class=\"attachment-post-thumbnail size-post-thumbnail wp-post-image\" alt=\"\" srcset=\"https:\/\/etab.ac-reunion.fr\/lyc-pierre-lagourgue\/wp-content\/uploads\/sites\/146\/2023\/05\/SEE-0523-2-150x72.png 150w, https:\/\/etab.ac-reunion.fr\/lyc-pierre-lagourgue\/wp-content\/uploads\/sites\/146\/2023\/05\/SEE-0523-2-200x96.png 200w, https:\/\/etab.ac-reunion.fr\/lyc-pierre-lagourgue\/wp-content\/uploads\/sites\/146\/2023\/05\/SEE-0523-2-1024x491.png 1024w, https:\/\/etab.ac-reunion.fr\/lyc-pierre-lagourgue\/wp-content\/uploads\/sites\/146\/2023\/05\/SEE-0523-2.png 1272w\" sizes=\"auto, (max-width: 150px) 100vw, 150px\" \/><\/a><\/a>\n\t\t\t\t\t\t\t\t<h2 class=\"su-post-title\"><a href=\"https:\/\/etab.ac-reunion.fr\/lyc-pierre-lagourgue\/euro-esp-svt-liaison-college-lycee\/\">Euro Esp-SVT \u2013 Lien coll\u00e8ge-lyc\u00e9e<\/a><\/h2>\n\t\t\t<\/div>\n\n\t\t\t\t\t\n\t\t\t\n\t\t\t<div id=\"su-post-6030\" class=\"su-post \">\n\t\t\t\t\t\t\t\t<h2 class=\"su-post-title\"><a href=\"https:\/\/etab.ac-reunion.fr\/lyc-pierre-lagourgue\/rando-velo\/\">Rando V\u00e9lo<\/a><\/h2>\n\t\t\t<\/div>\n\n\t\t\t\t\t\n\t\t\t\n\t\t\t<div id=\"su-post-5998\" class=\"su-post \">\n\t\t\t\t\t\t\t\t<h2 class=\"su-post-title\"><a href=\"https:\/\/etab.ac-reunion.fr\/lyc-pierre-lagourgue\/semaine-du-developpement-durable\/\">Semaine du D\u00e9veloppement Durable<\/a><\/h2>\n\t\t\t<\/div>\n\n\t\t\t\t\t\n\t\t\t\n\t\t\t<div id=\"su-post-6025\" class=\"su-post \">\n\t\t\t\t\t\t\t\t<h2 class=\"su-post-title\"><a href=\"https:\/\/etab.ac-reunion.fr\/lyc-pierre-lagourgue\/gestion-des-espaces-naturels-euro-esp-svt\/\">Gestion des espaces naturels Euro Esp\/SVT<\/a><\/h2>\n\t\t\t<\/div>\n\n\t\t\t\n<\/div>\n\n<\/div>\n<\/div>\n\n\n\n<div class=\"wp-block-columns is-layout-flex wp-container-core-columns-is-layout-9d6595d7 wp-block-columns-is-layout-flex\"><\/div>\n","protected":false},"excerpt":{"rendered":"<p>L&rsquo;\u00e9ducation au d\u00e9veloppement durable (EDD) est une approche \u00e9ducative globale qui vise \u00e0 former les individus pour devenir des citoyens responsables, conscients des enjeux environnementaux, sociaux et \u00e9conomiques de notre monde. L&rsquo;EDD encourage la compr\u00e9hension des liens complexes entre les<\/p>\n<p class=\"continue-reading-button\"> <a class=\"continue-reading-link\" href=\"https:\/\/etab.ac-reunion.fr\/lyc-pierre-lagourgue\/gestion-des-espaces-naturels-euro-esp-svt\/\">la suite &#8230;<i class=\"crycon-right-dir\"><\/i><\/a><\/p>\n","protected":false},"author":22677,"featured_media":0,"parent":0,"menu_order":0,"comment_status":"closed","ping_status":"closed","template":"","meta":{"footnotes":""},"class_list":["post-5994","page","type-page","status-publish","hentry"],"_links":{"self":[{"href":"https:\/\/etab.ac-reunion.fr\/lyc-pierre-lagourgue\/wp-json\/wp\/v2\/pages\/5994","targetHints":{"allow":["GET"]}}],"collection":[{"href":"https:\/\/etab.ac-reunion.fr\/lyc-pierre-lagourgue\/wp-json\/wp\/v2\/pages"}],"about":[{"href":"https:\/\/etab.ac-reunion.fr\/lyc-pierre-lagourgue\/wp-json\/wp\/v2\/types\/page"}],"author":[{"embeddable":true,"href":"https:\/\/etab.ac-reunion.fr\/lyc-pierre-lagourgue\/wp-json\/wp\/v2\/users\/22677"}],"replies":[{"embeddable":true,"href":"https:\/\/etab.ac-reunion.fr\/lyc-pierre-lagourgue\/wp-json\/wp\/v2\/comments?post=5994"}],"version-history":[{"count":9,"href":"https:\/\/etab.ac-reunion.fr\/lyc-pierre-lagourgue\/wp-json\/wp\/v2\/pages\/5994\/revisions"}],"predecessor-version":[{"id":6024,"href":"https:\/\/etab.ac-reunion.fr\/lyc-pierre-lagourgue\/wp-json\/wp\/v2\/pages\/5994\/revisions\/6024"}],"wp:attachment":[{"href":"https:\/\/etab.ac-reunion.fr\/lyc-pierre-lagourgue\/wp-json\/wp\/v2\/media?parent=5994"}],"curies":[{"name":"wp","href":"https:\/\/api.w.org\/{rel}","templated":true}]}}