{"id":6175,"date":"2023-06-28T21:00:05","date_gmt":"2023-06-28T17:00:05","guid":{"rendered":"https:\/\/etab.ac-reunion.fr\/lyc-pierre-lagourgue\/?page_id=6175"},"modified":"2023-06-28T21:07:17","modified_gmt":"2023-06-28T17:07:17","slug":"emi","status":"publish","type":"page","link":"https:\/\/etab.ac-reunion.fr\/lyc-pierre-lagourgue\/emi\/","title":{"rendered":"EMI"},"content":{"rendered":"\n<div class=\"wp-block-columns is-layout-flex wp-container-core-columns-is-layout-9d6595d7 wp-block-columns-is-layout-flex\">\n<div class=\"wp-block-column is-layout-flow wp-block-column-is-layout-flow\" style=\"flex-basis:33.33%\">\n<p class=\"has-pale-cyan-blue-background-color has-background has-medium-font-size\"><strong>Par l\u2019\u00e9ducation aux m\u00e9dias et \u00e0 l\u2019information (EMI), les \u00e9l\u00e8ves apprennent \u00e0 devenir des citoyens responsables dans une soci\u00e9t\u00e9 marqu\u00e9e par la multiplication et l\u2019acc\u00e9l\u00e9ration des flux d\u2019information. Ils d\u00e9veloppent leur esprit critique et sont capables d\u2019agir de mani\u00e8re \u00e9clair\u00e9e pour chercher, recevoir, produire et diffuser des informations via des m\u00e9dias de plus en plus diversifi\u00e9s.<\/strong><\/p>\n<\/div>\n\n\n\n<div class=\"wp-block-column is-layout-flow wp-block-column-is-layout-flow\" style=\"flex-basis:66.66%\">\n\n<ul class=\"su-posts su-posts-list-loop \">\n\n\t\t\t\t\t\t\n\t\t\t\n\t\t\t<li id=\"su-post-6657\" class=\"su-post \">\n\t\t\t\t<a href=\"https:\/\/etab.ac-reunion.fr\/lyc-pierre-lagourgue\/atelier-decouverte-de-la-presse-au-cdi\/\">Atelier D\u00e9couverte de la Presse au CDI<\/a>\n\t\t\t<\/li>\n\n\t\t\t\t\t\n\t\t\t\n\t\t\t<li id=\"su-post-6180\" class=\"su-post \">\n\t\t\t\t<a href=\"https:\/\/etab.ac-reunion.fr\/lyc-pierre-lagourgue\/journal-de-presse-quotidienne-2de-6\/\">Journal de presse quotidienne 2de 6<\/a>\n\t\t\t<\/li>\n\n\t\t\t\n<\/ul>\n\n<\/div>\n<\/div>\n","protected":false},"excerpt":{"rendered":"<p>Par l\u2019\u00e9ducation aux m\u00e9dias et \u00e0 l\u2019information (EMI), les \u00e9l\u00e8ves apprennent \u00e0 devenir des citoyens responsables dans une soci\u00e9t\u00e9 marqu\u00e9e par la multiplication et l\u2019acc\u00e9l\u00e9ration des flux d\u2019information. Ils d\u00e9veloppent leur esprit critique et sont capables d\u2019agir de mani\u00e8re \u00e9clair\u00e9e<\/p>\n<p class=\"continue-reading-button\"> <a class=\"continue-reading-link\" href=\"https:\/\/etab.ac-reunion.fr\/lyc-pierre-lagourgue\/journal-de-presse-quotidienne-2de-6\/\">la suite &#8230;<i class=\"crycon-right-dir\"><\/i><\/a><\/p>\n","protected":false},"author":22677,"featured_media":0,"parent":0,"menu_order":0,"comment_status":"closed","ping_status":"closed","template":"","meta":{"footnotes":""},"class_list":["post-6175","page","type-page","status-publish","hentry"],"_links":{"self":[{"href":"https:\/\/etab.ac-reunion.fr\/lyc-pierre-lagourgue\/wp-json\/wp\/v2\/pages\/6175","targetHints":{"allow":["GET"]}}],"collection":[{"href":"https:\/\/etab.ac-reunion.fr\/lyc-pierre-lagourgue\/wp-json\/wp\/v2\/pages"}],"about":[{"href":"https:\/\/etab.ac-reunion.fr\/lyc-pierre-lagourgue\/wp-json\/wp\/v2\/types\/page"}],"author":[{"embeddable":true,"href":"https:\/\/etab.ac-reunion.fr\/lyc-pierre-lagourgue\/wp-json\/wp\/v2\/users\/22677"}],"replies":[{"embeddable":true,"href":"https:\/\/etab.ac-reunion.fr\/lyc-pierre-lagourgue\/wp-json\/wp\/v2\/comments?post=6175"}],"version-history":[{"count":2,"href":"https:\/\/etab.ac-reunion.fr\/lyc-pierre-lagourgue\/wp-json\/wp\/v2\/pages\/6175\/revisions"}],"predecessor-version":[{"id":6178,"href":"https:\/\/etab.ac-reunion.fr\/lyc-pierre-lagourgue\/wp-json\/wp\/v2\/pages\/6175\/revisions\/6178"}],"wp:attachment":[{"href":"https:\/\/etab.ac-reunion.fr\/lyc-pierre-lagourgue\/wp-json\/wp\/v2\/media?parent=6175"}],"curies":[{"name":"wp","href":"https:\/\/api.w.org\/{rel}","templated":true}]}}