{"id":6228,"date":"2023-07-10T10:26:58","date_gmt":"2023-07-10T06:26:58","guid":{"rendered":"https:\/\/etab.ac-reunion.fr\/lyc-pierre-lagourgue\/?page_id=6228"},"modified":"2023-07-10T10:26:58","modified_gmt":"2023-07-10T06:26:58","slug":"les-sciences-et-technologies-de-lindustrie-et-du-developpement-durable","status":"publish","type":"page","link":"https:\/\/etab.ac-reunion.fr\/lyc-pierre-lagourgue\/les-sciences-et-technologies-de-lindustrie-et-du-developpement-durable\/","title":{"rendered":"Le Bac Sciences et Technologies de l&rsquo;Industrie et du D\u00e9veloppement Durable"},"content":{"rendered":"\n<div class=\"wp-block-columns is-layout-flex wp-container-core-columns-is-layout-9d6595d7 wp-block-columns-is-layout-flex\">\n<div class=\"wp-block-column is-layout-flow wp-block-column-is-layout-flow\" style=\"flex-basis:66.66%\">\n<figure class=\"wp-block-image size-large\"><img loading=\"lazy\" decoding=\"async\" width=\"720\" height=\"1024\" src=\"https:\/\/etab.ac-reunion.fr\/lyc-pierre-lagourgue\/wp-content\/uploads\/sites\/146\/2023\/07\/image-720x1024.png\" alt=\"\" class=\"wp-image-6208\" srcset=\"https:\/\/etab.ac-reunion.fr\/lyc-pierre-lagourgue\/wp-content\/uploads\/sites\/146\/2023\/07\/image-720x1024.png 720w, https:\/\/etab.ac-reunion.fr\/lyc-pierre-lagourgue\/wp-content\/uploads\/sites\/146\/2023\/07\/image-141x200.png 141w, https:\/\/etab.ac-reunion.fr\/lyc-pierre-lagourgue\/wp-content\/uploads\/sites\/146\/2023\/07\/image-1080x1536.png 1080w, https:\/\/etab.ac-reunion.fr\/lyc-pierre-lagourgue\/wp-content\/uploads\/sites\/146\/2023\/07\/image-105x150.png 105w, https:\/\/etab.ac-reunion.fr\/lyc-pierre-lagourgue\/wp-content\/uploads\/sites\/146\/2023\/07\/image.png 1345w\" sizes=\"auto, (max-width: 720px) 100vw, 720px\" \/><\/figure>\n<\/div>\n\n\n\n<div class=\"wp-block-column is-layout-flow wp-block-column-is-layout-flow\" style=\"flex-basis:33.33%\">\n<p class=\"has-light-green-cyan-background-color has-background has-medium-font-size\"><strong>Actualit\u00e9s STI2D<\/strong><\/p>\n\n\n\n\n<div class=\"su-posts su-posts-default-loop \">\n\n\t\n\t\t\t\t\t\n\t\t\t\n\t\t\t<div id=\"su-post-7513\" class=\"su-post \">\n\n\t\t\t\t\n\t\t\t\t<h2 class=\"su-post-title\"><a href=\"https:\/\/etab.ac-reunion.fr\/lyc-pierre-lagourgue\/video-de-presentation-de-la-filiere-sti2d\/\">Vid\u00e9o de pr\u00e9sentation de la fili\u00e8re STI2D<\/a><\/h2>\n\n\t\t\t\t<div class=\"su-post-meta\">\n\t\t\t\t\tPubli\u00e9: 10 juin 2025\t\t\t\t<\/div>\n\n\t\t\t\t<div class=\"su-post-excerpt\">\n\t\t\t\t\t<p>Cette ann\u00e9e, les \u00e9l\u00e8ves de Tle STI2D du lyc\u00e9e ont mis en valeur leur fili\u00e8re au travers de diff\u00e9rents projets (concours acad\u00e9mique de technologie, concours forindustrie, projet etwinning, mobilit\u00e9 Erasmus); ils ont r\u00e9alis\u00e9 une vid\u00e9o pour r\u00e9sumer leur ann\u00e9e:<\/p>\n<p class=\"continue-reading-button\"> <a class=\"continue-reading-link\" href=\"https:\/\/etab.ac-reunion.fr\/lyc-pierre-lagourgue\/video-de-presentation-de-la-filiere-sti2d\/\">la suite &#8230;<i class=\"crycon-right-dir\"><\/i><\/a><\/p>\n\t\t\t\t<\/div>\n\n\t\t\t\t\n\t\t\t<\/div>\n\n\t\t\t\t\t\n\t\t\t\n\t\t\t<div id=\"su-post-7473\" class=\"su-post \">\n\n\t\t\t\t\n\t\t\t\t<h2 class=\"su-post-title\"><a href=\"https:\/\/etab.ac-reunion.fr\/lyc-pierre-lagourgue\/voyage-erasmus-des-terminales-technologiques\/\">Voyage Erasmus des Terminales Technologiques<\/a><\/h2>\n\n\t\t\t\t<div class=\"su-post-meta\">\n\t\t\t\t\tPubli\u00e9: 4 juin 2025\t\t\t\t<\/div>\n\n\t\t\t\t<div class=\"su-post-excerpt\">\n\t\t\t\t\t<p>Fin avril, un groupe de 8 \u00e9l\u00e8ves de Terminale Technologique ont eu l\u2019opportunit\u00e9 de b\u00e9n\u00e9ficier des financements Erasmus du lyc\u00e9e et de voyager, la plupart pour la 1ere fois, en dehors de la R\u00e9union. Ce sont 6 \u00e9l\u00e8ves de TSTI2D<\/p>\n<p class=\"continue-reading-button\"> <a class=\"continue-reading-link\" href=\"https:\/\/etab.ac-reunion.fr\/lyc-pierre-lagourgue\/voyage-erasmus-des-terminales-technologiques\/\">la suite &#8230;<i class=\"crycon-right-dir\"><\/i><\/a><\/p>\n\t\t\t\t<\/div>\n\n\t\t\t\t\n\t\t\t<\/div>\n\n\t\t\t\t\t\n\t\t\t\n\t\t\t<div id=\"su-post-7409\" class=\"su-post \">\n\n\t\t\t\t\t\t\t\t\t<a class=\"su-post-thumbnail\" href=\"https:\/\/etab.ac-reunion.fr\/lyc-pierre-lagourgue\/mme-memona-hintermann-au-lycee\/\"><a href=\"https:\/\/etab.ac-reunion.fr\/lyc-pierre-lagourgue\/mme-memona-hintermann-au-lycee\/\" title=\"Mme M\u00e9mona Hintermann au lyc\u00e9e\"><img loading=\"lazy\" decoding=\"async\" width=\"150\" height=\"114\" src=\"https:\/\/etab.ac-reunion.fr\/lyc-pierre-lagourgue\/wp-content\/uploads\/sites\/146\/2025\/04\/Screenshot_20250424_074456_Gallery-1-150x114.jpg\" class=\"attachment-post-thumbnail size-post-thumbnail wp-post-image\" alt=\"\" srcset=\"https:\/\/etab.ac-reunion.fr\/lyc-pierre-lagourgue\/wp-content\/uploads\/sites\/146\/2025\/04\/Screenshot_20250424_074456_Gallery-1-150x114.jpg 150w, https:\/\/etab.ac-reunion.fr\/lyc-pierre-lagourgue\/wp-content\/uploads\/sites\/146\/2025\/04\/Screenshot_20250424_074456_Gallery-1-200x152.jpg 200w, https:\/\/etab.ac-reunion.fr\/lyc-pierre-lagourgue\/wp-content\/uploads\/sites\/146\/2025\/04\/Screenshot_20250424_074456_Gallery-1-1024x778.jpg 1024w, https:\/\/etab.ac-reunion.fr\/lyc-pierre-lagourgue\/wp-content\/uploads\/sites\/146\/2025\/04\/Screenshot_20250424_074456_Gallery-1.jpg 1080w\" sizes=\"auto, (max-width: 150px) 100vw, 150px\" \/><\/a><\/a>\n\t\t\t\t\n\t\t\t\t<h2 class=\"su-post-title\"><a href=\"https:\/\/etab.ac-reunion.fr\/lyc-pierre-lagourgue\/mme-memona-hintermann-au-lycee\/\">Mme M\u00e9mona Hintermann au lyc\u00e9e<\/a><\/h2>\n\n\t\t\t\t<div class=\"su-post-meta\">\n\t\t\t\t\tPubli\u00e9: 23 avril 2025\t\t\t\t<\/div>\n\n\t\t\t\t<div class=\"su-post-excerpt\">\n\t\t\t\t\t<p>M\u00e9mona Hintermann-Affejee nous a fait l&rsquo;honneur d&rsquo;\u00eatre pr\u00e9sente au lyc\u00e9e le 26 f\u00e9vrier pour la matin\u00e9e Unesco Erasmus; elle a partag\u00e9 avec les \u00e9l\u00e8ves son v\u00e9cu en tant qu&rsquo;ancienne grand reporter , journaliste de guerre et membre du CSA. Nous<\/p>\n<p class=\"continue-reading-button\"> <a class=\"continue-reading-link\" href=\"https:\/\/etab.ac-reunion.fr\/lyc-pierre-lagourgue\/mme-memona-hintermann-au-lycee\/\">la suite &#8230;<i class=\"crycon-right-dir\"><\/i><\/a><\/p>\n\t\t\t\t<\/div>\n\n\t\t\t\t\n\t\t\t<\/div>\n\n\t\t\t\t\t\n\t\t\t\n\t\t\t<div id=\"su-post-7367\" class=\"su-post \">\n\n\t\t\t\t\n\t\t\t\t<h2 class=\"su-post-title\"><a href=\"https:\/\/etab.ac-reunion.fr\/lyc-pierre-lagourgue\/accueil-dun-eleve-belge-au-lycee\/\">Accueil d&rsquo;un \u00e9l\u00e8ve belge au lyc\u00e9e<\/a><\/h2>\n\n\t\t\t\t<div class=\"su-post-meta\">\n\t\t\t\t\tPubli\u00e9: 6 avril 2025\t\t\t\t<\/div>\n\n\t\t\t\t<div class=\"su-post-excerpt\">\n\t\t\t\t\t<p>Du 18 mars au 2 avril, nous avons accueilli au lyc\u00e9e un \u00e9l\u00e8ve belge de l&rsquo;Institut Sint Cordula d&rsquo;Anvers, avec lequel nous avons sign\u00e9 un appariement en d\u00e9cembre 2024. Cet \u00e9l\u00e8ve, Brahany, \u00e9tait \u00e0 la R\u00e9union avec 3 autres \u00e9l\u00e8ves<\/p>\n<p class=\"continue-reading-button\"> <a class=\"continue-reading-link\" href=\"https:\/\/etab.ac-reunion.fr\/lyc-pierre-lagourgue\/accueil-dun-eleve-belge-au-lycee\/\">la suite &#8230;<i class=\"crycon-right-dir\"><\/i><\/a><\/p>\n\t\t\t\t<\/div>\n\n\t\t\t\t\n\t\t\t<\/div>\n\n\t\t\t\t\t\n\t\t\t\n\t\t\t<div id=\"su-post-7290\" class=\"su-post \">\n\n\t\t\t\t\n\t\t\t\t<h2 class=\"su-post-title\"><a href=\"https:\/\/etab.ac-reunion.fr\/lyc-pierre-lagourgue\/challenge-passe-ton-hack-dabord-2025\/\">Challenge \u00ab\u00a0Passe ton Hack D&rsquo;abord 2025\u00a0\u00bb<\/a><\/h2>\n\n\t\t\t\t<div class=\"su-post-meta\">\n\t\t\t\t\tPubli\u00e9: 25 mars 2025\t\t\t\t<\/div>\n\n\t\t\t\t<div class=\"su-post-excerpt\">\n\t\t\t\t\t<p>Organis\u00e9 par le Commandement de la cyberd\u00e9fense (COMCYBER) et le minist\u00e8re de l\u2019\u00c9ducation nationale, de l\u2019Enseignement sup\u00e9rieur et de la Recherche, \u00ab\u00a0Passe Ton Hack d\u2019Abord\u00a0\u00bb s\u2019adresse \u00e0 tous les lyc\u00e9ens ainsi qu\u2019aux \u00e9tudiants de BTS et de classes pr\u00e9paratoires. Pendant<\/p>\n<p class=\"continue-reading-button\"> <a class=\"continue-reading-link\" href=\"https:\/\/etab.ac-reunion.fr\/lyc-pierre-lagourgue\/challenge-passe-ton-hack-dabord-2025\/\">la suite &#8230;<i class=\"crycon-right-dir\"><\/i><\/a><\/p>\n\t\t\t\t<\/div>\n\n\t\t\t\t\n\t\t\t<\/div>\n\n\t\t\t\t\t\n\t\t\t\n\t\t\t<div id=\"su-post-7138\" class=\"su-post \">\n\n\t\t\t\t\n\t\t\t\t<h2 class=\"su-post-title\"><a href=\"https:\/\/etab.ac-reunion.fr\/lyc-pierre-lagourgue\/sortie-forum-des-formations-post-bac-des-sti2d\/\">Sortie forum des formations post-bac des STI2D<\/a><\/h2>\n\n\t\t\t\t<div class=\"su-post-meta\">\n\t\t\t\t\tPubli\u00e9: 25 f\u00e9vrier 2025\t\t\t\t<\/div>\n\n\t\t\t\t<div class=\"su-post-excerpt\">\n\t\t\t\t\t<p>Vendredi 14 F\u00e9vrier la classe de terminale STI2D a eu l&rsquo;opportunit\u00e9 de se rendre au Lyc\u00e9e Jean Claude Fruteau de St Beno\u00eet \u00e0 l&rsquo;occasion du forum des formations post-bac.Ce fut l&rsquo;occasion pour nos \u00e9l\u00e8ves d&rsquo;\u00e9changer avec les \u00e9tudiants et les<\/p>\n<p class=\"continue-reading-button\"> <a class=\"continue-reading-link\" href=\"https:\/\/etab.ac-reunion.fr\/lyc-pierre-lagourgue\/sortie-forum-des-formations-post-bac-des-sti2d\/\">la suite &#8230;<i class=\"crycon-right-dir\"><\/i><\/a><\/p>\n\t\t\t\t<\/div>\n\n\t\t\t\t\n\t\t\t<\/div>\n\n\t\t\t\t\t\n\t\t\t\n\t\t\t<div id=\"su-post-7263\" class=\"su-post \">\n\n\t\t\t\t\n\t\t\t\t<h2 class=\"su-post-title\"><a href=\"https:\/\/etab.ac-reunion.fr\/lyc-pierre-lagourgue\/participation-des-tsti2d-du-lycee-pierre-lagourgue-au-challenge-forindustrie-2024\/\">Participation des TSTI2D du lyc\u00e9e Pierre Lagourgue au challenge Forindustrie 2024.<\/a><\/h2>\n\n\t\t\t\t<div class=\"su-post-meta\">\n\t\t\t\t\tPubli\u00e9: 4 f\u00e9vrier 2025\t\t\t\t<\/div>\n\n\t\t\t\t<div class=\"su-post-excerpt\">\n\t\t\t\t\t<p>Forindustrie, l\u2019Univers Extraordinaire est un outil p\u00e9dagogique et innovant pour pr\u00e9senter la richesse des m\u00e9tiers de l\u2019industrie aux jeunes en qu\u00eate d\u2019orientation et d\u2019avenir, co-construit par des industriels, l\u2019Education Nationale et le r\u00e9seau pour l&#8217;emploi. Directement inspir\u00e9e des jeux vid\u00e9os,<\/p>\n<p class=\"continue-reading-button\"> <a class=\"continue-reading-link\" href=\"https:\/\/etab.ac-reunion.fr\/lyc-pierre-lagourgue\/participation-des-tsti2d-du-lycee-pierre-lagourgue-au-challenge-forindustrie-2024\/\">la suite &#8230;<i class=\"crycon-right-dir\"><\/i><\/a><\/p>\n\t\t\t\t<\/div>\n\n\t\t\t\t\n\t\t\t<\/div>\n\n\t\t\t\t\t\n\t\t\t\n\t\t\t<div id=\"su-post-7216\" class=\"su-post \">\n\n\t\t\t\t\n\t\t\t\t<h2 class=\"su-post-title\"><a href=\"https:\/\/etab.ac-reunion.fr\/lyc-pierre-lagourgue\/ouverture-europeenne-2025\/\">Ouverture europ\u00e9enne 2025<\/a><\/h2>\n\n\t\t\t\t<div class=\"su-post-meta\">\n\t\t\t\t\tPubli\u00e9: 22 janvier 2025\t\t\t\t<\/div>\n\n\t\t\t\t<div class=\"su-post-excerpt\">\n\t\t\t\t\t<p>Gr\u00e2ce aux financements de nos diff\u00e9rentes accr\u00e9ditations Erasmus, le lyc\u00e9e continue \u00e0 s&rsquo;ouvrir vers l&rsquo;Europe; pour cette ann\u00e9e scolaire, un agent du lyc\u00e9e a eu l&rsquo;opportunit\u00e9 d&rsquo;effectuer une semaine de job shadowing dans les services de s\u00e9curit\u00e9 et d&rsquo;incendie du<\/p>\n<p class=\"continue-reading-button\"> <a class=\"continue-reading-link\" href=\"https:\/\/etab.ac-reunion.fr\/lyc-pierre-lagourgue\/ouverture-europeenne-2025\/\">la suite &#8230;<i class=\"crycon-right-dir\"><\/i><\/a><\/p>\n\t\t\t\t<\/div>\n\n\t\t\t\t\n\t\t\t<\/div>\n\n\t\t\t\t\t\n\t\t\t\n\t\t\t<div id=\"su-post-6746\" class=\"su-post \">\n\n\t\t\t\t\t\t\t\t\t<a class=\"su-post-thumbnail\" href=\"https:\/\/etab.ac-reunion.fr\/lyc-pierre-lagourgue\/presentation-de-la-serie-sti2d\/\"><a href=\"https:\/\/etab.ac-reunion.fr\/lyc-pierre-lagourgue\/presentation-de-la-serie-sti2d\/\" title=\"Pr\u00e9sentation de la s\u00e9rie STI2D\"><img loading=\"lazy\" decoding=\"async\" width=\"150\" height=\"76\" src=\"https:\/\/etab.ac-reunion.fr\/lyc-pierre-lagourgue\/wp-content\/uploads\/sites\/146\/2024\/04\/image-13-150x76.png\" class=\"attachment-post-thumbnail size-post-thumbnail wp-post-image\" alt=\"\" srcset=\"https:\/\/etab.ac-reunion.fr\/lyc-pierre-lagourgue\/wp-content\/uploads\/sites\/146\/2024\/04\/image-13-150x76.png 150w, https:\/\/etab.ac-reunion.fr\/lyc-pierre-lagourgue\/wp-content\/uploads\/sites\/146\/2024\/04\/image-13-200x101.png 200w, https:\/\/etab.ac-reunion.fr\/lyc-pierre-lagourgue\/wp-content\/uploads\/sites\/146\/2024\/04\/image-13-1024x520.png 1024w, https:\/\/etab.ac-reunion.fr\/lyc-pierre-lagourgue\/wp-content\/uploads\/sites\/146\/2024\/04\/image-13-1536x779.png 1536w, https:\/\/etab.ac-reunion.fr\/lyc-pierre-lagourgue\/wp-content\/uploads\/sites\/146\/2024\/04\/image-13-2048x1039.png 2048w\" sizes=\"auto, (max-width: 150px) 100vw, 150px\" \/><\/a><\/a>\n\t\t\t\t\n\t\t\t\t<h2 class=\"su-post-title\"><a href=\"https:\/\/etab.ac-reunion.fr\/lyc-pierre-lagourgue\/presentation-de-la-serie-sti2d\/\">Pr\u00e9sentation de la s\u00e9rie STI2D<\/a><\/h2>\n\n\t\t\t\t<div class=\"su-post-meta\">\n\t\t\t\t\tPubli\u00e9: 25 avril 2024\t\t\t\t<\/div>\n\n\t\t\t\t<div class=\"su-post-excerpt\">\n\t\t\t\t\t<p class=\"continue-reading-button\"> <a class=\"continue-reading-link\" href=\"https:\/\/etab.ac-reunion.fr\/lyc-pierre-lagourgue\/presentation-de-la-serie-sti2d\/\">la suite &#8230;<i class=\"crycon-right-dir\"><\/i><\/a><\/p>\n\t\t\t\t<\/div>\n\n\t\t\t\t\n\t\t\t<\/div>\n\n\t\t\t\t\t\n\t\t\t\n\t\t\t<div id=\"su-post-5854\" class=\"su-post \">\n\n\t\t\t\t\t\t\t\t\t<a class=\"su-post-thumbnail\" href=\"https:\/\/etab.ac-reunion.fr\/lyc-pierre-lagourgue\/les-gagnants-de-lescape-game\/\"><a href=\"https:\/\/etab.ac-reunion.fr\/lyc-pierre-lagourgue\/les-gagnants-de-lescape-game\/\" title=\"Les gagnants de l&#039;Escape Game ...\"><img loading=\"lazy\" decoding=\"async\" width=\"150\" height=\"148\" src=\"https:\/\/etab.ac-reunion.fr\/lyc-pierre-lagourgue\/wp-content\/uploads\/sites\/146\/2023\/01\/photo-gagnants-escape-game-15-12-2022.docx-150x148.png\" class=\"attachment-post-thumbnail size-post-thumbnail wp-post-image\" alt=\"\" srcset=\"https:\/\/etab.ac-reunion.fr\/lyc-pierre-lagourgue\/wp-content\/uploads\/sites\/146\/2023\/01\/photo-gagnants-escape-game-15-12-2022.docx-150x148.png 150w, https:\/\/etab.ac-reunion.fr\/lyc-pierre-lagourgue\/wp-content\/uploads\/sites\/146\/2023\/01\/photo-gagnants-escape-game-15-12-2022.docx-200x197.png 200w, https:\/\/etab.ac-reunion.fr\/lyc-pierre-lagourgue\/wp-content\/uploads\/sites\/146\/2023\/01\/photo-gagnants-escape-game-15-12-2022.docx-100x100.png 100w, https:\/\/etab.ac-reunion.fr\/lyc-pierre-lagourgue\/wp-content\/uploads\/sites\/146\/2023\/01\/photo-gagnants-escape-game-15-12-2022.docx.png 612w\" sizes=\"auto, (max-width: 150px) 100vw, 150px\" \/><\/a><\/a>\n\t\t\t\t\n\t\t\t\t<h2 class=\"su-post-title\"><a href=\"https:\/\/etab.ac-reunion.fr\/lyc-pierre-lagourgue\/les-gagnants-de-lescape-game\/\">Les gagnants de l&rsquo;Escape Game &#8230;<\/a><\/h2>\n\n\t\t\t\t<div class=\"su-post-meta\">\n\t\t\t\t\tPubli\u00e9: 13 d\u00e9cembre 2022\t\t\t\t<\/div>\n\n\t\t\t\t<div class=\"su-post-excerpt\">\n\t\t\t\t\t<p class=\"continue-reading-button\"> <a class=\"continue-reading-link\" href=\"https:\/\/etab.ac-reunion.fr\/lyc-pierre-lagourgue\/les-gagnants-de-lescape-game\/\">la suite &#8230;<i class=\"crycon-right-dir\"><\/i><\/a><\/p>\n\t\t\t\t<\/div>\n\n\t\t\t\t\n\t\t\t<\/div>\n\n\t\t\t\t\t\n\t\t\t\n\t\t\t<div id=\"su-post-5888\" class=\"su-post \">\n\n\t\t\t\t\n\t\t\t\t<h2 class=\"su-post-title\"><a href=\"https:\/\/etab.ac-reunion.fr\/lyc-pierre-lagourgue\/mon-orientation-je-la-prepare-sti2d\/\">Mon orientation je la pr\u00e9pare ! STI2D<\/a><\/h2>\n\n\t\t\t\t<div class=\"su-post-meta\">\n\t\t\t\t\tPubli\u00e9: 11 d\u00e9cembre 2022\t\t\t\t<\/div>\n\n\t\t\t\t<div class=\"su-post-excerpt\">\n\t\t\t\t\t<p>Photos de la sortie \u00ab\u00a0orientation\u00a0\u00bb \u00e0 l&rsquo;Ecole d&rsquo;Architecture du Port et l&rsquo;Ecole d&rsquo;Art ainsi qu&rsquo;\u00e0 l&rsquo;IUT de Saint Pierre pour nos STI2D du lyc\u00e9e Pierre Lagourgue. Mon orientation je la pr\u00e9pare ! Au programme visite des locaux et pr\u00e9sentation des<\/p>\n<p class=\"continue-reading-button\"> <a class=\"continue-reading-link\" href=\"https:\/\/etab.ac-reunion.fr\/lyc-pierre-lagourgue\/mon-orientation-je-la-prepare-sti2d\/\">la suite &#8230;<i class=\"crycon-right-dir\"><\/i><\/a><\/p>\n\t\t\t\t<\/div>\n\n\t\t\t\t\n\t\t\t<\/div>\n\n\t\t\t\t\t\n\t\t\t\n\t\t\t<div id=\"su-post-5893\" class=\"su-post \">\n\n\t\t\t\t\n\t\t\t\t<h2 class=\"su-post-title\"><a href=\"https:\/\/etab.ac-reunion.fr\/lyc-pierre-lagourgue\/escape-game-2de-sti2d\/\">Escape Game 2de &amp; STI2D<\/a><\/h2>\n\n\t\t\t\t<div class=\"su-post-meta\">\n\t\t\t\t\tPubli\u00e9: 9 d\u00e9cembre 2022\t\t\t\t<\/div>\n\n\t\t\t\t<div class=\"su-post-excerpt\">\n\t\t\t\t\t<p>Jeudi 24\/11 et Vendredi 25\/11 a lieu l&rsquo;escape game pour faire conna\u00eetre la fili\u00e8re technologique. A cette occasion 16 \u00e9quipes constitu\u00e9es d&rsquo;\u00e9l\u00e8ves de seconde ont tent\u00e9 de r\u00e9soudre d\u00e9fis et \u00e9nigmes autour des th\u00e8mes Mati\u00e8res Energies et Information.\u00a0<\/p>\n<p class=\"continue-reading-button\"> <a class=\"continue-reading-link\" href=\"https:\/\/etab.ac-reunion.fr\/lyc-pierre-lagourgue\/escape-game-2de-sti2d\/\">la suite &#8230;<i class=\"crycon-right-dir\"><\/i><\/a><\/p>\n\t\t\t\t<\/div>\n\n\t\t\t\t\n\t\t\t<\/div>\n\n\t\t\t\t\t\n\t\t\t\n\t\t\t<div id=\"su-post-5829\" class=\"su-post \">\n\n\t\t\t\t\t\t\t\t\t<a class=\"su-post-thumbnail\" href=\"https:\/\/etab.ac-reunion.fr\/lyc-pierre-lagourgue\/concours-academique-de-technologie\/\"><a href=\"https:\/\/etab.ac-reunion.fr\/lyc-pierre-lagourgue\/concours-academique-de-technologie\/\" title=\"Concours Acad\u00e9mique de Technologie\"><img loading=\"lazy\" decoding=\"async\" width=\"150\" height=\"52\" src=\"https:\/\/etab.ac-reunion.fr\/lyc-pierre-lagourgue\/wp-content\/uploads\/sites\/146\/2022\/11\/concours-ac-tech-150x52.png\" class=\"attachment-post-thumbnail size-post-thumbnail wp-post-image\" alt=\"\" srcset=\"https:\/\/etab.ac-reunion.fr\/lyc-pierre-lagourgue\/wp-content\/uploads\/sites\/146\/2022\/11\/concours-ac-tech-150x52.png 150w, https:\/\/etab.ac-reunion.fr\/lyc-pierre-lagourgue\/wp-content\/uploads\/sites\/146\/2022\/11\/concours-ac-tech-200x70.png 200w, https:\/\/etab.ac-reunion.fr\/lyc-pierre-lagourgue\/wp-content\/uploads\/sites\/146\/2022\/11\/concours-ac-tech.png 400w\" sizes=\"auto, (max-width: 150px) 100vw, 150px\" \/><\/a><\/a>\n\t\t\t\t\n\t\t\t\t<h2 class=\"su-post-title\"><a href=\"https:\/\/etab.ac-reunion.fr\/lyc-pierre-lagourgue\/concours-academique-de-technologie\/\">Concours Acad\u00e9mique de Technologie<\/a><\/h2>\n\n\t\t\t\t<div class=\"su-post-meta\">\n\t\t\t\t\tPubli\u00e9: 29 novembre 2022\t\t\t\t<\/div>\n\n\t\t\t\t<div class=\"su-post-excerpt\">\n\t\t\t\t\t<p class=\"continue-reading-button\"> <a class=\"continue-reading-link\" href=\"https:\/\/etab.ac-reunion.fr\/lyc-pierre-lagourgue\/concours-academique-de-technologie\/\">la suite &#8230;<i class=\"crycon-right-dir\"><\/i><\/a><\/p>\n\t\t\t\t<\/div>\n\n\t\t\t\t\n\t\t\t<\/div>\n\n\t\t\t\t\t\n\t\t\t\n\t\t\t<div id=\"su-post-5820\" class=\"su-post \">\n\n\t\t\t\t\t\t\t\t\t<a class=\"su-post-thumbnail\" href=\"https:\/\/etab.ac-reunion.fr\/lyc-pierre-lagourgue\/10h-pour-innover\/\"><a href=\"https:\/\/etab.ac-reunion.fr\/lyc-pierre-lagourgue\/10h-pour-innover\/\" title=\"10H Pour Innover\"><img loading=\"lazy\" decoding=\"async\" width=\"150\" height=\"76\" src=\"https:\/\/etab.ac-reunion.fr\/lyc-pierre-lagourgue\/wp-content\/uploads\/sites\/146\/2022\/11\/10h-innover-150x76.png\" class=\"attachment-post-thumbnail size-post-thumbnail wp-post-image\" alt=\"\" srcset=\"https:\/\/etab.ac-reunion.fr\/lyc-pierre-lagourgue\/wp-content\/uploads\/sites\/146\/2022\/11\/10h-innover-150x76.png 150w, https:\/\/etab.ac-reunion.fr\/lyc-pierre-lagourgue\/wp-content\/uploads\/sites\/146\/2022\/11\/10h-innover-200x101.png 200w, https:\/\/etab.ac-reunion.fr\/lyc-pierre-lagourgue\/wp-content\/uploads\/sites\/146\/2022\/11\/10h-innover.png 400w\" sizes=\"auto, (max-width: 150px) 100vw, 150px\" \/><\/a><\/a>\n\t\t\t\t\n\t\t\t\t<h2 class=\"su-post-title\"><a href=\"https:\/\/etab.ac-reunion.fr\/lyc-pierre-lagourgue\/10h-pour-innover\/\">10H Pour Innover<\/a><\/h2>\n\n\t\t\t\t<div class=\"su-post-meta\">\n\t\t\t\t\tPubli\u00e9: 28 novembre 2022\t\t\t\t<\/div>\n\n\t\t\t\t<div class=\"su-post-excerpt\">\n\t\t\t\t\t<p class=\"continue-reading-button\"> <a class=\"continue-reading-link\" href=\"https:\/\/etab.ac-reunion.fr\/lyc-pierre-lagourgue\/10h-pour-innover\/\">la suite &#8230;<i class=\"crycon-right-dir\"><\/i><\/a><\/p>\n\t\t\t\t<\/div>\n\n\t\t\t\t\n\t\t\t<\/div>\n\n\t\t\t\t\t\n\t\t\t\n\t\t\t<div id=\"su-post-5839\" class=\"su-post \">\n\n\t\t\t\t\t\t\t\t\t<a class=\"su-post-thumbnail\" href=\"https:\/\/etab.ac-reunion.fr\/lyc-pierre-lagourgue\/escape-game-sti2d\/\"><a href=\"https:\/\/etab.ac-reunion.fr\/lyc-pierre-lagourgue\/escape-game-sti2d\/\" title=\"Escape Game STI2D\"><img loading=\"lazy\" decoding=\"async\" width=\"150\" height=\"46\" src=\"https:\/\/etab.ac-reunion.fr\/lyc-pierre-lagourgue\/wp-content\/uploads\/sites\/146\/2022\/11\/escape-150x46.png\" class=\"attachment-post-thumbnail size-post-thumbnail wp-post-image\" alt=\"\" srcset=\"https:\/\/etab.ac-reunion.fr\/lyc-pierre-lagourgue\/wp-content\/uploads\/sites\/146\/2022\/11\/escape-150x46.png 150w, https:\/\/etab.ac-reunion.fr\/lyc-pierre-lagourgue\/wp-content\/uploads\/sites\/146\/2022\/11\/escape-200x61.png 200w, https:\/\/etab.ac-reunion.fr\/lyc-pierre-lagourgue\/wp-content\/uploads\/sites\/146\/2022\/11\/escape.png 398w\" sizes=\"auto, (max-width: 150px) 100vw, 150px\" \/><\/a><\/a>\n\t\t\t\t\n\t\t\t\t<h2 class=\"su-post-title\"><a href=\"https:\/\/etab.ac-reunion.fr\/lyc-pierre-lagourgue\/escape-game-sti2d\/\">Escape Game STI2D<\/a><\/h2>\n\n\t\t\t\t<div class=\"su-post-meta\">\n\t\t\t\t\tPubli\u00e9: 21 novembre 2022\t\t\t\t<\/div>\n\n\t\t\t\t<div class=\"su-post-excerpt\">\n\t\t\t\t\t<p class=\"continue-reading-button\"> <a class=\"continue-reading-link\" href=\"https:\/\/etab.ac-reunion.fr\/lyc-pierre-lagourgue\/escape-game-sti2d\/\">la suite &#8230;<i class=\"crycon-right-dir\"><\/i><\/a><\/p>\n\t\t\t\t<\/div>\n\n\t\t\t\t\n\t\t\t<\/div>\n\n\t\t\t\t\t\n\t\t\t\n\t\t\t<div id=\"su-post-3868\" class=\"su-post \">\n\n\t\t\t\t\n\t\t\t\t<h2 class=\"su-post-title\"><a href=\"https:\/\/etab.ac-reunion.fr\/lyc-pierre-lagourgue\/sortie-1sti2d-fabrication-de-voussoirs-et-acropodes-de-la-nrl\/\">Sortie 1\u00b0STI2D fabrication de voussoirs et acropodes de la NRL<\/a><\/h2>\n\n\t\t\t\t<div class=\"su-post-meta\">\n\t\t\t\t\tPubli\u00e9: 12 d\u00e9cembre 2017\t\t\t\t<\/div>\n\n\t\t\t\t<div class=\"su-post-excerpt\">\n\t\t\t\t\t<p>&nbsp; Le mardi 28 Novembre 2017 les \u00e9l\u00e8ves de premi\u00e8re STI2D du lyc\u00e9e sont all\u00e9s visiter 2 sites de production. &nbsp; \u2022 Un site d\u00e9di\u00e9 \u00e0 la fabrication des voussoirs Voussoirs : \u00e9l\u00e9ments dont l\u2019assemblage composent le viaduc Apr\u00e8s une<\/p>\n<p class=\"continue-reading-button\"> <a class=\"continue-reading-link\" href=\"https:\/\/etab.ac-reunion.fr\/lyc-pierre-lagourgue\/sortie-1sti2d-fabrication-de-voussoirs-et-acropodes-de-la-nrl\/\">la suite &#8230;<i class=\"crycon-right-dir\"><\/i><\/a><\/p>\n\t\t\t\t<\/div>\n\n\t\t\t\t\n\t\t\t<\/div>\n\n\t\t\n\t\n<\/div>\n\n\n\n\n<hr class=\"wp-block-separator has-alpha-channel-opacity\" \/>\n\n\n\n<p class=\"has-light-green-cyan-background-color has-background has-medium-font-size\"><strong>Archives STI2D<\/strong><\/p>\n\n\n\n<p><\/p>\n<\/div>\n<\/div>\n","protected":false},"excerpt":{"rendered":"<p>Actualit\u00e9s STI2D Archives STI2D<\/p>\n<p class=\"continue-reading-button\"> <a class=\"continue-reading-link\" href=\"https:\/\/etab.ac-reunion.fr\/lyc-pierre-lagourgue\/sortie-1sti2d-fabrication-de-voussoirs-et-acropodes-de-la-nrl\/\">la suite &#8230;<i class=\"crycon-right-dir\"><\/i><\/a><\/p>\n","protected":false},"author":22677,"featured_media":0,"parent":0,"menu_order":0,"comment_status":"closed","ping_status":"closed","template":"templates\/template-onecolumn.php","meta":{"footnotes":""},"class_list":["post-6228","page","type-page","status-publish","hentry"],"_links":{"self":[{"href":"https:\/\/etab.ac-reunion.fr\/lyc-pierre-lagourgue\/wp-json\/wp\/v2\/pages\/6228","targetHints":{"allow":["GET"]}}],"collection":[{"href":"https:\/\/etab.ac-reunion.fr\/lyc-pierre-lagourgue\/wp-json\/wp\/v2\/pages"}],"about":[{"href":"https:\/\/etab.ac-reunion.fr\/lyc-pierre-lagourgue\/wp-json\/wp\/v2\/types\/page"}],"author":[{"embeddable":true,"href":"https:\/\/etab.ac-reunion.fr\/lyc-pierre-lagourgue\/wp-json\/wp\/v2\/users\/22677"}],"replies":[{"embeddable":true,"href":"https:\/\/etab.ac-reunion.fr\/lyc-pierre-lagourgue\/wp-json\/wp\/v2\/comments?post=6228"}],"version-history":[{"count":2,"href":"https:\/\/etab.ac-reunion.fr\/lyc-pierre-lagourgue\/wp-json\/wp\/v2\/pages\/6228\/revisions"}],"predecessor-version":[{"id":6743,"href":"https:\/\/etab.ac-reunion.fr\/lyc-pierre-lagourgue\/wp-json\/wp\/v2\/pages\/6228\/revisions\/6743"}],"wp:attachment":[{"href":"https:\/\/etab.ac-reunion.fr\/lyc-pierre-lagourgue\/wp-json\/wp\/v2\/media?parent=6228"}],"curies":[{"name":"wp","href":"https:\/\/api.w.org\/{rel}","templated":true}]}}