{"id":6354,"date":"2023-11-07T13:21:23","date_gmt":"2023-11-07T09:21:23","guid":{"rendered":"https:\/\/etab.ac-reunion.fr\/lyc-pierre-lagourgue\/?page_id=6354"},"modified":"2023-11-09T09:11:55","modified_gmt":"2023-11-09T05:11:55","slug":"section-europeenne-espagnol-dnl-svt","status":"publish","type":"page","link":"https:\/\/etab.ac-reunion.fr\/lyc-pierre-lagourgue\/section-europeenne-espagnol-dnl-svt\/","title":{"rendered":"Section Europ\u00e9enne Espagnol &#8211; DNL SVT"},"content":{"rendered":"\n\n<div class=\"su-posts su-posts-default-loop \">\n\n\t\n\t\t\t\t\t\n\t\t\t\n\t\t\t<div id=\"su-post-8138\" class=\"su-post \">\n\n\t\t\t\t\t\t\t\t\t<a class=\"su-post-thumbnail\" href=\"https:\/\/etab.ac-reunion.fr\/lyc-pierre-lagourgue\/voyage-de-la-section-euro-espagnol-svt-2026\/\"><a href=\"https:\/\/etab.ac-reunion.fr\/lyc-pierre-lagourgue\/voyage-de-la-section-euro-espagnol-svt-2026\/\" title=\"Voyage de la Section Euro Espagnol-SVT \/ 2026\"><img loading=\"lazy\" decoding=\"async\" width=\"150\" height=\"98\" src=\"https:\/\/etab.ac-reunion.fr\/lyc-pierre-lagourgue\/wp-content\/uploads\/sites\/146\/2026\/03\/Voyage-en-Espagne-photo-mise-en-avant-150x98.jpg\" class=\"attachment-post-thumbnail size-post-thumbnail wp-post-image\" alt=\"\" srcset=\"https:\/\/etab.ac-reunion.fr\/lyc-pierre-lagourgue\/wp-content\/uploads\/sites\/146\/2026\/03\/Voyage-en-Espagne-photo-mise-en-avant-150x98.jpg 150w, https:\/\/etab.ac-reunion.fr\/lyc-pierre-lagourgue\/wp-content\/uploads\/sites\/146\/2026\/03\/Voyage-en-Espagne-photo-mise-en-avant-200x131.jpg 200w, https:\/\/etab.ac-reunion.fr\/lyc-pierre-lagourgue\/wp-content\/uploads\/sites\/146\/2026\/03\/Voyage-en-Espagne-photo-mise-en-avant.jpg 523w\" sizes=\"auto, (max-width: 150px) 100vw, 150px\" \/><\/a><\/a>\n\t\t\t\t\n\t\t\t\t<h2 class=\"su-post-title\"><a href=\"https:\/\/etab.ac-reunion.fr\/lyc-pierre-lagourgue\/voyage-de-la-section-euro-espagnol-svt-2026\/\">Voyage de la Section Euro Espagnol-SVT \/ 2026<\/a><\/h2>\n\n\t\t\t\t<div class=\"su-post-meta\">\n\t\t\t\t\tPubli\u00e9: 17 mars 2026\t\t\t\t<\/div>\n\n\t\t\t\t<div class=\"su-post-excerpt\">\n\t\t\t\t\t<p>Les \u00e9l\u00e8ves de la section Euro Espagnol-SVT de 1\u00e8re et terminale ont s\u00e9journ\u00e9 \u00e0 Madrid du 27 f\u00e9vrier au 10 mars. Ils ont rencontr\u00e9 les \u00e9l\u00e8ves de notre lyc\u00e9e partenaire, l\u2019IES Alfredo Kraus. Ils y ont anim\u00e9 des mini conf\u00e9rences<\/p>\n<p class=\"continue-reading-button\"> <a class=\"continue-reading-link\" href=\"https:\/\/etab.ac-reunion.fr\/lyc-pierre-lagourgue\/voyage-de-la-section-euro-espagnol-svt-2026\/\">la suite &#8230;<i class=\"crycon-right-dir\"><\/i><\/a><\/p>\n\t\t\t\t<\/div>\n\n\t\t\t\t\n\t\t\t<\/div>\n\n\t\t\t\t\t\n\t\t\t\n\t\t\t<div id=\"su-post-7950\" class=\"su-post \">\n\n\t\t\t\t\t\t\t\t\t<a class=\"su-post-thumbnail\" href=\"https:\/\/etab.ac-reunion.fr\/lyc-pierre-lagourgue\/rencontre-avec-le-sdis\/\"><a href=\"https:\/\/etab.ac-reunion.fr\/lyc-pierre-lagourgue\/rencontre-avec-le-sdis\/\" title=\"Rencontre avec le SDIS\"><img loading=\"lazy\" decoding=\"async\" width=\"150\" height=\"100\" src=\"https:\/\/etab.ac-reunion.fr\/lyc-pierre-lagourgue\/wp-content\/uploads\/sites\/146\/2025\/12\/SDIS-4-150x100.jpg\" class=\"attachment-post-thumbnail size-post-thumbnail wp-post-image\" alt=\"\" srcset=\"https:\/\/etab.ac-reunion.fr\/lyc-pierre-lagourgue\/wp-content\/uploads\/sites\/146\/2025\/12\/SDIS-4-150x100.jpg 150w, https:\/\/etab.ac-reunion.fr\/lyc-pierre-lagourgue\/wp-content\/uploads\/sites\/146\/2025\/12\/SDIS-4-200x133.jpg 200w, https:\/\/etab.ac-reunion.fr\/lyc-pierre-lagourgue\/wp-content\/uploads\/sites\/146\/2025\/12\/SDIS-4.jpg 737w\" sizes=\"auto, (max-width: 150px) 100vw, 150px\" \/><\/a><\/a>\n\t\t\t\t\n\t\t\t\t<h2 class=\"su-post-title\"><a href=\"https:\/\/etab.ac-reunion.fr\/lyc-pierre-lagourgue\/rencontre-avec-le-sdis\/\">Rencontre avec le SDIS<\/a><\/h2>\n\n\t\t\t\t<div class=\"su-post-meta\">\n\t\t\t\t\tPubli\u00e9: 2 d\u00e9cembre 2025\t\t\t\t<\/div>\n\n\t\t\t\t<div class=\"su-post-excerpt\">\n\t\t\t\t\t<p>Le vendredi 28 novembre dernier, les \u00e9l\u00e8ves de 1\u00e8re et terminale de la section euro espagnol-SVT ainsi que les \u00e9l\u00e8ves de 1\u00e8re Proms ont b\u00e9n\u00e9fici\u00e9 d\u2019une journ\u00e9e de sensibilisation au risque des feux de for\u00eat organis\u00e9e par le SDIS. La<\/p>\n<p class=\"continue-reading-button\"> <a class=\"continue-reading-link\" href=\"https:\/\/etab.ac-reunion.fr\/lyc-pierre-lagourgue\/rencontre-avec-le-sdis\/\">la suite &#8230;<i class=\"crycon-right-dir\"><\/i><\/a><\/p>\n\t\t\t\t<\/div>\n\n\t\t\t\t\n\t\t\t<\/div>\n\n\t\t\t\t\t\n\t\t\t\n\t\t\t<div id=\"su-post-6627\" class=\"su-post \">\n\n\t\t\t\t\t\t\t\t\t<a class=\"su-post-thumbnail\" href=\"https:\/\/etab.ac-reunion.fr\/lyc-pierre-lagourgue\/entrevista-con-juan-adolfo-aranguete-presidente-de-la-asociacion-nacional-de-criadores-de-ganado-marismeno-erasmus\/\"><a href=\"https:\/\/etab.ac-reunion.fr\/lyc-pierre-lagourgue\/entrevista-con-juan-adolfo-aranguete-presidente-de-la-asociacion-nacional-de-criadores-de-ganado-marismeno-erasmus\/\" title=\"Entrevista con Juan Adolfo Arang\u00fcete, presidente de la Asociaci\u00f3n Nacional de Criadores de Ganado Marisme\u00f1o. (Erasmus+)\"><img loading=\"lazy\" decoding=\"async\" width=\"150\" height=\"113\" src=\"https:\/\/etab.ac-reunion.fr\/lyc-pierre-lagourgue\/wp-content\/uploads\/sites\/146\/2024\/03\/JAA_Entretien-avec-Juan-Adolfo-Aranguete_president-de-lassociation-des-eleveurs-de-la-Marisma-de-Donana_18-octobre-2023-150x113.jpeg\" class=\"attachment-post-thumbnail size-post-thumbnail wp-post-image\" alt=\"\" srcset=\"https:\/\/etab.ac-reunion.fr\/lyc-pierre-lagourgue\/wp-content\/uploads\/sites\/146\/2024\/03\/JAA_Entretien-avec-Juan-Adolfo-Aranguete_president-de-lassociation-des-eleveurs-de-la-Marisma-de-Donana_18-octobre-2023-150x113.jpeg 150w, https:\/\/etab.ac-reunion.fr\/lyc-pierre-lagourgue\/wp-content\/uploads\/sites\/146\/2024\/03\/JAA_Entretien-avec-Juan-Adolfo-Aranguete_president-de-lassociation-des-eleveurs-de-la-Marisma-de-Donana_18-octobre-2023-200x150.jpeg 200w, https:\/\/etab.ac-reunion.fr\/lyc-pierre-lagourgue\/wp-content\/uploads\/sites\/146\/2024\/03\/JAA_Entretien-avec-Juan-Adolfo-Aranguete_president-de-lassociation-des-eleveurs-de-la-Marisma-de-Donana_18-octobre-2023-1024x768.jpeg 1024w, https:\/\/etab.ac-reunion.fr\/lyc-pierre-lagourgue\/wp-content\/uploads\/sites\/146\/2024\/03\/JAA_Entretien-avec-Juan-Adolfo-Aranguete_president-de-lassociation-des-eleveurs-de-la-Marisma-de-Donana_18-octobre-2023.jpeg 1280w\" sizes=\"auto, (max-width: 150px) 100vw, 150px\" \/><\/a><\/a>\n\t\t\t\t\n\t\t\t\t<h2 class=\"su-post-title\"><a href=\"https:\/\/etab.ac-reunion.fr\/lyc-pierre-lagourgue\/entrevista-con-juan-adolfo-aranguete-presidente-de-la-asociacion-nacional-de-criadores-de-ganado-marismeno-erasmus\/\">Entrevista con Juan Adolfo Arang\u00fcete, presidente de la Asociaci\u00f3n Nacional de Criadores de Ganado Marisme\u00f1o. (Erasmus+)<\/a><\/h2>\n\n\t\t\t\t<div class=\"su-post-meta\">\n\t\t\t\t\tPubli\u00e9: 4 mars 2024\t\t\t\t<\/div>\n\n\t\t\t\t<div class=\"su-post-excerpt\">\n\t\t\t\t\t<p>Entrevista con Juan Adolfo Arang\u00fcete, presidente de la Asociaci\u00f3n Nacional de Criadores de Ganado Marisme\u00f1o. Sal\u00f3n de actos del centro de atenci\u00f3n al visitante del Acebuche, Parque Nacional de Do\u00f1ana, mi\u00e9rcoles 18 de octubre 2023. 1. Los servicios ecosist\u00e9micos de<\/p>\n<p class=\"continue-reading-button\"> <a class=\"continue-reading-link\" href=\"https:\/\/etab.ac-reunion.fr\/lyc-pierre-lagourgue\/entrevista-con-juan-adolfo-aranguete-presidente-de-la-asociacion-nacional-de-criadores-de-ganado-marismeno-erasmus\/\">la suite &#8230;<i class=\"crycon-right-dir\"><\/i><\/a><\/p>\n\t\t\t\t<\/div>\n\n\t\t\t\t\n\t\t\t<\/div>\n\n\t\t\t\t\t\n\t\t\t\n\t\t\t<div id=\"su-post-6616\" class=\"su-post \">\n\n\t\t\t\t\t\t\t\t\t<a class=\"su-post-thumbnail\" href=\"https:\/\/etab.ac-reunion.fr\/lyc-pierre-lagourgue\/entrevista-con-ramon-soriguer-biologo-especialista-de-las-especies-de-grandes-ungulados-y-de-las-plagas-estacion-biologica-de-donana-erasmus\/\"><a href=\"https:\/\/etab.ac-reunion.fr\/lyc-pierre-lagourgue\/entrevista-con-ramon-soriguer-biologo-especialista-de-las-especies-de-grandes-ungulados-y-de-las-plagas-estacion-biologica-de-donana-erasmus\/\" title=\"Entrevista con Ram\u00f3n Soriguer, bi\u00f3logo especialista de las especies de grandes ungulados y de las plagas, Estaci\u00f3n biol\u00f3gica de Do\u00f1ana. (Erasmus+)\"><img loading=\"lazy\" decoding=\"async\" width=\"150\" height=\"113\" src=\"https:\/\/etab.ac-reunion.fr\/lyc-pierre-lagourgue\/wp-content\/uploads\/sites\/146\/2024\/03\/PG_Rencontre-avec-les-scientfiques-de-la-Reserve-biologique-de-Donana_23-octobre-2023-Copie-150x113.jpeg\" class=\"attachment-post-thumbnail size-post-thumbnail wp-post-image\" alt=\"\" srcset=\"https:\/\/etab.ac-reunion.fr\/lyc-pierre-lagourgue\/wp-content\/uploads\/sites\/146\/2024\/03\/PG_Rencontre-avec-les-scientfiques-de-la-Reserve-biologique-de-Donana_23-octobre-2023-Copie-150x113.jpeg 150w, https:\/\/etab.ac-reunion.fr\/lyc-pierre-lagourgue\/wp-content\/uploads\/sites\/146\/2024\/03\/PG_Rencontre-avec-les-scientfiques-de-la-Reserve-biologique-de-Donana_23-octobre-2023-Copie-200x150.jpeg 200w, https:\/\/etab.ac-reunion.fr\/lyc-pierre-lagourgue\/wp-content\/uploads\/sites\/146\/2024\/03\/PG_Rencontre-avec-les-scientfiques-de-la-Reserve-biologique-de-Donana_23-octobre-2023-Copie-1024x768.jpeg 1024w, https:\/\/etab.ac-reunion.fr\/lyc-pierre-lagourgue\/wp-content\/uploads\/sites\/146\/2024\/03\/PG_Rencontre-avec-les-scientfiques-de-la-Reserve-biologique-de-Donana_23-octobre-2023-Copie.jpeg 1280w\" sizes=\"auto, (max-width: 150px) 100vw, 150px\" \/><\/a><\/a>\n\t\t\t\t\n\t\t\t\t<h2 class=\"su-post-title\"><a href=\"https:\/\/etab.ac-reunion.fr\/lyc-pierre-lagourgue\/entrevista-con-ramon-soriguer-biologo-especialista-de-las-especies-de-grandes-ungulados-y-de-las-plagas-estacion-biologica-de-donana-erasmus\/\">Entrevista con Ram\u00f3n Soriguer, bi\u00f3logo especialista de las especies de grandes ungulados y de las plagas, Estaci\u00f3n biol\u00f3gica de Do\u00f1ana. (Erasmus+)<\/a><\/h2>\n\n\t\t\t\t<div class=\"su-post-meta\">\n\t\t\t\t\tPubli\u00e9: 4 mars 2024\t\t\t\t<\/div>\n\n\t\t\t\t<div class=\"su-post-excerpt\">\n\t\t\t\t\t<p>Entrevista con Ram\u00f3n Soriguer, bi\u00f3logo especialista de las especies de grandes ungulados y de las plagas, Estaci\u00f3n biol\u00f3gica de Do\u00f1ana. Reserva biol\u00f3gica de Do\u00f1ana, lunes 23 de octubre 2023. 1. Los servicios ecosist\u00e9micos de apoyo prestados por la fauna: &#8211;\u00a0<\/p>\n<p class=\"continue-reading-button\"> <a class=\"continue-reading-link\" href=\"https:\/\/etab.ac-reunion.fr\/lyc-pierre-lagourgue\/entrevista-con-ramon-soriguer-biologo-especialista-de-las-especies-de-grandes-ungulados-y-de-las-plagas-estacion-biologica-de-donana-erasmus\/\">la suite &#8230;<i class=\"crycon-right-dir\"><\/i><\/a><\/p>\n\t\t\t\t<\/div>\n\n\t\t\t\t\n\t\t\t<\/div>\n\n\t\t\t\t\t\n\t\t\t\n\t\t\t<div id=\"su-post-6599\" class=\"su-post \">\n\n\t\t\t\t\n\t\t\t\t<h2 class=\"su-post-title\"><a href=\"https:\/\/etab.ac-reunion.fr\/lyc-pierre-lagourgue\/entrevista-con-javier-bustamante-biologo-vicedirector-de-la-reserva-biologica-de-donana-erasmus\/\">Entrevista con Javier Bustamante, bi\u00f3logo, vicedirector de la Reserva biol\u00f3gica de Do\u00f1ana. (Erasmus+)<\/a><\/h2>\n\n\t\t\t\t<div class=\"su-post-meta\">\n\t\t\t\t\tPubli\u00e9: 4 mars 2024\t\t\t\t<\/div>\n\n\t\t\t\t<div class=\"su-post-excerpt\">\n\t\t\t\t\t<p>Entrevista con Javier Bustamante, bi\u00f3logo, vicedirector de la Reserva biol\u00f3gica de Do\u00f1ana. Reserva Biol\u00f3gica de Do\u00f1ana, lunes 23 de Octubre 2023. 1. Los servicios ecosist\u00e9micos de apoyo prestados por la fauna: &#8211; \ud83c\udfa7\u00bfCu\u00e1les son los representantes y las caracter\u00edsticas de<\/p>\n<p class=\"continue-reading-button\"> <a class=\"continue-reading-link\" href=\"https:\/\/etab.ac-reunion.fr\/lyc-pierre-lagourgue\/entrevista-con-javier-bustamante-biologo-vicedirector-de-la-reserva-biologica-de-donana-erasmus\/\">la suite &#8230;<i class=\"crycon-right-dir\"><\/i><\/a><\/p>\n\t\t\t\t<\/div>\n\n\t\t\t\t\n\t\t\t<\/div>\n\n\t\t\t\t\t\n\t\t\t\n\t\t\t<div id=\"su-post-6577\" class=\"su-post \">\n\n\t\t\t\t\t\t\t\t\t<a class=\"su-post-thumbnail\" href=\"https:\/\/etab.ac-reunion.fr\/lyc-pierre-lagourgue\/entrevista-con-miguel-angel-bravo-conservador-del-parque-nacional-de-donana-27-11-23-erasmus\/\"><a href=\"https:\/\/etab.ac-reunion.fr\/lyc-pierre-lagourgue\/entrevista-con-miguel-angel-bravo-conservador-del-parque-nacional-de-donana-27-11-23-erasmus\/\" title=\"Entrevista con Miguel Angel Bravo, Conservador del parque Nacional de Do\u00f1ana. 27\/11\/23 (Erasmus+)\"><img loading=\"lazy\" decoding=\"async\" width=\"150\" height=\"68\" src=\"https:\/\/etab.ac-reunion.fr\/lyc-pierre-lagourgue\/wp-content\/uploads\/sites\/146\/2024\/03\/MAB1_Entretien-avec-Miguel-Angel-Bravo-_Conservateur-du-Parc-National-de-Donana2_23-octobre-2023-150x68.jpeg\" class=\"attachment-post-thumbnail size-post-thumbnail wp-post-image\" alt=\"\" srcset=\"https:\/\/etab.ac-reunion.fr\/lyc-pierre-lagourgue\/wp-content\/uploads\/sites\/146\/2024\/03\/MAB1_Entretien-avec-Miguel-Angel-Bravo-_Conservateur-du-Parc-National-de-Donana2_23-octobre-2023-150x68.jpeg 150w, https:\/\/etab.ac-reunion.fr\/lyc-pierre-lagourgue\/wp-content\/uploads\/sites\/146\/2024\/03\/MAB1_Entretien-avec-Miguel-Angel-Bravo-_Conservateur-du-Parc-National-de-Donana2_23-octobre-2023-200x90.jpeg 200w, https:\/\/etab.ac-reunion.fr\/lyc-pierre-lagourgue\/wp-content\/uploads\/sites\/146\/2024\/03\/MAB1_Entretien-avec-Miguel-Angel-Bravo-_Conservateur-du-Parc-National-de-Donana2_23-octobre-2023-1024x461.jpeg 1024w, https:\/\/etab.ac-reunion.fr\/lyc-pierre-lagourgue\/wp-content\/uploads\/sites\/146\/2024\/03\/MAB1_Entretien-avec-Miguel-Angel-Bravo-_Conservateur-du-Parc-National-de-Donana2_23-octobre-2023-1536x691.jpeg 1536w, https:\/\/etab.ac-reunion.fr\/lyc-pierre-lagourgue\/wp-content\/uploads\/sites\/146\/2024\/03\/MAB1_Entretien-avec-Miguel-Angel-Bravo-_Conservateur-du-Parc-National-de-Donana2_23-octobre-2023.jpeg 1600w\" sizes=\"auto, (max-width: 150px) 100vw, 150px\" \/><\/a><\/a>\n\t\t\t\t\n\t\t\t\t<h2 class=\"su-post-title\"><a href=\"https:\/\/etab.ac-reunion.fr\/lyc-pierre-lagourgue\/entrevista-con-miguel-angel-bravo-conservador-del-parque-nacional-de-donana-27-11-23-erasmus\/\">Entrevista con Miguel Angel Bravo, Conservador del parque Nacional de Do\u00f1ana. 27\/11\/23 (Erasmus+)<\/a><\/h2>\n\n\t\t\t\t<div class=\"su-post-meta\">\n\t\t\t\t\tPubli\u00e9: 3 mars 2024\t\t\t\t<\/div>\n\n\t\t\t\t<div class=\"su-post-excerpt\">\n\t\t\t\t\t<p>Au cours de leur voyage au Parc National de Do\u00f1ana en Espagne, du 12 au 27 octobre 2023, nos \u00e9l\u00e8ves ont conduit sur le terrain leurs entretiens radiophoniques aupr\u00e8s de scientifiques et experts locaux, en collaboration avec la radio-t\u00e9l\u00e9vision Do\u00f1anaComunicaci\u00f3n<\/p>\n<p class=\"continue-reading-button\"> <a class=\"continue-reading-link\" href=\"https:\/\/etab.ac-reunion.fr\/lyc-pierre-lagourgue\/entrevista-con-miguel-angel-bravo-conservador-del-parque-nacional-de-donana-27-11-23-erasmus\/\">la suite &#8230;<i class=\"crycon-right-dir\"><\/i><\/a><\/p>\n\t\t\t\t<\/div>\n\n\t\t\t\t\n\t\t\t<\/div>\n\n\t\t\t\t\t\n\t\t\t\n\t\t\t<div id=\"su-post-6505\" class=\"su-post \">\n\n\t\t\t\t\t\t\t\t\t<a class=\"su-post-thumbnail\" href=\"https:\/\/etab.ac-reunion.fr\/lyc-pierre-lagourgue\/entrevista-con-antonio-rivas-biologo-director-del-centro-de-cria-del-lince-de-el-acebuche\/\"><a href=\"https:\/\/etab.ac-reunion.fr\/lyc-pierre-lagourgue\/entrevista-con-antonio-rivas-biologo-director-del-centro-de-cria-del-lince-de-el-acebuche\/\" title=\"Entrevista con Antonio Rivas, bi\u00f3logo, director del centro de cr\u00eda del Lince de El Acebuche (Erasmus +)\"><img loading=\"lazy\" decoding=\"async\" width=\"150\" height=\"67\" src=\"https:\/\/etab.ac-reunion.fr\/lyc-pierre-lagourgue\/wp-content\/uploads\/sites\/146\/2023\/12\/AR2_entretien-avec-Antonio-Rivas-150x67.jpeg\" class=\"attachment-post-thumbnail size-post-thumbnail wp-post-image\" alt=\"\" srcset=\"https:\/\/etab.ac-reunion.fr\/lyc-pierre-lagourgue\/wp-content\/uploads\/sites\/146\/2023\/12\/AR2_entretien-avec-Antonio-Rivas-150x67.jpeg 150w, https:\/\/etab.ac-reunion.fr\/lyc-pierre-lagourgue\/wp-content\/uploads\/sites\/146\/2023\/12\/AR2_entretien-avec-Antonio-Rivas-200x90.jpeg 200w, https:\/\/etab.ac-reunion.fr\/lyc-pierre-lagourgue\/wp-content\/uploads\/sites\/146\/2023\/12\/AR2_entretien-avec-Antonio-Rivas-1024x460.jpeg 1024w, https:\/\/etab.ac-reunion.fr\/lyc-pierre-lagourgue\/wp-content\/uploads\/sites\/146\/2023\/12\/AR2_entretien-avec-Antonio-Rivas.jpeg 1280w\" sizes=\"auto, (max-width: 150px) 100vw, 150px\" \/><\/a><\/a>\n\t\t\t\t\n\t\t\t\t<h2 class=\"su-post-title\"><a href=\"https:\/\/etab.ac-reunion.fr\/lyc-pierre-lagourgue\/entrevista-con-antonio-rivas-biologo-director-del-centro-de-cria-del-lince-de-el-acebuche\/\">Entrevista con Antonio Rivas, bi\u00f3logo, director del centro de cr\u00eda del Lince de El Acebuche (Erasmus +)<\/a><\/h2>\n\n\t\t\t\t<div class=\"su-post-meta\">\n\t\t\t\t\tPubli\u00e9: 17 d\u00e9cembre 2023\t\t\t\t<\/div>\n\n\t\t\t\t<div class=\"su-post-excerpt\">\n\t\t\t\t\t<p>Entrevista con Antonio Rivas, bi\u00f3logo, director del centro de cr\u00eda del Lince de El Acebuche. Centro de cr\u00eda del Lince de El Acebuche, mi\u00e9rcoles 18 de octubre 2023. Presentaci\u00f3n de Antonio Rivas. Por Matheo \ud83c\udfa5 1. Los servicios ecosist\u00e9micos de<\/p>\n<p class=\"continue-reading-button\"> <a class=\"continue-reading-link\" href=\"https:\/\/etab.ac-reunion.fr\/lyc-pierre-lagourgue\/entrevista-con-antonio-rivas-biologo-director-del-centro-de-cria-del-lince-de-el-acebuche\/\">la suite &#8230;<i class=\"crycon-right-dir\"><\/i><\/a><\/p>\n\t\t\t\t<\/div>\n\n\t\t\t\t\n\t\t\t<\/div>\n\n\t\t\t\t\t\n\t\t\t\n\t\t\t<div id=\"su-post-6498\" class=\"su-post \">\n\n\t\t\t\t\t\t\t\t\t<a class=\"su-post-thumbnail\" href=\"https:\/\/etab.ac-reunion.fr\/lyc-pierre-lagourgue\/voyage-au-parc-national-de-donana-en-espagne\/\"><a href=\"https:\/\/etab.ac-reunion.fr\/lyc-pierre-lagourgue\/voyage-au-parc-national-de-donana-en-espagne\/\" title=\"Voyage au Parc National de Do\u00f1ana en Espagne\"><img loading=\"lazy\" decoding=\"async\" width=\"150\" height=\"113\" src=\"https:\/\/etab.ac-reunion.fr\/lyc-pierre-lagourgue\/wp-content\/uploads\/sites\/146\/2023\/12\/DC5_mini-stage-a-la-radio-television-Donana-Comunicacion_17-octobre-2023-150x113.jpg\" class=\"attachment-post-thumbnail size-post-thumbnail wp-post-image\" alt=\"\" srcset=\"https:\/\/etab.ac-reunion.fr\/lyc-pierre-lagourgue\/wp-content\/uploads\/sites\/146\/2023\/12\/DC5_mini-stage-a-la-radio-television-Donana-Comunicacion_17-octobre-2023-150x113.jpg 150w, https:\/\/etab.ac-reunion.fr\/lyc-pierre-lagourgue\/wp-content\/uploads\/sites\/146\/2023\/12\/DC5_mini-stage-a-la-radio-television-Donana-Comunicacion_17-octobre-2023-200x150.jpg 200w, https:\/\/etab.ac-reunion.fr\/lyc-pierre-lagourgue\/wp-content\/uploads\/sites\/146\/2023\/12\/DC5_mini-stage-a-la-radio-television-Donana-Comunicacion_17-octobre-2023-1024x768.jpg 1024w, https:\/\/etab.ac-reunion.fr\/lyc-pierre-lagourgue\/wp-content\/uploads\/sites\/146\/2023\/12\/DC5_mini-stage-a-la-radio-television-Donana-Comunicacion_17-octobre-2023-1536x1152.jpg 1536w, https:\/\/etab.ac-reunion.fr\/lyc-pierre-lagourgue\/wp-content\/uploads\/sites\/146\/2023\/12\/DC5_mini-stage-a-la-radio-television-Donana-Comunicacion_17-octobre-2023-2048x1536.jpg 2048w\" sizes=\"auto, (max-width: 150px) 100vw, 150px\" \/><\/a><\/a>\n\t\t\t\t\n\t\t\t\t<h2 class=\"su-post-title\"><a href=\"https:\/\/etab.ac-reunion.fr\/lyc-pierre-lagourgue\/voyage-au-parc-national-de-donana-en-espagne\/\">Voyage au Parc National de Do\u00f1ana en Espagne<\/a><\/h2>\n\n\t\t\t\t<div class=\"su-post-meta\">\n\t\t\t\t\tPubli\u00e9: 16 d\u00e9cembre 2023\t\t\t\t<\/div>\n\n\t\t\t\t<div class=\"su-post-excerpt\">\n\t\t\t\t\t<p>Au cours de leur voyage au Parc National de Do\u00f1ana en Espagne, du 12 au 27 octobre 2023, nos \u00e9l\u00e8ves ont conduit sur le terrain leurs entretiens radiophoniques et t\u00e9l\u00e9vis\u00e9s aupr\u00e8s de scientifiques et experts locaux, en collaboration avec la<\/p>\n<p class=\"continue-reading-button\"> <a class=\"continue-reading-link\" href=\"https:\/\/etab.ac-reunion.fr\/lyc-pierre-lagourgue\/voyage-au-parc-national-de-donana-en-espagne\/\">la suite &#8230;<i class=\"crycon-right-dir\"><\/i><\/a><\/p>\n\t\t\t\t<\/div>\n\n\t\t\t\t\n\t\t\t<\/div>\n\n\t\t\t\t\t\n\t\t\t\n\t\t\t<div id=\"su-post-6357\" class=\"su-post \">\n\n\t\t\t\t\n\t\t\t\t<h2 class=\"su-post-title\"><a href=\"https:\/\/etab.ac-reunion.fr\/lyc-pierre-lagourgue\/entretiens-radiophoniques-sur-le-terrain-aupres-de-professionnels-de-la-biodiversite-a-la-reunion\/\">Entretiens radiophoniques sur le terrain aupr\u00e8s de professionnels de LA BIODIVERSIT\u00c9\u00a0\u00c0 La R\u00e9union (Erasmus+).<\/a><\/h2>\n\n\t\t\t\t<div class=\"su-post-meta\">\n\t\t\t\t\tPubli\u00e9: 9 novembre 2023\t\t\t\t<\/div>\n\n\t\t\t\t<div class=\"su-post-excerpt\">\n\t\t\t\t\t<p>Chantal PASQUENELLI, professeure d\u2019Espagnol en SEE, r\u00e9f\u00e9rente EDD.Rafael GERSCHWITZ, professeur de DNL SVT en SEE.Yannis BENARD, professeur de DNL SVT en SEE. Au cours de l\u2019ann\u00e9e scolaire 2022-2023, les \u00e9l\u00e8ves de la section europ\u00e9enne Espagnol &#8211; DNL SVT du lyc\u00e9e<\/p>\n<p class=\"continue-reading-button\"> <a class=\"continue-reading-link\" href=\"https:\/\/etab.ac-reunion.fr\/lyc-pierre-lagourgue\/entretiens-radiophoniques-sur-le-terrain-aupres-de-professionnels-de-la-biodiversite-a-la-reunion\/\">la suite &#8230;<i class=\"crycon-right-dir\"><\/i><\/a><\/p>\n\t\t\t\t<\/div>\n\n\t\t\t\t\n\t\t\t<\/div>\n\n\t\t\n\t\n<\/div>\n\n","protected":false},"excerpt":{"rendered":"<p class=\"continue-reading-button\"> <a class=\"continue-reading-link\" href=\"https:\/\/etab.ac-reunion.fr\/lyc-pierre-lagourgue\/entretiens-radiophoniques-sur-le-terrain-aupres-de-professionnels-de-la-biodiversite-a-la-reunion\/\">la suite &#8230;<i class=\"crycon-right-dir\"><\/i><\/a><\/p>\n","protected":false},"author":22677,"featured_media":0,"parent":0,"menu_order":0,"comment_status":"closed","ping_status":"closed","template":"","meta":{"footnotes":""},"class_list":["post-6354","page","type-page","status-publish","hentry"],"_links":{"self":[{"href":"https:\/\/etab.ac-reunion.fr\/lyc-pierre-lagourgue\/wp-json\/wp\/v2\/pages\/6354","targetHints":{"allow":["GET"]}}],"collection":[{"href":"https:\/\/etab.ac-reunion.fr\/lyc-pierre-lagourgue\/wp-json\/wp\/v2\/pages"}],"about":[{"href":"https:\/\/etab.ac-reunion.fr\/lyc-pierre-lagourgue\/wp-json\/wp\/v2\/types\/page"}],"author":[{"embeddable":true,"href":"https:\/\/etab.ac-reunion.fr\/lyc-pierre-lagourgue\/wp-json\/wp\/v2\/users\/22677"}],"replies":[{"embeddable":true,"href":"https:\/\/etab.ac-reunion.fr\/lyc-pierre-lagourgue\/wp-json\/wp\/v2\/comments?post=6354"}],"version-history":[{"count":2,"href":"https:\/\/etab.ac-reunion.fr\/lyc-pierre-lagourgue\/wp-json\/wp\/v2\/pages\/6354\/revisions"}],"predecessor-version":[{"id":6356,"href":"https:\/\/etab.ac-reunion.fr\/lyc-pierre-lagourgue\/wp-json\/wp\/v2\/pages\/6354\/revisions\/6356"}],"wp:attachment":[{"href":"https:\/\/etab.ac-reunion.fr\/lyc-pierre-lagourgue\/wp-json\/wp\/v2\/media?parent=6354"}],"curies":[{"name":"wp","href":"https:\/\/api.w.org\/{rel}","templated":true}]}}