{"id":669,"date":"2016-06-23T12:51:13","date_gmt":"2016-06-23T11:51:13","guid":{"rendered":"http:\/\/lycee-pierre-lagourgue.ac-reunion.fr\/?page_id=669"},"modified":"2019-10-28T09:06:11","modified_gmt":"2019-10-28T05:06:11","slug":"la-commission-dhygiene-et-de-securite-c-h-s","status":"publish","type":"page","link":"https:\/\/etab.ac-reunion.fr\/lyc-pierre-lagourgue\/la-commission-dhygiene-et-de-securite-c-h-s\/","title":{"rendered":"La commission d&rsquo;hygi\u00e8ne et de s\u00e9curit\u00e9 (C.H.S.)"},"content":{"rendered":"<table>\n<tbody>\n<tr>\n<th style=\"font-size: normal;text-align: left;font-weight: normal;padding: 3px;border-top-width: 0pt;border-top-style: solid;border-top-color: gray\">\n<div style=\"font-size: normal;font-weight: bold;padding: 3px;height: 20px;border-left-width: 0pt;border-left-style: solid;border-left-color: gray;border-top-width: 0pt;border-top-style: solid;border-top-color: gray;color: #d6dde3;background-color: #5c768f\">Missions<\/div>\n<div style=\"text-align: justify;font-size: normal;font-weight: normal;padding: 5px\">Des commissions d&rsquo;hygi\u00e8ne et de s\u00e9curit\u00e9 compos\u00e9es des repr\u00e9sentants des personnels de l&rsquo;\u00e9tablissement, des \u00e9l\u00e8ves, des parents d&rsquo;\u00e9l\u00e8ves, de l&rsquo;\u00e9quipe de direction et d&rsquo;un repr\u00e9sentant de la collectivit\u00e9 de rattachement, pr\u00e9sid\u00e9es par le chef d&rsquo;\u00e9tablissement, sont institu\u00e9es dans chaque lyc\u00e9e technique ou professionnel.<br \/>\nElles sont charg\u00e9es de faire toutes propositions utiles au conseil d&rsquo;administration en vue de promouvoir la formation \u00e0 la s\u00e9curit\u00e9 et de contribuer \u00e0 l&rsquo;am\u00e9lioration des conditions d&rsquo;hygi\u00e8ne et de s\u00e9curit\u00e9 dans l&rsquo;\u00e9tablissement et notamment dans les ateliers.Un d\u00e9cret d&rsquo;application fixe les conditions de mise en \u0153uvre de ces dispositions, notamment en ce qui concerne la composition et les modalit\u00e9s de fonctionnement des commissions d&rsquo;hygi\u00e8ne et de s\u00e9curit\u00e9.<\/div>\n<div style=\"font-size: normal;font-weight: bold;padding: 3px;height: 20px;border-left-width: 0pt;border-left-style: solid;border-left-color: gray;border-top-width: 0pt;border-top-style: solid;border-top-color: gray;color: #d6dde3;background-color: #5c768f\">Composition<\/div>\n<div style=\"text-align: justify;font-size: normal;font-weight: normal;padding: 5px\">\n<p>La commission d&rsquo;hygi\u00e8ne et de s\u00e9curit\u00e9 pr\u00e9vue \u00e0 l&rsquo;article L. 421-25 du code de l&rsquo;\u00e9ducation comprend :<\/p>\n<ul style=\"text-align: justify;font-size: small;font-weight: normal\">\n<li>Le chef d&rsquo;\u00e9tablissement, pr\u00e9sident ;<\/li>\n<li>L&rsquo;adjoint de gestion de l&rsquo;\u00e9tablissement ;<\/li>\n<li>Le conseiller principal d&rsquo;\u00e9ducation si\u00e9geant au conseil d&rsquo;administration ;<\/li>\n<li>Le directeur d\u00e9l\u00e9gu\u00e9 aux formations professionnelles et technologiques ;<\/li>\n<li>Le repr\u00e9sentant de la collectivit\u00e9 territoriale de rattachement ;<\/li>\n<li>Deux repr\u00e9sentants du personnel au titre des personnels enseignants ;<\/li>\n<li>Un repr\u00e9sentant du personnel au titre des personnels administratifs, sociaux, de sant\u00e9, techniques, ouvriers et de service. Ce nombre est port\u00e9 \u00e0 deux dans les \u00e9tablissements de plus de 600 \u00e9l\u00e8ves ;<\/li>\n<li>Deux repr\u00e9sentants des parents d&rsquo;\u00e9l\u00e8ves ;<\/li>\n<li>Deux repr\u00e9sentants des \u00e9l\u00e8ves.<\/li>\n<\/ul>\n<\/div>\n<div style=\"font-size: normal;text-align: left;font-weight: normal;padding: 3px;border-top-width: 0pt;border-top-style: solid;border-top-color: gray\">L&rsquo;adjoint au chef d&rsquo;\u00e9tablissement assiste de droit aux r\u00e9unions de la commission d&rsquo;hygi\u00e8ne et de s\u00e9curit\u00e9. En cas d&#8217;emp\u00eachement du chef d&rsquo;\u00e9tablissement, il en assure la pr\u00e9sidence.<br \/>\nLe m\u00e9decin de pr\u00e9vention, le m\u00e9decin de l&rsquo;\u00e9ducation nationale et l&rsquo;infirmier ou l&rsquo;infirmi\u00e8re assistent de droit aux s\u00e9ances de la commission d&rsquo;hygi\u00e8ne et de s\u00e9curit\u00e9 en qualit\u00e9 d&rsquo;experts.<br \/>\nLes membres de la commission d&rsquo;hygi\u00e8ne et de s\u00e9curit\u00e9 sont d\u00e9sign\u00e9s pour l&rsquo;ann\u00e9e scolaire.<br \/>\nLa liste des membres de la commission est affich\u00e9e en permanence dans un lieu visible de tous et dans les ateliers.<\/div>\n<div style=\"text-align: justify;font-size: x-small;font-weight: normal;padding: 10px\">En savoir plus &gt;&gt;&gt;<a href=\"https:\/\/www.legifrance.gouv.fr\/affichCode.do;jsessionid=DC1834644912E51677E85E1FD0490D96.tpdjo11v_2?idSectionTA=LEGISCTA000018380418&amp;cidTexte=LEGITEXT000006071191&amp;dateTexte=20121102\">Code de l&rsquo;\u00e9ducation &#8211; Texte de r\u00e9f\u00e9rence pour les lyc\u00e9es techniques et professionnels<\/a><\/div>\n<\/th>\n<\/tr>\n<\/tbody>\n<\/table>\n","protected":false},"excerpt":{"rendered":"<p>Missions Des commissions d&rsquo;hygi\u00e8ne et de s\u00e9curit\u00e9 compos\u00e9es des repr\u00e9sentants des personnels de l&rsquo;\u00e9tablissement, des \u00e9l\u00e8ves, des parents d&rsquo;\u00e9l\u00e8ves, de l&rsquo;\u00e9quipe de direction et d&rsquo;un repr\u00e9sentant de la collectivit\u00e9 de rattachement, pr\u00e9sid\u00e9es par le chef d&rsquo;\u00e9tablissement, sont institu\u00e9es dans chaque<\/p>\n<p class=\"continue-reading-button\"> <a class=\"continue-reading-link\" href=\"https:\/\/etab.ac-reunion.fr\/lyc-pierre-lagourgue\/la-commission-dhygiene-et-de-securite-c-h-s\/\">la suite &#8230;<i class=\"crycon-right-dir\"><\/i><\/a><\/p>\n","protected":false},"author":22677,"featured_media":0,"parent":0,"menu_order":0,"comment_status":"closed","ping_status":"closed","template":"templates\/template-onecolumn.php","meta":{"footnotes":""},"class_list":["post-669","page","type-page","status-publish","hentry"],"_links":{"self":[{"href":"https:\/\/etab.ac-reunion.fr\/lyc-pierre-lagourgue\/wp-json\/wp\/v2\/pages\/669","targetHints":{"allow":["GET"]}}],"collection":[{"href":"https:\/\/etab.ac-reunion.fr\/lyc-pierre-lagourgue\/wp-json\/wp\/v2\/pages"}],"about":[{"href":"https:\/\/etab.ac-reunion.fr\/lyc-pierre-lagourgue\/wp-json\/wp\/v2\/types\/page"}],"author":[{"embeddable":true,"href":"https:\/\/etab.ac-reunion.fr\/lyc-pierre-lagourgue\/wp-json\/wp\/v2\/users\/22677"}],"replies":[{"embeddable":true,"href":"https:\/\/etab.ac-reunion.fr\/lyc-pierre-lagourgue\/wp-json\/wp\/v2\/comments?post=669"}],"version-history":[{"count":23,"href":"https:\/\/etab.ac-reunion.fr\/lyc-pierre-lagourgue\/wp-json\/wp\/v2\/pages\/669\/revisions"}],"predecessor-version":[{"id":4555,"href":"https:\/\/etab.ac-reunion.fr\/lyc-pierre-lagourgue\/wp-json\/wp\/v2\/pages\/669\/revisions\/4555"}],"wp:attachment":[{"href":"https:\/\/etab.ac-reunion.fr\/lyc-pierre-lagourgue\/wp-json\/wp\/v2\/media?parent=669"}],"curies":[{"name":"wp","href":"https:\/\/api.w.org\/{rel}","templated":true}]}}