{"id":713,"date":"2016-06-30T13:08:42","date_gmt":"2016-06-30T12:08:42","guid":{"rendered":"http:\/\/lycee-pierre-lagourgue.ac-reunion.fr\/?page_id=713"},"modified":"2019-11-02T22:04:53","modified_gmt":"2019-11-02T18:04:53","slug":"le-bac-st2s-sciences-et-technologies-de-la-sante-et-du-social","status":"publish","type":"page","link":"https:\/\/etab.ac-reunion.fr\/lyc-pierre-lagourgue\/le-bac-st2s-sciences-et-technologies-de-la-sante-et-du-social\/","title":{"rendered":"Le Bac Sciences et Technologies de la Sant\u00e9 et du Social"},"content":{"rendered":"<p>Le bac technologique sciences et technologies de la sant\u00e9 et du social (ST2S) s&rsquo;adresse aux \u00e9l\u00e8ves int\u00e9ress\u00e9s par les questions sanitaires et sociales du monde contemporain.<\/p>\n<p>La d\u00e9marche sp\u00e9cifique de ses enseignements associ\u00e9e aux enseignements g\u00e9n\u00e9raux d\u00e9veloppe une aptitude \u00e0 travailler en autonomie et \u00e0 pratiquer une r\u00e9flexion critique sur les probl\u00e9matiques du secteur. Le titulaire du bac ST2S saura notamment analyser les faits de soci\u00e9t\u00e9 posant des questions sanitaires ou sociales, caract\u00e9riser l&rsquo;\u00e9tat de sant\u00e9 et de bien-\u00eatre de populations, et comprendre les relations entre les demandes en mati\u00e8re de sant\u00e9 et de vie sociale et les r\u00e9ponses politiques et institutionnelles.<\/p>\n<p>Le bac ST2S\u00a0constitue une voie d&rsquo;acc\u00e8s aux \u00e9tudes sup\u00e9rieures menant aux emplois techniques ou technico-administratifs du secteur social et param\u00e9dical. Un bachelier peut\u00a0int\u00e9grer une \u00e9cole du secteur sanitaire et social : de soins infirmiers, d&rsquo;assistants de service social et d&rsquo;\u00e9ducateurs, parmi les plus accessibles. Il a \u00e9galement acc\u00e8s\u00a0aux\u00a0BTS ou\u00a0aux DUT : BTS \u00e9conomie sociale familiale, BTS services et prestations des secteurs sanitaire et social, BTS di\u00e9t\u00e9tique, DUT carri\u00e8res sociales.<\/p>\n<p>Enfin, s&rsquo;il est tr\u00e8s motiv\u00e9 et qu&rsquo;il poss\u00e8de un bon dossier il peut tenter un cursus scientifique \u00e0 l&rsquo;universit\u00e9, apr\u00e8s une ann\u00e9e de remise \u00e0 niveau<\/p>\n<h3><strong><em><span style=\"text-decoration: underline\">Poursuites d\u2019\u00e9tudes<\/span><\/em><\/strong><\/h3>\n<ul>\n<li>BTS et DUT des secteurs de la sant\u00e9 et du social<\/li>\n<li>Dipl\u00f4mes d&rsquo;\u00c9tat (DE), obligatoires pour les professions d&rsquo;assistant de service social (DEASS), \u00e9ducateur sp\u00e9cialis\u00e9 (DEESS), \u00e9ducateur de jeunes enfants (DEEJE), infirmier.<\/li>\n<\/ul>\n<p>Pour celles et ceux qui veulent int\u00e9grer rapidement le monde du travail, une formation compl\u00e9mentaire d&rsquo;une dur\u00e9e moyenne d&rsquo;un an (FCIL, MC) dans le domaine du secr\u00e9tariat m\u00e9dical ou m\u00e9dico-social facilite l&rsquo;insertion.<\/p>\n<p>{Source Onisep.fr}<\/p>\n","protected":false},"excerpt":{"rendered":"<p>Le bac technologique sciences et technologies de la sant\u00e9 et du social (ST2S) s&rsquo;adresse aux \u00e9l\u00e8ves int\u00e9ress\u00e9s par les questions sanitaires et sociales du monde contemporain. La d\u00e9marche sp\u00e9cifique de ses enseignements associ\u00e9e aux enseignements g\u00e9n\u00e9raux d\u00e9veloppe une aptitude \u00e0<\/p>\n<p class=\"continue-reading-button\"> <a class=\"continue-reading-link\" href=\"https:\/\/etab.ac-reunion.fr\/lyc-pierre-lagourgue\/le-bac-st2s-sciences-et-technologies-de-la-sante-et-du-social\/\">la suite &#8230;<i class=\"crycon-right-dir\"><\/i><\/a><\/p>\n","protected":false},"author":11686,"featured_media":0,"parent":0,"menu_order":0,"comment_status":"closed","ping_status":"closed","template":"templates\/template-onecolumn.php","meta":{"footnotes":""},"class_list":["post-713","page","type-page","status-publish","hentry"],"_links":{"self":[{"href":"https:\/\/etab.ac-reunion.fr\/lyc-pierre-lagourgue\/wp-json\/wp\/v2\/pages\/713","targetHints":{"allow":["GET"]}}],"collection":[{"href":"https:\/\/etab.ac-reunion.fr\/lyc-pierre-lagourgue\/wp-json\/wp\/v2\/pages"}],"about":[{"href":"https:\/\/etab.ac-reunion.fr\/lyc-pierre-lagourgue\/wp-json\/wp\/v2\/types\/page"}],"author":[{"embeddable":true,"href":"https:\/\/etab.ac-reunion.fr\/lyc-pierre-lagourgue\/wp-json\/wp\/v2\/users\/11686"}],"replies":[{"embeddable":true,"href":"https:\/\/etab.ac-reunion.fr\/lyc-pierre-lagourgue\/wp-json\/wp\/v2\/comments?post=713"}],"version-history":[{"count":13,"href":"https:\/\/etab.ac-reunion.fr\/lyc-pierre-lagourgue\/wp-json\/wp\/v2\/pages\/713\/revisions"}],"predecessor-version":[{"id":4620,"href":"https:\/\/etab.ac-reunion.fr\/lyc-pierre-lagourgue\/wp-json\/wp\/v2\/pages\/713\/revisions\/4620"}],"wp:attachment":[{"href":"https:\/\/etab.ac-reunion.fr\/lyc-pierre-lagourgue\/wp-json\/wp\/v2\/media?parent=713"}],"curies":[{"name":"wp","href":"https:\/\/api.w.org\/{rel}","templated":true}]}}