{"id":3568,"date":"2022-09-15T11:18:33","date_gmt":"2022-09-15T11:18:33","guid":{"rendered":"https:\/\/etab.ac-reunion.fr\/lyc-pierre-poivre\/?page_id=3568"},"modified":"2022-09-15T11:27:09","modified_gmt":"2022-09-15T11:27:09","slug":"erasmus-mobilite-suede-comme-si-vous-y-etiez","status":"publish","type":"page","link":"https:\/\/etab.ac-reunion.fr\/lyc-pierre-poivre\/erasmus-mobilite-suede-comme-si-vous-y-etiez\/","title":{"rendered":"ERASMUS+ Mobilit\u00e9 Su\u00e8de Comme si vous y \u00e9tiez"},"content":{"rendered":"","protected":false},"excerpt":{"rendered":"","protected":false},"author":30002,"featured_media":3565,"parent":0,"menu_order":0,"comment_status":"closed","ping_status":"closed","template":"","meta":{"footnotes":""},"class_list":["post-3568","page","type-page","status-publish","has-post-thumbnail","hentry"],"_links":{"self":[{"href":"https:\/\/etab.ac-reunion.fr\/lyc-pierre-poivre\/wp-json\/wp\/v2\/pages\/3568","targetHints":{"allow":["GET"]}}],"collection":[{"href":"https:\/\/etab.ac-reunion.fr\/lyc-pierre-poivre\/wp-json\/wp\/v2\/pages"}],"about":[{"href":"https:\/\/etab.ac-reunion.fr\/lyc-pierre-poivre\/wp-json\/wp\/v2\/types\/page"}],"author":[{"embeddable":true,"href":"https:\/\/etab.ac-reunion.fr\/lyc-pierre-poivre\/wp-json\/wp\/v2\/users\/30002"}],"replies":[{"embeddable":true,"href":"https:\/\/etab.ac-reunion.fr\/lyc-pierre-poivre\/wp-json\/wp\/v2\/comments?post=3568"}],"version-history":[{"count":4,"href":"https:\/\/etab.ac-reunion.fr\/lyc-pierre-poivre\/wp-json\/wp\/v2\/pages\/3568\/revisions"}],"predecessor-version":[{"id":3574,"href":"https:\/\/etab.ac-reunion.fr\/lyc-pierre-poivre\/wp-json\/wp\/v2\/pages\/3568\/revisions\/3574"}],"wp:featuredmedia":[{"embeddable":true,"href":"https:\/\/etab.ac-reunion.fr\/lyc-pierre-poivre\/wp-json\/wp\/v2\/media\/3565"}],"wp:attachment":[{"href":"https:\/\/etab.ac-reunion.fr\/lyc-pierre-poivre\/wp-json\/wp\/v2\/media?parent=3568"}],"curies":[{"name":"wp","href":"https:\/\/api.w.org\/{rel}","templated":true}]}}