{"id":5809,"date":"2024-11-29T07:03:22","date_gmt":"2024-11-29T07:03:22","guid":{"rendered":"https:\/\/etab.ac-reunion.fr\/lyc-pierre-poivre\/?page_id=5809"},"modified":"2025-04-14T10:20:21","modified_gmt":"2025-04-14T10:20:21","slug":"infos-pratiques","status":"publish","type":"page","link":"https:\/\/etab.ac-reunion.fr\/lyc-pierre-poivre\/infos-pratiques\/","title":{"rendered":"Infos Pratiques"},"content":{"rendered":"<div class=\"su-spoiler su-spoiler-style-default su-spoiler-icon-folder-1 su-spoiler-closed\" data-scroll-offset=\"0\" data-anchor-in-url=\"no\"><div class=\"su-spoiler-title\" tabindex=\"0\" role=\"button\"><span class=\"su-spoiler-icon\"><\/span>NUMERISAK<\/div><div class=\"su-spoiler-content su-u-clearfix su-u-trim\">\n<p><img loading=\"lazy\" decoding=\"async\" class=\"alignnone wp-image-5909\" src=\"https:\/\/etab.ac-reunion.fr\/lyc-pierre-poivre\/wp-content\/uploads\/sites\/36\/2024\/12\/Numerisak-300x66.png\" alt=\"\" width=\"432\" height=\"95\" srcset=\"https:\/\/etab.ac-reunion.fr\/lyc-pierre-poivre\/wp-content\/uploads\/sites\/36\/2024\/12\/Numerisak-300x66.png 300w, https:\/\/etab.ac-reunion.fr\/lyc-pierre-poivre\/wp-content\/uploads\/sites\/36\/2024\/12\/Numerisak-1024x225.png 1024w, https:\/\/etab.ac-reunion.fr\/lyc-pierre-poivre\/wp-content\/uploads\/sites\/36\/2024\/12\/Numerisak-768x169.png 768w, https:\/\/etab.ac-reunion.fr\/lyc-pierre-poivre\/wp-content\/uploads\/sites\/36\/2024\/12\/Numerisak-615x135.png 615w, https:\/\/etab.ac-reunion.fr\/lyc-pierre-poivre\/wp-content\/uploads\/sites\/36\/2024\/12\/Numerisak.png 1153w\" sizes=\"auto, (max-width: 432px) 100vw, 432px\" \/><\/p>\n<p>Pour pouvoir b\u00e9n\u00e9ficier du dispositif \u00ab\u00a0NUM\u00c9RISAK\u00a0\u00bb, chaque primo lyc\u00e9en doit remplir un formulaire de demande disponible sur la plateforme de t\u00e9l\u00e9-inscription ou sur le site de la R\u00e9gion qu\u2019il remettra au lyc\u00e9e lors du d\u00e9p\u00f4t des pi\u00e8ces compl\u00e9mentaires d\u00e9but juillet 2024. L\u2019animateur ARTICE transmettra la demande aupr\u00e8s de la R\u00e9gion R\u00e9union qui, apr\u00e8s avoir v\u00e9rifi\u00e9 les conditions d\u2019\u00e9ligibilit\u00e9, \u00e9mettra un bon\u00a0NUM\u00c9RISAK\u00a0pour le volet \u00e9quipement informatique et\/ou proc\u00e9dera au versement de l\u2019aide \u00e0 la connexion internet directement sur le compte des familles.<\/p>\n<p><strong>La distribution des bons se fera \u00e0 partir de juillet 2024 \u00e0 la R\u00e9gion et dans la semaine du 12 ao\u00fbt 2024 dans le lyc\u00e9e de l\u2019\u00e9l\u00e8ve. Les familles seront contact\u00e9es par mail ou par t\u00e9l\u00e9phone.<\/strong><\/p>\n<p><strong>Pour pouvoir confirmer l\u2019achat de l\u2019\u00e9quipement informatique (sans condition de ressources)\u00a0:<\/strong><\/p>\n<p>1- le b\u00e9n\u00e9ficiaire devra pr\u00e9senter au prestataire informatique son \u00ab\u00a0bon\u00a0NUM\u00c9RISAK\u00a0-\u00e9quipement informatique\u00a0\u00bb original, l\u2019\u00e9tiquette antivol ainsi que sa pi\u00e8ce d\u2019identit\u00e9 s\u2019il est majeur. Dans le cas o\u00f9 le b\u00e9n\u00e9ficiaire est mineur, c\u2019est son repr\u00e9sentant l\u00e9gal dont le nom figure sur le \u00ab\u00a0bon\u00a0NUM\u00c9RISAK\u00a0&#8211; \u00e9quipement informatique\u00a0\u00bb qui devra r\u00e9cup\u00e9rer lui-m\u00eame le PC convertible 360\u00b0 en pr\u00e9sentant sa propre pi\u00e8ce d\u2019identit\u00e9.<\/p>\n<p>2- le prestataire devra, lors de la remise du PC au b\u00e9n\u00e9ficiaire, coller l\u2019\u00e9tiquette antivol de fa\u00e7on visible et dans le sens de la lecture sur l\u2019\u00e9quipement informatique subventionn\u00e9. Cette \u00e9tiquette antivol ne devra en aucun cas \u00eatre enlev\u00e9e de l\u2019\u00e9quipement informatique sur lequel elle sera appos\u00e9e.<\/p>\n<p>L\u2019utilisateur doit se conformer au r\u00e8glement int\u00e9rieur en vigueur dans son \u00e9tablissement, quant \u00e0 l\u2019usage de son PC notamment pour l\u2019acc\u00e8s internet.<\/p>\n<p>Le Conseil R\u00e9gional ne prendra pas \u00e0 sa charge\u00a0:<\/p>\n<ul>\n<li>Les d\u00e9penses concernant le service apr\u00e8s-vente qui incombe au fournisseur du PC convertible 360\u00b0 pendant la dur\u00e9e de la garantie de 3 ans ;<\/li>\n<li>Les cons\u00e9quences r\u00e9sultant du vol, de la d\u00e9t\u00e9rioration, de la perte ou de tout autre cas n\u00e9cessitant le remplacement de tout ou d\u2019une partie du PC convertible 360\u00b0. Afin de se pr\u00e9munir des cons\u00e9quences dommageables li\u00e9es \u00e0 un vol, il est recommand\u00e9 \u00e0 l\u2019utilisateur de contracter une assurance contre le vol.<\/li>\n<\/ul>\n<p>Les conditions g\u00e9n\u00e9rales d\u2019utilisation (CGU) du \u00ab NUM\u00c9RISAK &#8211; \u00e9quipement informatique \u00bb que doit signer le repr\u00e9sentant l\u00e9gal sont disponibles sur le site de la R\u00e9gion R\u00e9union &#8211; <a href=\"https:\/\/regionreunion.com\/IMG\/pdf\/cgu_numerisak_2024-2025.pdf\" class=\"su-button su-button-style-default\" style=\"color:#FFFFFF;background-color:#2D89EF;border-color:#246ec0;border-radius:11px\" target=\"_blank\" rel=\"noopener noreferrer\" title=\"\u00e0 t\u00e9l\u00e9charger ici\"><span style=\"color:#FFFFFF;padding:0px 28px;font-size:21px;line-height:42px;border-color:#6cadf4;border-radius:11px;text-shadow:none\"> \u00e0 t\u00e9l\u00e9charger ici<\/span><\/a>\n<p><strong>Pour faire valoir son droit \u00e0 l\u2019attribution de l\u2019aide \u00e0 une connexion internet (sous conditions de ressources)\u00a0:<\/strong><\/p>\n<p>1- La famille devra souscrire ou aura souscrit un abonnement internet aupr\u00e8s d\u2019un fournisseur d\u2019acc\u00e8s internet.<\/p>\n<p>2- Pour le premier versement, le b\u00e9n\u00e9ficiaire devra fournir les pi\u00e8ces justificatives\u00a0suivantes\u00a0:<\/p>\n<ul>\n<li>certificat de scolarit\u00e9 ou attestation de t\u00e9l\u00e9-inscription ou d\u2019inscription pour l\u2019ann\u00e9e scolaire 2024-2025<\/li>\n<li>notification de bourse de niveau 3 ou de niveau 6 pour l\u2019ann\u00e9e scolaire 2023-2024<\/li>\n<li>copie du contrat d\u2019abonnement souscrit ou derni\u00e8re facture acquitt\u00e9e<\/li>\n<li>RIB du repr\u00e9sentant l\u00e9gal ou de l\u2019\u00e9l\u00e8ve, si majeur<\/li>\n<\/ul>\n<p>3- Pour les versements suivants\u00a0: toute pi\u00e8ce justifiant de l\u2019acquittement de l\u2019abonnement de moins d\u2019un mois (relev\u00e9 bancaire, facture acquitt\u00e9e, re\u00e7u\u2026).<\/p>\n<p>Le Conseil R\u00e9gional ne prendra \u00e0 sa charge que\u00a0la participation mensuelle de 20 \u20ac plafonn\u00e9e \u00e0 \u2028240 \u20ac par an sur l\u2019offre souscrite par le b\u00e9n\u00e9ficiaire chez les fournisseurs d\u2019acc\u00e8s internet.<\/p>\n<p>Un montant maximal de 60 \u20ac sera vers\u00e9e trimestriellement sur le compte des familles.<\/p>\n<a href=\"https:\/\/regionreunion.com\/IMG\/pdf\/formulaire_de_demande_numerisak_2024-2025.pdf\" class=\"su-button su-button-style-default\" style=\"color:#FFFFFF;background-color:#2D89EF;border-color:#246ec0;border-radius:11px\" target=\"_blank\" rel=\"noopener noreferrer\" title=\"\u00e0 t\u00e9l\u00e9charger ici\"><span style=\"color:#FFFFFF;padding:0px 28px;font-size:21px;line-height:42px;border-color:#6cadf4;border-radius:11px;text-shadow:none\"> Formulaire de demande numerisak 2024-2025<\/span><\/a>\n<p>&nbsp;<\/p>\n<a href=\"https:\/\/regionreunion.com\/IMG\/pdf\/cgu_numerisak_2024-2025.pdf\" class=\"su-button su-button-style-default\" style=\"color:#FFFFFF;background-color:#2D89EF;border-color:#246ec0;border-radius:11px\" target=\"_blank\" rel=\"noopener noreferrer\" title=\"\u00e0 t\u00e9l\u00e9charger ici\"><span style=\"color:#FFFFFF;padding:0px 28px;font-size:21px;line-height:42px;border-color:#6cadf4;border-radius:11px;text-shadow:none\"> CGU Numerisak 2024-2025<\/span><\/a>\n<p>&nbsp;<\/p>\n<a href=\"https:\/\/regionreunion.com\/IMG\/pdf\/delib_dcp2024_0063_numerisak_numeriklas_2024.pdf\" class=\"su-button su-button-style-default\" style=\"color:#FFFFFF;background-color:#2D89EF;border-color:#246ec0;border-radius:11px\" target=\"_blank\" rel=\"noopener noreferrer\" title=\"\u00e0 t\u00e9l\u00e9charger ici\"><span style=\"color:#FFFFFF;padding:0px 28px;font-size:21px;line-height:42px;border-color:#6cadf4;border-radius:11px;text-shadow:none\"> DELIBERATION N\u00b0DCP2024_0063 &#8211; Commission Permanente<\/span><\/a>\n<p>&nbsp;<\/p>\n<a href=\"https:\/\/regionreunion.com\/IMG\/pdf\/flyer_numerisak_comment_l_acquerir.pdf\" class=\"su-button su-button-style-default\" style=\"color:#FFFFFF;background-color:#2D89EF;border-color:#246ec0;border-radius:11px\" target=\"_blank\" rel=\"noopener noreferrer\" title=\"\u00e0 t\u00e9l\u00e9charger ici\"><span style=\"color:#FFFFFF;padding:0px 28px;font-size:21px;line-height:42px;border-color:#6cadf4;border-radius:11px;text-shadow:none\"> Comment l&rsquo;acqu\u00e9rir<\/span><\/a>\n<p>&nbsp;<\/p>\n<a href=\"https:\/\/regionreunion.com\/IMG\/pdf\/flyer_numerisak_comment_l_utiliser.pdf\" class=\"su-button su-button-style-default\" style=\"color:#FFFFFF;background-color:#2D89EF;border-color:#246ec0;border-radius:11px\" target=\"_blank\" rel=\"noopener noreferrer\" title=\"\u00e0 t\u00e9l\u00e9charger ici\"><span style=\"color:#FFFFFF;padding:0px 28px;font-size:21px;line-height:42px;border-color:#6cadf4;border-radius:11px;text-shadow:none\"> Comment l&rsquo;utiliser<\/span><\/a>\n<p>&nbsp;<\/p>\n<\/div><\/div>\n<div class=\"su-spoiler su-spoiler-style-default su-spoiler-icon-folder-1 su-spoiler-closed\" data-scroll-offset=\"0\" data-anchor-in-url=\"no\"><div class=\"su-spoiler-title\" tabindex=\"0\" role=\"button\"><span class=\"su-spoiler-icon\"><\/span>UN TRIMESTRE, UN LIVRE<\/div><div class=\"su-spoiler-content su-u-clearfix su-u-trim\">\u00c0 partir de la rentr\u00e9e d\u2019ao\u00fbt 2024, la R\u00e9gion R\u00e9union lance son nouveau dispositif, \u00ab\u00a0Un Trimestre, Un Livre\u00a0\u00bb ! Chaque trimestre, les lyc\u00e9ens auront le privil\u00e8ge de recevoir un ouvrage captivant, s\u00e9lectionn\u00e9 par leurs soins. Qu\u2019il s\u2019agisse d\u2019un roman, de po\u00e9sie, de manga, en fran\u00e7ais ou en cr\u00e9ole, un large choix d\u2019ouvrages s\u2019offrira \u00e0 eux.<\/p>\n<p><strong>Pour qui ? <\/strong><\/p>\n<p>Tous les lyc\u00e9ens des \u00e9tablissements priv\u00e9s et publics.<\/p>\n<p><strong>Comment en faire la demande ? <\/strong><\/p>\n<p>Chaque ann\u00e9e, le formulaire de demande doit \u00eatre rempli et remis \u00e0 l\u2019animateur r\u00e9f\u00e9rent du lyc\u00e9e fr\u00e9quent\u00e9.<\/p>\n<a href=\"https:\/\/regionreunion.com\/IMG\/pdf\/formulaire_de_demande_1_livre_1_trimestre_2024-2025-1.pdf\" class=\"su-button su-button-style-default\" style=\"color:#FFFFFF;background-color:#2D89EF;border-color:#246ec0;border-radius:11px\" target=\"_blank\" rel=\"noopener noreferrer\" title=\"\u00e0 t\u00e9l\u00e9charger ici\"><span style=\"color:#FFFFFF;padding:0px 28px;font-size:21px;line-height:42px;border-color:#6cadf4;border-radius:11px;text-shadow:none\"> Formulaire de demande<\/span><\/a>\n<p><strong>Quels sont les livres disponibles\u00a0?<\/strong><\/p>\n<p>Pour l\u2019ann\u00e9e scolaire \u00e0 venir, est propos\u00e9e une liste de 600 ouvrages de divers horizons et \u00e9poques, retra\u00e7ant un large \u00e9ventail de genres litt\u00e9raires.<\/p>\n<a href=\"https:\/\/regionreunion.com\/IMG\/pdf\/liste_livres_propose_e.pdf\" class=\"su-button su-button-style-default\" style=\"color:#FFFFFF;background-color:#2D89EF;border-color:#246ec0;border-radius:11px\" target=\"_blank\" rel=\"noopener noreferrer\" title=\"\u00e0 t\u00e9l\u00e9charger ici\"><span style=\"color:#FFFFFF;padding:0px 28px;font-size:21px;line-height:42px;border-color:#6cadf4;border-radius:11px;text-shadow:none\"> Liste des ouvrages<\/span><\/a>\n<p>Rendez-vous \u00e0 la rentr\u00e9e pour embarquer dans cette passionnante aventure litt\u00e9raire\u00a0!<\/p>\n<div class=\"su-youtube su-u-responsive-media-yes\"><iframe loading=\"lazy\" width=\"1320\" height=\"1000\" src=\"https:\/\/www.youtube.com\/embed\/_La3amkCCUg?\" frameborder=\"0\" allowfullscreen allow=\"autoplay; encrypted-media; picture-in-picture\" title=\"Dispositif &#039;Un trimestre, un livre&#039;\"><\/iframe><\/div>\n<\/div><\/div>\n<div class=\"su-spoiler su-spoiler-style-default su-spoiler-icon-folder-1 su-spoiler-closed\" data-scroll-offset=\"0\" data-anchor-in-url=\"no\"><div class=\"su-spoiler-title\" tabindex=\"0\" role=\"button\"><span class=\"su-spoiler-icon\"><\/span>INSCRIPTION<\/div><div class=\"su-spoiler-content su-u-clearfix su-u-trim\">\n<p><strong>I\/ INSCRIPTIONS AU LYCEE<\/strong><\/p>\n<p><a class=\"fancybox-pdf\" href=\"https:\/\/etab.ac-reunion.fr\/lyc-pierre-poivre\/wp-content\/uploads\/sites\/36\/2023\/06\/Choix-des-enseignements-et-options-seconde-2023-2024.pdf\"> 1. Choix des enseignements et options seconde 2023-2024 <\/a><\/p>\n<p><a class=\"fancybox-pdf\" href=\"https:\/\/etab.ac-reunion.fr\/lyc-pierre-poivre\/wp-content\/uploads\/sites\/36\/2023\/06\/fiche-durgence.pdf\">2. Fiche d\u2019urgence<\/a><\/p>\n<p><a class=\"fancybox-pdf\" href=\"https:\/\/etab.ac-reunion.fr\/lyc-pierre-poivre\/wp-content\/uploads\/sites\/36\/2023\/06\/Inscript\u00b0DP-2023-2024.pdf\">3. Fiche inscription dp 2023-2024<\/a><\/p>\n<p><a class=\"fancybox-pdf\" href=\"https:\/\/etab.ac-reunion.fr\/lyc-pierre-poivre\/wp-content\/uploads\/sites\/36\/2023\/06\/Circuit-de-ramassage.pdf\">4. Circuit de ramassage.<\/a><\/p>\n<\/div><\/div>\n<div class=\"su-spoiler su-spoiler-style-default su-spoiler-icon-folder-1 su-spoiler-closed\" data-scroll-offset=\"0\" data-anchor-in-url=\"no\"><div class=\"su-spoiler-title\" tabindex=\"0\" role=\"button\"><span class=\"su-spoiler-icon\"><\/span>DEMANDE DE BOURSE<\/div><div class=\"su-spoiler-content su-u-clearfix su-u-trim\">\n<p>&nbsp;<\/p>\n<\/div><\/div>\n","protected":false},"excerpt":{"rendered":"","protected":false},"author":37688,"featured_media":0,"parent":0,"menu_order":0,"comment_status":"closed","ping_status":"closed","template":"","meta":{"footnotes":""},"class_list":["post-5809","page","type-page","status-publish","hentry"],"_links":{"self":[{"href":"https:\/\/etab.ac-reunion.fr\/lyc-pierre-poivre\/wp-json\/wp\/v2\/pages\/5809","targetHints":{"allow":["GET"]}}],"collection":[{"href":"https:\/\/etab.ac-reunion.fr\/lyc-pierre-poivre\/wp-json\/wp\/v2\/pages"}],"about":[{"href":"https:\/\/etab.ac-reunion.fr\/lyc-pierre-poivre\/wp-json\/wp\/v2\/types\/page"}],"author":[{"embeddable":true,"href":"https:\/\/etab.ac-reunion.fr\/lyc-pierre-poivre\/wp-json\/wp\/v2\/users\/37688"}],"replies":[{"embeddable":true,"href":"https:\/\/etab.ac-reunion.fr\/lyc-pierre-poivre\/wp-json\/wp\/v2\/comments?post=5809"}],"version-history":[{"count":14,"href":"https:\/\/etab.ac-reunion.fr\/lyc-pierre-poivre\/wp-json\/wp\/v2\/pages\/5809\/revisions"}],"predecessor-version":[{"id":6505,"href":"https:\/\/etab.ac-reunion.fr\/lyc-pierre-poivre\/wp-json\/wp\/v2\/pages\/5809\/revisions\/6505"}],"wp:attachment":[{"href":"https:\/\/etab.ac-reunion.fr\/lyc-pierre-poivre\/wp-json\/wp\/v2\/media?parent=5809"}],"curies":[{"name":"wp","href":"https:\/\/api.w.org\/{rel}","templated":true}]}}