{"id":2036,"date":"2016-12-14T22:23:33","date_gmt":"2016-12-14T18:23:33","guid":{"rendered":"http:\/\/lycee-roches-maigres.ac-reunion.fr\/?page_id=2036"},"modified":"2016-12-14T22:26:39","modified_gmt":"2016-12-14T18:26:39","slug":"projet-detablissement-2","status":"publish","type":"page","link":"https:\/\/etab.ac-reunion.fr\/lyc-roches-maigres\/projet-detablissement-2\/","title":{"rendered":"Projet d&rsquo;\u00e9tablissement"},"content":{"rendered":"<p>&nbsp;<\/p>\n<h1 style=\"text-align: center\"><i>ANN\u00c9ES<\/i><em>:<\/em> 2013-2016<\/h1>\n<p>&nbsp;<\/p>\n<p><a href=\"https:\/\/etab.ac-reunion.fr\/lyc-roches-maigres\/wp-content\/uploads\/sites\/139\/2015\/02\/pdf.png\"><img loading=\"lazy\" decoding=\"async\" class=\"size-full wp-image-144 alignleft\" src=\"https:\/\/etab.ac-reunion.fr\/lyc-roches-maigres\/wp-content\/uploads\/sites\/139\/2015\/02\/pdf.png\" alt=\"\" width=\"24\" height=\"24\" \/><\/a><a href=\"https:\/\/etab.ac-reunion.fr\/lyc-roches-maigres\/wp-content\/uploads\/sites\/139\/2016\/12\/Projet-de\u0301tablissement.pdf\">Le projet en version pdf<\/a><\/p>\n<p>Voici les trois\u00a0axes de ce projet:<\/p>\n<p>AXE I: OFFRIR A TOUS LES ELEVES LES CONDITIONS OPTIMALES DE REUSSITE SCOLAIRE ET D\u2019ACCOMPAGNEMENT<\/p>\n<p>AXE II:\u00a0TRAVAILLER SUR LE RAYONNEMENT DES ELEVES, DES ENSEIGNANTS, DE L\u2019ETABLISSEMENT<\/p>\n<p>AXE III: PREPARER L\u2019ELEVE A SA VIE DE FUTUR CITOYEN<\/p>\n<table>\n<tbody>\n<tr>\n<td>\u00a0Objectifs Op\u00e9rationnels<\/td>\n<td>Modalit\u00e9s d\u2019actions \u00e0 mettre en place<\/td>\n<\/tr>\n<tr>\n<td><strong>AXE I: OFFRIR A TOUS LES ELEVES LES CONDITIONS OPTIMALES DE REUSSITE SCOLAIRE ET D\u2019ACCOMPAGNEMENT<\/strong><\/td>\n<td><\/td>\n<\/tr>\n<tr>\n<td>LUTTER CONTRE L\u2019ABSENTEISME.<\/p>\n<p>RENFORCER ET MIEUX ENCADRER LA LIAISON COLLEGE-LYCEE POUR UNE MEILLEURE ORIENTATION DES ELEVES VERS NOTRE ETABLISSEMENT.<\/p>\n<p>&#8211; PRISE EN CHARGE DIFFERENCIEE DES ELEVES ET ACCOMPAGNEMENT INDIVIDUALISE.<\/td>\n<td>*Fonctionnement de la Cellule de veille : interactivit\u00e9 entre \u00e9quipes<br \/>\np\u00e9dagogique, vie scolaire, \u00e9quipe m\u00e9dico-sociale et A.P.S.<br \/>\n*Mise en place d\u2019un protocole absent\u00e9isme g\u00e9r\u00e9 par l\u2019A.P.S.<br \/>\n*Participation des d\u00e9l\u00e9gu\u00e9s \u00e9l\u00e8ves \u00e0 la lutte contre l\u2019absent\u00e9isme et les retards.<br \/>\n*D\u00e9tection des \u00e9l\u00e8ves en grandes difficult\u00e9s scolaires et sociales.<br \/>\n*Travail sur une r\u00e9orientation des \u00e9l\u00e8ves \u00e0 l\u2019interne.<br \/>\n*Fonctionnement optimum du CESC dans le domaine des addictions.<br \/>\n*Ecole des parents sur le th\u00e8me de l\u2019assiduit\u00e9 et la r\u00e9ussite scolaire.*Gestion des forums des coll\u00e8ges par un r\u00e9f\u00e9rent.<br \/>\n*Participation des enseignants aux forums des coll\u00e8ges.<br \/>\n*Organisation de journ\u00e9es portes ouvertes avec les coll\u00e8ges.<br \/>\n*Mise en place de visite de l\u2019\u00e9tablissement pour les professeurs principaux, les COPSY, des coll\u00e8ges.<br \/>\n*Mise en place de stages pour les 3i\u00e8mepr\u00e9pa-pro.*Formalisation de l\u2019accompagnement personnalis\u00e9 :<br \/>\n-plage horaire de deux heures pour les secondes, les premi\u00e8res et les<br \/>\nterminales.<br \/>\n-groupe de 08 \u00e0 10 \u00e9l\u00e8ves maximum avec un professeur.<br \/>\n*Mise en place du tutorat.<br \/>\n*Mise en place de l\u2019EGLS.<br \/>\n*Responsabilisation les \u00e9l\u00e8ves par l\u2019interm\u00e9diaire de la fonction de d\u00e9l\u00e9gu\u00e9s dans diff\u00e9rents domaines.<br \/>\n*Mobilisation du C.D.I. pour une meilleure r\u00e9ussite des \u00e9l\u00e8ves.<\/td>\n<\/tr>\n<tr>\n<td>-MOTIVER LES ELEVES POUR UNE REUSSITE AUX EXAMENS<\/p>\n<p>&#8211; LUTTER CONTRE L\u2019INSECURITE AUX ABORDS DE L\u2019ETABLISSEMENT.<\/p>\n<p>&#8211; FAVORISER LA POURSUITE D\u2019ETUDES<\/td>\n<td>*Evaluation diagnostique en fran\u00e7ais et en math\u00e9matiques.<br \/>\n*Harmonisation de la note de comportement et assiduit\u00e9.<br \/>\n*Information sur l\u2019\u00e9valuation et le r\u00f4le des stages en entreprise<br \/>\n(participation des \u00e9l\u00e8ves d\u00e9l\u00e9gu\u00e9s).<br \/>\n*Int\u00e9gration sur le bulletin d\u2019une note de vie scolaire.<br \/>\n*Faire appara\u00eetre les coefficients des notes sur le bulletin.<br \/>\n*Remise de prix pour r\u00e9compenser les \u00e9l\u00e8ves.<br \/>\n*Examens blancs pour les \u00e9preuves ponctuelles avec suivi sur trois ans.<br \/>\n*Organisation des CCF par chaque discipline pour une meilleure lisibilit\u00e9 de la part des \u00e9l\u00e8ves et des professeurs.<br \/>\n*participation \u00e0 des concours.<br \/>\n*Continuit\u00e9 du suivi p\u00e9dagogique et individualis\u00e9 au niveau des heures d\u2019\u00e9tudes.<br \/>\n*Formation des \u00e9l\u00e8ves aux logiciels \u00e9ducatifs et p\u00e9dagogiques pour une utilisation<br \/>\noptimum de l\u2019ordinateur POP.*Etablir des partenariats avec la Mairie et la gendarmerie pour s\u00e9curiser les abords.<br \/>\n*Implication par l\u2019interm\u00e9diaire du CESC des \u00e9l\u00e8ves d\u00e9l\u00e9gu\u00e9s sur<br \/>\nle sujet de l\u2019ins\u00e9curit\u00e9.*Favoriser les actions passerelles \u00e0 l\u2019interne au niveau des CAP.<br \/>\n*R\u00e9unions d\u2019information post-bac pour les parents et les \u00e9l\u00e8ves.<br \/>\n*Partenariat avec l\u2019IUT dans le domaine des \u00e9nergies (bilan carbone).<\/td>\n<\/tr>\n<tr>\n<td><\/td>\n<td><\/td>\n<\/tr>\n<tr>\n<td><strong>AXE II:\u00a0TRAVAILLER SUR LE RAYONNEMENT DES ELEVES, DES ENSEIGNANTS, DE L\u2019ETABLISSEMENT<\/strong><\/td>\n<td><\/td>\n<\/tr>\n<tr>\n<td>-CONFORTER LA<br \/>\nQUALITE DE VIE AU<br \/>\nLYCEE, FORGER LA<br \/>\nCITOYENNETE.AMELIORER LA<br \/>\nREPUTATION ET<br \/>\nDONNER UNE IMAGE<br \/>\nVALORISANTE DU<br \/>\nLYCEE.- AMELIORER LE BIEN<br \/>\nETRE DE L\u2019ELEVE, DE<br \/>\nL\u2019ENSEIGNANT.<\/td>\n<td>*Fonctionnement optimum du CESC dans le domaine de la citoyennet\u00e9.<br \/>\n*Favoriser la rigueur et la prise de responsabilit\u00e9 en permettant<br \/>\naux \u00e9l\u00e8ves de s\u2019investir dans des activit\u00e9s humanistes.<br \/>\n*D\u00e9velopper la maison des lyc\u00e9ens.<br \/>\n*Trouver un \u00e9quilibre entre cours et d\u00e9tente.<br \/>\n*R\u00e9organiser les acc\u00e8s.*Assurer la couverture m\u00e9diatique lors de la remise de dipl\u00f4mes et diff\u00e9rentes manifestations.<br \/>\n*D\u00e9velopper les liens avec les entreprises des diff\u00e9rentes fili\u00e8res.<br \/>\n*Elargir le spectre de la diffusion de la communication.<br \/>\n*D\u00e9velopper la publicit\u00e9 en ce qui concerne nos fili\u00e8res.*R\u00e9habilitation des b\u00e2timents.<br \/>\n*Mettre en place des actions pour l\u2019embellissement de<br \/>\nl\u2019\u00e9tablissement.<br \/>\n*Rendre visible le service de vie scolaire et ses activit\u00e9s aupr\u00e8s des \u00e9quipes de l\u2019\u00e9tablissement.<br \/>\n*D\u00e9velopper la notion de \u00abpr\u00e9servation de l\u2019environnement \u00bb par des actions en lien avec le d\u00e9veloppement durable.<\/td>\n<\/tr>\n<tr>\n<td>&#8211; FAVORISER LA COMMUNICATION.<\/p>\n<p>&#8211; IMPLICATION DES ELEVES DANS L\u2019AMELIORATION DU CADRE DE VIE.<\/td>\n<td>*A l\u2019aide de l\u2019outil informatique : -en formant \u00e0 l\u2019utilisation du mail<br \/>\nacad\u00e9mique, de pronote, de l\u2019ENT les enseignants.<br \/>\n-en se servant du site web pour suivre le projet d\u2019\u00e9tablissement,<br \/>\n-en \u00e9quipant les salles de la fonction pronote.<br \/>\n*Entre les diff\u00e9rents personnels :<br \/>\n-mettre \u00e0 disposition les documents administratifs types,<br \/>\n-d\u00e9velopper la communication par mails,<br \/>\n-d\u00e9velopper la communication visuelle (panneaux, \u00e9crans<br \/>\n\u00e9lectroniques\u2026).*Mise en place d\u2019une alliance des corps de m\u00e9tiers pour<br \/>\nl\u2019embellissement du lyc\u00e9e :<br \/>\n-fabrication de kiosques et bancs par les ateliers menuiserie et ma\u00e7onnerie,<br \/>\n-fabrication de plans et d\u00e9limitation des zones d\u2019embellissement<br \/>\npar les Assistants Architecture,-r\u00e9habilitation et cr\u00e9ation de\u00a0fontaines par l\u2019atelier installation<br \/>\nsanitaire,<br \/>\n-cr\u00e9ation d\u2019un groupe \u00ab espace vert \u00bb,<br \/>\n-d\u00e9coration par les ateliers carrelage et peinture.<br \/>\n*Mise en place d\u2019un local sp\u00e9cifique pour la MDL.<\/td>\n<\/tr>\n<tr>\n<td><strong>AXE III: PREPARER L\u2019ELEVE A SA VIE DE FUTUR CITOYEN<\/strong><\/td>\n<td><\/td>\n<\/tr>\n<tr>\n<td>-FACILITER LA PARTICIPATION DES ELEVES ET DES FAMILLES \u00e0 L\u2019EXERCICE DE RESPONSABILITE.<\/p>\n<p>&#8211; OUVRIR L\u2019ETABLISSEMENT SUR LE MONDE CULTUREL, ECONOMIQUE ET SOCIAL.<\/td>\n<td>*Cr\u00e9ation d\u2019une \u00e9cole des parents pour une aide \u00e0 la parentalit\u00e9.<br \/>\n*Intervention d\u2019associations ext\u00e9rieures en lien avec la parentalit\u00e9.<br \/>\n*Evaluation des besoins des parents lors de l\u2019inscription (questionnaire).<br \/>\n*Mise en place de d\u00e9bats avec les parents sur les th\u00e8mes :<br \/>\n-internet et adolescence,<br \/>\n-r\u00e8glement int\u00e9rieur connaissance des fili\u00e8res de l\u2019\u00e9tablissement,<br \/>\n-autorit\u00e9 parentale\u2026\u2026..<br \/>\n*Mise en place de d\u00e9l\u00e9gu\u00e9s sant\u00e9, s\u00e9curit\u00e9 routi\u00e8re, citoyennet\u00e9\u2026.<br \/>\n*Fonctionnement optimum du CESC dans le domaine de la<br \/>\ncitoyennet\u00e9.*Collaboration \u00e0 des manifestations ext\u00e9rieures.<br \/>\n*Introduction de la culture dans le lyc\u00e9en (th\u00e9\u00e2tre, musique\u2026.).<br \/>\n*D\u00e9veloppement des liens avec les entreprises des diff\u00e9rentes<br \/>\nfili\u00e8res.<br \/>\n*Sensibilisation des \u00e9l\u00e8ves \u00e0 la notion du d\u00e9veloppement<br \/>\ndurable en relan\u00e7ant la plate-forme \u00ab Espace Maitrise des<br \/>\nEnergies \u00bb.<br \/>\n*Mise en place des formations d\u2019habilitation dans le domaine de<br \/>\nl\u2019\u00e9nergie (fluides frigorig\u00e8nes, chauffe-solaire).<\/td>\n<\/tr>\n<tr>\n<td>&#8211; PREPARER A LA MOBILITE, L\u2019INSERTION SOCIALE ET PROFESSIONNELLE.<\/p>\n<p>-OUVRIR L\u2019ETABLISSEMENT SUR L\u2019EUROPE.<\/td>\n<td>*D\u00e9velopper les liens avec les pays europ\u00e9ens notamment l\u2019Allemagne.<br \/>\n*Mise en place d\u2019un protocole pour les stages en entreprise.<br \/>\n*Implication de l\u2019A.P.S. pour l\u2019insertion des d\u00e9crocheurs.<br \/>\n*Collaboration avec le RSMA.*Continuit\u00e9 de la classe \u00ab euro allemand \u00bb.<br \/>\n*Continuit\u00e9 des projets ax\u00e9s sur l\u2019ouverture europ\u00e9enne voire internationale.<\/td>\n<\/tr>\n<\/tbody>\n<\/table>\n","protected":false},"excerpt":{"rendered":"<p>&nbsp; ANN\u00c9ES: 2013-2016 &nbsp; Le projet en version pdf Voici les trois\u00a0axes de ce projet: AXE I: OFFRIR A TOUS LES ELEVES LES CONDITIONS OPTIMALES DE REUSSITE SCOLAIRE ET D\u2019ACCOMPAGNEMENT AXE II:\u00a0TRAVAILLER SUR LE RAYONNEMENT DES ELEVES, DES ENSEIGNANTS, DE L\u2019ETABLISSEMENT AXE III: PREPARER L\u2019ELEVE A SA VIE DE FUTUR &hellip;<\/p>\n","protected":false},"author":12193,"featured_media":0,"parent":0,"menu_order":0,"comment_status":"closed","ping_status":"closed","template":"","meta":{"footnotes":""},"class_list":["post-2036","page","type-page","status-publish","hentry"],"_links":{"self":[{"href":"https:\/\/etab.ac-reunion.fr\/lyc-roches-maigres\/wp-json\/wp\/v2\/pages\/2036","targetHints":{"allow":["GET"]}}],"collection":[{"href":"https:\/\/etab.ac-reunion.fr\/lyc-roches-maigres\/wp-json\/wp\/v2\/pages"}],"about":[{"href":"https:\/\/etab.ac-reunion.fr\/lyc-roches-maigres\/wp-json\/wp\/v2\/types\/page"}],"author":[{"embeddable":true,"href":"https:\/\/etab.ac-reunion.fr\/lyc-roches-maigres\/wp-json\/wp\/v2\/users\/12193"}],"replies":[{"embeddable":true,"href":"https:\/\/etab.ac-reunion.fr\/lyc-roches-maigres\/wp-json\/wp\/v2\/comments?post=2036"}],"version-history":[{"count":3,"href":"https:\/\/etab.ac-reunion.fr\/lyc-roches-maigres\/wp-json\/wp\/v2\/pages\/2036\/revisions"}],"predecessor-version":[{"id":2041,"href":"https:\/\/etab.ac-reunion.fr\/lyc-roches-maigres\/wp-json\/wp\/v2\/pages\/2036\/revisions\/2041"}],"wp:attachment":[{"href":"https:\/\/etab.ac-reunion.fr\/lyc-roches-maigres\/wp-json\/wp\/v2\/media?parent=2036"}],"curies":[{"name":"wp","href":"https:\/\/api.w.org\/{rel}","templated":true}]}}