{"id":2183,"date":"2017-02-21T10:52:43","date_gmt":"2017-02-21T06:52:43","guid":{"rendered":"http:\/\/lycee-roches-maigres.ac-reunion.fr\/?page_id=2183"},"modified":"2023-12-12T08:09:47","modified_gmt":"2023-12-12T04:09:47","slug":"c-a-p","status":"publish","type":"page","link":"https:\/\/etab.ac-reunion.fr\/lyc-roches-maigres\/c-a-p\/","title":{"rendered":"C.A.P."},"content":{"rendered":"<p>Le certificat d&rsquo;aptitude professionnelle (C.A.P.) offre un premier niveau de qualification \u00e0 ceux qui souhaitent acc\u00e9der rapidement \u00e0 la vie active et donne une qualification d&rsquo;ouvrier ou d&#8217;employ\u00e9 qualifi\u00e9 dans un m\u00e9tier d\u00e9termin\u00e9.<\/p>\n<p>Un C.A.P. se pr\u00e9pare:<\/p>\n<ul>\n<li>en deux ans apr\u00e8s la classe de troisi\u00e8me<\/li>\n<li>en un an apr\u00e8s un premier C.A.P.<\/li>\n<li>apr\u00e8s une seconde professionnelle du bac professionnel, en acc\u00e9dant \u00e0 la classe terminale du cycle de deux ans<\/li>\n<\/ul>\n<p>Voici la liste des C.A.P. pr\u00e9sents dans l&rsquo;\u00e9tablissement:<\/p>\n<ul>\n<li><span style=\"font-size: 10pt\">Carreleur mosa\u00efste: <a href=\"http:\/\/www.onisep.fr\/Ressources\/Univers-Formation\/Formations\/Lycees\/CAP-Carreleur-mosaiste\">fiche onisep<\/a> &amp; <a href=\"http:\/\/eduscol.education.fr\/sti\/textes\/referentiel-du-cap-carreleur-mosaiste\">fiche eduscol<\/a><\/span><\/li>\n<li>\n<h1 class=\"background-decoration mt-xl-1w ml-lg-3w ml-xl-0\"><span style=\"font-size: 10pt\">CAP Interventions en maintenance technique des b\u00e2timents: <a href=\"https:\/\/www.onisep.fr\/ressources\/univers-formation\/formations\/Lycees\/cap-interventions-en-maintenance-technique-des-batiments\">fiche onisep<\/a><\/span><\/h1>\n<\/li>\n<li>\n<h1 class=\"background-decoration mt-xl-1w ml-lg-3w ml-xl-0\"><span style=\"font-size: 10pt\">Ma\u00e7on: <a href=\"http:\/\/www.onisep.fr\/Ressources\/Univers-Formation\/Formations\/Lycees\/CAP-Macon\">fiche onisep<\/a> &amp; <a href=\"http:\/\/eduscol.education.fr\/sti\/textes\/referentiel-du-cap-macon\">fiche eduscol<\/a><\/span><\/h1>\n<\/li>\n<li><span style=\"font-size: 10pt\">Peintre-applicateur de rev\u00eatements: <a href=\"http:\/\/www.onisep.fr\/Ressources\/Univers-Formation\/Formations\/Lycees\/CAP-Peintre-applicateur-de-revetements\">fiche onisep<\/a> &amp; <a href=\"http:\/\/eduscol.education.fr\/sti\/textes\/referentiel-du-cap-peintre-applicateur-de-revetements\">fiche eduscol<\/a><\/span><\/li>\n<li><span style=\"font-size: 10pt\">Serrurier m\u00e9tallier: <a href=\"http:\/\/www.onisep.fr\/Ressources\/Univers-Formation\/Formations\/Lycees\/CAP-Serrurier-metallier\">fiche onisep<\/a> &amp; <a href=\"http:\/\/eduscol.education.fr\/sti\/textes\/cap-serrurier-metallier-referentiel\">fiche eduscol<\/a><\/span><\/li>\n<li><span style=\"font-size: 10pt\"><a href=\"https:\/\/etab.ac-reunion.fr\/lyc-roches-maigres\/2010\/11\/05\/cap-ebeniste-2-ans\/\">Eb\u00e9niste: <\/a><a href=\"http:\/\/www.onisep.fr\/Ressources\/Univers-Formation\/Formations\/Lycees\/CAP-Ebeniste\">fiche onisep<\/a><a href=\"https:\/\/etab.ac-reunion.fr\/lyc-roches-maigres\/2010\/11\/05\/cap-ebeniste-2-ans\/\"> &amp; <\/a><a href=\"http:\/\/eduscol.education.fr\/sti\/formations\/formations-cap\/cap-ebeniste\">fiche eduscol<\/a><\/span><\/li>\n<li><span style=\"font-size: 10pt\"><a href=\"https:\/\/etab.ac-reunion.fr\/lyc-roches-maigres\/cap-arts-du-bois-option-a-sculpteur-ornemaniste-2-ans\/\">Arts du bois option sculpteur ornemaniste: <\/a><a href=\"http:\/\/www.onisep.fr\/Ressources\/Univers-Formation\/Formations\/Lycees\/CAP-Arts-du-bois-option-sculpteur-ornemaniste\">fiche onisep<\/a><\/span><\/li>\n<li><span style=\"font-size: 10pt\">Electricien: <a href=\"https:\/\/www.onisep.fr\/ressources\/univers-formation\/formations\/Lycees\/cap-electricien\">fiche onisep<\/a> &amp; <a href=\"https:\/\/eduscol.education.fr\/sti\/textes\/repere-pour-la-formation-cap-electricien\">fiche eduscol<\/a><\/span><\/li>\n<li><span style=\"font-size: 10pt\">Monteur en installation sanitaire: <a href=\"http:\/\/www.onisep.fr\/Ressources\/Univers-Formation\/Formations\/Lycees\/CAP-Installateur-sanitaire\">fiche onisep<\/a> &amp; <a href=\"http:\/\/eduscol.education.fr\/sti\/textes\/referentiel-du-cap-installateur-sanitaire\">fiche eduscol<\/a><\/span><\/li>\n<li><span style=\"font-size: 10pt\">Installateur en froid et conditionnement d&rsquo;air: <a href=\"http:\/\/www.onisep.fr\/Ressources\/Univers-Formation\/Formations\/Lycees\/CAP-installateur-en-froid-et-conditionnement-d-air\">fiche onisep<\/a><\/span><\/li>\n<li><span style=\"font-size: 10pt\">Ebeniste: <a href=\"https:\/\/www.onisep.fr\/ressources\/univers-formation\/formations\/Lycees\/cap-ebeniste\">fiche eduscol<\/a><\/span><\/li>\n<li><span style=\"font-size: 10pt\">Sculpteur ornemaniste :<a href=\"https:\/\/www.onisep.fr\/ressources\/univers-formation\/formations\/Lycees\/cap-arts-du-bois-option-sculpteur-ornemaniste\"> fiche eduscol<\/a><\/span><\/li>\n<li><span style=\"font-size: 10pt\">Menuisier fabricant : <a href=\"https:\/\/www.onisep.fr\/ressources\/univers-formation\/formations\/Lycees\/cap-menuisier-fabricant\">fiche onisep<\/a> &amp; <a href=\"http:\/\/eduscol.education.fr\/sti\/textes\/referentiel-du-cap-menuisier-fabricant-de-menuiserie-mobilier-et-agencement\">fiche eduscol<\/a><\/span><\/li>\n<li><span style=\"font-size: 10pt\">Menuisier installateur: <a href=\"http:\/\/www.onisep.fr\/Ressources\/Univers-Formation\/Formations\/Lycees\/CAP-Menuisier-installateur\">fiche onisep<\/a> &amp; <a href=\"http:\/\/eduscol.education.fr\/sti\/textes\/referentiel-du-cap-du-menuisier-installateur\">fiche eduscol<\/a><\/span><\/li>\n<\/ul>\n<p>Les dipl\u00f4m\u00e9s peuvent s&rsquo;engager dans la vie active ou continuer leurs \u00e9tudes.<\/p>\n<p>Apr\u00e8s un C.A.P. :<\/p>\n<ul>\n<li>des formations en un an permettent une adaptation \u00e0 l&#8217;emploi : mention compl\u00e9mentaire (M.C.) ou formation compl\u00e9mentaire d&rsquo;initiative locale (F.C.I.L.)<\/li>\n<li>une admission en premi\u00e8re professionnelle est possible sur demande de la famille et apr\u00e8s avis du conseil de classe, l\u2019\u00e9l\u00e8ve pr\u00e9pare une sp\u00e9cialit\u00e9 de baccalaur\u00e9at professionnel en coh\u00e9rence avec celle du C.A.P. obtenu<\/li>\n<li>une pr\u00e9paration au brevet des m\u00e9tiers d&rsquo;art (B.M.A.) est envisageable pour un CAP \u00e9b\u00e9niste<\/li>\n<\/ul>\n","protected":false},"excerpt":{"rendered":"<p>Le certificat d&rsquo;aptitude professionnelle (C.A.P.) offre un premier niveau de qualification \u00e0 ceux qui souhaitent acc\u00e9der rapidement \u00e0 la vie active et donne une qualification d&rsquo;ouvrier ou d&#8217;employ\u00e9 qualifi\u00e9 dans un m\u00e9tier d\u00e9termin\u00e9. Un C.A.P. se pr\u00e9pare: en deux ans apr\u00e8s la classe de troisi\u00e8me en un an apr\u00e8s un &hellip;<\/p>\n","protected":false},"author":12193,"featured_media":0,"parent":0,"menu_order":0,"comment_status":"closed","ping_status":"closed","template":"","meta":{"footnotes":""},"class_list":["post-2183","page","type-page","status-publish","hentry"],"_links":{"self":[{"href":"https:\/\/etab.ac-reunion.fr\/lyc-roches-maigres\/wp-json\/wp\/v2\/pages\/2183","targetHints":{"allow":["GET"]}}],"collection":[{"href":"https:\/\/etab.ac-reunion.fr\/lyc-roches-maigres\/wp-json\/wp\/v2\/pages"}],"about":[{"href":"https:\/\/etab.ac-reunion.fr\/lyc-roches-maigres\/wp-json\/wp\/v2\/types\/page"}],"author":[{"embeddable":true,"href":"https:\/\/etab.ac-reunion.fr\/lyc-roches-maigres\/wp-json\/wp\/v2\/users\/12193"}],"replies":[{"embeddable":true,"href":"https:\/\/etab.ac-reunion.fr\/lyc-roches-maigres\/wp-json\/wp\/v2\/comments?post=2183"}],"version-history":[{"count":9,"href":"https:\/\/etab.ac-reunion.fr\/lyc-roches-maigres\/wp-json\/wp\/v2\/pages\/2183\/revisions"}],"predecessor-version":[{"id":8357,"href":"https:\/\/etab.ac-reunion.fr\/lyc-roches-maigres\/wp-json\/wp\/v2\/pages\/2183\/revisions\/8357"}],"wp:attachment":[{"href":"https:\/\/etab.ac-reunion.fr\/lyc-roches-maigres\/wp-json\/wp\/v2\/media?parent=2183"}],"curies":[{"name":"wp","href":"https:\/\/api.w.org\/{rel}","templated":true}]}}