{"id":2190,"date":"2017-02-21T11:09:46","date_gmt":"2017-02-21T07:09:46","guid":{"rendered":"http:\/\/lycee-roches-maigres.ac-reunion.fr\/?page_id=2190"},"modified":"2025-01-30T10:39:09","modified_gmt":"2025-01-30T06:39:09","slug":"bac-pro","status":"publish","type":"page","link":"https:\/\/etab.ac-reunion.fr\/lyc-roches-maigres\/bac-pro\/","title":{"rendered":"BAC PRO"},"content":{"rendered":"<p>Le bac pro offre une qualification reconnue sur le march\u00e9 de l&#8217;emploi et r\u00e9pond \u00e0 la demande des entreprises de la production et des services. L&rsquo;enseignement se r\u00e9f\u00e8re \u00e0 des m\u00e9tiers et comprend des stages appel\u00e9s PFMP (p\u00e9riodes de formation en milieu professionnel). (<a href=\"http:\/\/www.education.gouv.fr\/cid2552\/le-baccalaureat-professionnel.html\">texte officiel<\/a>)<\/p>\n<p>Il permet d&rsquo;acc\u00e9der rapidement au monde du travail mais aussi de continuer ses \u00e9tudes dans l&rsquo;enseignement sup\u00e9rieur, principalement en BTS.<\/p>\n<p>&nbsp;<\/p>\n<p><strong>L&rsquo;acc\u00e8s au bac pro<\/strong><\/p>\n<ul>\n<li>soit apr\u00e8s la classe de 3e<\/li>\n<li>soit apr\u00e8s un CAP<\/li>\n<li>ou encore apr\u00e8s une 2de g\u00e9n\u00e9rale et technologique.<\/li>\n<\/ul>\n<p><strong>Liste des Bac Pro pr\u00e9sents au LP Roches Maigres:<\/strong><\/p>\n<ul>\n<li><a href=\"https:\/\/etab.ac-reunion.fr\/lyc-roches-maigres\/wp-content\/uploads\/sites\/139\/2023\/12\/tgt.pdf\"><a href=\"https:\/\/etab.ac-reunion.fr\/lyc-roches-maigres\/wp-content\/uploads\/sites\/139\/2023\/12\/tgt.pdf\" class=\"pdfemb-viewer\" style=\"width:1200px;height:800px;\" data-width=\"1200\" data-height=\"800\" data-toolbar=\"bottom\" data-toolbar-fixed=\"off\">tgt<\/a><\/a><\/li>\n<\/ul>\n<p>&nbsp;<\/p>\n<p>&nbsp;<\/p>\n<p>&nbsp;<\/p>\n<ul>\n<li><a href=\"https:\/\/etab.ac-reunion.fr\/lyc-roches-maigres\/wp-content\/uploads\/sites\/139\/2023\/12\/tgt.pdf\"><span style=\"font-size: 12pt\">Bac pro Technicien g\u00e9om\u00e8tre &#8211; topographe<\/span><\/a><\/li>\n<li><span style=\"font-size: 12pt\"><a href=\"https:\/\/etab.ac-reunion.fr\/lyc-roches-maigres\/wp-content\/uploads\/sites\/139\/2023\/12\/ee.pdf\">Bac pro Technicien d&rsquo;\u00e9tudes du b\u00e2timent option A : \u00e9tudes et \u00e9conomie<\/a><\/span><\/li>\n<li><span style=\"font-size: 12pt\"><a href=\"https:\/\/etab.ac-reunion.fr\/lyc-roches-maigres\/wp-content\/uploads\/sites\/139\/2023\/12\/aa.pdf\">Bac pro Technicien d&rsquo;\u00e9tudes du b\u00e2timent option B : assistant en architecture<\/a><\/span><\/li>\n<li><span style=\"font-size: 12pt\"><a href=\"https:\/\/etab.ac-reunion.fr\/lyc-roches-maigres\/wp-content\/uploads\/sites\/139\/2023\/12\/ipb.pdf\">Bac pro Interventions sur le patrimoine b\u00e2ti option ma\u00e7onnerie<\/a><\/span><\/li>\n<li><span style=\"font-size: 12pt\"><a href=\"https:\/\/etab.ac-reunion.fr\/lyc-roches-maigres\/wp-content\/uploads\/sites\/139\/2023\/12\/tma.pdf\">Bac pro Technicien menuisier-agenceur<\/a><\/span><\/li>\n<li><span style=\"font-size: 12pt\"><a href=\"https:\/\/etab.ac-reunion.fr\/lyc-roches-maigres\/wp-content\/uploads\/sites\/139\/2023\/12\/era.pdf\">Bac pro Etude et r\u00e9alisation d&rsquo;agencement<\/a><\/span><\/li>\n<li>\n<article class=\"grid-col-12 grid-col-lg-11 grid-col-xl-8 grid-col-ads-xl-9 grid-col-print-12\">\n<h1 class=\"background-decoration mt-xl-1w ml-lg-3w ml-xl-0\"><span style=\"font-size: 12pt\">Bac pro m\u00e9tiers du froid <\/span><span style=\"font-size: 12pt\">et des \u00e9nergies renouvelables (MFER) <a href=\"https:\/\/www.onisep.fr\/ressources\/univers-formation\/formations\/Lycees\/bac-pro-metiers-du-froid-et-des-energies-renouvelables\">fiche onisep<\/a><\/span><\/h1>\n<\/article>\n<\/li>\n<li>\n<article class=\"grid-col-12 grid-col-lg-11 grid-col-xl-8 grid-col-ads-xl-9 grid-col-print-12\">\n<h1 class=\"background-decoration mt-xl-1w ml-lg-3w ml-xl-0\"><span style=\"font-size: 12pt\">Bac pro maintenance et efficacit\u00e9 <\/span><span style=\"font-size: 12pt\">\u00e9nerg\u00e9tique (MEE) <a href=\"https:\/\/www.onisep.fr\/ressources\/univers-formation\/formations\/Lycees\/bac-pro-maintenance-et-efficacite-energetique\">fiche onisep<\/a><\/span><\/h1>\n<\/article>\n<\/li>\n<li><span style=\"font-size: 12pt\"><a href=\"https:\/\/etab.ac-reunion.fr\/lyc-roches-maigres\/wp-content\/uploads\/sites\/139\/2023\/12\/afb.pdf\">Bac pro Am\u00e9nagement et finition du b\u00e2timent<\/a><\/span><\/li>\n<li><span style=\"font-size: 12pt\"><a href=\"https:\/\/etab.ac-reunion.fr\/lyc-roches-maigres\/wp-content\/uploads\/sites\/139\/2023\/12\/obm.pdf\">Bac pro Ouvrages du b\u00e2timent : m\u00e9tallerie<\/a><\/span><\/li>\n<li><span style=\"font-size: 12pt\"><a href=\"https:\/\/etab.ac-reunion.fr\/lyc-roches-maigres\/wp-content\/uploads\/sites\/139\/2023\/12\/orgo.pdf\">Bac pro Technicien du b\u00e2timent : organisation et r\u00e9alisation du gros \u0153uvre<\/a><\/span><\/li>\n<li><span style=\"font-size: 12pt\">Bac Pro M\u00e9tiers de l\u2019\u00e9lectricit\u00e9 et de ses Environnements Connect\u00e9s (MELEEC) <a href=\"https:\/\/www.onisep.fr\/ressources\/univers-formation\/formations\/Lycees\/bac-pro-metiers-de-l-electricite-et-de-ses-environnements-connectes\">fiche onisep<\/a><br \/>\n<\/span><\/li>\n<\/ul>\n<p>&nbsp;<\/p>\n<p>Les mati\u00e8res g\u00e9n\u00e9rales enseign\u00e9s sont :<\/p>\n<p>Fran\u00e7ais<br \/>\nHistoire-G\u00e9ographie<br \/>\nMath\u00e9matiques<br \/>\nSciences Physiques<br \/>\nEPS<br \/>\nAnglais en LV1 (<a href=\"http:\/\/www.education.gouv.fr\/cid51727\/mene1009660a.html\">facultative pour les MELEEC<\/a>) (<a href=\"http:\/\/eduscol.education.fr\/cid45730\/langues-vivantes-au-lp.html\">texte officiel<\/a>\u00a0et <a href=\"http:\/\/www.education.gouv.fr\/cid51726\/mene1009658a.html\">texte officiel sur les horaires<\/a>)<br \/>\nAllemand en LV1 pour les MELEEC<\/p>\n","protected":false},"excerpt":{"rendered":"<p>Le bac pro offre une qualification reconnue sur le march\u00e9 de l&#8217;emploi et r\u00e9pond \u00e0 la demande des entreprises de la production et des services. L&rsquo;enseignement se r\u00e9f\u00e8re \u00e0 des m\u00e9tiers et comprend des stages appel\u00e9s PFMP (p\u00e9riodes de formation en milieu professionnel). (texte officiel) Il permet d&rsquo;acc\u00e9der rapidement au &hellip;<\/p>\n","protected":false},"author":12193,"featured_media":0,"parent":0,"menu_order":0,"comment_status":"closed","ping_status":"closed","template":"","meta":{"footnotes":""},"class_list":["post-2190","page","type-page","status-publish","hentry"],"_links":{"self":[{"href":"https:\/\/etab.ac-reunion.fr\/lyc-roches-maigres\/wp-json\/wp\/v2\/pages\/2190","targetHints":{"allow":["GET"]}}],"collection":[{"href":"https:\/\/etab.ac-reunion.fr\/lyc-roches-maigres\/wp-json\/wp\/v2\/pages"}],"about":[{"href":"https:\/\/etab.ac-reunion.fr\/lyc-roches-maigres\/wp-json\/wp\/v2\/types\/page"}],"author":[{"embeddable":true,"href":"https:\/\/etab.ac-reunion.fr\/lyc-roches-maigres\/wp-json\/wp\/v2\/users\/12193"}],"replies":[{"embeddable":true,"href":"https:\/\/etab.ac-reunion.fr\/lyc-roches-maigres\/wp-json\/wp\/v2\/comments?post=2190"}],"version-history":[{"count":9,"href":"https:\/\/etab.ac-reunion.fr\/lyc-roches-maigres\/wp-json\/wp\/v2\/pages\/2190\/revisions"}],"predecessor-version":[{"id":10467,"href":"https:\/\/etab.ac-reunion.fr\/lyc-roches-maigres\/wp-json\/wp\/v2\/pages\/2190\/revisions\/10467"}],"wp:attachment":[{"href":"https:\/\/etab.ac-reunion.fr\/lyc-roches-maigres\/wp-json\/wp\/v2\/media?parent=2190"}],"curies":[{"name":"wp","href":"https:\/\/api.w.org\/{rel}","templated":true}]}}