{"id":6249,"date":"2020-11-19T08:00:51","date_gmt":"2020-11-19T04:00:51","guid":{"rendered":"http:\/\/lycee-roches-maigres.ac-reunion.fr\/?page_id=6249"},"modified":"2020-11-19T08:00:51","modified_gmt":"2020-11-19T04:00:51","slug":"presentation-du-bts-maintenance-des-systemes-en-video","status":"publish","type":"page","link":"https:\/\/etab.ac-reunion.fr\/lyc-roches-maigres\/presentation-du-bts-maintenance-des-systemes-en-video\/","title":{"rendered":"pr\u00e9sentation du BTS maintenance des syst\u00e9mes en vid\u00e9o"},"content":{"rendered":"<p><iframe class=\"wp-embedded-content\" sandbox=\"allow-scripts\" security=\"restricted\" title=\"Pr\u00e9sentation du BTS MSEF au LP Roches Maigres\" frameborder='0' width='1200' height='675' src='https:\/\/view.genially.com\/5f8084e6aec3d00cfd78026b#?secret=LSIJgaEPEm' data-secret='LSIJgaEPEm' scrolling='yes'><\/iframe><\/p>\n","protected":false},"excerpt":{"rendered":"","protected":false},"author":12193,"featured_media":0,"parent":0,"menu_order":0,"comment_status":"closed","ping_status":"closed","template":"","meta":{"footnotes":""},"class_list":["post-6249","page","type-page","status-publish","hentry"],"_links":{"self":[{"href":"https:\/\/etab.ac-reunion.fr\/lyc-roches-maigres\/wp-json\/wp\/v2\/pages\/6249","targetHints":{"allow":["GET"]}}],"collection":[{"href":"https:\/\/etab.ac-reunion.fr\/lyc-roches-maigres\/wp-json\/wp\/v2\/pages"}],"about":[{"href":"https:\/\/etab.ac-reunion.fr\/lyc-roches-maigres\/wp-json\/wp\/v2\/types\/page"}],"author":[{"embeddable":true,"href":"https:\/\/etab.ac-reunion.fr\/lyc-roches-maigres\/wp-json\/wp\/v2\/users\/12193"}],"replies":[{"embeddable":true,"href":"https:\/\/etab.ac-reunion.fr\/lyc-roches-maigres\/wp-json\/wp\/v2\/comments?post=6249"}],"version-history":[{"count":1,"href":"https:\/\/etab.ac-reunion.fr\/lyc-roches-maigres\/wp-json\/wp\/v2\/pages\/6249\/revisions"}],"predecessor-version":[{"id":6250,"href":"https:\/\/etab.ac-reunion.fr\/lyc-roches-maigres\/wp-json\/wp\/v2\/pages\/6249\/revisions\/6250"}],"wp:attachment":[{"href":"https:\/\/etab.ac-reunion.fr\/lyc-roches-maigres\/wp-json\/wp\/v2\/media?parent=6249"}],"curies":[{"name":"wp","href":"https:\/\/api.w.org\/{rel}","templated":true}]}}