{"id":66,"date":"2000-05-17T06:28:19","date_gmt":"2000-05-17T05:28:19","guid":{"rendered":"http:\/\/lycee-roches-maigres.ac-reunion.fr\/?page_id=66"},"modified":"2025-11-20T16:07:02","modified_gmt":"2025-11-20T12:07:02","slug":"mentions-legales","status":"publish","type":"page","link":"https:\/\/etab.ac-reunion.fr\/lyc-roches-maigres\/mentions-legales\/","title":{"rendered":"Mentions l\u00e9gales"},"content":{"rendered":"<p>Mentions l\u00e9gales du Site Internet du Lyc\u00e9e Professionnel Roches Maigres.<\/p>\n<h2>Les mentions relatives \u00e0 l\u2019\u00e9tablissement<\/h2>\n<blockquote><p>Nom de l\u2019\u00e9tablissement Lyc\u00e9e de Roches Maigres<\/p>\n<div class=\"wDYxhc\" role=\"presentation\" data-attrid=\"kc:\/location\/location:address\" data-md=\"1002\" data-hveid=\"CDIQAA\" data-ved=\"2ahUKEwjb96Tm14CRAxXpVUEAHVhKKhoQkCl6BAgyEAA\">\n<div class=\"Z1hOCe\">\n<div class=\"zloOqf PZPZlf\" data-dtype=\"d3ifr\" data-local-attribute=\"d3adr\" data-mid=\"\/g\/11k9jrf29h\" data-ved=\"2ahUKEwjb96Tm14CRAxXpVUEAHVhKKhoQghwoAHoECDIQAQ\"><span class=\"w8qArf FoJoyf\"><a class=\"fl\" href=\"https:\/\/www.google.com\/search?num=10&amp;client=firefox-b-d&amp;sca_esv=9c49312c20cc6857&amp;channel=entpr&amp;sxsrf=AE3TifPg2-ZsltHcPyIenOwDjOZymx2UxA:1763640219356&amp;q=lyc%C3%A9e+professionnel+roches+maigres+adresse&amp;ludocid=5509017210028948841&amp;sa=X&amp;ved=2ahUKEwjb96Tm14CRAxXpVUEAHVhKKhoQ6BN6BAgyEAI\" data-ved=\"2ahUKEwjb96Tm14CRAxXpVUEAHVhKKhoQ6BN6BAgyEAI\">Adresse<\/a> :<\/span>\u00a0 \u00a0 \u00a025 Rue Leconte de Lisle, Saint-Louis 97450, La R\u00e9union<\/div>\n<\/div>\n<\/div>\n<p>Adresse m\u00e9l. <a href=\"mailto:ce.9740004L@ac-reunion.fr\">ce.9740004L@ac-reunion.fr<\/a><\/p>\n<p>Num\u00e9ro de t\u00e9l\u00e9phone (standard de l\u2019\u00e9tablissement) 0262 912830<\/p>\n<p>Directeur de la publication = HAMARD Laurent<\/p><\/blockquote>\n<h2>L\u2019h\u00e9bergeur du site<\/h2>\n<blockquote><p>Rectorat de l\u2019acad\u00e9mie de la R\u00e9union<\/p>\n<p>24, avenue Georges Brassens<br \/>\nCS 71003<br \/>\n97743 Saint Denis Cedex 9<\/p>\n<p>T\u00e9l.+262 (0)2 62 48 10 10<\/p><\/blockquote>\n","protected":false},"excerpt":{"rendered":"<p>Mentions l\u00e9gales du Site Internet du Lyc\u00e9e Professionnel Roches Maigres. Les mentions relatives \u00e0 l\u2019\u00e9tablissement Nom de l\u2019\u00e9tablissement Lyc\u00e9e de Roches Maigres Adresse :\u00a0 \u00a0 \u00a025 Rue Leconte de Lisle, Saint-Louis 97450, La R\u00e9union Adresse m\u00e9l. ce.9740004L@ac-reunion.fr Num\u00e9ro de t\u00e9l\u00e9phone (standard de l\u2019\u00e9tablissement) 0262 912830 Directeur de la publication = &hellip;<\/p>\n","protected":false},"author":10038,"featured_media":0,"parent":0,"menu_order":0,"comment_status":"closed","ping_status":"closed","template":"","meta":{"footnotes":""},"class_list":["post-66","page","type-page","status-publish","hentry"],"_links":{"self":[{"href":"https:\/\/etab.ac-reunion.fr\/lyc-roches-maigres\/wp-json\/wp\/v2\/pages\/66","targetHints":{"allow":["GET"]}}],"collection":[{"href":"https:\/\/etab.ac-reunion.fr\/lyc-roches-maigres\/wp-json\/wp\/v2\/pages"}],"about":[{"href":"https:\/\/etab.ac-reunion.fr\/lyc-roches-maigres\/wp-json\/wp\/v2\/types\/page"}],"author":[{"embeddable":true,"href":"https:\/\/etab.ac-reunion.fr\/lyc-roches-maigres\/wp-json\/wp\/v2\/users\/10038"}],"replies":[{"embeddable":true,"href":"https:\/\/etab.ac-reunion.fr\/lyc-roches-maigres\/wp-json\/wp\/v2\/comments?post=66"}],"version-history":[{"count":3,"href":"https:\/\/etab.ac-reunion.fr\/lyc-roches-maigres\/wp-json\/wp\/v2\/pages\/66\/revisions"}],"predecessor-version":[{"id":11741,"href":"https:\/\/etab.ac-reunion.fr\/lyc-roches-maigres\/wp-json\/wp\/v2\/pages\/66\/revisions\/11741"}],"wp:attachment":[{"href":"https:\/\/etab.ac-reunion.fr\/lyc-roches-maigres\/wp-json\/wp\/v2\/media?parent=66"}],"curies":[{"name":"wp","href":"https:\/\/api.w.org\/{rel}","templated":true}]}}