{"id":6899,"date":"2021-10-28T13:39:44","date_gmt":"2021-10-28T09:39:44","guid":{"rendered":"http:\/\/lycee-roches-maigres.ac-reunion.fr\/?page_id=6899"},"modified":"2025-12-08T11:24:08","modified_gmt":"2025-12-08T07:24:08","slug":"taxe-apprentissage","status":"publish","type":"page","link":"https:\/\/etab.ac-reunion.fr\/lyc-roches-maigres\/taxe-apprentissage\/","title":{"rendered":"Taxe apprentissage"},"content":{"rendered":"<p>Madame, Monsieur,<\/p>\n<p>Le<a href=\"https:\/\/etab.ac-reunion.fr\/lyc-roches-maigres\/wp-content\/uploads\/sites\/139\/2022\/03\/A-Flyer-TA-22.pdf\"> lyc\u00e9e Professionnel Roches Maigres,<\/a> est sp\u00e9cialis\u00e9 dans les formations du b\u00e2timent : Bureau d\u2019\u00e9tude, gros \u0153uvre, second \u0153uvre, m\u00e9tiers de l\u2019art du bois et de l\u2019\u00e9nerg\u00e9tique en g\u00e9n\u00e9ral.<\/p>\n<p>Il forme des jeunes par la voie scolaire du CAP au BTS et accueille dans le cadre de la formation professionnelle des personnes en reconversion ou qui cherchent \u00e0 acqu\u00e9rir de nouvelles comp\u00e9tences dans un de nos m\u00e9tiers.<\/p>\n<p><span style=\"color: #ff0000\">La taxe d\u2019apprentissage est certes un imp\u00f4t mais c\u2019est le seul dont vous pouvez choisir la destination.<\/span><\/p>\n<p>Le Quota affect\u00e9 \u00e0 l\u2019apprentissage : 83 %<br \/>\nLe Bar\u00e8me (ou hors quota) affect\u00e9 directement par vous \u00e0 des \u00e9tablissements de formation, technologique ou professionnelle de votre choix : 17%<br \/>\n<span style=\"color: #ff0000\">=&gt;<a style=\"color: #ff0000\" href=\"https:\/\/etab.ac-reunion.fr\/lyc-roches-maigres\/wp-content\/uploads\/sites\/139\/2022\/03\/A-Flyer-TA-22.pdf\"> Le lyc\u00e9e professionnel Roches Maigres est \u00e9ligible \u00e0 percevoir cette partie de votre taxe d\u2019apprentissage.<\/a><\/span><\/p>\n<p>Pour maintenir notre outil de formation \u00e0 niveau, le faire \u00e9voluer pour r\u00e9pondre \u00e0 vos attentes, nous avons besoin de votre soutien.<br \/>\nCette ressource nous est indispensable. Elle repr\u00e9sente une part non n\u00e9gligeable de nos cr\u00e9dits p\u00e9dagogiques.<\/p>\n<p>Cette ann\u00e9e, nous avons pu acqu\u00e9rir :<\/p>\n<p style=\"padding-left: 40px\">&#8211; Des ordinateurs et logiciels performants,<br \/>\n&#8211; une imprimante 3D,<br \/>\n&#8211; la mise \u00e0 jour d\u2019une partie de notre parc machines-outils \u2026<\/p>\n<p><span style=\"color: #000000\">Si vous voulez soutenir l\u2019enseignement professionnel, permettre \u00e0 nos \u00e9l\u00e8ves d\u2019\u00eatre form\u00e9s sur des mat\u00e9riels qui suivent les \u00e9volutions technologiques, avec des \u00e9quipements aux plus proches de ceux que vous utilisez, nous comptons sur votre soutien.<\/span><\/p>\n<p><span style=\"color: #ff0000\">=&gt; Les documents n\u00e9cessaires sont \u00e0 votre disposition en cliquant sur le lien suivant<a style=\"color: #ff0000\" href=\"https:\/\/etab.ac-reunion.fr\/lyc-roches-maigres\/wp-content\/uploads\/sites\/139\/2025\/12\/Taxe-apprentissage-2026.pdf\"> \u00ab bordereau de versement \u00bb<\/a><\/span><\/p>\n<blockquote class=\"wp-embedded-content\" data-secret=\"4B0P1dslPd\"><p><a href=\"https:\/\/etab.ac-reunion.fr\/lyc-roches-maigres\/taxe-apprentissage\/\">Taxe apprentissage<\/a><\/p><\/blockquote>\n<p><iframe loading=\"lazy\" class=\"wp-embedded-content\" sandbox=\"allow-scripts\" security=\"restricted\" style=\"position: absolute; visibility: hidden;\" title=\"\u00ab\u00a0Taxe apprentissage\u00a0\u00bb &#8212; L.P. Roches Maigres\" src=\"https:\/\/etab.ac-reunion.fr\/lyc-roches-maigres\/taxe-apprentissage\/embed\/#?secret=rG0aGoIHYK#?secret=4B0P1dslPd\" data-secret=\"4B0P1dslPd\" width=\"600\" height=\"338\" frameborder=\"0\" marginwidth=\"0\" marginheight=\"0\" scrolling=\"no\"><\/iframe><\/p>\n<p>Notre gestionnaire Mr Patrice RIVIERE vous aidera, si besoin, \u00e0 formaliser ces documents.<\/p>\n<p style=\"padding-left: 40px\">Ligne directe 02 62 91 28 60,<br \/>\nemail : <a href=\"mailto:gestion.9740004l@ac-reunion.fr\">gestion.9740004l@ac-reunion.fr<\/a><\/p>\n<p><span style=\"color: #ff0000\">Nous souhaitons que notre demande retienne toute votre attention et vous en remercions par avance.<\/span><\/p>\n<p>Le Proviseur Laurent HAMARD<\/p>\n","protected":false},"excerpt":{"rendered":"<p>Madame, Monsieur, Le lyc\u00e9e Professionnel Roches Maigres, est sp\u00e9cialis\u00e9 dans les formations du b\u00e2timent : Bureau d\u2019\u00e9tude, gros \u0153uvre, second \u0153uvre, m\u00e9tiers de l\u2019art du bois et de l\u2019\u00e9nerg\u00e9tique en g\u00e9n\u00e9ral. Il forme des jeunes par la voie scolaire du CAP au BTS et accueille dans le cadre de la &hellip;<\/p>\n","protected":false},"author":12193,"featured_media":0,"parent":0,"menu_order":0,"comment_status":"closed","ping_status":"closed","template":"","meta":{"footnotes":""},"class_list":["post-6899","page","type-page","status-publish","hentry"],"_links":{"self":[{"href":"https:\/\/etab.ac-reunion.fr\/lyc-roches-maigres\/wp-json\/wp\/v2\/pages\/6899","targetHints":{"allow":["GET"]}}],"collection":[{"href":"https:\/\/etab.ac-reunion.fr\/lyc-roches-maigres\/wp-json\/wp\/v2\/pages"}],"about":[{"href":"https:\/\/etab.ac-reunion.fr\/lyc-roches-maigres\/wp-json\/wp\/v2\/types\/page"}],"author":[{"embeddable":true,"href":"https:\/\/etab.ac-reunion.fr\/lyc-roches-maigres\/wp-json\/wp\/v2\/users\/12193"}],"replies":[{"embeddable":true,"href":"https:\/\/etab.ac-reunion.fr\/lyc-roches-maigres\/wp-json\/wp\/v2\/comments?post=6899"}],"version-history":[{"count":6,"href":"https:\/\/etab.ac-reunion.fr\/lyc-roches-maigres\/wp-json\/wp\/v2\/pages\/6899\/revisions"}],"predecessor-version":[{"id":11917,"href":"https:\/\/etab.ac-reunion.fr\/lyc-roches-maigres\/wp-json\/wp\/v2\/pages\/6899\/revisions\/11917"}],"wp:attachment":[{"href":"https:\/\/etab.ac-reunion.fr\/lyc-roches-maigres\/wp-json\/wp\/v2\/media?parent=6899"}],"curies":[{"name":"wp","href":"https:\/\/api.w.org\/{rel}","templated":true}]}}