{"id":9711,"date":"2024-09-12T13:21:04","date_gmt":"2024-09-12T09:21:04","guid":{"rendered":"https:\/\/etab.ac-reunion.fr\/lyc-roches-maigres\/?page_id=9711"},"modified":"2025-11-20T16:25:05","modified_gmt":"2025-11-20T12:25:05","slug":"bienvenue-au-lp-roches-maigres","status":"publish","type":"page","link":"https:\/\/etab.ac-reunion.fr\/lyc-roches-maigres\/","title":{"rendered":"Bienvenue sur le site du lyc\u00e9e Roches Maigres !"},"content":{"rendered":"<p style=\"text-align: center\"><span style=\"font-family: comic sans ms, sans-serif;color: #003366\">Le lyc\u00e9e Roches Maigres est un \u00e9tablissement d\u2019excellence d\u00e9di\u00e9 aux formations industrielles et professionnelles. <\/span><\/p>\n<p style=\"text-align: center\"><span style=\"font-family: comic sans ms, sans-serif;color: #003366\">Nous formons les talents de demain dans des fili\u00e8res porteuses, alliant savoir-faire technique, innovation et insertion professionnelle.<\/span><\/p>\n<p style=\"text-align: left\"><span style=\"font-family: comic sans ms, sans-serif;color: #003366\">Que vous soyez \u00e9l\u00e8ve, parent, entreprise partenaire ou futur \u00e9tudiant, ce site est con\u00e7u pour vous accompagner :<\/span><\/p>\n<ul>\n<li style=\"text-align: left\"><span style=\"font-family: comic sans ms, sans-serif;color: #003366\">D\u00e9couvrez nos formations en bac pro et nos parcours adapt\u00e9s aux besoins du monde industriel.<\/span><\/li>\n<li style=\"text-align: left\"><span style=\"font-family: comic sans ms, sans-serif;color: #003366\">Explorez nos projets p\u00e9dagogiques, nos \u00e9quipements de pointe et nos partenariats avec les entreprises.<\/span><\/li>\n<li style=\"text-align: left\"><span style=\"font-family: comic sans ms, sans-serif;color: #003366\">Retrouvez les actualit\u00e9s de l\u2019\u00e9tablissement, les \u00e9v\u00e9nements \u00e0 venir et les t\u00e9moignages de nos \u00e9l\u00e8ves.<\/span><\/li>\n<\/ul>\n<p style=\"text-align: center\"><span style=\"font-family: comic sans ms, sans-serif;color: #003366\">Notre mission ? Vous offrir un cadre d\u2019apprentissage exigeant, bienveillant et tourn\u00e9 vers l\u2019avenir.<\/span><br \/>\n<span style=\"font-family: comic sans ms, sans-serif;color: #003366\">N\u2019h\u00e9sitez pas \u00e0 nous contacter pour toute question.<\/span><br \/>\n<span style=\"font-family: comic sans ms, sans-serif;color: #003366\">Bienvenue \u00e0 toutes et \u00e0 tous !<\/span><\/p>\n","protected":false},"excerpt":{"rendered":"<p>Le lyc\u00e9e Roches Maigres est un \u00e9tablissement d\u2019excellence d\u00e9di\u00e9 aux formations industrielles et professionnelles. Nous formons les talents de demain dans des fili\u00e8res porteuses, alliant savoir-faire technique, innovation et insertion professionnelle. Que vous soyez \u00e9l\u00e8ve, parent, entreprise partenaire ou futur \u00e9tudiant, ce site est con\u00e7u pour vous accompagner : D\u00e9couvrez &hellip;<\/p>\n","protected":false},"author":12193,"featured_media":0,"parent":0,"menu_order":0,"comment_status":"closed","ping_status":"closed","template":"","meta":{"footnotes":""},"class_list":["post-9711","page","type-page","status-publish","hentry"],"_links":{"self":[{"href":"https:\/\/etab.ac-reunion.fr\/lyc-roches-maigres\/wp-json\/wp\/v2\/pages\/9711","targetHints":{"allow":["GET"]}}],"collection":[{"href":"https:\/\/etab.ac-reunion.fr\/lyc-roches-maigres\/wp-json\/wp\/v2\/pages"}],"about":[{"href":"https:\/\/etab.ac-reunion.fr\/lyc-roches-maigres\/wp-json\/wp\/v2\/types\/page"}],"author":[{"embeddable":true,"href":"https:\/\/etab.ac-reunion.fr\/lyc-roches-maigres\/wp-json\/wp\/v2\/users\/12193"}],"replies":[{"embeddable":true,"href":"https:\/\/etab.ac-reunion.fr\/lyc-roches-maigres\/wp-json\/wp\/v2\/comments?post=9711"}],"version-history":[{"count":11,"href":"https:\/\/etab.ac-reunion.fr\/lyc-roches-maigres\/wp-json\/wp\/v2\/pages\/9711\/revisions"}],"predecessor-version":[{"id":11797,"href":"https:\/\/etab.ac-reunion.fr\/lyc-roches-maigres\/wp-json\/wp\/v2\/pages\/9711\/revisions\/11797"}],"wp:attachment":[{"href":"https:\/\/etab.ac-reunion.fr\/lyc-roches-maigres\/wp-json\/wp\/v2\/media?parent=9711"}],"curies":[{"name":"wp","href":"https:\/\/api.w.org\/{rel}","templated":true}]}}