{"id":10615,"date":"2019-10-09T20:57:27","date_gmt":"2019-10-09T16:57:27","guid":{"rendered":"http:\/\/lycee-roland-garros.ac-reunion.fr\/?page_id=10615"},"modified":"2023-07-08T09:35:14","modified_gmt":"2023-07-08T05:35:14","slug":"psi","status":"publish","type":"page","link":"https:\/\/etab.ac-reunion.fr\/lyc-roland-garros\/formations\/cpge\/psi\/","title":{"rendered":"PSI"},"content":{"rendered":"<p>CPGE Physique et Sciences de l\u2019Ing\u00e9nieur<\/p>\n<p>Pour devenir <strong>Ing\u00e9nieur<\/strong>, <strong>Chercheur<\/strong> ou <strong>Enseignant<\/strong>\u00a0!<\/p>\n<hr \/>\n<h2>Pr\u00e9sentation<\/h2>\n<p>La classe de PSI (physique et sciences industrielles) correspondent \u00e0 une seconde ann\u00e9e de CPGE, accessibles par les trois fili\u00e8res PCSI (avec option SII en fin de premier trimestre), MPSI et PTSI. Les mati\u00e8res scientifiques principales sont les math\u00e9matiques, les sciences physiques et les sciences industrielles de l\u2019ing\u00e9nieur.<\/p>\n<p>La PSI est une formation fondamentale pluridisciplinaire (math\u00e9matiques, physique, chimie, informatique, sciences industrielles mais aussi lettres et langues vivantes) avec des contenus ambitieux, permettant de d\u00e9velopper des comp\u00e9tences fond\u00e9es sur le travail, la <strong>rigueur scientifique<\/strong> et la d\u00e9monstration.<\/p>\n<p><a href=\"https:\/\/etab.ac-reunion.fr\/lyc-roland-garros\/wp-content\/uploads\/sites\/142\/2021\/10\/psi-2021-001.png\"><img loading=\"lazy\" decoding=\"async\" class=\"alignnone size-thumbnail wp-image-13664\" src=\"https:\/\/etab.ac-reunion.fr\/lyc-roland-garros\/wp-content\/uploads\/sites\/142\/2021\/10\/psi-2021-001-150x150.png\" alt=\"\" width=\"150\" height=\"150\" \/><\/a><a href=\"https:\/\/etab.ac-reunion.fr\/lyc-roland-garros\/wp-content\/uploads\/sites\/142\/2021\/10\/psi-2021-003.png\"><img loading=\"lazy\" decoding=\"async\" class=\"alignnone size-thumbnail wp-image-13665\" src=\"https:\/\/etab.ac-reunion.fr\/lyc-roland-garros\/wp-content\/uploads\/sites\/142\/2021\/10\/psi-2021-003-150x150.png\" alt=\"\" width=\"150\" height=\"150\" \/><\/a><\/p>\n<p>L\u2019\u00e9quipe de la PSI du Lyc\u00e9e Roland Garros assure un <strong>suivi personnalis\u00e9<\/strong> s\u2019appuyant notamment sur des \u00e9valuations fr\u00e9quentes, \u00e9crites, orales et pratiques.<\/p>\n<h2>Pour qui ?<\/h2>\n<p>La classe PSI s\u2019adresse aux \u00e9tudiants ayant suivi une formation de 1\u00e8re ann\u00e9e en MPSI, PCSI et PTSI.<\/p>\n<h2>Admission<\/h2>\n<p>L\u2019admission en premi\u00e8re ann\u00e9e PCSI se fait par candidature spontan\u00e9e via <a href=\"https:\/\/www.parcoursup.fr\/\" target=\"_blank\" rel=\"noopener\">ParcourSup<\/a> suivant le calendrier national.<\/p>\n<p>Suite \u00e0 la commission d\u2019admission l\u2019\u00e9tudiant re\u00e7oit la d\u00e9cision selon le d\u00e9roulement du processus de recrutement.<\/p>\n<p>L\u2019admission en 2\u00e8me ann\u00e9e PSI est propos\u00e9e \u00e0 l\u2019issue du jury de premi\u00e8re ann\u00e9e (MPSI, PCSI et PTSI). Les \u00e9tudiants du Lyc\u00e9e Roland Garros et du Lyc\u00e9e Leconte de Lisle (Saint Denis de la R\u00e9union) ayant r\u00e9ussi leur 1\u00e8re ann\u00e9e sont admis de droit en 2\u00e8me ann\u00e9e PSI dans le m\u00eame lyc\u00e9e.<\/p>\n<p><strong>Pour ceux issus d\u2019un autre \u00e9tablissement<\/strong>, ceux-ci peuvent suivre la <strong>2\u00e8me ann\u00e9e de CPGE PSI<\/strong> au Lyc\u00e9e Roland Garros en proposant leur candidature. <strong>Pour cela il leur suffit de contacter directement le lyc\u00e9e Roland Garros.<\/strong><\/p>\n<h2>Organisation<\/h2>\n<p>La fili\u00e8re PSI\/PSI* propose une\u00a0<strong>formation \u00e9quilibr\u00e9e de haut niveau en math\u00e9matiques et physique<\/strong>. Un enseignement important de<strong>\u00a0sciences industrielles (SII)<\/strong>\u00a0compl\u00e8te cet ensemble.<\/p>\n<p><a href=\"https:\/\/etab.ac-reunion.fr\/lyc-roland-garros\/wp-content\/uploads\/sites\/142\/2021\/10\/psi-2021-008.png\"><img loading=\"lazy\" decoding=\"async\" class=\"aligncenter wp-image-13668 size-full\" src=\"https:\/\/etab.ac-reunion.fr\/lyc-roland-garros\/wp-content\/uploads\/sites\/142\/2021\/10\/psi-2021-008.png\" alt=\"\" width=\"423\" height=\"217\" srcset=\"https:\/\/etab.ac-reunion.fr\/lyc-roland-garros\/wp-content\/uploads\/sites\/142\/2021\/10\/psi-2021-008.png 423w, https:\/\/etab.ac-reunion.fr\/lyc-roland-garros\/wp-content\/uploads\/sites\/142\/2021\/10\/psi-2021-008-300x154.png 300w, https:\/\/etab.ac-reunion.fr\/lyc-roland-garros\/wp-content\/uploads\/sites\/142\/2021\/10\/psi-2021-008-150x77.png 150w\" sizes=\"auto, (max-width: 423px) 100vw, 423px\" \/><\/a> <a href=\"https:\/\/etab.ac-reunion.fr\/lyc-roland-garros\/wp-content\/uploads\/sites\/142\/2021\/10\/psi-2021-007.png\"><img loading=\"lazy\" decoding=\"async\" class=\"aligncenter wp-image-13667 size-full\" src=\"https:\/\/etab.ac-reunion.fr\/lyc-roland-garros\/wp-content\/uploads\/sites\/142\/2021\/10\/psi-2021-007.png\" alt=\"\" width=\"917\" height=\"265\" srcset=\"https:\/\/etab.ac-reunion.fr\/lyc-roland-garros\/wp-content\/uploads\/sites\/142\/2021\/10\/psi-2021-007.png 917w, https:\/\/etab.ac-reunion.fr\/lyc-roland-garros\/wp-content\/uploads\/sites\/142\/2021\/10\/psi-2021-007-300x87.png 300w, https:\/\/etab.ac-reunion.fr\/lyc-roland-garros\/wp-content\/uploads\/sites\/142\/2021\/10\/psi-2021-007-150x43.png 150w\" sizes=\"auto, (max-width: 917px) 100vw, 917px\" \/><\/a><\/p>\n<h2>D\u00e9bouch\u00e9s<\/h2>\n<p>La classe PSI du lyc\u00e9e Roland Garros permet de participer aux concours d\u2019entr\u00e9e aux Grandes Ecoles d\u2019Ing\u00e9nieurs.<br \/>\nLa formation est reconnue pour son excellence et sa rigueur.<\/p>\n<p><a href=\"https:\/\/etab.ac-reunion.fr\/lyc-roland-garros\/wp-content\/uploads\/sites\/142\/2021\/10\/psi-2021-009.png\"><img loading=\"lazy\" decoding=\"async\" class=\"alignnone wp-image-13669 size-full\" src=\"https:\/\/etab.ac-reunion.fr\/lyc-roland-garros\/wp-content\/uploads\/sites\/142\/2021\/10\/psi-2021-009.png\" alt=\"\" width=\"915\" height=\"312\" srcset=\"https:\/\/etab.ac-reunion.fr\/lyc-roland-garros\/wp-content\/uploads\/sites\/142\/2021\/10\/psi-2021-009.png 915w, https:\/\/etab.ac-reunion.fr\/lyc-roland-garros\/wp-content\/uploads\/sites\/142\/2021\/10\/psi-2021-009-300x102.png 300w, https:\/\/etab.ac-reunion.fr\/lyc-roland-garros\/wp-content\/uploads\/sites\/142\/2021\/10\/psi-2021-009-150x51.png 150w\" sizes=\"auto, (max-width: 915px) 100vw, 915px\" \/><\/a><\/p>\n<p>La liste des \u00e9coles accessibles apr\u00e8s la classe PSI est disponible sur les liens ci-dessous.<\/p>\n<p>Les \u00e9coles recrutent selon des banques de concours : E3a, CCINP, Centrale Sup\u00e9lec, Mines T\u00e9l\u00e9com et X-ENS&#8230;<\/p>\n<p>Suivant les r\u00e9sultats de l\u2019\u00e9tudiant des ECTS peuvent \u00eatre d\u00e9livr\u00e9s par le conseil de classe en vue de faire valoir une \u00e9quivalence Licence 2\u00e8me ann\u00e9e.<\/p>\n<p>La classe pr\u00e9pa PSI permet \u00e9galement aux \u00e9tudiants choisissant de poursuivre leur cursus en universit\u00e9, de rejoindre des licences de physique, m\u00e9canique, informatique ou math\u00e9matiques. L\u2019admission dans les universit\u00e9s rel\u00e8ve de l\u2019autorit\u00e9 de l\u2019\u00e9tablissement d\u2019accueil par candidature spontan\u00e9e de l\u2019\u00e9tudiant (voir modalit\u00e9 sur le site de l\u2019universit\u00e9)\u00a0: la PSI donne une \u00e9quivalence L2.<\/p>\n<p>Quelques statistiques :<\/p>\n<ul>\n<li>Le site de Nicolas Chireux : <a href=\"http:\/\/www.chireux.fr\/cpge_daudet\/liste_ecoles.htm\" target=\"_blank\" rel=\"noopener\">places aux concours MP\/PC\/PSI<\/a><\/li>\n<\/ul>\n<h2>Documents<\/h2>\n<p>Plaquette PCSI-PSI (PDF)<\/p>\n<hr \/>\n<h2>Derniers articles<\/h2>\n","protected":false},"excerpt":{"rendered":"<p>CPGE Physique et Sciences de l\u2019Ing\u00e9nieur Pour devenir Ing\u00e9nieur, Chercheur ou Enseignant\u00a0! Pr\u00e9sentation La classe de PSI (physique et sciences industrielles) correspondent \u00e0 une seconde ann\u00e9e de CPGE, accessibles par les trois fili\u00e8res PCSI (avec option SII en fin de premier trimestre), MPSI et PTSI. Les mati\u00e8res scientifiques principales sont&#8230;<\/p>\n<p> <a class=\"continue-reading-link\" href=\"https:\/\/etab.ac-reunion.fr\/lyc-roland-garros\/formations\/cpge\/psi\/\"><span>Lire plus<\/span><i class=\"crycon-right-dir\"><\/i><\/a> <\/p>\n","protected":false},"author":10850,"featured_media":0,"parent":149,"menu_order":0,"comment_status":"closed","ping_status":"closed","template":"templates\/template-page-with-intro.php","meta":{"footnotes":"","_links_to":"","_links_to_target":""},"class_list":["post-10615","page","type-page","status-publish","hentry"],"_links":{"self":[{"href":"https:\/\/etab.ac-reunion.fr\/lyc-roland-garros\/wp-json\/wp\/v2\/pages\/10615","targetHints":{"allow":["GET"]}}],"collection":[{"href":"https:\/\/etab.ac-reunion.fr\/lyc-roland-garros\/wp-json\/wp\/v2\/pages"}],"about":[{"href":"https:\/\/etab.ac-reunion.fr\/lyc-roland-garros\/wp-json\/wp\/v2\/types\/page"}],"author":[{"embeddable":true,"href":"https:\/\/etab.ac-reunion.fr\/lyc-roland-garros\/wp-json\/wp\/v2\/users\/10850"}],"replies":[{"embeddable":true,"href":"https:\/\/etab.ac-reunion.fr\/lyc-roland-garros\/wp-json\/wp\/v2\/comments?post=10615"}],"version-history":[{"count":11,"href":"https:\/\/etab.ac-reunion.fr\/lyc-roland-garros\/wp-json\/wp\/v2\/pages\/10615\/revisions"}],"predecessor-version":[{"id":17613,"href":"https:\/\/etab.ac-reunion.fr\/lyc-roland-garros\/wp-json\/wp\/v2\/pages\/10615\/revisions\/17613"}],"up":[{"embeddable":true,"href":"https:\/\/etab.ac-reunion.fr\/lyc-roland-garros\/wp-json\/wp\/v2\/pages\/149"}],"wp:attachment":[{"href":"https:\/\/etab.ac-reunion.fr\/lyc-roland-garros\/wp-json\/wp\/v2\/media?parent=10615"}],"curies":[{"name":"wp","href":"https:\/\/api.w.org\/{rel}","templated":true}]}}