{"id":11,"date":"2016-02-09T11:49:09","date_gmt":"2016-02-09T07:49:09","guid":{"rendered":"http:\/\/lycee-roland-garros-tmp.ac-reunion.fr\/?page_id=11"},"modified":"2026-01-22T13:29:35","modified_gmt":"2026-01-22T09:29:35","slug":"seconde-gt","status":"publish","type":"page","link":"https:\/\/etab.ac-reunion.fr\/lyc-roland-garros\/formations\/seconde-gt\/","title":{"rendered":"Seconde GT"},"content":{"rendered":"<p>Seconde G\u00e9n\u00e9rale et Technologique<\/p>\n<hr \/>\n<p>En plus des enseignements obligatoires du tronc commun, il est possible de choisir des options dont voici la liste :<\/p>\n<h3>Les options d&rsquo;enseignement g\u00e9n\u00e9ral, une seule au choix parmi les suivantes :<\/h3>\n<ul>\n<li><a href=\"https:\/\/etab.ac-reunion.fr\/lyc-roland-garros\/formations\/seconde-gt\/option-arts-plastiques\/\">Arts Plastiques<\/a><\/li>\n<li><a href=\"https:\/\/etab.ac-reunion.fr\/lyc-roland-garros\/formations\/seconde-gt\/option-eps\/\">EPS<\/a><\/li>\n<li><a href=\"https:\/\/etab.ac-reunion.fr\/lyc-roland-garros\/wp-content\/uploads\/sites\/142\/2023\/02\/Plaquette-Musique-Roland-Garros-2023.pdf\" target=\"_blank\" rel=\"noopener noreferrer\">Musique<\/a><\/li>\n<li><a href=\"https:\/\/etab.ac-reunion.fr\/lyc-roland-garros\/formations\/seconde-gt\/option-lca-latin-grec\/\"><span style=\"font-family: 'Source Sans Pro'\">Latin<\/span><\/a><\/li>\n<\/ul>\n<h3>Les options d&rsquo;enseignement technologique, une seule au choix parmi les suivantes :<\/h3>\n<ul>\n<li><a href=\"https:\/\/etab.ac-reunion.fr\/lyc-roland-garros\/wp-content\/uploads\/sites\/142\/2022\/04\/LRG_option_management_et_gestion.pdf\">Management et gestion<\/a><\/li>\n<li><a href=\"https:\/\/etab.ac-reunion.fr\/lyc-roland-garros\/formations\/seconde-gt\/option-sante-social\/\">Sant\u00e9 et Social<\/a><\/li>\n<li><a href=\"https:\/\/etab.ac-reunion.fr\/lyc-roland-garros\/formations\/seconde-gt\/seconde-generale-option-biotechnologie\/\">Biotechnologies<\/a><\/li>\n<li><a href=\"https:\/\/etab.ac-reunion.fr\/lyc-roland-garros\/wp-content\/uploads\/sites\/142\/2022\/04\/LRG_option_SI.pdf\">Sciences de l\u2019ing\u00e9nieur<\/a><\/li>\n<li><a href=\"https:\/\/etab.ac-reunion.fr\/lyc-roland-garros\/wp-content\/uploads\/sites\/142\/2022\/04\/LRG_option_CIT.pdf\">Cr\u00e9ation et innovation technologiques<\/a><\/li>\n<li><a href=\"https:\/\/etab.ac-reunion.fr\/lyc-roland-garros\/vie-au-lycee\/ateliers\/atelier-des-deux-infinis\/\">Atelier des 2 infinis<\/a><\/li>\n<\/ul>\n<p>&nbsp;<\/p>\n<h3>Comment choisir les options ?<\/h3>\n<p><strong><span style=\"font-size: medium\">Les \u00e9l\u00e8ves peuvent prendre 1 option g\u00e9n\u00e9rale et 1 option technologique. Les options ont lieu dans l&rsquo;EDT de la semaine.<\/span><\/strong><\/p>\n<p>Vous pouvez choisir\u00a0:<\/p>\n<p style=\"padding-left: 40px\"><strong>UNE seule option<\/strong> d\u2019enseignement g\u00e9n\u00e9ral<br \/>\net<br \/>\n<strong>UNE seule option<\/strong> d&rsquo;enseignement technologique<br \/>\net<br \/>\n<strong><u><span style=\"font-size: medium\">Les \u00e9l\u00e8ves peuvent \u00e9galement s&rsquo;inscrire en Atelier Th\u00e9\u00e2tre ou \u00e0 l&rsquo;Option Cin\u00e9ma qui se d\u00e9roulent le mercredi apr\u00e8s-midi.<\/span><\/u><\/strong><\/p>\n<hr \/>\n<p><strong>&#8211;\u00a0 S&rsquo;agissant des Options DNL Allemand ou Anglais, les inscriptions sont possibles uniquement sur dossier, tout comme l&rsquo;inscription en BACHI BAC ou ABIBAC.<\/strong><\/p>\n<ul>\n<li><a href=\"https:\/\/etab.ac-reunion.fr\/lyc-roland-garros\/international\/abibac\/\">ABIBAC\u00a0<\/a><\/li>\n<li><a href=\"https:\/\/etab.ac-reunion.fr\/lyc-roland-garros\/international\/bachibac\/\">BACHIBAC<\/a><\/li>\n<li><a href=\"https:\/\/etab.ac-reunion.fr\/lyc-roland-garros\/formations\/seconde-gt\/euro-anglais\/\">Section europ\u00e9enne anglais<\/a><\/li>\n<li><a href=\"https:\/\/etab.ac-reunion.fr\/lyc-roland-garros\/wp-content\/uploads\/sites\/142\/2025\/12\/Presentation-OPTION-DNL-ALLEMAND_page-0001.jpg\" rel=\"noopener noreferrer\">Section europ\u00e9enne allemand<\/a><\/li>\n<\/ul>\n<hr \/>\n<h2 style=\"text-align: center\">Derniers articles<\/h2>\n","protected":false},"excerpt":{"rendered":"<p>Seconde G\u00e9n\u00e9rale et Technologique En plus des enseignements obligatoires du tronc commun, il est possible de choisir des options dont voici la liste : Les options d&rsquo;enseignement g\u00e9n\u00e9ral, une seule au choix parmi les suivantes : Arts Plastiques EPS Musique Latin Les options d&rsquo;enseignement technologique, une seule au choix parmi&#8230;<\/p>\n<p> <a class=\"continue-reading-link\" href=\"https:\/\/etab.ac-reunion.fr\/lyc-roland-garros\/formations\/seconde-gt\/\"><span>Lire plus<\/span><i class=\"crycon-right-dir\"><\/i><\/a> <\/p>\n","protected":false},"author":10850,"featured_media":0,"parent":7,"menu_order":1,"comment_status":"closed","ping_status":"closed","template":"templates\/template-page-with-intro.php","meta":{"footnotes":"","_links_to":"","_links_to_target":""},"class_list":["post-11","page","type-page","status-publish","hentry"],"_links":{"self":[{"href":"https:\/\/etab.ac-reunion.fr\/lyc-roland-garros\/wp-json\/wp\/v2\/pages\/11","targetHints":{"allow":["GET"]}}],"collection":[{"href":"https:\/\/etab.ac-reunion.fr\/lyc-roland-garros\/wp-json\/wp\/v2\/pages"}],"about":[{"href":"https:\/\/etab.ac-reunion.fr\/lyc-roland-garros\/wp-json\/wp\/v2\/types\/page"}],"author":[{"embeddable":true,"href":"https:\/\/etab.ac-reunion.fr\/lyc-roland-garros\/wp-json\/wp\/v2\/users\/10850"}],"replies":[{"embeddable":true,"href":"https:\/\/etab.ac-reunion.fr\/lyc-roland-garros\/wp-json\/wp\/v2\/comments?post=11"}],"version-history":[{"count":77,"href":"https:\/\/etab.ac-reunion.fr\/lyc-roland-garros\/wp-json\/wp\/v2\/pages\/11\/revisions"}],"predecessor-version":[{"id":20518,"href":"https:\/\/etab.ac-reunion.fr\/lyc-roland-garros\/wp-json\/wp\/v2\/pages\/11\/revisions\/20518"}],"up":[{"embeddable":true,"href":"https:\/\/etab.ac-reunion.fr\/lyc-roland-garros\/wp-json\/wp\/v2\/pages\/7"}],"wp:attachment":[{"href":"https:\/\/etab.ac-reunion.fr\/lyc-roland-garros\/wp-json\/wp\/v2\/media?parent=11"}],"curies":[{"name":"wp","href":"https:\/\/api.w.org\/{rel}","templated":true}]}}