{"id":11730,"date":"2020-06-01T17:12:46","date_gmt":"2020-06-01T13:12:46","guid":{"rendered":"http:\/\/lycee-roland-garros.ac-reunion.fr\/?page_id=11730"},"modified":"2024-09-12T10:15:12","modified_gmt":"2024-09-12T06:15:12","slug":"seconde-generale-option-biotechnologie","status":"publish","type":"page","link":"https:\/\/etab.ac-reunion.fr\/lyc-roland-garros\/formations\/seconde-gt\/seconde-generale-option-biotechnologie\/","title":{"rendered":"Seconde g\u00e9n\u00e9rale &#8211; Option biotechnologie"},"content":{"rendered":"<p><a href=\"https:\/\/etab.ac-reunion.fr\/lyc-roland-garros\/wp-content\/uploads\/sites\/142\/2020\/06\/seconde_generale_option_biotechnologie_1.png\"><img loading=\"lazy\" decoding=\"async\" class=\"alignnone wp-image-11731 size-full\" src=\"https:\/\/etab.ac-reunion.fr\/lyc-roland-garros\/wp-content\/uploads\/sites\/142\/2020\/06\/seconde_generale_option_biotechnologie_1.png\" alt=\"\" width=\"1000\" height=\"146\" srcset=\"https:\/\/etab.ac-reunion.fr\/lyc-roland-garros\/wp-content\/uploads\/sites\/142\/2020\/06\/seconde_generale_option_biotechnologie_1.png 1000w, https:\/\/etab.ac-reunion.fr\/lyc-roland-garros\/wp-content\/uploads\/sites\/142\/2020\/06\/seconde_generale_option_biotechnologie_1-300x44.png 300w, https:\/\/etab.ac-reunion.fr\/lyc-roland-garros\/wp-content\/uploads\/sites\/142\/2020\/06\/seconde_generale_option_biotechnologie_1-150x22.png 150w\" sizes=\"auto, (max-width: 1000px) 100vw, 1000px\" \/><\/a><\/p>\n<p><a href=\"https:\/\/etab.ac-reunion.fr\/lyc-roland-garros\/wp-content\/uploads\/sites\/142\/2020\/06\/seconde_generale_option_biotechnologie_2.png\"><img loading=\"lazy\" decoding=\"async\" class=\"alignnone wp-image-11732 size-full\" src=\"https:\/\/etab.ac-reunion.fr\/lyc-roland-garros\/wp-content\/uploads\/sites\/142\/2020\/06\/seconde_generale_option_biotechnologie_2.png\" alt=\"\" width=\"1000\" height=\"306\" srcset=\"https:\/\/etab.ac-reunion.fr\/lyc-roland-garros\/wp-content\/uploads\/sites\/142\/2020\/06\/seconde_generale_option_biotechnologie_2.png 1000w, https:\/\/etab.ac-reunion.fr\/lyc-roland-garros\/wp-content\/uploads\/sites\/142\/2020\/06\/seconde_generale_option_biotechnologie_2-300x92.png 300w, https:\/\/etab.ac-reunion.fr\/lyc-roland-garros\/wp-content\/uploads\/sites\/142\/2020\/06\/seconde_generale_option_biotechnologie_2-150x46.png 150w\" sizes=\"auto, (max-width: 1000px) 100vw, 1000px\" \/><\/a><\/p>\n<p><a href=\"https:\/\/etab.ac-reunion.fr\/lyc-roland-garros\/wp-content\/uploads\/sites\/142\/2020\/06\/seconde_generale_option_biotechnologie_3.png\"><img loading=\"lazy\" decoding=\"async\" class=\"alignnone wp-image-11733 size-full\" src=\"https:\/\/etab.ac-reunion.fr\/lyc-roland-garros\/wp-content\/uploads\/sites\/142\/2020\/06\/seconde_generale_option_biotechnologie_3.png\" alt=\"\" width=\"1000\" height=\"628\" srcset=\"https:\/\/etab.ac-reunion.fr\/lyc-roland-garros\/wp-content\/uploads\/sites\/142\/2020\/06\/seconde_generale_option_biotechnologie_3.png 1000w, https:\/\/etab.ac-reunion.fr\/lyc-roland-garros\/wp-content\/uploads\/sites\/142\/2020\/06\/seconde_generale_option_biotechnologie_3-300x188.png 300w, https:\/\/etab.ac-reunion.fr\/lyc-roland-garros\/wp-content\/uploads\/sites\/142\/2020\/06\/seconde_generale_option_biotechnologie_3-150x94.png 150w\" sizes=\"auto, (max-width: 1000px) 100vw, 1000px\" \/><\/a><\/p>\n<p><a href=\"https:\/\/etab.ac-reunion.fr\/lyc-roland-garros\/wp-content\/uploads\/sites\/142\/2020\/06\/seconde_generale_option_biotechnologie_4.png\"><img loading=\"lazy\" decoding=\"async\" class=\"alignnone wp-image-11734 size-full\" src=\"https:\/\/etab.ac-reunion.fr\/lyc-roland-garros\/wp-content\/uploads\/sites\/142\/2020\/06\/seconde_generale_option_biotechnologie_4.png\" alt=\"\" width=\"1000\" height=\"369\" srcset=\"https:\/\/etab.ac-reunion.fr\/lyc-roland-garros\/wp-content\/uploads\/sites\/142\/2020\/06\/seconde_generale_option_biotechnologie_4.png 1000w, https:\/\/etab.ac-reunion.fr\/lyc-roland-garros\/wp-content\/uploads\/sites\/142\/2020\/06\/seconde_generale_option_biotechnologie_4-300x111.png 300w, https:\/\/etab.ac-reunion.fr\/lyc-roland-garros\/wp-content\/uploads\/sites\/142\/2020\/06\/seconde_generale_option_biotechnologie_4-150x55.png 150w\" sizes=\"auto, (max-width: 1000px) 100vw, 1000px\" \/><\/a><\/p>\n<p><a href=\"https:\/\/etab.ac-reunion.fr\/lyc-roland-garros\/wp-content\/uploads\/sites\/142\/2020\/06\/seconde_generale_option_biotechnologie_5.png\"><img loading=\"lazy\" decoding=\"async\" class=\"alignnone wp-image-11735 size-full\" src=\"https:\/\/etab.ac-reunion.fr\/lyc-roland-garros\/wp-content\/uploads\/sites\/142\/2020\/06\/seconde_generale_option_biotechnologie_5.png\" alt=\"\" width=\"1000\" height=\"345\" srcset=\"https:\/\/etab.ac-reunion.fr\/lyc-roland-garros\/wp-content\/uploads\/sites\/142\/2020\/06\/seconde_generale_option_biotechnologie_5.png 1000w, https:\/\/etab.ac-reunion.fr\/lyc-roland-garros\/wp-content\/uploads\/sites\/142\/2020\/06\/seconde_generale_option_biotechnologie_5-300x104.png 300w, https:\/\/etab.ac-reunion.fr\/lyc-roland-garros\/wp-content\/uploads\/sites\/142\/2020\/06\/seconde_generale_option_biotechnologie_5-150x52.png 150w\" sizes=\"auto, (max-width: 1000px) 100vw, 1000px\" \/><\/a><\/p>\n<p><a href=\"https:\/\/etab.ac-reunion.fr\/lyc-roland-garros\/wp-content\/uploads\/sites\/142\/2020\/06\/seconde_generale_option_biotechnologie_6.png\"><img loading=\"lazy\" decoding=\"async\" class=\"alignnone wp-image-11744 size-full\" src=\"https:\/\/etab.ac-reunion.fr\/lyc-roland-garros\/wp-content\/uploads\/sites\/142\/2020\/06\/seconde_generale_option_biotechnologie_6.png\" alt=\"\" width=\"1000\" height=\"539\" srcset=\"https:\/\/etab.ac-reunion.fr\/lyc-roland-garros\/wp-content\/uploads\/sites\/142\/2020\/06\/seconde_generale_option_biotechnologie_6.png 1000w, https:\/\/etab.ac-reunion.fr\/lyc-roland-garros\/wp-content\/uploads\/sites\/142\/2020\/06\/seconde_generale_option_biotechnologie_6-300x162.png 300w, https:\/\/etab.ac-reunion.fr\/lyc-roland-garros\/wp-content\/uploads\/sites\/142\/2020\/06\/seconde_generale_option_biotechnologie_6-150x81.png 150w\" sizes=\"auto, (max-width: 1000px) 100vw, 1000px\" \/><\/a><\/p>\n<p>&nbsp;<\/p>\n<p><b>Toute inscription \u00e0 une option vaut pour l&rsquo;ann\u00e9e scolaire enti\u00e8re. L&rsquo;option pourra \u00eatre abandonn\u00e9e l&rsquo;ann\u00e9e suivante<\/b><\/p>\n<hr \/>\n<h2 style=\"text-align: center\">Derniers articles<\/h2>\n","protected":false},"excerpt":{"rendered":"<p>&nbsp; Toute inscription \u00e0 une option vaut pour l&rsquo;ann\u00e9e scolaire enti\u00e8re. L&rsquo;option pourra \u00eatre abandonn\u00e9e l&rsquo;ann\u00e9e suivante Derniers articles<\/p>\n<p> <a class=\"continue-reading-link\" href=\"https:\/\/etab.ac-reunion.fr\/lyc-roland-garros\/formations\/seconde-gt\/seconde-generale-option-biotechnologie\/\"><span>Lire plus<\/span><i class=\"crycon-right-dir\"><\/i><\/a> <\/p>\n","protected":false},"author":10850,"featured_media":0,"parent":11,"menu_order":1,"comment_status":"closed","ping_status":"closed","template":"templates\/template-page-with-intro.php","meta":{"footnotes":"","_links_to":"","_links_to_target":""},"class_list":["post-11730","page","type-page","status-publish","hentry"],"_links":{"self":[{"href":"https:\/\/etab.ac-reunion.fr\/lyc-roland-garros\/wp-json\/wp\/v2\/pages\/11730","targetHints":{"allow":["GET"]}}],"collection":[{"href":"https:\/\/etab.ac-reunion.fr\/lyc-roland-garros\/wp-json\/wp\/v2\/pages"}],"about":[{"href":"https:\/\/etab.ac-reunion.fr\/lyc-roland-garros\/wp-json\/wp\/v2\/types\/page"}],"author":[{"embeddable":true,"href":"https:\/\/etab.ac-reunion.fr\/lyc-roland-garros\/wp-json\/wp\/v2\/users\/10850"}],"replies":[{"embeddable":true,"href":"https:\/\/etab.ac-reunion.fr\/lyc-roland-garros\/wp-json\/wp\/v2\/comments?post=11730"}],"version-history":[{"count":4,"href":"https:\/\/etab.ac-reunion.fr\/lyc-roland-garros\/wp-json\/wp\/v2\/pages\/11730\/revisions"}],"predecessor-version":[{"id":18768,"href":"https:\/\/etab.ac-reunion.fr\/lyc-roland-garros\/wp-json\/wp\/v2\/pages\/11730\/revisions\/18768"}],"up":[{"embeddable":true,"href":"https:\/\/etab.ac-reunion.fr\/lyc-roland-garros\/wp-json\/wp\/v2\/pages\/11"}],"wp:attachment":[{"href":"https:\/\/etab.ac-reunion.fr\/lyc-roland-garros\/wp-json\/wp\/v2\/media?parent=11730"}],"curies":[{"name":"wp","href":"https:\/\/api.w.org\/{rel}","templated":true}]}}