{"id":11821,"date":"2024-06-13T12:01:02","date_gmt":"2024-06-13T08:01:02","guid":{"rendered":"http:\/\/lycee-roland-garros.ac-reunion.fr\/?page_id=11821"},"modified":"2025-07-07T11:58:06","modified_gmt":"2025-07-07T07:58:06","slug":"inscription","status":"publish","type":"page","link":"https:\/\/etab.ac-reunion.fr\/lyc-roland-garros\/scolarite\/inscription\/","title":{"rendered":"Inscriptions"},"content":{"rendered":"<ul>\n<li><strong>Inscription Seconde 2025 2026 <\/strong><\/li>\n<\/ul>\n<blockquote><p><strong>&#8211; L&rsquo;\u00e9tablissement ne fera pas de photocopies,<\/strong><\/p>\n<p><strong>&#8211; La pr\u00e9sence d&rsquo;un responsable l\u00e9gal est n\u00e9cessaire pour l&rsquo;inscription de tout \u00e9l\u00e8ve mineur,<\/strong><\/p>\n<p><strong>&#8211; Les familles doivent se pr\u00e9senter avec les documents imprim\u00e9s et pr\u00e9alablement remplis, <\/strong><\/p>\n<p><strong>&#8211; Une assistance informatique est propos\u00e9e sur place pour ceux qui n&rsquo;ont pas pu proc\u00e9der \u00e0 la t\u00e9l\u00e9-inscription en ligne,\u00a0\u00a0<\/strong><\/p>\n<p><strong>&#8211; Il est n\u00e9cessaire d&rsquo;avoir ses codes EDUCONNECT parents.<\/strong><\/p>\n<ul>\n<li><a href=\"https:\/\/etab.ac-reunion.fr\/lyc-roland-garros\/scolarite\/inscription\/listes-fournitures-scolaires-rentree-2025-2026-cap-et-bac-pro\/\">Listes Fournitures Scolaires Rentr\u00e9e 2025-2026 CAP 1\u00e8re ann\u00e9e et Seconde Bac Professionnel<\/a><\/li>\n<\/ul>\n<\/blockquote>\n<p><a href=\"https:\/\/etab.ac-reunion.fr\/lyc-roland-garros\/scolarite\/inscription\/pieces-a-fournir-inscription-rentree-scolaire-2025-2026\/\">Cliquez ici pour voir les pi\u00e8ces \u00e0 fournir<\/a><\/p>\n<p><img loading=\"lazy\" decoding=\"async\" class=\"alignnone size-full wp-image-19838\" src=\"https:\/\/etab.ac-reunion.fr\/lyc-roland-garros\/wp-content\/uploads\/sites\/142\/2025\/06\/calendrier-dinscriptions-20254-1-1.png\" alt=\"\" width=\"1654\" height=\"2339\" srcset=\"https:\/\/etab.ac-reunion.fr\/lyc-roland-garros\/wp-content\/uploads\/sites\/142\/2025\/06\/calendrier-dinscriptions-20254-1-1.png 1654w, https:\/\/etab.ac-reunion.fr\/lyc-roland-garros\/wp-content\/uploads\/sites\/142\/2025\/06\/calendrier-dinscriptions-20254-1-1-212x300.png 212w, https:\/\/etab.ac-reunion.fr\/lyc-roland-garros\/wp-content\/uploads\/sites\/142\/2025\/06\/calendrier-dinscriptions-20254-1-1-566x800.png 566w, https:\/\/etab.ac-reunion.fr\/lyc-roland-garros\/wp-content\/uploads\/sites\/142\/2025\/06\/calendrier-dinscriptions-20254-1-1-1086x1536.png 1086w, https:\/\/etab.ac-reunion.fr\/lyc-roland-garros\/wp-content\/uploads\/sites\/142\/2025\/06\/calendrier-dinscriptions-20254-1-1-1448x2048.png 1448w, https:\/\/etab.ac-reunion.fr\/lyc-roland-garros\/wp-content\/uploads\/sites\/142\/2025\/06\/calendrier-dinscriptions-20254-1-1-106x150.png 106w\" sizes=\"auto, (max-width: 1654px) 100vw, 1654px\" \/><\/p>\n<p><img loading=\"lazy\" decoding=\"async\" class=\"alignnone size-full wp-image-19834\" src=\"https:\/\/etab.ac-reunion.fr\/lyc-roland-garros\/wp-content\/uploads\/sites\/142\/2025\/06\/LISTE-PIECES-SECRETARIAT-DE-SCOLARITE21-1.png\" alt=\"\" width=\"1654\" height=\"2339\" srcset=\"https:\/\/etab.ac-reunion.fr\/lyc-roland-garros\/wp-content\/uploads\/sites\/142\/2025\/06\/LISTE-PIECES-SECRETARIAT-DE-SCOLARITE21-1.png 1654w, https:\/\/etab.ac-reunion.fr\/lyc-roland-garros\/wp-content\/uploads\/sites\/142\/2025\/06\/LISTE-PIECES-SECRETARIAT-DE-SCOLARITE21-1-212x300.png 212w, https:\/\/etab.ac-reunion.fr\/lyc-roland-garros\/wp-content\/uploads\/sites\/142\/2025\/06\/LISTE-PIECES-SECRETARIAT-DE-SCOLARITE21-1-566x800.png 566w, https:\/\/etab.ac-reunion.fr\/lyc-roland-garros\/wp-content\/uploads\/sites\/142\/2025\/06\/LISTE-PIECES-SECRETARIAT-DE-SCOLARITE21-1-1086x1536.png 1086w, https:\/\/etab.ac-reunion.fr\/lyc-roland-garros\/wp-content\/uploads\/sites\/142\/2025\/06\/LISTE-PIECES-SECRETARIAT-DE-SCOLARITE21-1-1448x2048.png 1448w, https:\/\/etab.ac-reunion.fr\/lyc-roland-garros\/wp-content\/uploads\/sites\/142\/2025\/06\/LISTE-PIECES-SECRETARIAT-DE-SCOLARITE21-1-106x150.png 106w\" sizes=\"auto, (max-width: 1654px) 100vw, 1654px\" \/><\/p>\n<p>&nbsp;<\/p>\n","protected":false},"excerpt":{"rendered":"<p>Inscription Seconde 2025 2026 &#8211; L&rsquo;\u00e9tablissement ne fera pas de photocopies, &#8211; La pr\u00e9sence d&rsquo;un responsable l\u00e9gal est n\u00e9cessaire pour l&rsquo;inscription de tout \u00e9l\u00e8ve mineur, &#8211; Les familles doivent se pr\u00e9senter avec les documents imprim\u00e9s et pr\u00e9alablement remplis, &#8211; Une assistance informatique est propos\u00e9e sur place pour ceux qui n&rsquo;ont&#8230;<\/p>\n<p> <a class=\"continue-reading-link\" href=\"https:\/\/etab.ac-reunion.fr\/lyc-roland-garros\/scolarite\/inscription\/\"><span>Lire plus<\/span><i class=\"crycon-right-dir\"><\/i><\/a> <\/p>\n","protected":false},"author":10850,"featured_media":0,"parent":11920,"menu_order":1,"comment_status":"closed","ping_status":"closed","template":"","meta":{"footnotes":"","_links_to":"","_links_to_target":""},"class_list":["post-11821","page","type-page","status-publish","hentry"],"_links":{"self":[{"href":"https:\/\/etab.ac-reunion.fr\/lyc-roland-garros\/wp-json\/wp\/v2\/pages\/11821","targetHints":{"allow":["GET"]}}],"collection":[{"href":"https:\/\/etab.ac-reunion.fr\/lyc-roland-garros\/wp-json\/wp\/v2\/pages"}],"about":[{"href":"https:\/\/etab.ac-reunion.fr\/lyc-roland-garros\/wp-json\/wp\/v2\/types\/page"}],"author":[{"embeddable":true,"href":"https:\/\/etab.ac-reunion.fr\/lyc-roland-garros\/wp-json\/wp\/v2\/users\/10850"}],"replies":[{"embeddable":true,"href":"https:\/\/etab.ac-reunion.fr\/lyc-roland-garros\/wp-json\/wp\/v2\/comments?post=11821"}],"version-history":[{"count":47,"href":"https:\/\/etab.ac-reunion.fr\/lyc-roland-garros\/wp-json\/wp\/v2\/pages\/11821\/revisions"}],"predecessor-version":[{"id":19954,"href":"https:\/\/etab.ac-reunion.fr\/lyc-roland-garros\/wp-json\/wp\/v2\/pages\/11821\/revisions\/19954"}],"up":[{"embeddable":true,"href":"https:\/\/etab.ac-reunion.fr\/lyc-roland-garros\/wp-json\/wp\/v2\/pages\/11920"}],"wp:attachment":[{"href":"https:\/\/etab.ac-reunion.fr\/lyc-roland-garros\/wp-json\/wp\/v2\/media?parent=11821"}],"curies":[{"name":"wp","href":"https:\/\/api.w.org\/{rel}","templated":true}]}}