{"id":11980,"date":"2020-06-22T15:32:58","date_gmt":"2020-06-22T11:32:58","guid":{"rendered":"http:\/\/lycee-roland-garros.ac-reunion.fr\/?page_id=11980"},"modified":"2025-07-02T10:45:06","modified_gmt":"2025-07-02T06:45:06","slug":"inscription-internat","status":"publish","type":"page","link":"https:\/\/etab.ac-reunion.fr\/lyc-roland-garros\/scolarite\/inscription\/inscription-internat\/","title":{"rendered":"Inscription \u00e0 l&rsquo;internat pour l&rsquo;ann\u00e9e scolaire 2025\/2026"},"content":{"rendered":"<blockquote><p><a href=\"https:\/\/etab.ac-reunion.fr\/lyc-roland-garros\/wp-content\/uploads\/sites\/142\/2025\/07\/Documents-inscription-internat-Recto-Verso.pdf\">Clique ici pour voir les pi\u00e8ces \u00e0 fournir<\/a><\/p><\/blockquote>\n<p><img loading=\"lazy\" decoding=\"async\" class=\"alignnone wp-image-19926 size-large\" src=\"https:\/\/etab.ac-reunion.fr\/lyc-roland-garros\/wp-content\/uploads\/sites\/142\/2025\/07\/documents-inscription-internat-2025-2026-1-565x800.png\" alt=\"\" width=\"565\" height=\"800\" srcset=\"https:\/\/etab.ac-reunion.fr\/lyc-roland-garros\/wp-content\/uploads\/sites\/142\/2025\/07\/documents-inscription-internat-2025-2026-1-565x800.png 565w, https:\/\/etab.ac-reunion.fr\/lyc-roland-garros\/wp-content\/uploads\/sites\/142\/2025\/07\/documents-inscription-internat-2025-2026-1-212x300.png 212w, https:\/\/etab.ac-reunion.fr\/lyc-roland-garros\/wp-content\/uploads\/sites\/142\/2025\/07\/documents-inscription-internat-2025-2026-1-1086x1536.png 1086w, https:\/\/etab.ac-reunion.fr\/lyc-roland-garros\/wp-content\/uploads\/sites\/142\/2025\/07\/documents-inscription-internat-2025-2026-1-1447x2048.png 1447w, https:\/\/etab.ac-reunion.fr\/lyc-roland-garros\/wp-content\/uploads\/sites\/142\/2025\/07\/documents-inscription-internat-2025-2026-1-106x150.png 106w, https:\/\/etab.ac-reunion.fr\/lyc-roland-garros\/wp-content\/uploads\/sites\/142\/2025\/07\/documents-inscription-internat-2025-2026-1.png 1653w\" sizes=\"auto, (max-width: 565px) 100vw, 565px\" \/><\/p>\n<p><img loading=\"lazy\" decoding=\"async\" class=\"size-full wp-image-19842 alignnone\" src=\"https:\/\/etab.ac-reunion.fr\/lyc-roland-garros\/wp-content\/uploads\/sites\/142\/2025\/06\/Information-Internat-1.png\" alt=\"\" width=\"1653\" height=\"2339\" srcset=\"https:\/\/etab.ac-reunion.fr\/lyc-roland-garros\/wp-content\/uploads\/sites\/142\/2025\/06\/Information-Internat-1.png 1653w, https:\/\/etab.ac-reunion.fr\/lyc-roland-garros\/wp-content\/uploads\/sites\/142\/2025\/06\/Information-Internat-1-212x300.png 212w, https:\/\/etab.ac-reunion.fr\/lyc-roland-garros\/wp-content\/uploads\/sites\/142\/2025\/06\/Information-Internat-1-565x800.png 565w, https:\/\/etab.ac-reunion.fr\/lyc-roland-garros\/wp-content\/uploads\/sites\/142\/2025\/06\/Information-Internat-1-1086x1536.png 1086w, https:\/\/etab.ac-reunion.fr\/lyc-roland-garros\/wp-content\/uploads\/sites\/142\/2025\/06\/Information-Internat-1-1447x2048.png 1447w, https:\/\/etab.ac-reunion.fr\/lyc-roland-garros\/wp-content\/uploads\/sites\/142\/2025\/06\/Information-Internat-1-106x150.png 106w\" sizes=\"auto, (max-width: 1653px) 100vw, 1653px\" \/><\/p>\n<p>Les pi\u00e8ces \u00e0 compl\u00e9ter, imprimer et ramener le jour de l&rsquo;inscription :<\/p>\n<p><a href=\"https:\/\/etab.ac-reunion.fr\/lyc-roland-garros\/wp-content\/uploads\/sites\/142\/2025\/07\/Demande-inscription-internat.pdf\">Demande inscription internat <\/a><\/p>\n<p><a href=\"https:\/\/etab.ac-reunion.fr\/lyc-roland-garros\/wp-content\/uploads\/sites\/142\/2025\/07\/Inscription-a-linternant-pieces-a-fournir.pdf\">Inscription \u00e0 l&rsquo;internant pi\u00e8ces \u00e0 fournir<\/a><\/p>\n","protected":false},"excerpt":{"rendered":"<p>Clique ici pour voir les pi\u00e8ces \u00e0 fournir Les pi\u00e8ces \u00e0 compl\u00e9ter, imprimer et ramener le jour de l&rsquo;inscription : Demande inscription internat Inscription \u00e0 l&rsquo;internant pi\u00e8ces \u00e0 fournir<\/p>\n<p> <a class=\"continue-reading-link\" href=\"https:\/\/etab.ac-reunion.fr\/lyc-roland-garros\/scolarite\/inscription\/inscription-internat\/\"><span>Lire plus<\/span><i class=\"crycon-right-dir\"><\/i><\/a> <\/p>\n","protected":false},"author":10850,"featured_media":0,"parent":11821,"menu_order":5,"comment_status":"closed","ping_status":"closed","template":"","meta":{"footnotes":"","_links_to":"","_links_to_target":""},"class_list":["post-11980","page","type-page","status-publish","hentry"],"_links":{"self":[{"href":"https:\/\/etab.ac-reunion.fr\/lyc-roland-garros\/wp-json\/wp\/v2\/pages\/11980","targetHints":{"allow":["GET"]}}],"collection":[{"href":"https:\/\/etab.ac-reunion.fr\/lyc-roland-garros\/wp-json\/wp\/v2\/pages"}],"about":[{"href":"https:\/\/etab.ac-reunion.fr\/lyc-roland-garros\/wp-json\/wp\/v2\/types\/page"}],"author":[{"embeddable":true,"href":"https:\/\/etab.ac-reunion.fr\/lyc-roland-garros\/wp-json\/wp\/v2\/users\/10850"}],"replies":[{"embeddable":true,"href":"https:\/\/etab.ac-reunion.fr\/lyc-roland-garros\/wp-json\/wp\/v2\/comments?post=11980"}],"version-history":[{"count":18,"href":"https:\/\/etab.ac-reunion.fr\/lyc-roland-garros\/wp-json\/wp\/v2\/pages\/11980\/revisions"}],"predecessor-version":[{"id":19936,"href":"https:\/\/etab.ac-reunion.fr\/lyc-roland-garros\/wp-json\/wp\/v2\/pages\/11980\/revisions\/19936"}],"up":[{"embeddable":true,"href":"https:\/\/etab.ac-reunion.fr\/lyc-roland-garros\/wp-json\/wp\/v2\/pages\/11821"}],"wp:attachment":[{"href":"https:\/\/etab.ac-reunion.fr\/lyc-roland-garros\/wp-json\/wp\/v2\/media?parent=11980"}],"curies":[{"name":"wp","href":"https:\/\/api.w.org\/{rel}","templated":true}]}}