{"id":14402,"date":"2022-02-22T14:34:02","date_gmt":"2022-02-22T10:34:02","guid":{"rendered":"http:\/\/lycee-roland-garros.ac-reunion.fr\/?page_id=14402"},"modified":"2022-04-11T18:14:47","modified_gmt":"2022-04-11T14:14:47","slug":"stl-bak","status":"publish","type":"page","link":"https:\/\/etab.ac-reunion.fr\/lyc-roland-garros\/formations\/bac-technologique\/stl-bak\/","title":{"rendered":"STL &#8211; Bak"},"content":{"rendered":"<p>Sciences et Technologies de Laboratoire<\/p>\n<h2>Pr\u00e9sentation<\/h2>\n<p><iframe loading=\"lazy\" title=\"Bac STL Biotechnologies (version cr\u00e9ole)\" width=\"900\" height=\"506\" src=\"https:\/\/www.youtube.com\/embed\/BnFMGNwCCTM?feature=oembed\" frameborder=\"0\" allow=\"accelerometer; autoplay; clipboard-write; encrypted-media; gyroscope; picture-in-picture\" allowfullscreen><\/iframe><\/p>\n<p>Le bac STL (Sciences et Technologies de laboratoire) option biotechnologies est une fili\u00e8re<br \/>\nscientifique biologique qui s&rsquo;appuie sur\u00a0:<\/p>\n<ul>\n<li>des manipulations en laboratoire ;<\/li>\n<li>des enseignements technologiques tourn\u00e9s vers la biologie et ses applications.<\/li>\n<\/ul>\n<p><img loading=\"lazy\" decoding=\"async\" class=\"aligncenter wp-image-4647 size-medium\" src=\"https:\/\/etab.ac-reunion.fr\/lyc-roland-garros\/wp-content\/uploads\/sites\/142\/2016\/03\/STL_1_Presentation-300x174.png\" alt=\"stl_1_presentation\" width=\"300\" height=\"174\" srcset=\"https:\/\/etab.ac-reunion.fr\/lyc-roland-garros\/wp-content\/uploads\/sites\/142\/2016\/03\/STL_1_Presentation-300x174.png 300w, https:\/\/etab.ac-reunion.fr\/lyc-roland-garros\/wp-content\/uploads\/sites\/142\/2016\/03\/STL_1_Presentation-200x116.png 200w, https:\/\/etab.ac-reunion.fr\/lyc-roland-garros\/wp-content\/uploads\/sites\/142\/2016\/03\/STL_1_Presentation-150x87.png 150w, https:\/\/etab.ac-reunion.fr\/lyc-roland-garros\/wp-content\/uploads\/sites\/142\/2016\/03\/STL_1_Presentation.png 485w\" sizes=\"auto, (max-width: 300px) 100vw, 300px\" \/><\/p>\n<h2>Pour qui ?<\/h2>\n<p>&nbsp;<\/p>\n<p>La section s&rsquo;adresse aux \u00e9l\u00e8ves qui\u00a0:<\/p>\n<ul>\n<li>sont attir\u00e9s par les sciences du vivant et aussi la chimie ;<\/li>\n<li>aiment manipuler car la moiti\u00e9 des enseignements se d\u00e9roulent en laboratoire ;<\/li>\n<li>aiment travailler en \u00e9quipe. Les travaux pratiques permettent souvent de r\u00e9aliser des exp\u00e9riences en bin\u00f4me dans des groupes \u00e0 effectifs r\u00e9duits.<\/li>\n<\/ul>\n<p><img loading=\"lazy\" decoding=\"async\" class=\"size-thumbnail wp-image-4648 aligncenter\" src=\"https:\/\/etab.ac-reunion.fr\/lyc-roland-garros\/wp-content\/uploads\/sites\/142\/2016\/03\/STL_2_Pour_qui-150x150.png\" alt=\"stl_2_pour_qui\" width=\"150\" height=\"150\" \/><\/p>\n<h2>Admission<\/h2>\n<p>Les \u00e9l\u00e8ves venant de seconde quel que soit l\u2019enseignement d\u2019exploration suivi.<br \/>\nLes \u00e9l\u00e8ves de premi\u00e8re souhaitant se r\u00e9orienter dans le domaine des sciences.<br \/>\nLe niveau scientifique (biologie, math\u00e9matiques, physique et chimie) doit \u00eatre correct et la moyenne sur l\u2019ann\u00e9e sup\u00e9rieure \u00e0 10.<\/p>\n<h2>Organisation<\/h2>\n<p>La formation STL s\u2019organise en\u00a0:<\/p>\n<ul>\n<li><strong>Mati\u00e8res g\u00e9n\u00e9rales\u00a0:<\/strong> pour une formation globale ;<\/li>\n<li><strong>Mati\u00e8res de sp\u00e9cialit\u00e9 (Biotechnologies, CBSV, MI et ETLV)<\/strong> : principalement en laboratoire et en groupe \u00e0 effectifs r\u00e9duits :<\/li>\n<li><strong>Accompagnement personnalis\u00e9<\/strong> pour approfondir les savoirs et pr\u00e9parer l\u2019\u00e9l\u00e8ve \u00e0 son orientation (choix de poursuite d\u2019\u00e9tudes).<\/li>\n<\/ul>\n<p>Pr\u00e8s de 50 % du temps est en travaux pratiques (TP) ou travaux dirig\u00e9s (TD) en petits groupes.<\/p>\n<p><a href=\"https:\/\/etab.ac-reunion.fr\/lyc-roland-garros\/wp-content\/uploads\/sites\/142\/2016\/03\/STL_3_Organisation.png\"><img loading=\"lazy\" decoding=\"async\" class=\"aligncenter wp-image-4649\" src=\"https:\/\/etab.ac-reunion.fr\/lyc-roland-garros\/wp-content\/uploads\/sites\/142\/2016\/03\/STL_3_Organisation-286x300.png\" alt=\"stl_3_organisation\" width=\"600\" height=\"630\" srcset=\"https:\/\/etab.ac-reunion.fr\/lyc-roland-garros\/wp-content\/uploads\/sites\/142\/2016\/03\/STL_3_Organisation-286x300.png 286w, https:\/\/etab.ac-reunion.fr\/lyc-roland-garros\/wp-content\/uploads\/sites\/142\/2016\/03\/STL_3_Organisation-143x150.png 143w, https:\/\/etab.ac-reunion.fr\/lyc-roland-garros\/wp-content\/uploads\/sites\/142\/2016\/03\/STL_3_Organisation.png 828w\" sizes=\"auto, (max-width: 600px) 100vw, 600px\" \/><\/a><\/p>\n<p>CBSV : Chimie-Biochimie-Sciences du Vivant<br \/>\nMI : Mesures et Instrumentation<br \/>\nETLV : Enseignement Technologique en Langue Vivante<\/p>\n<h2>Section europ\u00e9enne anglais<\/h2>\n<p><a href=\"https:\/\/etab.ac-reunion.fr\/lyc-roland-garros\/wp-content\/uploads\/sites\/142\/2016\/03\/STL_4_Section_europeenne.png\"><img loading=\"lazy\" decoding=\"async\" class=\"aligncenter wp-image-4650 size-medium\" src=\"https:\/\/etab.ac-reunion.fr\/lyc-roland-garros\/wp-content\/uploads\/sites\/142\/2016\/03\/STL_4_Section_europeenne-300x157.png\" alt=\"stl_4_section_europeenne\" width=\"300\" height=\"157\" srcset=\"https:\/\/etab.ac-reunion.fr\/lyc-roland-garros\/wp-content\/uploads\/sites\/142\/2016\/03\/STL_4_Section_europeenne-300x157.png 300w, https:\/\/etab.ac-reunion.fr\/lyc-roland-garros\/wp-content\/uploads\/sites\/142\/2016\/03\/STL_4_Section_europeenne-200x105.png 200w, https:\/\/etab.ac-reunion.fr\/lyc-roland-garros\/wp-content\/uploads\/sites\/142\/2016\/03\/STL_4_Section_europeenne-150x78.png 150w, https:\/\/etab.ac-reunion.fr\/lyc-roland-garros\/wp-content\/uploads\/sites\/142\/2016\/03\/STL_4_Section_europeenne.png 671w\" sizes=\"auto, (max-width: 300px) 100vw, 300px\" \/><\/a><br \/>\nElle s\u2019adresse aux \u00e9l\u00e8ves motiv\u00e9s qui ont envie de parler en anglais au laboratoire.<\/p>\n<p>La r\u00e9alisation d\u2019activit\u00e9s de biotechnologies en anglais permet de progresser dans cette langue dans le contexte du laboratoire.<br \/>\nLa mention \u00ab europ\u00e9enne \u00bb du baccalaur\u00e9at peut faciliter l\u2019acc\u00e8s aux \u00e9tudes sup\u00e9rieures dans un pays \u00e9tranger.<br \/>\nLa langue utilis\u00e9e dans le domaine scientifique \u00e9tant l\u2019anglais cette section permet de s\u2019adapter tr\u00e8s t\u00f4t aux exigences des \u00e9tudes sup\u00e9rieures.<\/p>\n<p>Lien vers la page <a href=\"https:\/\/etab.ac-reunion.fr\/lyc-roland-garros\/international\/euro-anglais\/\" target=\"_blank\" rel=\"noopener\">section europ\u00e9enne anglais<\/a>.<\/p>\n<h2>D\u00e9bouch\u00e9s<\/h2>\n<p>L&rsquo;ensemble des m\u00e9tiers dans le domaine de la biologie sont accessibles, notamment dans les secteurs de la sant\u00e9, de l\u2019environnement, des productions industrielles, de la recherche, de l\u2019agriculture&#8230;<\/p>\n<p><a href=\"https:\/\/etab.ac-reunion.fr\/lyc-roland-garros\/wp-content\/uploads\/sites\/142\/2016\/03\/STL_5_debouches_1.png\"><img loading=\"lazy\" decoding=\"async\" class=\"aligncenter wp-image-4651\" src=\"https:\/\/etab.ac-reunion.fr\/lyc-roland-garros\/wp-content\/uploads\/sites\/142\/2016\/03\/STL_5_debouches_1.png\" alt=\"stl_5_debouches_1\" width=\"600\" height=\"332\" srcset=\"https:\/\/etab.ac-reunion.fr\/lyc-roland-garros\/wp-content\/uploads\/sites\/142\/2016\/03\/STL_5_debouches_1.png 734w, https:\/\/etab.ac-reunion.fr\/lyc-roland-garros\/wp-content\/uploads\/sites\/142\/2016\/03\/STL_5_debouches_1-300x166.png 300w, https:\/\/etab.ac-reunion.fr\/lyc-roland-garros\/wp-content\/uploads\/sites\/142\/2016\/03\/STL_5_debouches_1-200x111.png 200w, https:\/\/etab.ac-reunion.fr\/lyc-roland-garros\/wp-content\/uploads\/sites\/142\/2016\/03\/STL_5_debouches_1-150x83.png 150w\" sizes=\"auto, (max-width: 600px) 100vw, 600px\" \/><\/a><\/p>\n<p><a href=\"https:\/\/etab.ac-reunion.fr\/lyc-roland-garros\/wp-content\/uploads\/sites\/142\/2016\/03\/STL_5_debouches_2.png\"><img loading=\"lazy\" decoding=\"async\" class=\"aligncenter wp-image-4652\" src=\"https:\/\/etab.ac-reunion.fr\/lyc-roland-garros\/wp-content\/uploads\/sites\/142\/2016\/03\/STL_5_debouches_2.png\" alt=\"stl_5_debouches_2\" width=\"600\" height=\"451\" srcset=\"https:\/\/etab.ac-reunion.fr\/lyc-roland-garros\/wp-content\/uploads\/sites\/142\/2016\/03\/STL_5_debouches_2.png 795w, https:\/\/etab.ac-reunion.fr\/lyc-roland-garros\/wp-content\/uploads\/sites\/142\/2016\/03\/STL_5_debouches_2-300x225.png 300w, https:\/\/etab.ac-reunion.fr\/lyc-roland-garros\/wp-content\/uploads\/sites\/142\/2016\/03\/STL_5_debouches_2-200x150.png 200w, https:\/\/etab.ac-reunion.fr\/lyc-roland-garros\/wp-content\/uploads\/sites\/142\/2016\/03\/STL_5_debouches_2-150x113.png 150w\" sizes=\"auto, (max-width: 600px) 100vw, 600px\" \/><\/a><\/p>\n<h2>Poursuites d&rsquo;\u00e9tudes apr\u00e8s un bac STL Biotechnologies<\/h2>\n<p>Il est possible de suivre des \u00e9tudes courtes et des \u00e9tudes longues\u00a0 (voir tableaux ci-dessous).<\/p>\n<ul>\n<li>Les formations longues (cursus licence\/ master\/ doctorat) sont accessibles directement apr\u00e8s un bac STL.<\/li>\n<li>La classe pr\u00e9paratoire Technologie-Biologique (TB) int\u00e8gre sp\u00e9cifiquement les \u00e9l\u00e8ves de STL et b\u00e9n\u00e9ficie de postes r\u00e9serv\u00e9s aux concours agronomie et v\u00e9t\u00e9rinaire.<\/li>\n<li>Les \u00e9l\u00e8ves de STL sont prioritaires lors de la s\u00e9lection des dossiers pour les formations courtes (BTS, DUT, DTS).<\/li>\n<\/ul>\n<p><img loading=\"lazy\" decoding=\"async\" class=\"size-full wp-image-4657 aligncenter\" src=\"https:\/\/etab.ac-reunion.fr\/lyc-roland-garros\/wp-content\/uploads\/sites\/142\/2016\/03\/STL_6_poursuites_5.png\" alt=\"stl_6_poursuites_5\" width=\"481\" height=\"408\" srcset=\"https:\/\/etab.ac-reunion.fr\/lyc-roland-garros\/wp-content\/uploads\/sites\/142\/2016\/03\/STL_6_poursuites_5.png 481w, https:\/\/etab.ac-reunion.fr\/lyc-roland-garros\/wp-content\/uploads\/sites\/142\/2016\/03\/STL_6_poursuites_5-300x254.png 300w, https:\/\/etab.ac-reunion.fr\/lyc-roland-garros\/wp-content\/uploads\/sites\/142\/2016\/03\/STL_6_poursuites_5-177x150.png 177w, https:\/\/etab.ac-reunion.fr\/lyc-roland-garros\/wp-content\/uploads\/sites\/142\/2016\/03\/STL_6_poursuites_5-150x127.png 150w\" sizes=\"auto, (max-width: 481px) 100vw, 481px\" \/><\/p>\n<p><img loading=\"lazy\" decoding=\"async\" class=\"aligncenter wp-image-4655 size-full\" src=\"https:\/\/etab.ac-reunion.fr\/lyc-roland-garros\/wp-content\/uploads\/sites\/142\/2016\/03\/STL_6_poursuites_3.png\" alt=\"stl_6_poursuites_3\" width=\"719\" height=\"349\" srcset=\"https:\/\/etab.ac-reunion.fr\/lyc-roland-garros\/wp-content\/uploads\/sites\/142\/2016\/03\/STL_6_poursuites_3.png 719w, https:\/\/etab.ac-reunion.fr\/lyc-roland-garros\/wp-content\/uploads\/sites\/142\/2016\/03\/STL_6_poursuites_3-300x146.png 300w, https:\/\/etab.ac-reunion.fr\/lyc-roland-garros\/wp-content\/uploads\/sites\/142\/2016\/03\/STL_6_poursuites_3-200x97.png 200w, https:\/\/etab.ac-reunion.fr\/lyc-roland-garros\/wp-content\/uploads\/sites\/142\/2016\/03\/STL_6_poursuites_3-150x73.png 150w\" sizes=\"auto, (max-width: 719px) 100vw, 719px\" \/><\/p>\n<p><img loading=\"lazy\" decoding=\"async\" class=\"aligncenter wp-image-4653 size-large\" src=\"https:\/\/etab.ac-reunion.fr\/lyc-roland-garros\/wp-content\/uploads\/sites\/142\/2016\/03\/STL_6_poursuites_1-1024x718.png\" alt=\"stl_6_poursuites_1\" width=\"900\" height=\"631\" srcset=\"https:\/\/etab.ac-reunion.fr\/lyc-roland-garros\/wp-content\/uploads\/sites\/142\/2016\/03\/STL_6_poursuites_1-1024x718.png 1024w, https:\/\/etab.ac-reunion.fr\/lyc-roland-garros\/wp-content\/uploads\/sites\/142\/2016\/03\/STL_6_poursuites_1-300x210.png 300w, https:\/\/etab.ac-reunion.fr\/lyc-roland-garros\/wp-content\/uploads\/sites\/142\/2016\/03\/STL_6_poursuites_1-200x140.png 200w, https:\/\/etab.ac-reunion.fr\/lyc-roland-garros\/wp-content\/uploads\/sites\/142\/2016\/03\/STL_6_poursuites_1-150x105.png 150w, https:\/\/etab.ac-reunion.fr\/lyc-roland-garros\/wp-content\/uploads\/sites\/142\/2016\/03\/STL_6_poursuites_1.png 1173w\" sizes=\"auto, (max-width: 900px) 100vw, 900px\" \/><\/p>\n<ul>\n<li>A la suite d&rsquo;un cursus court (BTS\/DUT\/DTS)\u00a0, il est possible de continuer ses \u00e9tudes sur une ann\u00e9e ou de\u00a0rejoindre un cursus long (classe pr\u00e9paratoire, cursus licence\/master\/doctorat):\u00a0voir le d\u00e9tail dans le\u00a0lien ci-apr\u00e8s.<\/li>\n<\/ul>\n<p><img loading=\"lazy\" decoding=\"async\" class=\"aligncenter wp-image-4654 size-full\" src=\"https:\/\/etab.ac-reunion.fr\/lyc-roland-garros\/wp-content\/uploads\/sites\/142\/2016\/03\/STL_6_poursuites_2.png\" alt=\"stl_6_poursuites_2\" width=\"718\" height=\"478\" srcset=\"https:\/\/etab.ac-reunion.fr\/lyc-roland-garros\/wp-content\/uploads\/sites\/142\/2016\/03\/STL_6_poursuites_2.png 718w, https:\/\/etab.ac-reunion.fr\/lyc-roland-garros\/wp-content\/uploads\/sites\/142\/2016\/03\/STL_6_poursuites_2-300x200.png 300w, https:\/\/etab.ac-reunion.fr\/lyc-roland-garros\/wp-content\/uploads\/sites\/142\/2016\/03\/STL_6_poursuites_2-200x133.png 200w, https:\/\/etab.ac-reunion.fr\/lyc-roland-garros\/wp-content\/uploads\/sites\/142\/2016\/03\/STL_6_poursuites_2-150x100.png 150w\" sizes=\"auto, (max-width: 718px) 100vw, 718px\" \/><\/p>\n<p><a href=\"https:\/\/etab.ac-reunion.fr\/lyc-roland-garros\/wp-content\/uploads\/sites\/142\/2016\/03\/STL_6_poursuites_4.png\"><img loading=\"lazy\" decoding=\"async\" class=\"alignnone size-full wp-image-4656\" src=\"https:\/\/etab.ac-reunion.fr\/lyc-roland-garros\/wp-content\/uploads\/sites\/142\/2016\/03\/STL_6_poursuites_4.png\" alt=\"stl_6_poursuites_4\" width=\"865\" height=\"581\" srcset=\"https:\/\/etab.ac-reunion.fr\/lyc-roland-garros\/wp-content\/uploads\/sites\/142\/2016\/03\/STL_6_poursuites_4.png 865w, https:\/\/etab.ac-reunion.fr\/lyc-roland-garros\/wp-content\/uploads\/sites\/142\/2016\/03\/STL_6_poursuites_4-300x202.png 300w, https:\/\/etab.ac-reunion.fr\/lyc-roland-garros\/wp-content\/uploads\/sites\/142\/2016\/03\/STL_6_poursuites_4-200x134.png 200w, https:\/\/etab.ac-reunion.fr\/lyc-roland-garros\/wp-content\/uploads\/sites\/142\/2016\/03\/STL_6_poursuites_4-150x101.png 150w\" sizes=\"auto, (max-width: 865px) 100vw, 865px\" \/><\/a><\/p>\n<hr \/>\n<h2 style=\"text-align: center\">Derniers articles<\/h2>\n","protected":false},"excerpt":{"rendered":"<p>Sciences et Technologies de Laboratoire Pr\u00e9sentation Le bac STL (Sciences et Technologies de laboratoire) option biotechnologies est une fili\u00e8re scientifique biologique qui s&rsquo;appuie sur\u00a0: des manipulations en laboratoire ; des enseignements technologiques tourn\u00e9s vers la biologie et ses applications. Pour qui ? &nbsp; La section s&rsquo;adresse aux \u00e9l\u00e8ves qui\u00a0: sont&#8230;<\/p>\n<p> <a class=\"continue-reading-link\" href=\"https:\/\/etab.ac-reunion.fr\/lyc-roland-garros\/formations\/bac-technologique\/stl-bak\/\"><span>Lire plus<\/span><i class=\"crycon-right-dir\"><\/i><\/a> <\/p>\n","protected":false},"author":10850,"featured_media":0,"parent":432,"menu_order":0,"comment_status":"closed","ping_status":"closed","template":"","meta":{"footnotes":"","_links_to":"","_links_to_target":""},"class_list":["post-14402","page","type-page","status-publish","hentry"],"_links":{"self":[{"href":"https:\/\/etab.ac-reunion.fr\/lyc-roland-garros\/wp-json\/wp\/v2\/pages\/14402","targetHints":{"allow":["GET"]}}],"collection":[{"href":"https:\/\/etab.ac-reunion.fr\/lyc-roland-garros\/wp-json\/wp\/v2\/pages"}],"about":[{"href":"https:\/\/etab.ac-reunion.fr\/lyc-roland-garros\/wp-json\/wp\/v2\/types\/page"}],"author":[{"embeddable":true,"href":"https:\/\/etab.ac-reunion.fr\/lyc-roland-garros\/wp-json\/wp\/v2\/users\/10850"}],"replies":[{"embeddable":true,"href":"https:\/\/etab.ac-reunion.fr\/lyc-roland-garros\/wp-json\/wp\/v2\/comments?post=14402"}],"version-history":[{"count":1,"href":"https:\/\/etab.ac-reunion.fr\/lyc-roland-garros\/wp-json\/wp\/v2\/pages\/14402\/revisions"}],"predecessor-version":[{"id":14403,"href":"https:\/\/etab.ac-reunion.fr\/lyc-roland-garros\/wp-json\/wp\/v2\/pages\/14402\/revisions\/14403"}],"up":[{"embeddable":true,"href":"https:\/\/etab.ac-reunion.fr\/lyc-roland-garros\/wp-json\/wp\/v2\/pages\/432"}],"wp:attachment":[{"href":"https:\/\/etab.ac-reunion.fr\/lyc-roland-garros\/wp-json\/wp\/v2\/media?parent=14402"}],"curies":[{"name":"wp","href":"https:\/\/api.w.org\/{rel}","templated":true}]}}