{"id":14863,"date":"2022-04-14T09:07:28","date_gmt":"2022-04-14T05:07:28","guid":{"rendered":"http:\/\/lycee-roland-garros.ac-reunion.fr\/?page_id=14863"},"modified":"2024-09-12T10:13:26","modified_gmt":"2024-09-12T06:13:26","slug":"option-eps","status":"publish","type":"page","link":"https:\/\/etab.ac-reunion.fr\/lyc-roland-garros\/formations\/seconde-gt\/option-eps\/","title":{"rendered":"Option EPS"},"content":{"rendered":"<p><iframe loading=\"lazy\" title=\"LRG option EPS\" width=\"900\" height=\"506\" src=\"https:\/\/www.youtube.com\/embed\/ZtpqURFFA7s?feature=oembed\" frameborder=\"0\" allow=\"accelerometer; autoplay; clipboard-write; encrypted-media; gyroscope; picture-in-picture\" allowfullscreen><\/iframe><\/p>\n<p>L&rsquo;option EPS s&rsquo;adresse aux \u00e9l\u00e8ves motiv\u00e9s qui ont envie d&rsquo;approfondir leurs connaissances et d\u00e9couvrir de nouvelles pratiques physiques, mais aussi mettre en place des projets. Elle est ouverte aux \u00e9l\u00e8ves qui entrent <strong>en seconde<\/strong> au lyc\u00e9e, mais aussi \u00e0 ceux qui vont entrer <strong>en premi\u00e8re<\/strong> \u00e0 la rentr\u00e9e d&rsquo;ao\u00fbt 2020. Pour avoir une id\u00e9e de ce qui s&rsquo;y fait n&rsquo;h\u00e9sitez pas \u00e0 lire les articles r\u00e9alis\u00e9s par les \u00e9l\u00e8ves de cette option.<\/p>\n<p>Pour rappel ou information, l&rsquo;option EPS (qui est un choix de l&rsquo;\u00e9l\u00e8ve pour son cursus au lyc\u00e9e lors de son inscription) ne se confond ni avec l&rsquo;EPS, qui est obligatoire ni avec l&rsquo;A.S (association sportive) qui est facultative et n\u00e9cessite une adh\u00e9sion \u00e0 l&rsquo;UNSS.<\/p>\n<p><b>Toute inscription \u00e0 une option vaut pour l&rsquo;ann\u00e9e scolaire enti\u00e8re. L&rsquo;option pourra \u00eatre abandonn\u00e9e l&rsquo;ann\u00e9e suivante<\/b><\/p>\n<p>Pour tout renseignement compl\u00e9mentaire vous pouvez envoyer un mail \u00e0 : Vincent.Naboudet@ac-reunion.fr<\/p>\n<hr \/>\n<h2 style=\"text-align: center\">Derniers articles<\/h2>\n","protected":false},"excerpt":{"rendered":"<p>L&rsquo;option EPS s&rsquo;adresse aux \u00e9l\u00e8ves motiv\u00e9s qui ont envie d&rsquo;approfondir leurs connaissances et d\u00e9couvrir de nouvelles pratiques physiques, mais aussi mettre en place des projets. Elle est ouverte aux \u00e9l\u00e8ves qui entrent en seconde au lyc\u00e9e, mais aussi \u00e0 ceux qui vont entrer en premi\u00e8re \u00e0 la rentr\u00e9e d&rsquo;ao\u00fbt 2020&#8230;.<\/p>\n<p> <a class=\"continue-reading-link\" href=\"https:\/\/etab.ac-reunion.fr\/lyc-roland-garros\/formations\/seconde-gt\/option-eps\/\"><span>Lire plus<\/span><i class=\"crycon-right-dir\"><\/i><\/a> <\/p>\n","protected":false},"author":10850,"featured_media":0,"parent":11,"menu_order":2,"comment_status":"closed","ping_status":"closed","template":"templates\/template-page-with-intro.php","meta":{"footnotes":"","_links_to":"","_links_to_target":""},"class_list":["post-14863","page","type-page","status-publish","hentry"],"_links":{"self":[{"href":"https:\/\/etab.ac-reunion.fr\/lyc-roland-garros\/wp-json\/wp\/v2\/pages\/14863","targetHints":{"allow":["GET"]}}],"collection":[{"href":"https:\/\/etab.ac-reunion.fr\/lyc-roland-garros\/wp-json\/wp\/v2\/pages"}],"about":[{"href":"https:\/\/etab.ac-reunion.fr\/lyc-roland-garros\/wp-json\/wp\/v2\/types\/page"}],"author":[{"embeddable":true,"href":"https:\/\/etab.ac-reunion.fr\/lyc-roland-garros\/wp-json\/wp\/v2\/users\/10850"}],"replies":[{"embeddable":true,"href":"https:\/\/etab.ac-reunion.fr\/lyc-roland-garros\/wp-json\/wp\/v2\/comments?post=14863"}],"version-history":[{"count":5,"href":"https:\/\/etab.ac-reunion.fr\/lyc-roland-garros\/wp-json\/wp\/v2\/pages\/14863\/revisions"}],"predecessor-version":[{"id":18766,"href":"https:\/\/etab.ac-reunion.fr\/lyc-roland-garros\/wp-json\/wp\/v2\/pages\/14863\/revisions\/18766"}],"up":[{"embeddable":true,"href":"https:\/\/etab.ac-reunion.fr\/lyc-roland-garros\/wp-json\/wp\/v2\/pages\/11"}],"wp:attachment":[{"href":"https:\/\/etab.ac-reunion.fr\/lyc-roland-garros\/wp-json\/wp\/v2\/media?parent=14863"}],"curies":[{"name":"wp","href":"https:\/\/api.w.org\/{rel}","templated":true}]}}