{"id":15332,"date":"2022-06-14T10:39:08","date_gmt":"2022-06-14T06:39:08","guid":{"rendered":"http:\/\/lycee-roland-garros.ac-reunion.fr\/?page_id=15332"},"modified":"2024-09-12T10:14:21","modified_gmt":"2024-09-12T06:14:21","slug":"option-arts-plastiques","status":"publish","type":"page","link":"https:\/\/etab.ac-reunion.fr\/lyc-roland-garros\/formations\/seconde-gt\/option-arts-plastiques\/","title":{"rendered":"Option Arts plastiques"},"content":{"rendered":"<p><a href=\"https:\/\/etab.ac-reunion.fr\/lyc-roland-garros\/wp-content\/uploads\/sites\/142\/2022\/06\/seconde_GT_option_arts_plastiques_2022.png\"><img loading=\"lazy\" decoding=\"async\" class=\"aligncenter wp-image-15335 size-large\" src=\"https:\/\/etab.ac-reunion.fr\/lyc-roland-garros\/wp-content\/uploads\/sites\/142\/2022\/06\/seconde_GT_option_arts_plastiques_2022-725x1024.png\" alt=\"\" width=\"725\" height=\"1024\" srcset=\"https:\/\/etab.ac-reunion.fr\/lyc-roland-garros\/wp-content\/uploads\/sites\/142\/2022\/06\/seconde_GT_option_arts_plastiques_2022-725x1024.png 725w, https:\/\/etab.ac-reunion.fr\/lyc-roland-garros\/wp-content\/uploads\/sites\/142\/2022\/06\/seconde_GT_option_arts_plastiques_2022-212x300.png 212w, https:\/\/etab.ac-reunion.fr\/lyc-roland-garros\/wp-content\/uploads\/sites\/142\/2022\/06\/seconde_GT_option_arts_plastiques_2022-1087x1536.png 1087w, https:\/\/etab.ac-reunion.fr\/lyc-roland-garros\/wp-content\/uploads\/sites\/142\/2022\/06\/seconde_GT_option_arts_plastiques_2022-106x150.png 106w, https:\/\/etab.ac-reunion.fr\/lyc-roland-garros\/wp-content\/uploads\/sites\/142\/2022\/06\/seconde_GT_option_arts_plastiques_2022.png 1241w\" sizes=\"auto, (max-width: 725px) 100vw, 725px\" \/><\/a><b><\/b><\/p>\n<p><b>Toute inscription \u00e0 une option vaut pour l&rsquo;ann\u00e9e scolaire enti\u00e8re. L&rsquo;option pourra \u00eatre abandonn\u00e9e l&rsquo;ann\u00e9e suivante<\/b><\/p>\n<p>T\u00e9l\u00e9chargement :<\/p>\n<p><a href=\"https:\/\/etab.ac-reunion.fr\/lyc-roland-garros\/wp-content\/uploads\/sites\/142\/2022\/06\/seconde_GT_option_arts_plastiques_2022.pdf\" target=\"_blank\" rel=\"noopener\">Option Arts plastiques (PDF)<\/a><\/p>\n<p><a href=\"https:\/\/etab.ac-reunion.fr\/lyc-roland-garros\/wp-content\/uploads\/sites\/142\/2022\/06\/Diaporama-option-Arts-plastiques-au-lycee-Roland-Garros.pdf\" target=\"_blank\" rel=\"noopener\">Diaporama de l&rsquo;option Arts plastiques au lyc\u00e9e Roland Garros (PDF)<\/a><\/p>\n<hr \/>\n<h2 style=\"text-align: center\">Derniers articles<\/h2>\n","protected":false},"excerpt":{"rendered":"<p>Toute inscription \u00e0 une option vaut pour l&rsquo;ann\u00e9e scolaire enti\u00e8re. L&rsquo;option pourra \u00eatre abandonn\u00e9e l&rsquo;ann\u00e9e suivante T\u00e9l\u00e9chargement : Option Arts plastiques (PDF) Diaporama de l&rsquo;option Arts plastiques au lyc\u00e9e Roland Garros (PDF) Derniers articles<\/p>\n<p> <a class=\"continue-reading-link\" href=\"https:\/\/etab.ac-reunion.fr\/lyc-roland-garros\/formations\/seconde-gt\/option-arts-plastiques\/\"><span>Lire plus<\/span><i class=\"crycon-right-dir\"><\/i><\/a> <\/p>\n","protected":false},"author":10850,"featured_media":0,"parent":11,"menu_order":1,"comment_status":"closed","ping_status":"closed","template":"templates\/template-page-with-intro.php","meta":{"footnotes":"","_links_to":"","_links_to_target":""},"class_list":["post-15332","page","type-page","status-publish","hentry"],"_links":{"self":[{"href":"https:\/\/etab.ac-reunion.fr\/lyc-roland-garros\/wp-json\/wp\/v2\/pages\/15332","targetHints":{"allow":["GET"]}}],"collection":[{"href":"https:\/\/etab.ac-reunion.fr\/lyc-roland-garros\/wp-json\/wp\/v2\/pages"}],"about":[{"href":"https:\/\/etab.ac-reunion.fr\/lyc-roland-garros\/wp-json\/wp\/v2\/types\/page"}],"author":[{"embeddable":true,"href":"https:\/\/etab.ac-reunion.fr\/lyc-roland-garros\/wp-json\/wp\/v2\/users\/10850"}],"replies":[{"embeddable":true,"href":"https:\/\/etab.ac-reunion.fr\/lyc-roland-garros\/wp-json\/wp\/v2\/comments?post=15332"}],"version-history":[{"count":4,"href":"https:\/\/etab.ac-reunion.fr\/lyc-roland-garros\/wp-json\/wp\/v2\/pages\/15332\/revisions"}],"predecessor-version":[{"id":18767,"href":"https:\/\/etab.ac-reunion.fr\/lyc-roland-garros\/wp-json\/wp\/v2\/pages\/15332\/revisions\/18767"}],"up":[{"embeddable":true,"href":"https:\/\/etab.ac-reunion.fr\/lyc-roland-garros\/wp-json\/wp\/v2\/pages\/11"}],"wp:attachment":[{"href":"https:\/\/etab.ac-reunion.fr\/lyc-roland-garros\/wp-json\/wp\/v2\/media?parent=15332"}],"curies":[{"name":"wp","href":"https:\/\/api.w.org\/{rel}","templated":true}]}}