{"id":15347,"date":"2022-06-15T09:17:01","date_gmt":"2022-06-15T05:17:01","guid":{"rendered":"http:\/\/lycee-roland-garros.ac-reunion.fr\/?page_id=15347"},"modified":"2024-09-12T10:12:13","modified_gmt":"2024-09-12T06:12:13","slug":"option-sante-social","status":"publish","type":"page","link":"https:\/\/etab.ac-reunion.fr\/lyc-roland-garros\/formations\/seconde-gt\/option-sante-social\/","title":{"rendered":"Option sant\u00e9 social"},"content":{"rendered":"<p><a href=\"https:\/\/etab.ac-reunion.fr\/lyc-roland-garros\/wp-content\/uploads\/sites\/142\/2022\/06\/seconde_GT_option_sante_social.png\"><img loading=\"lazy\" decoding=\"async\" class=\"wp-image-15349 size-large alignnone\" src=\"https:\/\/etab.ac-reunion.fr\/lyc-roland-garros\/wp-content\/uploads\/sites\/142\/2022\/06\/seconde_GT_option_sante_social-725x1024.png\" alt=\"\" width=\"725\" height=\"1024\" srcset=\"https:\/\/etab.ac-reunion.fr\/lyc-roland-garros\/wp-content\/uploads\/sites\/142\/2022\/06\/seconde_GT_option_sante_social-725x1024.png 725w, https:\/\/etab.ac-reunion.fr\/lyc-roland-garros\/wp-content\/uploads\/sites\/142\/2022\/06\/seconde_GT_option_sante_social-212x300.png 212w, https:\/\/etab.ac-reunion.fr\/lyc-roland-garros\/wp-content\/uploads\/sites\/142\/2022\/06\/seconde_GT_option_sante_social-1087x1536.png 1087w, https:\/\/etab.ac-reunion.fr\/lyc-roland-garros\/wp-content\/uploads\/sites\/142\/2022\/06\/seconde_GT_option_sante_social-106x150.png 106w, https:\/\/etab.ac-reunion.fr\/lyc-roland-garros\/wp-content\/uploads\/sites\/142\/2022\/06\/seconde_GT_option_sante_social.png 1241w\" sizes=\"auto, (max-width: 725px) 100vw, 725px\" \/><\/a><\/p>\n<p><b>Toute inscription \u00e0 une option vaut pour l&rsquo;ann\u00e9e scolaire enti\u00e8re. L&rsquo;option pourra \u00eatre abandonn\u00e9e l&rsquo;ann\u00e9e suivante<\/b><\/p>\n<p>T\u00e9l\u00e9chargement :<\/p>\n<p><a href=\"https:\/\/etab.ac-reunion.fr\/lyc-roland-garros\/wp-content\/uploads\/sites\/142\/2022\/06\/seconde_GT_option_sante_social.pdf\" target=\"_blank\" rel=\"noopener\">Pr\u00e9sentation option sant\u00e9 social en seconde GT (PDF)<\/a><\/p>\n<p>Lien :<\/p>\n<p><a href=\"https:\/\/etab.ac-reunion.fr\/lyc-roland-garros\/formations\/bac-technologique\/st2s\/\">Bac technologique ST2S au lyc\u00e9e Roland Garros<\/a><\/p>\n<hr \/>\n<h2 style=\"text-align: center\">Derniers articles<\/h2>\n","protected":false},"excerpt":{"rendered":"<p>Toute inscription \u00e0 une option vaut pour l&rsquo;ann\u00e9e scolaire enti\u00e8re. L&rsquo;option pourra \u00eatre abandonn\u00e9e l&rsquo;ann\u00e9e suivante T\u00e9l\u00e9chargement : Pr\u00e9sentation option sant\u00e9 social en seconde GT (PDF) Lien : Bac technologique ST2S au lyc\u00e9e Roland Garros Derniers articles<\/p>\n<p> <a class=\"continue-reading-link\" href=\"https:\/\/etab.ac-reunion.fr\/lyc-roland-garros\/formations\/seconde-gt\/option-sante-social\/\"><span>Lire plus<\/span><i class=\"crycon-right-dir\"><\/i><\/a> <\/p>\n","protected":false},"author":10850,"featured_media":0,"parent":11,"menu_order":9,"comment_status":"closed","ping_status":"closed","template":"templates\/template-page-with-intro.php","meta":{"footnotes":"","_links_to":"","_links_to_target":""},"class_list":["post-15347","page","type-page","status-publish","hentry"],"_links":{"self":[{"href":"https:\/\/etab.ac-reunion.fr\/lyc-roland-garros\/wp-json\/wp\/v2\/pages\/15347","targetHints":{"allow":["GET"]}}],"collection":[{"href":"https:\/\/etab.ac-reunion.fr\/lyc-roland-garros\/wp-json\/wp\/v2\/pages"}],"about":[{"href":"https:\/\/etab.ac-reunion.fr\/lyc-roland-garros\/wp-json\/wp\/v2\/types\/page"}],"author":[{"embeddable":true,"href":"https:\/\/etab.ac-reunion.fr\/lyc-roland-garros\/wp-json\/wp\/v2\/users\/10850"}],"replies":[{"embeddable":true,"href":"https:\/\/etab.ac-reunion.fr\/lyc-roland-garros\/wp-json\/wp\/v2\/comments?post=15347"}],"version-history":[{"count":5,"href":"https:\/\/etab.ac-reunion.fr\/lyc-roland-garros\/wp-json\/wp\/v2\/pages\/15347\/revisions"}],"predecessor-version":[{"id":18764,"href":"https:\/\/etab.ac-reunion.fr\/lyc-roland-garros\/wp-json\/wp\/v2\/pages\/15347\/revisions\/18764"}],"up":[{"embeddable":true,"href":"https:\/\/etab.ac-reunion.fr\/lyc-roland-garros\/wp-json\/wp\/v2\/pages\/11"}],"wp:attachment":[{"href":"https:\/\/etab.ac-reunion.fr\/lyc-roland-garros\/wp-json\/wp\/v2\/media?parent=15347"}],"curies":[{"name":"wp","href":"https:\/\/api.w.org\/{rel}","templated":true}]}}