{"id":1737,"date":"2016-04-05T13:56:20","date_gmt":"2016-04-05T09:56:20","guid":{"rendered":"http:\/\/lycee-roland-garros.ac-reunion.fr\/?page_id=1737"},"modified":"2016-04-07T12:11:35","modified_gmt":"2016-04-07T08:11:35","slug":"commission-permanente","status":"publish","type":"page","link":"https:\/\/etab.ac-reunion.fr\/lyc-roland-garros\/etablissement\/instances\/commission-permanente\/","title":{"rendered":"Commission Permanente"},"content":{"rendered":"<hr \/>\n<p>La commission permanente instruit les questions soumises \u00e0 l\u2019examen du conseil d\u2019administration lorsque ces attributions ne lui ont pas \u00e9t\u00e9 d\u00e9l\u00e9gu\u00e9es. Elle statue \u00e0 la place du conseil d\u2019administration sur les questions pour lesquelles elle a re\u00e7u d\u00e9l\u00e9gation.<\/p>\n<p>Ses modalit\u00e9s sont pr\u00e9vues par les articles R.421-37 et suivants du code de l\u2019Education<\/p>\n<h2>Composition<\/h2>\n<p>La commission permanente dans les coll\u00e8ges et lyc\u00e9es comprend les membres suivants :<\/p>\n<ul>\n<li>Le chef d&rsquo;\u00e9tablissement, pr\u00e9sident&#8239;;<\/li>\n<li>L&rsquo;adjoint au chef d&rsquo;\u00e9tablissement ou, le cas \u00e9ch\u00e9ant, l&rsquo;adjoint d\u00e9sign\u00e9 par le chef d&rsquo;\u00e9tablissement en cas de pluralit\u00e9 d&rsquo;adjoints\u202f;<\/li>\n<li>Le gestionnaire&#8239;;<\/li>\n<li>Un repr\u00e9sentant de la collectivit\u00e9 territoriale de rattachement&#8239;;<\/li>\n<li>Quatre repr\u00e9sentants \u00e9lus des personnels, dont trois au titre des personnels d&rsquo;enseignement et d&rsquo;\u00e9ducation et un au titre des personnels administratifs, techniques, ouvriers, de service, sociaux et de sant\u00e9&#8239;;<\/li>\n<li>Deux repr\u00e9sentants \u00e9lus des parents d&rsquo;\u00e9l\u00e8ves dans les lyc\u00e9es (2 titulaires et 2 suppl\u00e9ants parmi les \u00e9lus au CA)&#8239;;<\/li>\n<li>Un repr\u00e9sentant \u00e9lu des \u00e9l\u00e8ves dans les coll\u00e8ges et deux dans les lyc\u00e9es.<\/li>\n<\/ul>\n<p>Les membres de la commission permanente dans les coll\u00e8ges et les lyc\u00e9es sont \u00e9lus ou d\u00e9sign\u00e9s dans les conditions suivantes :<\/p>\n<ul>\n<li>Les repr\u00e9sentants des personnels, des parents d&rsquo;\u00e9l\u00e8ves et des \u00e9l\u00e8ves sont \u00e9lus chaque ann\u00e9e en leur sein par les membres titulaires et suppl\u00e9ants du conseil d&rsquo;administration appartenant \u00e0 leurs cat\u00e9gories respectives. Cette \u00e9lection est organis\u00e9e \u00e0 l&rsquo;occasion de la premi\u00e8re r\u00e9union du conseil d&rsquo;administration qui suit les \u00e9lections \u00e0 ce conseil&#8239;;<\/li>\n<li>Les repr\u00e9sentants des personnels d&rsquo;enseignement et d&rsquo;\u00e9ducation, les repr\u00e9sentants des parents d&rsquo;\u00e9l\u00e8ves et les repr\u00e9sentants des \u00e9l\u00e8ves dans les lyc\u00e9es sont \u00e9lus au scrutin proportionnel au plus fort reste. Le repr\u00e9sentant des personnels administratifs, sociaux et de sant\u00e9, techniques, ouvriers et de service et le repr\u00e9sentant des \u00e9l\u00e8ves dans les coll\u00e8ges sont \u00e9lus au scrutin uninominal \u00e0 un tour&#8239;;<\/li>\n<li>Le repr\u00e9sentant de la collectivit\u00e9 territoriale de rattachement peut \u00eatre soit le repr\u00e9sentant titulaire de celle-ci, soit son suppl\u00e9ant au conseil d&rsquo;administration de l&rsquo;\u00e9tablissement.<\/li>\n<\/ul>\n<p>Pour chaque membre \u00e9lu de la commission permanente, un suppl\u00e9ant est \u00e9lu dans les m\u00eames conditions.<\/p>\n<h2>Comp\u00e9tences<\/h2>\n<p>Les comp\u00e9tences de la commission permanente sont d\u00e9finies \u00e0 l\u2019article R.421-41 du code de l\u2019Education. Elle instruit les questions soumises \u00e0 l&rsquo;examen du conseil d&rsquo;administration.<\/p>\n<p>Elle est saisie obligatoirement des questions qui rel\u00e8vent des domaines d\u00e9finis \u00e0\u00a0l&rsquo;article R.421-2\u00a0:<\/p>\n<ul>\n<li>L&rsquo;organisation de l&rsquo;\u00e9tablissement en classes et en groupes d&rsquo;\u00e9l\u00e8ves ainsi que les modalit\u00e9s de r\u00e9partition des \u00e9l\u00e8ves&#8239;;<\/li>\n<li>L&#8217;emploi des dotations en heures d&rsquo;enseignement mises \u00e0 la disposition de l&rsquo;\u00e9tablissement&#8239;;<\/li>\n<li>L&rsquo;organisation du temps scolaire et les modalit\u00e9s de la vie scolaire&#8239;;<\/li>\n<li>La pr\u00e9paration de l&rsquo;orientation ainsi que de l&rsquo;insertion sociale et professionnelle des \u00e9l\u00e8ves&#8239;;<\/li>\n<li>La d\u00e9finition des actions de formation compl\u00e9mentaire et de formation continue&#8239;;<\/li>\n<li>L&rsquo;ouverture de l&rsquo;\u00e9tablissement sur son environnement social, culturel, \u00e9conomique&#8239;;<\/li>\n<li>Le choix de sujets d&rsquo;\u00e9tudes sp\u00e9cifiques \u00e0 l&rsquo;\u00e9tablissement&#8239;;<\/li>\n<li>Sous r\u00e9serve de l&rsquo;accord des familles pour les \u00e9l\u00e8ves mineurs, les activit\u00e9s facultatives qui concourent \u00e0 l&rsquo;action \u00e9ducative organis\u00e9es \u00e0 l&rsquo;initiative de l&rsquo;\u00e9tablissement \u00e0 l&rsquo;intention des \u00e9l\u00e8ves ainsi que les actions d&rsquo;accompagnement pour la mise en \u0153uvre des dispositifs de r\u00e9ussite \u00e9ducative.<\/li>\n<\/ul>\n<p>Elle veille \u00e0 ce qu&rsquo;il soit proc\u00e9d\u00e9 \u00e0 toutes consultations utiles, et notamment \u00e0 celles des \u00e9quipes p\u00e9dagogiques int\u00e9ress\u00e9es.<\/p>\n<h2>D\u00e9l\u00e9gation du CA<\/h2>\n<p>Elle peut recevoir d\u00e9l\u00e9gation du conseil d&rsquo;administration pour exercer certaines de ses comp\u00e9tences, dans les conditions pr\u00e9vues \u00e0 l&rsquo;article\u00a0R.421-22. Cependant, certaines attributions du CA ne peuvent \u00eatre d\u00e9l\u00e9gu\u00e9es\u00a0; il s\u2019agit de\u00a0:<\/p>\n<ul>\n<li>fixer les principes de mise en \u0153uvre de l&rsquo;autonomie p\u00e9dagogique et \u00e9ducative de l&rsquo;\u00e9tablissement&#8239;;<\/li>\n<li>\u00e9tablir le rapport annuel sur le fonctionnement p\u00e9dagogique de l&rsquo;\u00e9tablissement&#8239;;<\/li>\n<li>adopter le budget et le compte financier ; ainsi que les tarifs des ventes des produits et de prestations de services r\u00e9alis\u00e9s par l&rsquo;\u00e9tablissement&#8239;;<\/li>\n<li>adopter le r\u00e8glement int\u00e9rieur de l&rsquo;\u00e9tablissement ainsi que son propre r\u00e8glement int\u00e9rieur&#8239;;<\/li>\n<li>autoriser une exp\u00e9rimentation de la pr\u00e9sidence du CA.<\/li>\n<\/ul>\n","protected":false},"excerpt":{"rendered":"<p>La commission permanente instruit les questions soumises \u00e0 l\u2019examen du conseil d\u2019administration lorsque ces attributions ne lui ont pas \u00e9t\u00e9 d\u00e9l\u00e9gu\u00e9es. Elle statue \u00e0 la place du conseil d\u2019administration sur les questions pour lesquelles elle a re\u00e7u d\u00e9l\u00e9gation. Ses modalit\u00e9s sont pr\u00e9vues par les articles R.421-37 et suivants du code&#8230;<\/p>\n<p> <a class=\"continue-reading-link\" href=\"https:\/\/etab.ac-reunion.fr\/lyc-roland-garros\/etablissement\/instances\/commission-permanente\/\"><span>Lire plus<\/span><i class=\"crycon-right-dir\"><\/i><\/a> <\/p>\n","protected":false},"author":10850,"featured_media":0,"parent":41,"menu_order":1,"comment_status":"closed","ping_status":"closed","template":"","meta":{"footnotes":"","_links_to":"","_links_to_target":""},"class_list":["post-1737","page","type-page","status-publish","hentry"],"_links":{"self":[{"href":"https:\/\/etab.ac-reunion.fr\/lyc-roland-garros\/wp-json\/wp\/v2\/pages\/1737","targetHints":{"allow":["GET"]}}],"collection":[{"href":"https:\/\/etab.ac-reunion.fr\/lyc-roland-garros\/wp-json\/wp\/v2\/pages"}],"about":[{"href":"https:\/\/etab.ac-reunion.fr\/lyc-roland-garros\/wp-json\/wp\/v2\/types\/page"}],"author":[{"embeddable":true,"href":"https:\/\/etab.ac-reunion.fr\/lyc-roland-garros\/wp-json\/wp\/v2\/users\/10850"}],"replies":[{"embeddable":true,"href":"https:\/\/etab.ac-reunion.fr\/lyc-roland-garros\/wp-json\/wp\/v2\/comments?post=1737"}],"version-history":[{"count":10,"href":"https:\/\/etab.ac-reunion.fr\/lyc-roland-garros\/wp-json\/wp\/v2\/pages\/1737\/revisions"}],"predecessor-version":[{"id":1762,"href":"https:\/\/etab.ac-reunion.fr\/lyc-roland-garros\/wp-json\/wp\/v2\/pages\/1737\/revisions\/1762"}],"up":[{"embeddable":true,"href":"https:\/\/etab.ac-reunion.fr\/lyc-roland-garros\/wp-json\/wp\/v2\/pages\/41"}],"wp:attachment":[{"href":"https:\/\/etab.ac-reunion.fr\/lyc-roland-garros\/wp-json\/wp\/v2\/media?parent=1737"}],"curies":[{"name":"wp","href":"https:\/\/api.w.org\/{rel}","templated":true}]}}