{"id":1739,"date":"2016-04-05T13:56:54","date_gmt":"2016-04-05T09:56:54","guid":{"rendered":"http:\/\/lycee-roland-garros.ac-reunion.fr\/?page_id=1739"},"modified":"2016-04-05T14:37:07","modified_gmt":"2016-04-05T10:37:07","slug":"conseil-de-discipline","status":"publish","type":"page","link":"https:\/\/etab.ac-reunion.fr\/lyc-roland-garros\/etablissement\/instances\/conseil-de-discipline\/","title":{"rendered":"Conseil de discipline"},"content":{"rendered":"<hr \/>\n<h2>1. R\u00f4le<\/h2>\n<p>Le conseil de discipline est comp\u00e9tent pour prononcer \u00e0 l&rsquo;encontre des \u00e9l\u00e8ves l&rsquo;ensemble des sanctions pr\u00e9vues par la r\u00e9glementation en vigueur et inscrites dans le r\u00e8glement int\u00e9rieur de l&rsquo;\u00e9tablissement public local d&rsquo;enseignement (EPLE).<\/p>\n<p>Rappels :<\/p>\n<ul>\n<li>les punitions ne rel\u00e8vent pas du conseil de discipline ;<\/li>\n<li>la politique de pr\u00e9vention est \u00e0 dissocier de la convocation de conseils de discipline : cette politique est \u00e9labor\u00e9e et d\u00e9finie dans le cadre du projet d&rsquo;\u00e9tablissement. Les modalit\u00e9s de sa mise en \u0153uvre sont inscrites au r\u00e8glement int\u00e9rieur. Les punitions, les sanctions, le r\u00f4le et la composition de la commission \u00e9ducative ainsi que la possibilit\u00e9 de recourir \u00e0 des mesures de responsabilisation y sont pr\u00e9cis\u00e9s.<\/li>\n<\/ul>\n<h2>2. Saisine et lieu de r\u00e9union<\/h2>\n<p>La d\u00e9cision de r\u00e9unir le conseil de discipline, \u00e0 la demande d&rsquo;un membre de la communaut\u00e9 \u00e9ducative ou de sa propre initiative, appartient au chef d&rsquo;\u00e9tablissement.<\/p>\n<p>S&rsquo;il rejette une demande de saisine, le chef d&rsquo;\u00e9tablissement notifie par \u00e9crit \u00e0 l&rsquo;int\u00e9ress\u00e9 sa d\u00e9cision de refus motiv\u00e9e.<br \/>\nLa d\u00e9cision d&rsquo;engagement ou de refus d&rsquo;engagement par le chef d&rsquo;\u00e9tablissement d&rsquo;une proc\u00e9dure disciplinaire n&rsquo;est pas susceptible de faire l&rsquo;objet de recours en annulation devant le juge administratif.<\/p>\n<p>Il peut prononcer seul les sanctions, sauf l&rsquo;exclusion d\u00e9finitive, ainsi que les mesures de pr\u00e9vention, d&rsquo;accompagnement et les mesures alternatives aux sanctions pr\u00e9vues au r\u00e8glement int\u00e9rieur, dans le respect des principes expos\u00e9s au \u00a7 8.<\/p>\n<p>Le chef d&rsquo;\u00e9tablissement est tenu d&rsquo;engager une proc\u00e9dure disciplinaire\u00a0si l&rsquo;\u00e9l\u00e8ve est l&rsquo;auteur de violence verbale ou physique \u00e0 l&rsquo;\u00e9gard d&rsquo;un membre du personnel de l&rsquo;\u00e9tablissement ou s&rsquo;il commet un acte grave \u00e0 l&rsquo;\u00e9gard d&rsquo;un membre du personnel ou d&rsquo;un autre \u00e9l\u00e8ve.<\/p>\n<p>Il est tenu de saisir le conseil de discipline lorsqu&rsquo;un membre du personnel de l&rsquo;\u00e9tablissement a \u00e9t\u00e9 victime de violence physique.<br \/>\nS&rsquo;il estime que la r\u00e9union du conseil de discipline dans les locaux de l&rsquo;\u00e9tablissement risque d&rsquo;entra\u00eener des troubles, le chef d&rsquo;\u00e9tablissement peut d\u00e9cider de le r\u00e9unir dans un autre EPLE ou, le cas \u00e9ch\u00e9ant, dans les locaux de la direction des services d\u00e9partementaux de l&rsquo;\u00e9ducation nationale.<\/p>\n<p>Il peut, pour les m\u00eames raisons, saisir le conseil de discipline d\u00e9partemental.<\/p>\n<h2>3. Composition du conseil de discipline<\/h2>\n<ul>\n<li>Le chef d&rsquo;\u00e9tablissement ;<\/li>\n<li>son adjoint ;<\/li>\n<li>un conseiller principal d&rsquo;\u00e9ducation d\u00e9sign\u00e9 par le conseil d&rsquo;administration sur proposition du chef d&rsquo;\u00e9tablissement\u00a0;<br \/>\nle gestionnaire ;<\/li>\n<li>5 repr\u00e9sentants des personnels, dont 4 au titre des personnels d&rsquo;enseignement et d&rsquo;\u00e9ducation et 1 au titre des personnels administratifs, sociaux et de sant\u00e9 et ATT (agents techniques territoriaux) ;<\/li>\n<li>5 repr\u00e9sentants des usagers (en lyc\u00e9e\u00a0: 2 parents (2 titulaires et 2 suppl\u00e9ants parmi les membres \u00e9lus du CA) + 3 \u00e9l\u00e8ves).<\/li>\n<\/ul>\n<h2>4. \u00c9chelle des sanctions<\/h2>\n<p>L&rsquo;\u00e9chelle des sanctions possibles est pr\u00e9vue \u00e0 l&rsquo;article R511-13\u00a0du code de l&rsquo;\u00e9ducation :<\/p>\n<ul>\n<li>l&rsquo;avertissement ;<\/li>\n<li>le bl\u00e2me ;<\/li>\n<li>la mesure de responsabilisation, ex\u00e9cut\u00e9e dans l&rsquo;\u00e9tablissement ou non, en dehors des heures d&rsquo;enseignement (ne peut exc\u00e9der vingt heures et, hors de l&rsquo;\u00e9tablissement, n\u00e9cessite la double condition de l&rsquo;accord de l&rsquo;\u00e9l\u00e8ve et\/ou de la famille, ainsi qu&rsquo;une convention sp\u00e9cifique qui doit \u00eatre sign\u00e9e avec la structure d&rsquo;accueil :\u00a0cf.\u00a0arr\u00eat\u00e9 du 30 novembre 2011\u00a0: clauses types de la convention pr\u00e9vue \u00e0 l&rsquo;article R511-13\u00a0du code de l&rsquo;\u00e9ducation). L&rsquo;\u00e9l\u00e8ve s&rsquo;engage par \u00e9crit \u00e0 r\u00e9aliser la mesure accept\u00e9e. La commission \u00e9ducative assure le suivi des mesures de responsabilisation\u00a0;<\/li>\n<li>l&rsquo;exclusion temporaire de la classe, mais pas de l&rsquo;\u00e9tablissement, ne pouvant exc\u00e9der huit jours (pendant l&rsquo;accomplissement de la sanction, l&rsquo;\u00e9l\u00e8ve est accueilli dans l&rsquo;\u00e9tablissement)\u00a0;<\/li>\n<li>l&rsquo;exclusion temporaire de l&rsquo;\u00e9tablissement\u00a0<strong>ou d&rsquo;un service annexe<\/strong>\u00a0ne pouvant exc\u00e9der 8 jours ;<\/li>\n<li>l&rsquo;exclusion d\u00e9finitive de l&rsquo;\u00e9tablissement\u00a0<strong>ou d&rsquo;un service annexe<\/strong> ;<\/li>\n<li>le sursis : les sanctions autres que l&rsquo;avertissement et le bl\u00e2me peuvent \u00eatre assorties d&rsquo;un sursis. Le sursis ne peut exc\u00e9der une dur\u00e9e d&rsquo;un an de date \u00e0 date, y compris dans le cas d&rsquo;une exclusion d\u00e9finitive.<\/li>\n<\/ul>\n<h2>5. D\u00e9signation et dur\u00e9e du mandat<\/h2>\n<p>Les repr\u00e9sentants des personnels, des parents et des \u00e9l\u00e8ves sont \u00e9lus en leur sein parmi les membres titulaires et suppl\u00e9ants du conseil d&rsquo;administration appartenant \u00e0 leurs cat\u00e9gories respectives.<\/p>\n<p>La dur\u00e9e du mandat est d&rsquo;une ann\u00e9e. Il expire le jour de la premi\u00e8re r\u00e9union du conseil d&rsquo;administration qui suit son renouvellement. Pour chaque membre \u00e9lu, un suppl\u00e9ant est \u00e9lu dans les m\u00eames conditions.<\/p>\n<h2>6. Avant la tenue du conseil<\/h2>\n<p>Le chef d&rsquo;\u00e9tablissement pr\u00e9cise \u00e0 l&rsquo;\u00e9l\u00e8ve, ainsi qu&rsquo;aux personnes exer\u00e7ant l&rsquo;autorit\u00e9 parentale ou de tutelle si l&rsquo;\u00e9l\u00e8ve est mineur, les faits qui lui sont reproch\u00e9s dans la lettre de convocation (adress\u00e9e par pli recommand\u00e9 au moins huit jours francs avant la tenue du conseil).<\/p>\n<p>Il lui fait savoir qu&rsquo;il pourra pr\u00e9senter sa d\u00e9fense oralement ou par \u00e9crit, ou se faire assister par la personne de son choix.<\/p>\n<p>La convocation du conseil de discipline rel\u00e8ve de l&rsquo;autorit\u00e9 du chef d&rsquo;\u00e9tablissement.<\/p>\n<p>Les convocations sont adress\u00e9es par le chef d&rsquo;\u00e9tablissement sous pli recommand\u00e9 aux membres du conseil de discipline au moins huit jours avant la s\u00e9ance dont il fixe la date (ou remises en main propre contre signature). Le chef d&rsquo;\u00e9tablissement convoque dans les m\u00eames formes l&rsquo;\u00e9l\u00e8ve et son repr\u00e9sentant l\u00e9gal s&rsquo;il est mineur, la personne \u00e9ventuellement charg\u00e9e d&rsquo;assister l&rsquo;\u00e9l\u00e8ve pour pr\u00e9senter sa d\u00e9fense, la personne ayant demand\u00e9 au chef d&rsquo;\u00e9tablissement la comparution de celui-ci, deux professeurs de la classe de l&rsquo;\u00e9l\u00e8ve en cause d\u00e9sign\u00e9s par le chef d&rsquo;\u00e9tablissement, les deux d\u00e9l\u00e9gu\u00e9s \u00e9l\u00e8ves de cette classe, et, enfin, les t\u00e9moins ou les personnes susceptibles d&rsquo;\u00e9clairer le conseil sur les faits motivant la comparution de l&rsquo;\u00e9l\u00e8ve (professeurs, \u00e9l\u00e8ves,\u00a0etc.).<\/p>\n<p>Les mentions suivantes doivent imp\u00e9rativement figurer sur la convocation adress\u00e9e \u00e0 l&rsquo;\u00e9l\u00e8ve et \u00e0 ses parents :<\/p>\n<ul>\n<li>la date et l&rsquo;heure du conseil de discipline ;<\/li>\n<li>le nom de l&rsquo;\u00e9l\u00e8ve et sa classe ;<\/li>\n<li>les motifs de comparution (\u00e9num\u00e9ration pr\u00e9cise de l&rsquo;ensemble des faits \u00e0 l&rsquo;origine de la saisine du conseil de discipline.\u00a0<strong>Seuls les motifs figurant sur la convocation pourront \u00eatre invoqu\u00e9s lors du d\u00e9roulement du conseil de discipline et pourront alors figurer sur la notification d&rsquo;une \u00e9ventuelle sanction<\/strong>) ;<\/li>\n<li>la possibilit\u00e9 de pr\u00e9senter sa d\u00e9fense par \u00e9crit ou oralement ;<\/li>\n<li>la possibilit\u00e9 de se faire repr\u00e9senter par la personne de son choix (un mineur n&rsquo;a pas le droit de donner lui-m\u00eame un mandat \u00e0 un autre mineur) ;<\/li>\n<li>la possibilit\u00e9 de consulter le dossier ainsi que les conditions mat\u00e9rielles de la consultation (lieux, dates, horaires).<\/li>\n<\/ul>\n<p>Il convient d&rsquo;appliquer tr\u00e8s rigoureusement les textes (ex : d\u00e9lai de 8 jours francs). Tout vice de forme peut \u00eatre pris en compte en cas d&rsquo;appel de la d\u00e9cision et annuler la d\u00e9cision du conseil de discipline.<\/p>\n<p><strong>\u00c0 noter\u00a0:<\/strong> en cas de n\u00e9cessit\u00e9, et notamment pour garantir l&rsquo;ordre au sein de l&rsquo;\u00e9tablissement, le chef d&rsquo;\u00e9tablissement peut, par mesure conservatoire, interdire l&rsquo;acc\u00e8s \u00e0 l&rsquo;\u00e9tablissement et\/ou \u00e0 ses services annexes \u00e0 un \u00e9l\u00e8ve en attendant sa comparution devant le conseil de discipline. Attention, la mise en \u0153uvre de cette mesure conservatoire ne peut intervenir que parall\u00e8lement \u00e0 la saisine du conseil de discipline.<\/p>\n<p>Le dossier scolaire de l&rsquo;\u00e9l\u00e8ve est consultable par tous les membres du conseil de discipline, les parents, l&rsquo;\u00e9l\u00e8ve s&rsquo;il est majeur, et l&rsquo;\u00e9ventuel d\u00e9fenseur. Il comporte le rapport pr\u00e9alablement r\u00e9dig\u00e9 par le chef d&rsquo;\u00e9tablissement. Il faut veiller \u00e0 ce que le dossier ne comprenne pas de faits prescrits.<\/p>\n<h2>7.\u00a0Quorum et remplacement<\/h2>\n<p>Le chef d&rsquo;\u00e9tablissement v\u00e9rifie que le conseil de discipline peut si\u00e9ger valablement. Le nombre des membres pr\u00e9sents doit \u00eatre \u00e9gal \u00e0 la majorit\u00e9 des membres composant le conseil. Si ce quorum n&rsquo;est pas atteint, le conseil de discipline est convoqu\u00e9 en vue d&rsquo;une nouvelle r\u00e9union qui doit se tenir dans un d\u00e9lai minimum de huit jours et maximum de quinze jours. Il d\u00e9lib\u00e8re alors valablement, quel que soit le nombre des membres pr\u00e9sents. En cas d&rsquo;absence de l&rsquo;\u00e9l\u00e8ve et\/ou de ses repr\u00e9sentants l\u00e9gaux pour un \u00e9l\u00e8ve mineur, le conseil de discipline se tient normalement, d\u00e8s lors que ceux-ci ont \u00e9t\u00e9 convoqu\u00e9s dans les formes et d\u00e9lais fix\u00e9s par les textes.<\/p>\n<h3>Respect du principe d&rsquo;impartialit\u00e9<\/h3>\n<p>Ne peuvent pas si\u00e9ger en qualit\u00e9 de membres d&rsquo;un conseil de discipline et doivent se faire repr\u00e9senter par le suppl\u00e9ant :<\/p>\n<ul>\n<li>le parent d&rsquo;un \u00e9l\u00e8ve traduit devant le conseil de discipline ;<\/li>\n<li>un membre du conseil de discipline personnellement concern\u00e9 par l&rsquo;affaire ;<\/li>\n<li>un \u00e9l\u00e8ve faisant l&rsquo;objet d&rsquo;une proc\u00e9dure disciplinaire en cours ;<\/li>\n<li>un \u00e9l\u00e8ve ayant fait l&rsquo;objet d&rsquo;une exclusion temporaire (ne peut si\u00e9ger jusqu&rsquo;\u00e0 la fin de l&rsquo;ann\u00e9e scolaire) ;<\/li>\n<li>une personne pr\u00e9sentant un lien \u00e9troit avec l&rsquo;\u00e9l\u00e8ve convoqu\u00e9 ;<\/li>\n<li>une personne victime ou t\u00e9moin ;<\/li>\n<li>une personne connue pour \u00eatre sous l&rsquo;influence de l&rsquo;\u00e9l\u00e8ve ;<\/li>\n<li>une personne ayant manifest\u00e9 une animosit\u00e9 envers l&rsquo;\u00e9l\u00e8ve.<\/li>\n<\/ul>\n<p>N.B.\u00a0: en cas de contestation, il faudra \u00eatre en mesure d&rsquo;apporter la preuve de la partialit\u00e9 du membre ainsi \u00e9cart\u00e9.<\/p>\n<h2>8. D\u00e9roulement du conseil<\/h2>\n<h3>Principes<\/h3>\n<p>Il est indispensable de respecter certains principes :<\/p>\n<ul>\n<li><strong>principe de confidentialit\u00e9<\/strong>\u00a0: les membres du conseil de discipline sont soumis \u00e0 l&rsquo;obligation du secret en ce qui concerne les d\u00e9lib\u00e9rations ainsi que les faits et documents dont ils ont eu connaissance ;<\/li>\n<li><strong>principe de la l\u00e9galit\u00e9 des sanctions<\/strong>\u00a0: les sanctions disciplinaires doivent \u00eatre d\u00e9finies dans le r\u00e8glement int\u00e9rieur et conformes \u00e0 celles pr\u00e9vues par l&rsquo;article R511-13\u00a0du code de l&rsquo;\u00e9ducation ;<\/li>\n<li><strong>principe du contradictoire<\/strong>\u00a0: chacun doit pouvoir exprimer son point de vue, s&rsquo;expliquer et se d\u00e9fendre. Les repr\u00e9sentants l\u00e9gaux de l&rsquo;\u00e9l\u00e8ve mineur sont inform\u00e9s de cette proc\u00e9dure et sont entendus s&rsquo;ils le souhaitent. L&rsquo;\u00e9l\u00e8ve peut se faire assister de la personne de son choix (professeur, \u00e9l\u00e8ve ou avocat, par exemple) ;<\/li>\n<li><strong>principe de l&rsquo;individualisation et de la proportionnalit\u00e9 de la sanction<\/strong>\u00a0: toute sanction doit \u00eatre individuelle. Elle est d\u00e9termin\u00e9e <strong>en\u00a0fonction de la gravit\u00e9 du manquement \u00e0 la r\u00e8gle<\/strong>\u00a0\u00e0 l&rsquo;origine de la convocation du conseil de discipline, et ne doit donc pas \u00eatre major\u00e9e du fait d&rsquo;un manquement pr\u00e9c\u00e9dent.<\/li>\n<\/ul>\n<h3>D\u00e9roulement<\/h3>\n<ul>\n<li>Pr\u00e9sidence par le chef d&rsquo;\u00e9tablissement ou l&rsquo;adjoint ;<\/li>\n<li>v\u00e9rification du quorum ;<\/li>\n<li>d\u00e9signation d&rsquo;un secr\u00e9taire de s\u00e9ance ;<\/li>\n<li>introduction de l&rsquo;\u00e9l\u00e8ve et du d\u00e9fenseur ;<\/li>\n<li>rappel des principes juridiques ;<\/li>\n<li>lecture du rapport pr\u00e9alablement r\u00e9dig\u00e9 par le chef d&rsquo;\u00e9tablissement. Ce rapport est lu uniquement devant les membres du conseil de discipline, l&rsquo;\u00e9l\u00e8ve, son repr\u00e9sentant l\u00e9gal et le d\u00e9fenseur \u00e9ventuel ;<\/li>\n<li>audition des personnes convoqu\u00e9es : t\u00e9moins, deux professeurs de la classe et les deux d\u00e9l\u00e9gu\u00e9s \u00e9l\u00e8ves ;<\/li>\n<li>d\u00e9bat contradictoire avec l&rsquo;\u00e9l\u00e8ve, sa famille et son d\u00e9fenseur ; parole donn\u00e9e \u00e0 la d\u00e9fense avant les d\u00e9lib\u00e9rations ;<\/li>\n<li>sortie de l&rsquo;\u00e9l\u00e8ve, de sa famille et de son d\u00e9fenseur ;<\/li>\n<li>d\u00e9lib\u00e9rations, votes et d\u00e9cisions \u00e0 huis clos ; aucun propos tenu lors de la d\u00e9lib\u00e9ration ne doit figurer au proc\u00e8s-verbal. Seul(s) figure(nt) le(s) r\u00e9sultat(s) du (ou des) vote(s) ;<\/li>\n<li>entr\u00e9e\u00a0 de l&rsquo;\u00e9l\u00e8ve, de sa famille et de son d\u00e9fenseur ;<\/li>\n<li>notification et motivation de la d\u00e9cision assortie de l&rsquo;\u00e9nonc\u00e9 des voies de recours possibles.<\/li>\n<\/ul>\n<h3>D\u00e9lib\u00e9rations et votes<\/h3>\n<p>Le conseil d\u00e9lib\u00e8re et vote \u00e0 bulletins secrets, plusieurs fois si n\u00e9cessaire.<\/p>\n<p>En cas d&rsquo;\u00e9galit\u00e9, le pr\u00e9sident a voix pr\u00e9pond\u00e9rante.<\/p>\n<p>Point particulier sur les P\u00e9riodes de Formation en Milieu Professionnel (PFMP) : dans le cas o\u00f9 l&rsquo;\u00e9l\u00e8ve doit suivre un stage au cours de son cursus scolaire, il convient d&rsquo;\u00e9tudier toute disposition pour \u00e9viter que l&rsquo;\u00e9l\u00e8ve ne soit emp\u00each\u00e9 d&rsquo;effectuer son stage, afin d&rsquo;\u00e9viter qu&rsquo;il ne perde le b\u00e9n\u00e9fice de son ann\u00e9e scolaire. La sanction peut \u00eatre am\u00e9nag\u00e9e \u00e0 cette fin. Si ce n&rsquo;est pas possible, la convention de stage doit \u00eatre d\u00e9nonc\u00e9e par le chef d&rsquo;\u00e9tablissement.<\/p>\n<h3>\u00c0 la fin du conseil<\/h3>\n<p>Le pr\u00e9sident notifie aussit\u00f4t \u00e0 l&rsquo;\u00e9l\u00e8ve et \u00e0 son repr\u00e9sentant l\u00e9gal la d\u00e9cision du conseil de discipline et sa motivation. Cette d\u00e9cision est confirm\u00e9e par pli recommand\u00e9 le jour m\u00eame. Seule cette notification expresse rend la d\u00e9cision ex\u00e9cutoire. Le courrier de notification doit \u00eatre dat\u00e9 du jour de la tenue du conseil de discipline.<\/p>\n<p>Les voies et d\u00e9lais de recours sont rappel\u00e9s oralement et par \u00e9crit (recours administratif devant le recteur sous huit jours, non suspensif, pr\u00e9alable obligatoire \u00e0 l&rsquo;\u00e9ventuel recours contentieux devant le tribunal administratif).<\/p>\n<h2>9. Apr\u00e8s le conseil<\/h2>\n<p>Un proc\u00e8s-verbal, dont la forme est impos\u00e9e par les services acad\u00e9miques, est r\u00e9dig\u00e9 (cf.\u00a0textes officiels et bo\u00eete \u00e0 outils). Une copie est envoy\u00e9e au rectorat par la voie hi\u00e9rarchique, dans les 5 jours. L&rsquo;original est conserv\u00e9 et archiv\u00e9 dans l&rsquo;\u00e9tablissement pendant dix ans.<\/p>\n<p>La sanction, lorsqu&rsquo;elle est d\u00e9finitive, est port\u00e9e au dossier de l&rsquo;\u00e9l\u00e8ve.<\/p>\n<p>La d\u00e9cision prise est port\u00e9e au registre des sanctions, m\u00e9moire et garant de la coh\u00e9rence des d\u00e9cisions prises dans l&rsquo;\u00e9tablissement. La mention reprend l&rsquo;\u00e9nonc\u00e9 des faits, les circonstances et les mesures prises \u00e0 l&rsquo;encontre d&rsquo;un \u00e9l\u00e8ve, sans mention de son identit\u00e9.<\/p>\n<p>En cas de changement d&rsquo;\u00e9tablissement, le chef d&rsquo;\u00e9tablissement peut en d\u00e9cider l&rsquo;effacement sur demande de l&rsquo;\u00e9l\u00e8ve ou de sa famille.<\/p>\n<p>En cas d&rsquo;avertissement, de bl\u00e2me ou de mesure de responsabilisation, la sanction est effac\u00e9e du dossier en fin d&rsquo;ann\u00e9e scolaire.<\/p>\n<p>Les autres sanctions, hormis l&rsquo;exclusion d\u00e9finitive, sont effac\u00e9es du dossier administratif\u00a0 de l&rsquo;\u00e9l\u00e8ve au bout d&rsquo;un an, de date \u00e0 date.<\/p>\n<h2>10. Le conseil de discipline d\u00e9partemental<\/h2>\n<p>Lorsque, pour des faits d&rsquo;atteinte grave aux personnes ou aux biens, un chef d&rsquo;\u00e9tablissement engage une action disciplinaire \u00e0 l&rsquo;encontre d&rsquo;un \u00e9l\u00e8ve, il peut, s&rsquo;il estime que la s\u00e9r\u00e9nit\u00e9 du conseil de discipline n&rsquo;est pas assur\u00e9e ou que l&rsquo;ordre et la s\u00e9curit\u00e9 dans l&rsquo;\u00e9tablissement seraient compromis, saisir le conseil de discipline d\u00e9partemental, pr\u00e9sid\u00e9 par le directeur acad\u00e9mique ou son repr\u00e9sentant.<\/p>\n<h2>11. Proc\u00e9dure d&rsquo;appel<\/h2>\n<p>Toute d\u00e9cision prononc\u00e9e par le conseil de discipline peut \u00eatre contest\u00e9e dans un d\u00e9lai de 8 jours aupr\u00e8s du recteur d&rsquo;acad\u00e9mie.<\/p>\n<p>Le recteur dispose d&rsquo;un d\u00e9lai d&rsquo;un mois, \u00e0 partir de la date de r\u00e9ception du recours, pour r\u00e9unir la commission acad\u00e9mique et transmettre sa d\u00e9cision au requ\u00e9rant. Cet appel est un recours administratif. Il est un pr\u00e9alable obligatoire avant tout recours contentieux devant le tribunal administratif.<\/p>\n<p>Au final, les sanctions disparaissent dans les trois cas suivants :<\/p>\n<ul>\n<li>l&rsquo;effacement de la sanction (hormis l&rsquo;exclusion d\u00e9finitive) du dossier administratif de l&rsquo;\u00e9l\u00e8ve\u00a0;<\/li>\n<li>l&rsquo;amnistie des sanctions puisque, comme toute infraction, elles b\u00e9n\u00e9ficient des lois d&rsquo;amnistie\u00a0;<\/li>\n<li>l&rsquo;annulation par la juridiction administrative.<\/li>\n<\/ul>\n","protected":false},"excerpt":{"rendered":"<p>1. R\u00f4le Le conseil de discipline est comp\u00e9tent pour prononcer \u00e0 l&rsquo;encontre des \u00e9l\u00e8ves l&rsquo;ensemble des sanctions pr\u00e9vues par la r\u00e9glementation en vigueur et inscrites dans le r\u00e8glement int\u00e9rieur de l&rsquo;\u00e9tablissement public local d&rsquo;enseignement (EPLE). Rappels : les punitions ne rel\u00e8vent pas du conseil de discipline ; la politique de&#8230;<\/p>\n<p> <a class=\"continue-reading-link\" href=\"https:\/\/etab.ac-reunion.fr\/lyc-roland-garros\/etablissement\/instances\/conseil-de-discipline\/\"><span>Lire plus<\/span><i class=\"crycon-right-dir\"><\/i><\/a> <\/p>\n","protected":false},"author":10850,"featured_media":0,"parent":41,"menu_order":2,"comment_status":"closed","ping_status":"closed","template":"","meta":{"footnotes":"","_links_to":"","_links_to_target":""},"class_list":["post-1739","page","type-page","status-publish","hentry"],"_links":{"self":[{"href":"https:\/\/etab.ac-reunion.fr\/lyc-roland-garros\/wp-json\/wp\/v2\/pages\/1739","targetHints":{"allow":["GET"]}}],"collection":[{"href":"https:\/\/etab.ac-reunion.fr\/lyc-roland-garros\/wp-json\/wp\/v2\/pages"}],"about":[{"href":"https:\/\/etab.ac-reunion.fr\/lyc-roland-garros\/wp-json\/wp\/v2\/types\/page"}],"author":[{"embeddable":true,"href":"https:\/\/etab.ac-reunion.fr\/lyc-roland-garros\/wp-json\/wp\/v2\/users\/10850"}],"replies":[{"embeddable":true,"href":"https:\/\/etab.ac-reunion.fr\/lyc-roland-garros\/wp-json\/wp\/v2\/comments?post=1739"}],"version-history":[{"count":7,"href":"https:\/\/etab.ac-reunion.fr\/lyc-roland-garros\/wp-json\/wp\/v2\/pages\/1739\/revisions"}],"predecessor-version":[{"id":1767,"href":"https:\/\/etab.ac-reunion.fr\/lyc-roland-garros\/wp-json\/wp\/v2\/pages\/1739\/revisions\/1767"}],"up":[{"embeddable":true,"href":"https:\/\/etab.ac-reunion.fr\/lyc-roland-garros\/wp-json\/wp\/v2\/pages\/41"}],"wp:attachment":[{"href":"https:\/\/etab.ac-reunion.fr\/lyc-roland-garros\/wp-json\/wp\/v2\/media?parent=1739"}],"curies":[{"name":"wp","href":"https:\/\/api.w.org\/{rel}","templated":true}]}}